{"id":94626,"date":"2022-07-03T12:30:39","date_gmt":"2022-07-03T12:30:39","guid":{"rendered":"http:\/\/localhost\/fr\/?page_id=94626"},"modified":"2023-05-31T12:28:59","modified_gmt":"2023-05-31T12:28:59","slug":"biographie-du-president-de-la-republique-son-excellence-mohamed-cheikh-el-ghazouani","status":"publish","type":"page","link":"https:\/\/ami.mr\/fr\/biographie-du-president-de-la-republique-son-excellence-mohamed-cheikh-el-ghazouani","title":{"rendered":"Biographie du Pr\u00e9sident de la R\u00e9publique Son Excellence Mohamed Cheikh El Ghazouani"},"content":{"rendered":"<div class=\"item_intro\" dir=\"ltr\" style=\"text-align: left;\">\n<p><span class=\"item_date_publi headlineFsz4vw PGVtitl_h\"><img decoding=\"async\" class=\"size-full wp-image-222831 alignleft\" src=\"https:\/\/ami.mr\/fr\/wp-content\/uploads\/2023\/05\/presi.jpg\" alt=\"\" width=\"184\" height=\"273\" \/><span style=\"color: #0000ff;\"><strong>ETAT CIVIL<\/strong><\/span><\/span><\/p>\n<p>Son excellence est\u00a0 n\u00e9 le 2 d\u00e9cembre 1956 \u00e0 Boumdeid ;\u00a0 dans la wilaya de l\u2019Assaba \u00e0 l\u2019est\u00a0 de la Mauritanie\u00a0 dans une famille de r\u00e9f\u00e9rence dans le domaine du soufisme.<\/p>\n<p><span class=\"item_intro_title ns PGVdN\">Son excellence est mari\u00e9\u00a0 et\u00a0 p\u00e8re de 6 enfants<\/span><\/p>\n<p>&nbsp;<\/p>\n<\/div>\n<div class=\"text-right\" style=\"text-align: left;\">\n<p><span style=\"color: #0000ff;\"><strong><span class=\"item_date_publi headlineFsz4vw PGVtitl_h\">FORMATION<\/span><\/strong><\/span><\/p>\n<div class=\"ns_indent headlineFsz18px\">\n<p>Durant son enfance, Son Excellence a suivi parall\u00e8lement \u00e0 l\u2019\u00e9ducation ordinaire un enseignement originel qui lui a permis de r\u00e9citer le Saint Coran alors qu\u2019il \u00e9tait encore \u00e0 la cinqui\u00e8me ann\u00e9e du Fondamental.<\/p>\n<p>Apr\u00e8s avoir obtenu son baccalaur\u00e9at, il a rejoint les forces arm\u00e9es pour entamer une phase d\u2019instruction alliant formation militaire et \u00e9ducation publique.<\/p>\n<p>Dans le domaine militaire, il a poursuivi de nombreuses formations et cours et a re\u00e7u nombre de certificats:<\/p>\n<p>&#8211; Cours d\u2019Etudes Militaires Sup\u00e9rieures en Jordanie;<\/p>\n<p>&#8211; Cours d\u2019Etat- Major;<\/p>\n<p>&#8211; Cours de perfectionnement avanc\u00e9 en Cavalerie;<\/p>\n<p>&#8211; Cours de perfectionnement \u00e0 l\u2019Eole Militaire d\u2019Atar;<\/p>\n<p>&#8211; Brevet parachutiste;<\/p>\n<p>&#8211; Formation d\u2019officiers \u00e0 l\u2019Acad\u00e9mie Royale Militaire de Mekn\u00e8s.<\/p>\n<p>Dans le domaine de l\u2019\u00e9ducation et de la formation publique, il a obtenu un Master en sciences administratives et militaires ainsi qu\u2019un dipl\u00f4me universitaire en \u00e9tudes juridiques.<\/p>\n<p>&nbsp;<\/p>\n<\/div>\n<\/div>\n<div class=\"text-right\" style=\"text-align: left;\">\n<p><span style=\"color: #0000ff;\"><strong><span class=\"item_date_publi headlineFsz4vw PGVtitl_h\">EXP\u00c9RIENCE PROFESSIONNELLE<\/span><\/strong><\/span><\/p>\n<div class=\"ns_indent headlineFsz18px\">\n<p>Avant son \u00e9lection au premier tour de la Pr\u00e9sidentielle du 22\u00a0 juin 2019, Son Excellence a occup\u00e9 les postes de haut niveau suivants dans les syst\u00e8mes politique et militaire:<\/p>\n<p>&#8211; Ministre de la D\u00e9fense nationale, d\u2019octobre 2018 \u00e0 mars 2019;<\/p>\n<p>&#8211; Chef d\u2019Etat- Major G\u00e9n\u00e9ral des Arm\u00e9es d\u2019avril 2013 \u00e0 octobre 2018, date de sa retraite;<\/p>\n<p>&#8211; Pr\u00e9sident du Conseil de D\u00e9fense en 2009;<\/p>\n<p>&#8211; Chef d\u2019Etat- Major National de 2008 \u00e0 2013;<\/p>\n<p>&#8211; Directeur G\u00e9n\u00e9ral de la S\u00fbret\u00e9 Nationale durant la p\u00e9riode 2005\u20132008;<\/p>\n<p>&#8211; Membre du Haut Conseil d\u2019Etat 2008\u20132009;<\/p>\n<p>&#8211; Membre du Conseil Militaire pour la Justice et la D\u00e9mocratie 2005\u20132007;<\/p>\n<p>&#8211; Chef du 2\u00e8me bureau \u00e0 l\u2019Etat- Major national 2004\u20132005;<\/p>\n<p>&#8211; Commandant du bataillon blind\u00e9 durant la p\u00e9riode 1991 \u00e0 2004;<\/p>\n<p>&#8211; Aide de Camp du Pr\u00e9sident de la R\u00e9publique de 1987 \u00e0 1991;<\/p>\n<p>&#8211; Responsable de plusieurs commandements et services de l\u2019Arm\u00e9e de 1981 \u00e0 1987.<\/p>\n<p>&nbsp;<\/p>\n<\/div>\n<\/div>\n<div class=\"text-right\" style=\"text-align: left;\">\n<p><span style=\"color: #0000ff;\"><strong><span class=\"item_date_publi headlineFsz4vw PGVtitl_h\">NOMINATIONS AUX GRADES SUCCESSIFS<\/span><\/strong><\/span><\/p>\n<div class=\"ns_indent headlineFsz18px\">\n<p>\u00a0Sortant de l\u2019Acad\u00e9mie militaire avec un Brevet de Chef de Section, il est promu sous- lieutenant en juillet 1981. Il \u00e9volue normalement dans ses diff\u00e9rents grades d\u2019officier, jusqu\u2019\u00e0 sa promotion au grade de G\u00e9n\u00e9ral\u00a0 de Brigade en avril 2008 puis au grade de G\u00e9n\u00e9ral de division le 1er janvier 2012.<\/p>\n<p>&nbsp;<\/p>\n<\/div>\n<\/div>\n<div class=\"text-right\">\n<p style=\"text-align: left;\"><span style=\"color: #0000ff;\"><strong><span class=\"item_date_publi headlineFsz4vw PGVtitl_h\">D\u00c9CORATIONS HONORIFIQUES<\/span><\/strong><\/span><\/p>\n<div class=\"ns_indent headlineFsz18px\">\n<p style=\"text-align: left;\">Au cours de sa carri\u00e8re Son Excellence a re\u00e7u de nombreuses d\u00e9corations nationales et \u00e9trang\u00e8res:<\/p>\n<p style=\"text-align: left;\">&#8211; Chevalier de l\u2019Ordre du M\u00e9rite National;<\/p>\n<p style=\"text-align: left;\">&#8211; Commandeur de l\u2019Ordre du M\u00e9rite National;<\/p>\n<p style=\"text-align: left;\">&#8211; M\u00e9daille du Roi Abdel Aziz 1\u00e8re classe;<\/p>\n<p style=\"text-align: left;\">&#8211; Commandeur de la L\u00e9gion d\u2019Honneur Fran\u00e7aise.<\/p>\n<\/div>\n<\/div>\n","protected":false},"excerpt":{"rendered":"<p>ETAT CIVIL Son excellence est\u00a0 n\u00e9 le 2 d\u00e9cembre 1956 \u00e0 Boumdeid ;\u00a0 dans la wilaya de l\u2019Assaba \u00e0 l\u2019est\u00a0 de la Mauritanie\u00a0 dans une famille de r\u00e9f\u00e9rence dans le domaine du soufisme. Son excellence est mari\u00e9\u00a0 et\u00a0 p\u00e8re de 6 enfants &nbsp; FORMATION Durant son enfance, Son Excellence a suivi parall\u00e8lement \u00e0 l\u2019\u00e9ducation ordinaire [&hellip;]<\/p>\n","protected":false},"author":1,"featured_media":0,"parent":0,"menu_order":0,"comment_status":"closed","ping_status":"closed","template":"","meta":{"footnotes":""},"class_list":["post-94626","page","type-page","status-publish","hentry"],"_links":{"self":[{"href":"https:\/\/ami.mr\/fr\/wp-json\/wp\/v2\/pages\/94626","targetHints":{"allow":["GET"]}}],"collection":[{"href":"https:\/\/ami.mr\/fr\/wp-json\/wp\/v2\/pages"}],"about":[{"href":"https:\/\/ami.mr\/fr\/wp-json\/wp\/v2\/types\/page"}],"author":[{"embeddable":true,"href":"https:\/\/ami.mr\/fr\/wp-json\/wp\/v2\/users\/1"}],"replies":[{"embeddable":true,"href":"https:\/\/ami.mr\/fr\/wp-json\/wp\/v2\/comments?post=94626"}],"version-history":[{"count":5,"href":"https:\/\/ami.mr\/fr\/wp-json\/wp\/v2\/pages\/94626\/revisions"}],"predecessor-version":[{"id":222834,"href":"https:\/\/ami.mr\/fr\/wp-json\/wp\/v2\/pages\/94626\/revisions\/222834"}],"wp:attachment":[{"href":"https:\/\/ami.mr\/fr\/wp-json\/wp\/v2\/media?parent=94626"}],"curies":[{"name":"wp","href":"https:\/\/api.w.org\/{rel}","templated":true}]}}