{"id":94613,"date":"2022-07-03T12:15:55","date_gmt":"2022-07-03T12:15:55","guid":{"rendered":"http:\/\/localhost\/fr\/?page_id=94613"},"modified":"2022-08-01T13:31:03","modified_gmt":"2022-08-01T13:31:03","slug":"geographie-de-la-mauritanie","status":"publish","type":"page","link":"https:\/\/ami.mr\/fr\/geographie-de-la-mauritanie","title":{"rendered":"G\u00e9ographie de la Mauritanie"},"content":{"rendered":"<p>Pays d&#8217;Afrique de l&#8217;ouest, la Mauritanie se situe entre 15 et 27 degr\u00e9s de latitude nord et 5 et 17 degr\u00e9s de longitude ouest. Elle est limit\u00e9e au nord par le Sahara occidental, le Maroc et l&#8217;Alg\u00e9rie; \u00e0 l&#8217;est par le Mali; au sud par le Mali et le S\u00e9n\u00e9gal. Elle c\u00f4toie \u00e0 l&#8217;ouest l&#8217;oc\u00e9an Atlantique nord par une fa\u00e7ade de 600 km, s&#8217;\u00e9tirant de Ndiago au sud jusqu&#8217;\u00e0 Nouadhibou au nord. Avec une superficie de 1030 700km2 et une population d&#8217;environ 2 500 000 habitants, la Mauritanie jouit d&#8217;une richesse loin d&#8217;\u00eatre n\u00e9gligeable.<br \/>\nEn plus de ses minerais de fer, exploit\u00e9s depuis l&#8217;ind\u00e9pendance et sa richesse halieutique consid\u00e9rable est devenu depuis 2006 un pays exportateur de p\u00e9trole. Par ailleurs, les indices de l&#8217;existence des m\u00e9taux pr\u00e9cieux, dans le sous-sol, annonce un lendemain meilleur.<br \/>\nEt si la Mauritanie demeure un pays pauvre, un pays des plus pauvres de sur croix, c&#8217;est a cause des conditions climatiques largement d\u00e9favorables et le poids support\u00e9, depuis un demi si\u00e8cle, d&#8217;un lourd h\u00e9ritage colonial brisant et l&#8217;\u00e9volution sociale et le processus du d\u00e9veloppement ant\u00e9rieur.<br \/>\nActuellement, tout en \u0153uvrant pour leur \u00e9panouissement \u00e9conomique et pour le renforcement de leur unit\u00e9 nationale, les mauritaniens assument pleinement leur r\u00f4le de f\u00e9d\u00e9rateurs comme l&#8217;avaient fait, jadis, leurs anc\u00eatres.<br \/>\nEn effet, ces hommes, avec leur position g\u00e9ographique et sociale charni\u00e8re entre le Maghreb et l&#8217;Afrique au sud du Sahara, ont jou\u00e9, depuis le moyen \u00e2ge, et jouent, jusqu&#8217;\u00e0 nos jours, le r\u00f4le de propagateur d&#8217;un Islam authentique et tol\u00e9rant. Conscients de ce r\u00f4le de passerelle, Ils ont toujours agi pour la paix, pour la compr\u00e9hension mutuelle et pour le rapprochement entre les peuples arabes et n\u00e9gro-africains.<\/p>\n","protected":false},"excerpt":{"rendered":"<p>Pays d&#8217;Afrique de l&#8217;ouest, la Mauritanie se situe entre 15 et 27 degr\u00e9s de latitude nord et 5 et 17 degr\u00e9s de longitude ouest. Elle est limit\u00e9e au nord par le Sahara occidental, le Maroc et l&#8217;Alg\u00e9rie; \u00e0 l&#8217;est par le Mali; au sud par le Mali et le S\u00e9n\u00e9gal. Elle c\u00f4toie \u00e0 l&#8217;ouest l&#8217;oc\u00e9an [&hellip;]<\/p>\n","protected":false},"author":1,"featured_media":0,"parent":0,"menu_order":0,"comment_status":"closed","ping_status":"closed","template":"","meta":{"footnotes":""},"class_list":["post-94613","page","type-page","status-publish","hentry"],"_links":{"self":[{"href":"https:\/\/ami.mr\/fr\/wp-json\/wp\/v2\/pages\/94613","targetHints":{"allow":["GET"]}}],"collection":[{"href":"https:\/\/ami.mr\/fr\/wp-json\/wp\/v2\/pages"}],"about":[{"href":"https:\/\/ami.mr\/fr\/wp-json\/wp\/v2\/types\/page"}],"author":[{"embeddable":true,"href":"https:\/\/ami.mr\/fr\/wp-json\/wp\/v2\/users\/1"}],"replies":[{"embeddable":true,"href":"https:\/\/ami.mr\/fr\/wp-json\/wp\/v2\/comments?post=94613"}],"version-history":[{"count":2,"href":"https:\/\/ami.mr\/fr\/wp-json\/wp\/v2\/pages\/94613\/revisions"}],"predecessor-version":[{"id":202549,"href":"https:\/\/ami.mr\/fr\/wp-json\/wp\/v2\/pages\/94613\/revisions\/202549"}],"wp:attachment":[{"href":"https:\/\/ami.mr\/fr\/wp-json\/wp\/v2\/media?parent=94613"}],"curies":[{"name":"wp","href":"https:\/\/api.w.org\/{rel}","templated":true}]}}