{"id":94611,"date":"2022-07-03T12:15:22","date_gmt":"2022-07-03T12:15:22","guid":{"rendered":"http:\/\/localhost\/fr\/?page_id=94611"},"modified":"2022-08-01T13:37:34","modified_gmt":"2022-08-01T13:37:34","slug":"histoire-de-la-mauritanie","status":"publish","type":"page","link":"https:\/\/ami.mr\/fr\/histoire-de-la-mauritanie","title":{"rendered":"Histoire de la Mauritanie"},"content":{"rendered":"<p>La R\u00e9publique Islamique de Mauritanie est situ\u00e9e entre les 15<sup>\u00e8me<\/sup>\u00a0et 27<sup>\u00e8me<\/sup>\u00a0degr\u00e9s de latitude Nord et les 5<sup>\u00e8me<\/sup>\u00a0et 17<sup>\u00e8me<\/sup>\u00a0degr\u00e9s de longitude Ouest.<\/p>\n<p>Pays charni\u00e8re entre le Sahara et le Sahel, elle est limit\u00e9e par la R\u00e9publique du S\u00e9n\u00e9gal au sud, le Mali au sud-est et \u00e0 l\u2019est, l\u2019Alg\u00e9rie et le Sahara Occidental au nord et nord-ouest. Sa rive atlantique s\u2019\u00e9tale sur plus de 600 km \u00e0 l\u2019ouest.<\/p>\n<p>La Mauritanie est un pays d\u00e9sertique \u00e0 80%. Sa population, pendant tr\u00e8s longtemps nomade, s\u2019est fortement s\u00e9dentaris\u00e9e \u00e0 la suite des s\u00e9cheresses des ann\u00e9es 60 et 70. L\u2019exode rural participera \u00e0 la destructuration de la soci\u00e9t\u00e9 et \u00e0 la destruction des \u00e9conomies traditionnelles, avec notamment le d\u00e9peuplement des campagnes et l\u2019abandon des activit\u00e9s agro-pastorales et l\u2019occupation anarchique des centres urbains.<\/p>\n<p>&nbsp;<\/p>\n<p><strong><u>Nom officiel\u00a0:<\/u><\/strong><strong>\u00a0R\u00e9publique Islamique de Mauritanie<\/strong><\/p>\n<p><strong><u>Ind\u00e9pendance\u00a0:<\/u><\/strong><strong>\u00a028 novembre 1960<\/strong><\/p>\n<p><strong><u>Religion\u00a0:<\/u><\/strong><strong>\u00a0Islam (religion d\u2019Etat)<\/strong><\/p>\n<p><strong><u>Langues\u00a0:<\/u><\/strong><strong>\u00a0Arabe (officielle), Pulaar, Sonink\u00e9 et Wolof\u00a0<\/strong><\/p>\n<p><strong><u>Superficie\u00a0:<\/u><\/strong><strong>\u00a01030700 km2<\/strong><\/p>\n<p><strong><u>Villes principales\u00a0:<\/u><\/strong><strong>\u00a0Nouakchott (capitale du pays), Nouadhibou, N\u00e9ma, Kiffa, A\u00efoun, Ka\u00e9di, Aleg, Rosso, Atar, S\u00e9libaby, Zou\u00e9rate, Tijikja et Akjoujt.<\/strong><\/p>\n<p><strong><u>Monnaie\u00a0:<\/u><\/strong><strong>\u00a0Ouguiyas (1 euro=41.8 MRU)<\/strong><\/p>\n<p><strong><u>Population\u00a0:<\/u>\u00a04,42 million\u00a0<\/strong><\/p>\n<p><strong><u>Densit\u00e9\u00a0:<\/u>\u00a04,29 habitants\/Km\u00b2<\/strong><\/p>\n<p><strong><u>Taux de croissance d\u00e9mographique\u00a0:<\/u>\u00a02,7 %<\/strong><\/p>\n<p><strong><u>Esp\u00e9rance de vie\u00a0:<\/u>\u00a063 ans<\/strong><\/p>\n<p><strong><u>PIB \u00e0 prix courants\u00a0:<\/u>\u00a0228,4 milliards MRU<\/strong><\/p>\n<p><strong><u>Taux de croissance du PIB par an\u00a0:<\/u>\u00a0+6,3 %<\/strong><\/p>\n<p><strong><u>Pr\u00e9sident de la R\u00e9publique\u00a0:<\/u><\/strong><strong>\u00a0Mohamed Ould Cheikh El Ghazouani, investi le 1<sup>er<\/sup>\u00a0ao\u00fbt 2019.<\/strong><\/p>\n<p>&nbsp;<\/p>\n<p><strong>L<\/strong>\u2019espace appel\u00e9 aujourd\u2019hui Mauritanie n\u2019a pas toujours \u00e9t\u00e9 un d\u00e9sert. Les vestiges attestent d\u2019un n\u00e9olithique florissant et actif. Ce qui a permis l\u2019\u00e9tablissement de populations et de cultures diverses pr\u00e9parant le pays \u00e0 devenir ce qu\u2019il sera\u00a0: une terre de convergence et d\u2019\u00e9changes.<\/p>\n<p>A l\u2019origine de simples caravans\u00e9rails, des cit\u00e9s prosp\u00e8rent pour donner naissance \u00e0 de riches centres culturels favorisant l\u2019\u00e9closion de regroupements humains organis\u00e9s en Etats. C\u2019est ainsi que la r\u00e9gion devient le berceau des grands Empires sah\u00e9lo-sahariens\u00a0: Ghana, Almoravides, Mali, Songha\u00ef\u2026<\/p>\n<p>Si l\u2019islamisation a \u00e9t\u00e9 impuls\u00e9e par la prosp\u00e9rit\u00e9 du commerce transsaharien, c\u2019est bien l\u2019\u00e9pop\u00e9e Almoravide (Murabitoune) qui permet l\u2019unification religieuse de la r\u00e9gion allant du fleuve S\u00e9n\u00e9gal au sud \u00e0 l\u2019Andalousie au nord, autour du rite Sunnite Mal\u00e9kite.<\/p>\n<p>Ce foisonnement favorise la naissance de cit\u00e9s (ksours) comme Wadane, Tichitt, Walata ou Chinguitti. Tandis que sur le versant sud \u00e9mergent les royaumes du Waalo et du Futaa.<\/p>\n<p>L\u2019arriv\u00e9e des Bani Hassan bouleverse l\u2019\u00e9chiquier et acc\u00e9l\u00e8re les transformations sociales et culturelles. L\u2019organisation sociale et la constitution d\u2019Emirats comptent parmi les cons\u00e9quences de ces nouveaux \u00e9tablissements humains.<\/p>\n<p>Quand arrivent les Europ\u00e9ens sur les c\u00f4tes atlantiques, la Mauritanie est d\u00e9j\u00e0 une terre de rencontre et d\u2019osmose culturelle qui augure de la possibilit\u00e9 de la constitution d\u2019une entit\u00e9 nationale. Mais c\u2019est effectivement la colonisation qui fixe les contours de la Mauritanie moderne.<\/p>\n<p>Tr\u00e8s vite, les colons per\u00e7oivent l\u2019avantage g\u00e9ostrat\u00e9gique qu\u2019ils peuvent tirer de l\u2019occupation de ce territoire qu\u2019ils appellent d\u2019abord \u00abTerre des hommes\u00bb pour c\u00e9l\u00e9brer la force de caract\u00e8re de l\u2019habitant du d\u00e9sert qui n\u2019a rien perdu de son humanit\u00e9 face \u00e0 la rigueur excessive de l\u2019environnement.<\/p>\n<p>La r\u00e9sistance farouche \u00e0 la conqu\u00eate coloniale retarde la mise en place de l\u2019appareil administratif d\u2019occupation. La colonisation ne prend pas racine. Le pays r\u00e9ussit \u00e0 garder l\u2019essence de son authenticit\u00e9.<\/p>\n<p>L\u2019ind\u00e9pendance de la Mauritanie est proclam\u00e9e le 28 novembre 1960 dans la capitale Nouakchott qui a vu le jour moins de trois ans avant.<\/p>\n<p>Surnomm\u00e9e \u00abCendrillon de l\u2019Afrique Occidentale\u00bb pour sa fragilit\u00e9 suppos\u00e9e, la Mauritanie r\u00e9ussit \u00e0 faire son entr\u00e9e sur la sc\u00e8ne mondiale et \u00e0 y prendre sa place. En cultivant sa vocation premi\u00e8re de pays de convergence et paix, elle commence tr\u00e8s t\u00f4t \u00e0 jouer pleinement son r\u00f4le de r\u00e9gulateur r\u00e9gional et international. Elle entretient\u00a0des rapports excellents avec les pays fr\u00e8res de son espace du Monde Arabe, d\u2019Afrique, du Monde musulman, de l\u2019Europe, de l\u2019Asie, des Am\u00e9riques et de l\u2019Oc\u00e9anie.<\/p>\n<p>L\u2019\u00e9quilibre, le sens de la mesure, la disponibilit\u00e9 et l\u2019engagement pour les causes justes sont les valeurs qui orientent le positionnement de la Mauritanie.<\/p>\n<p>Elle est membre fondateur de l\u2019Organisation de l\u2019Unit\u00e9 Africaine (OUA, anc\u00eatre de l\u2019Union Africaine), de la Ligue Arabe, des organisations r\u00e9gionales dont la vocation premi\u00e8re est l\u2019int\u00e9gration comme la Communaut\u00e9 \u00e9conomique des Etats de l\u2019Afrique de l\u2019Ouest (CEAO, puis CEDEAO), de l\u2019Organisation de Mise en Valeur du fleuve S\u00e9n\u00e9gal (OMVS), de l\u2019Union du Maghreb Arabe\u2026<\/p>\n<p>La Mauritanie est engag\u00e9e \u00e9galement pour la stabilit\u00e9 de la zone sah\u00e9lo-sah\u00e9lienne depuis plusieurs ann\u00e9es. Cet engagement a \u00a0donn\u00e9 lieu \u00e0 la cr\u00e9ation du G5, porteur de grands espoirs en termes de partenariat pour promouvoir la paix et le d\u00e9veloppement durable dans la sous r\u00e9gion. La Mauritanie est \u00e9galement membre du processus de Nouakchott, parrain\u00e9 par l\u2019Union africaine, qui r\u00e9unit 11 Etats sah\u00e9lo-sahariens.<\/p>\n<p>La Mauritanie d\u2019aujourd\u2019hui est une d\u00e9mocratie pluraliste o\u00f9 la s\u00e9paration des pouvoirs est effective et o\u00f9 les libert\u00e9s publiques sont pr\u00e9serv\u00e9es.<\/p>\n","protected":false},"excerpt":{"rendered":"<p>La R\u00e9publique Islamique de Mauritanie est situ\u00e9e entre les 15\u00e8me\u00a0et 27\u00e8me\u00a0degr\u00e9s de latitude Nord et les 5\u00e8me\u00a0et 17\u00e8me\u00a0degr\u00e9s de longitude Ouest. Pays charni\u00e8re entre le Sahara et le Sahel, elle est limit\u00e9e par la R\u00e9publique du S\u00e9n\u00e9gal au sud, le Mali au sud-est et \u00e0 l\u2019est, l\u2019Alg\u00e9rie et le Sahara Occidental au nord et nord-ouest. [&hellip;]<\/p>\n","protected":false},"author":1,"featured_media":0,"parent":0,"menu_order":0,"comment_status":"closed","ping_status":"closed","template":"","meta":{"footnotes":""},"class_list":["post-94611","page","type-page","status-publish","hentry"],"_links":{"self":[{"href":"https:\/\/ami.mr\/fr\/wp-json\/wp\/v2\/pages\/94611","targetHints":{"allow":["GET"]}}],"collection":[{"href":"https:\/\/ami.mr\/fr\/wp-json\/wp\/v2\/pages"}],"about":[{"href":"https:\/\/ami.mr\/fr\/wp-json\/wp\/v2\/types\/page"}],"author":[{"embeddable":true,"href":"https:\/\/ami.mr\/fr\/wp-json\/wp\/v2\/users\/1"}],"replies":[{"embeddable":true,"href":"https:\/\/ami.mr\/fr\/wp-json\/wp\/v2\/comments?post=94611"}],"version-history":[{"count":3,"href":"https:\/\/ami.mr\/fr\/wp-json\/wp\/v2\/pages\/94611\/revisions"}],"predecessor-version":[{"id":202555,"href":"https:\/\/ami.mr\/fr\/wp-json\/wp\/v2\/pages\/94611\/revisions\/202555"}],"wp:attachment":[{"href":"https:\/\/ami.mr\/fr\/wp-json\/wp\/v2\/media?parent=94611"}],"curies":[{"name":"wp","href":"https:\/\/api.w.org\/{rel}","templated":true}]}}