{"id":94537,"date":"2022-06-10T10:46:45","date_gmt":"2022-06-10T10:46:45","guid":{"rendered":"http:\/\/192.168.64.2\/fr\/index.php\/jemal-jemal-2\/"},"modified":"2024-08-13T16:51:28","modified_gmt":"2024-08-13T16:51:28","slug":"mohamed-ahmed-ould-mohamed-lemine","status":"publish","type":"page","link":"https:\/\/ami.mr\/fr\/mohamed-ahmed-ould-mohamed-lemine","title":{"rendered":"Mohamed Ahmed Ould Mohamed Lemine &#8211; Ministre de l\u2019int\u00e9rieur, de la promotion de la d\u00e9centralisation et du d\u00e9veloppement local"},"content":{"rendered":"<h3 style=\"text-align: center;\"><strong>Biographie<\/strong><\/h3>\n<p>&nbsp;<\/p>\n<p><strong>Civilit\u00e9\u00a0: <\/strong><\/p>\n<p>N\u00e9 le : 31\/12\/1959<img decoding=\"async\" class=\"size-medium wp-image-251645 alignright\" src=\"https:\/\/ami.mr\/fr\/wp-content\/uploads\/2024\/08\/mdml-1-300x245.jpg\" alt=\"\" width=\"300\" height=\"245\" srcset=\"https:\/\/ami.mr\/fr\/wp-content\/uploads\/2024\/08\/mdml-1-300x245.jpg 300w, https:\/\/ami.mr\/fr\/wp-content\/uploads\/2024\/08\/mdml-1.jpg 734w\" sizes=\"(max-width: 300px) 100vw, 300px\" \/><\/p>\n<p>Lieu de naissance : Boumdeid<\/p>\n<p><strong>Situation familiale<\/strong> : &#8211; Mari\u00e9 et p\u00e8re de plusieurs enfants<\/p>\n<p><strong>Formation universitaire<\/strong><\/p>\n<p>-Administrateur civil &#8211; Dipl\u00f4m\u00e9 de l\u2019Ecole Nationale d\u2019Administration (ENA).<\/p>\n<p><strong>Parcours professionnel\u00a0: <\/strong><\/p>\n<p>&#8211; De 1986 \u00e0 2003, il a occup\u00e9 plusieurs postes de direction dans l\u2019administration territoriale.<\/p>\n<p>&#8211;\u00a0\u00a0 2003\u00a0: Conseiller technique du ministre de l\u2019Int\u00e9rieur.<\/p>\n<p>&#8211; 2005 &#8211; 2007-\u00a0: ministre de l\u2019Int\u00e9rieur, ayant supervis\u00e9 les \u00e9lections qui ont donn\u00e9 lieu \u00e0 des r\u00e9formes constitutionnelles importantes.<\/p>\n<p>&#8211; 2010 &#8211; 2018-, ambassadeur de la R\u00e9publique Islamique de Mauritanie en Turquie.<\/p>\n<p>&#8211; De 2018 \u00e0 ao\u00fbt 2019, ambassadeur aupr\u00e8s de la R\u00e9publique du Mali.<\/p>\n<p>&#8211; D\u2019ao\u00fbt 2019 \u00e0 sa nomination en tant que ministre de l\u2019Int\u00e9rieur et de la D\u00e9centralisation, il occupe le poste de Directeur de cabinet du Pr\u00e9sident de la R\u00e9publique.<\/p>\n<p>&#8211; 06 Ao\u00fbt 2024 : Nomm\u00e9 ministre de l\u2019Int\u00e9rieur, de la promotion de la d\u00e9centralisation et du d\u00e9veloppement local.<\/p>\n<p><strong>Langues\u00a0:<\/strong><\/p>\n<p>Arabe &#8211; fran\u00e7ais<\/p>\n","protected":false},"excerpt":{"rendered":"<p>Biographie &nbsp; Civilit\u00e9\u00a0: N\u00e9 le : 31\/12\/1959 Lieu de naissance : Boumdeid Situation familiale : &#8211; Mari\u00e9 et p\u00e8re de plusieurs enfants Formation universitaire -Administrateur civil &#8211; Dipl\u00f4m\u00e9 de l\u2019Ecole Nationale d\u2019Administration (ENA). Parcours professionnel\u00a0: &#8211; De 1986 \u00e0 2003, il a occup\u00e9 plusieurs postes de direction dans l\u2019administration territoriale. &#8211;\u00a0\u00a0 2003\u00a0: Conseiller technique du [&hellip;]<\/p>\n","protected":false},"author":1,"featured_media":94538,"parent":0,"menu_order":0,"comment_status":"open","ping_status":"open","template":"","meta":{"footnotes":""},"class_list":["post-94537","page","type-page","status-publish","has-post-thumbnail","hentry"],"_links":{"self":[{"href":"https:\/\/ami.mr\/fr\/wp-json\/wp\/v2\/pages\/94537","targetHints":{"allow":["GET"]}}],"collection":[{"href":"https:\/\/ami.mr\/fr\/wp-json\/wp\/v2\/pages"}],"about":[{"href":"https:\/\/ami.mr\/fr\/wp-json\/wp\/v2\/types\/page"}],"author":[{"embeddable":true,"href":"https:\/\/ami.mr\/fr\/wp-json\/wp\/v2\/users\/1"}],"replies":[{"embeddable":true,"href":"https:\/\/ami.mr\/fr\/wp-json\/wp\/v2\/comments?post=94537"}],"version-history":[{"count":4,"href":"https:\/\/ami.mr\/fr\/wp-json\/wp\/v2\/pages\/94537\/revisions"}],"predecessor-version":[{"id":252034,"href":"https:\/\/ami.mr\/fr\/wp-json\/wp\/v2\/pages\/94537\/revisions\/252034"}],"wp:featuredmedia":[{"embeddable":true,"href":"https:\/\/ami.mr\/fr\/wp-json\/wp\/v2\/media\/94538"}],"wp:attachment":[{"href":"https:\/\/ami.mr\/fr\/wp-json\/wp\/v2\/media?parent=94537"}],"curies":[{"name":"wp","href":"https:\/\/api.w.org\/{rel}","templated":true}]}}