{"id":291694,"date":"2026-03-23T15:56:45","date_gmt":"2026-03-23T15:56:45","guid":{"rendered":"https:\/\/ami.mr\/fr\/?page_id=291694"},"modified":"2026-03-30T16:32:19","modified_gmt":"2026-03-30T16:32:19","slug":"edy-zeine","status":"publish","type":"page","link":"https:\/\/ami.mr\/fr\/edy-zeine","title":{"rendered":"Edy Ould Zeine &#8211; Ministre des Mines et de l\u2019Industrie"},"content":{"rendered":"<h3 style=\"text-align: center;\">\u00a0 \u00a0 \u00a0 \u00a0 \u00a0 \u00a0 \u00a0 \u00a0 \u00a0 \u00a0 \u00a0 \u00a0 \u00a0 \u00a0 \u00a0 \u00a0 \u00a0 \u00a0 \u00a0 \u00a0 \u00a0 \u00a0 \u00a0 \u00a0 \u00a0 \u00a0 \u00a0 \u00a0 \u00a0 \u00a0 \u00a0 \u00a0 \u00a0 \u00a0 \u00a0 \u00a0 \u00a0 \u00a0 \u00a0 Curriculum Vitae<\/h3>\n<p>&nbsp;<\/p>\n<p><strong>Edy Ould Zeine<img decoding=\"async\" class=\"size-medium wp-image-292169 alignright\" src=\"https:\/\/ami.mr\/fr\/wp-content\/uploads\/2026\/03\/edy11-300x200.jpg\" alt=\"\" width=\"300\" height=\"200\" srcset=\"https:\/\/ami.mr\/fr\/wp-content\/uploads\/2026\/03\/edy11-300x200.jpg 300w, https:\/\/ami.mr\/fr\/wp-content\/uploads\/2026\/03\/edy11.jpg 432w\" sizes=\"(max-width: 300px) 100vw, 300px\" \/><\/strong><\/p>\n<p><strong>Date et lieu de naissance :<\/strong><br \/>\n24 juin 1966 \u00e0 Tidjikja<\/p>\n<h4><strong>Formation universitaire :<\/strong><br \/>\n* Dipl\u00f4m\u00e9 de l\u2019\u00c9cole Nationale d\u2019Administration (ENA), Paris, France<br \/>\n* Dipl\u00f4me en finance d\u2019entreprise de l\u2019Universit\u00e9 de la Sorbonne<br \/>\n* Dipl\u00f4me en administration publique<br \/>\n* Baccalaur\u00e9at scientifique<\/h4>\n<h4><strong>Parcours professionnel :<\/strong><br \/>\n* Chef de service et directeur adjoint \u00e0 la Direction de la tutelle des \u00e9tablissements publics au Minist\u00e8re des Finances<br \/>\n* Directeur adjoint du Budget et des Comptes<br \/>\n* Directeur g\u00e9n\u00e9ral du Budget<br \/>\n* Directeur g\u00e9n\u00e9ral du Patrimoine de l\u2019\u00c9tat<br \/>\n* Ministre du P\u00e9trole et de l\u2019\u00c9nergie<br \/>\n* Charg\u00e9 de mission \u00e0 la Pr\u00e9sidence de la R\u00e9publique<br \/>\n* Administrateur, Directeur g\u00e9n\u00e9ral de la Soci\u00e9t\u00e9 Mauritanienne du Sucre et de ses D\u00e9riv\u00e9s \/ Minist\u00e8re du D\u00e9veloppement rural<br \/>\n* Commissaire aux comptes et administrateur dans plusieurs \u00e9tablissements publics<br \/>\n* Pr\u00e9sident du Conseil d\u2019Administration de la Soci\u00e9t\u00e9 de Gestion de l\u2019\u00c9nergie du Barrage de Manantali (SOGEM), relevant de l\u2019Organisation pour la Mise en Valeur du fleuve S\u00e9n\u00e9gal (OMVS)<br \/>\n* Ministre du D\u00e9veloppement rural<br \/>\n* Depuis le 17 mars 2026 : Ministre des Mines et de l\u2019Industrie<\/h4>\n<h4><strong>Langues :<\/strong><br \/>\n* Arabe<br \/>\n* Fran\u00e7ais<\/h4>\n","protected":false},"excerpt":{"rendered":"<p>\u00a0 \u00a0 \u00a0 \u00a0 \u00a0 \u00a0 \u00a0 \u00a0 \u00a0 \u00a0 \u00a0 \u00a0 \u00a0 \u00a0 \u00a0 \u00a0 \u00a0 \u00a0 \u00a0 \u00a0 \u00a0 \u00a0 \u00a0 \u00a0 \u00a0 \u00a0 \u00a0 \u00a0 \u00a0 \u00a0 \u00a0 \u00a0 \u00a0 \u00a0 \u00a0 \u00a0 \u00a0 \u00a0 \u00a0 Curriculum Vitae &nbsp; Edy Ould Zeine Date et lieu de naissance : 24 juin 1966 \u00e0 [&hellip;]<\/p>\n","protected":false},"author":1,"featured_media":0,"parent":0,"menu_order":0,"comment_status":"closed","ping_status":"closed","template":"","meta":{"footnotes":""},"class_list":["post-291694","page","type-page","status-publish","hentry"],"_links":{"self":[{"href":"https:\/\/ami.mr\/fr\/wp-json\/wp\/v2\/pages\/291694","targetHints":{"allow":["GET"]}}],"collection":[{"href":"https:\/\/ami.mr\/fr\/wp-json\/wp\/v2\/pages"}],"about":[{"href":"https:\/\/ami.mr\/fr\/wp-json\/wp\/v2\/types\/page"}],"author":[{"embeddable":true,"href":"https:\/\/ami.mr\/fr\/wp-json\/wp\/v2\/users\/1"}],"replies":[{"embeddable":true,"href":"https:\/\/ami.mr\/fr\/wp-json\/wp\/v2\/comments?post=291694"}],"version-history":[{"count":2,"href":"https:\/\/ami.mr\/fr\/wp-json\/wp\/v2\/pages\/291694\/revisions"}],"predecessor-version":[{"id":292170,"href":"https:\/\/ami.mr\/fr\/wp-json\/wp\/v2\/pages\/291694\/revisions\/292170"}],"wp:attachment":[{"href":"https:\/\/ami.mr\/fr\/wp-json\/wp\/v2\/media?parent=291694"}],"curies":[{"name":"wp","href":"https:\/\/api.w.org\/{rel}","templated":true}]}}