{"id":291691,"date":"2026-03-23T15:50:09","date_gmt":"2026-03-23T15:50:09","guid":{"rendered":"https:\/\/ami.mr\/fr\/?page_id=291691"},"modified":"2026-03-23T15:50:10","modified_gmt":"2026-03-23T15:50:10","slug":"ould-mhaimid","status":"publish","type":"page","link":"https:\/\/ami.mr\/fr\/ould-mhaimid","title":{"rendered":"Mohamedou Ahmedou Mhaimid &#8211; Ministre de l\u2019Agriculture et de la Souverainet\u00e9 Alimentaire"},"content":{"rendered":"<h3 style=\"text-align: left;\">\u00a0 \u00a0 \u00a0 \u00a0 \u00a0 \u00a0 \u00a0 \u00a0 \u00a0 \u00a0 \u00a0 \u00a0 \u00a0 \u00a0 \u00a0 \u00a0 \u00a0 \u00a0 \u00a0 \u00a0 \u00a0 \u00a0 \u00a0 \u00a0 \u00a0 \u00a0 \u00a0 \u00a0 \u00a0 \u00a0 \u00a0 \u00a0 \u00a0 \u00a0 \u00a0 \u00a0 \u00a0 \u00a0 \u00a0 \u00a0 \u00a0 \u00a0\u00a0<strong> Curriculum Vitae<\/strong><\/h3>\n<p>&nbsp;<\/p>\n<h4><img decoding=\"async\" class=\"size-medium wp-image-291692 alignright\" src=\"https:\/\/ami.mr\/fr\/wp-content\/uploads\/2026\/03\/Mh1-300x200.jpg\" alt=\"\" width=\"300\" height=\"200\" srcset=\"https:\/\/ami.mr\/fr\/wp-content\/uploads\/2026\/03\/Mh1-300x200.jpg 300w, https:\/\/ami.mr\/fr\/wp-content\/uploads\/2026\/03\/Mh1.jpg 432w\" sizes=\"(max-width: 300px) 100vw, 300px\" \/><br \/>\n<strong>Informations personnelles<\/strong><br \/>\n<strong>Nom et pr\u00e9nom :<\/strong> Mohamedou Ahmedou Mhaimid<br \/>\n<strong>Situation familiale :<\/strong> Mari\u00e9, p\u00e8re d\u2019enfants<\/p>\n<p><strong>Formation acad\u00e9mique<\/strong><br \/>\n1996 \u2013 1999 : Dipl\u00f4me d\u2019\u00c9tudes Approfondies (\u00e9quivalent doctorat 3e cycle), sp\u00e9cialit\u00e9 \u00c9conomie du d\u00e9veloppement, Facult\u00e9 des sciences \u00e9conomiques et de gestion \u2013 Tunis. Mention : Bien.<br \/>\n1995 \u2013 1996 : Certificat d\u2019\u00e9tudes approfondies en sciences \u00e9conomiques, Universit\u00e9 Tunis El Manar (Major de promotion).<br \/>\n1991 \u2013 1995 : Ma\u00eetrise en sciences \u00e9conomiques, Facult\u00e9 des sciences \u00e9conomiques et juridiques \u2013 Nouakchott (Major de promotion).<\/h4>\n<h4>\n<strong>Exp\u00e9rience professionnelle<\/strong><br \/>\n<strong>Secteur public<\/strong><br \/>\nDepuis 18 mars 2026 : Ministre de l\u2019Agriculture et de la Souverainet\u00e9 alimentaire<br \/>\n2023 \u2013 2026 : Conseiller \u00e0 la Pr\u00e9sidence de la R\u00e9publique<br \/>\n2019 \u2013 2022 : Ministre de l\u2019\u00c9quipement et des Transports<br \/>\n2020 \u2013 2021 : Pr\u00e9sident de la Commission logistique (gestion COVID-19)<br \/>\n2019 \u2013 2020 : Pr\u00e9sident du Conseil des ministres arabes des transports<br \/>\n2019 \u2013 2022 : Membre du Conseil des ministres arabes des transports<br \/>\n2019 \u2013 2022 : Membre du Conseil des ministres d\u2019ASCANA<br \/>\n2018 \u2013 2019 : Membre de la commission technique pour l\u2019Examen p\u00e9riodique universel des droits de l\u2019homme<br \/>\n2018 \u2013 2019 : Membre de la commission pour la revue nationale des ODD<br \/>\n2017 : Participation \u00e0 un panel aux Nations Unies (Gen\u00e8ve) sur la lutte contre la pauvret\u00e9<br \/>\n2016 \u2013 2019 : Pr\u00e9sident de la Commission sectorielle de d\u00e9veloppement \u2013 Agence Tadamoun<br \/>\n2016 \u2013 2019 : Membre de commissions techniques multisectorielles<br \/>\n2016 : Membre d\u2019une commission sur la durabilit\u00e9 du financement de la protection sociale<br \/>\n2014 \u2013 2019 : Charg\u00e9 de mission (planification) \u2013 Agence Tadamoun<br \/>\n2014 \u2013 2019 : Coordinateur du projet filets sociaux (Banque mondiale)<br \/>\n2014 \u2013 2019 : Coordinateur du programme national Tekavoul<br \/>\n2013 \u2013 2014 : Charg\u00e9 de mission \u2013 Agence Tadamoun<br \/>\n2009 : Chef service strat\u00e9gies et politiques \u2013 Minist\u00e8re de l\u2019\u00c9conomie<br \/>\n2006 \u2013 2007 : Cadre (suivi-\u00e9valuation) \u2013 Commissariat aux droits de l\u2019homme<\/h4>\n<h4>\n<strong>Consulting international<\/strong><br \/>\nChef d\u2019\u00e9quipe \u2013 \u00e9tude sur la protection sociale (ESCWA \u2013 Beyrouth)<br \/>\nExpert senior \u2013 gestion de projets (E-SUD D\u00e9veloppement \u2013 Banque africaine)<br \/>\nExpert \u2013 \u00e9tude sur les investissements sociaux (CEA \u2013 Addis-Abeba)<br \/>\nConsulting national<br \/>\n\u00c9tudes de restructuration (cabinet BINOR)<br \/>\n\u00c9laboration de strat\u00e9gies r\u00e9gionales (Tiris Zemmour)<br \/>\nFormation sur le programme d\u2019investissement public<br \/>\n\u00c9laboration de cadres de d\u00e9penses \u00e0 moyen terme (2016\u20132018, etc.)<br \/>\n\u00c9tudes sectorielles (\u00e9nergie, p\u00eache, environnement)<br \/>\nRapports sur la lutte contre la pauvret\u00e9<br \/>\nAssistance technique (UNICEF, Minist\u00e8res, Tadamoun)<br \/>\n\u00c9tude \u00e9conomique sur fonds pour femmes divorc\u00e9es<br \/>\n\u00c9laboration programmes d\u00e9centralisation et emploi<br \/>\nEnseignement sup\u00e9rieur<br \/>\nEnseignant en \u00e9conomie (macro, micro, commerce international, etc.)<br \/>\nInstitutions : Nouakchott, Liban International University<br \/>\nEnseignant en Tunisie (1999 \u2013 2006)<\/h4>\n<h4>\n<strong>Secteur priv\u00e9<\/strong><br \/>\n2009 \u2013 2014 : Directeur des ressources humaines puis Directeur du p\u00f4le entreprises \u2013 Chinguitel<br \/>\nParticipation internationale<br \/>\nForum ODD (New York)<br \/>\nConseil des droits de l\u2019homme (Gen\u00e8ve)<br \/>\nForums Banque mondiale (Afrique)<br \/>\nAteliers ESCWA (Beyrouth)<br \/>\nForums Sud-Sud (Allemagne, Chine)<br \/>\nUIT Gen\u00e8ve<br \/>\nS\u00e9minaires \u00e9conomiques (France)<\/h4>\n<h4>\n<strong>Formations compl\u00e9mentaires<\/strong><br \/>\nMarch\u00e9s Banque mondiale (Maroc)<br \/>\nLeadership, gestion de projets<br \/>\nFormation en anglais (New York, Nouakchott)<br \/>\nT\u00e9l\u00e9communications (\u00c9mirats)<br \/>\nGestion RH et travail en \u00e9quipe (S\u00e9n\u00e9gal)<br \/>\nInvestissements intensifs en main-d\u2019\u0153uvre (Italie)<\/h4>\n<h4>\n<strong>Comp\u00e9tences<\/strong><br \/>\nFran\u00e7ais : Excellent<br \/>\nArabe : Excellent<br \/>\nAnglais : Niveau interm\u00e9diaire (en progression)<br \/>\nInformatique : Ma\u00eetrise compl\u00e8te (Word, Excel, PowerPoint, MS Project, Google tools\u2026)<\/h4>\n","protected":false},"excerpt":{"rendered":"<p>\u00a0 \u00a0 \u00a0 \u00a0 \u00a0 \u00a0 \u00a0 \u00a0 \u00a0 \u00a0 \u00a0 \u00a0 \u00a0 \u00a0 \u00a0 \u00a0 \u00a0 \u00a0 \u00a0 \u00a0 \u00a0 \u00a0 \u00a0 \u00a0 \u00a0 \u00a0 \u00a0 \u00a0 \u00a0 \u00a0 \u00a0 \u00a0 \u00a0 \u00a0 \u00a0 \u00a0 \u00a0 \u00a0 \u00a0 \u00a0 \u00a0 \u00a0\u00a0 Curriculum Vitae &nbsp; Informations personnelles Nom et pr\u00e9nom : Mohamedou Ahmedou Mhaimid Situation [&hellip;]<\/p>\n","protected":false},"author":1,"featured_media":0,"parent":0,"menu_order":0,"comment_status":"closed","ping_status":"closed","template":"","meta":{"footnotes":""},"class_list":["post-291691","page","type-page","status-publish","hentry"],"_links":{"self":[{"href":"https:\/\/ami.mr\/fr\/wp-json\/wp\/v2\/pages\/291691","targetHints":{"allow":["GET"]}}],"collection":[{"href":"https:\/\/ami.mr\/fr\/wp-json\/wp\/v2\/pages"}],"about":[{"href":"https:\/\/ami.mr\/fr\/wp-json\/wp\/v2\/types\/page"}],"author":[{"embeddable":true,"href":"https:\/\/ami.mr\/fr\/wp-json\/wp\/v2\/users\/1"}],"replies":[{"embeddable":true,"href":"https:\/\/ami.mr\/fr\/wp-json\/wp\/v2\/comments?post=291691"}],"version-history":[{"count":1,"href":"https:\/\/ami.mr\/fr\/wp-json\/wp\/v2\/pages\/291691\/revisions"}],"predecessor-version":[{"id":291693,"href":"https:\/\/ami.mr\/fr\/wp-json\/wp\/v2\/pages\/291691\/revisions\/291693"}],"wp:attachment":[{"href":"https:\/\/ami.mr\/fr\/wp-json\/wp\/v2\/media?parent=291691"}],"curies":[{"name":"wp","href":"https:\/\/api.w.org\/{rel}","templated":true}]}}