{"id":281452,"date":"2025-10-23T10:11:51","date_gmt":"2025-10-23T10:11:51","guid":{"rendered":"https:\/\/ami.mr\/fr\/?page_id=281452"},"modified":"2025-10-23T10:16:33","modified_gmt":"2025-10-23T10:16:33","slug":"sidi-moulay-zeine","status":"publish","type":"page","link":"https:\/\/ami.mr\/fr\/sidi-moulay-zeine","title":{"rendered":"Sidi Moulaye Zeine &#8211; D\u00e9l\u00e9gu\u00e9 G\u00e9n\u00e9ral \u00e0 la Solidarit\u00e9 Nationale et \u00e0 la Lutte Contre l\u2019Exclusion (Taazour)"},"content":{"rendered":"<h3 style=\"text-align: center;\"><strong>CURRICULUM\u00a0 VITAE<\/strong><\/h3>\n<h3><strong>SIDI\u00a0 MOULAYE\u00a0 ZEINE<img decoding=\"async\" class=\"size-medium wp-image-281456 alignright\" src=\"https:\/\/ami.mr\/fr\/wp-content\/uploads\/2025\/10\/Sidi-MoulZ-300x224.jpeg\" alt=\"\" width=\"300\" height=\"224\" srcset=\"https:\/\/ami.mr\/fr\/wp-content\/uploads\/2025\/10\/Sidi-MoulZ-300x224.jpeg 300w, https:\/\/ami.mr\/fr\/wp-content\/uploads\/2025\/10\/Sidi-MoulZ-768x574.jpeg 768w, https:\/\/ami.mr\/fr\/wp-content\/uploads\/2025\/10\/Sidi-MoulZ-86x64.jpeg 86w, https:\/\/ami.mr\/fr\/wp-content\/uploads\/2025\/10\/Sidi-MoulZ.jpeg 770w\" sizes=\"(max-width: 300px) 100vw, 300px\" \/><\/strong><\/h3>\n<p>E- NORD, N\u00b0 622, BP : 250<\/p>\n<p>Nouakchott, Mauritanie<\/p>\n<h3 style=\"font-family: Georgia, 'Times New Roman', 'Bitstream Charter', Times, serif; color: #333333;\"><strong>EXP\u00c9RIENCES PROFESSIONNELLES<\/strong><\/h3>\n<p><em>\u00a0<\/em>Octobre 2025 \u00e0 nos jours D\u00e9l\u00e9gu\u00e9 G\u00e9n\u00e9ral \u00e0 la Solidarit\u00e9 Nationale et \u00e0 la Lutte contre l&#8217;Exclusion (Taazour)<\/p>\n<p>Ao\u00fbt 2024 \u00e0 octobre 2025 Conseiller \u00e0 la Pr\u00e9sidence de la R\u00e9publique<\/p>\n<p>3 juillet 2023 \u00e0 ao\u00fbt 2024 Secr\u00e9taire G\u00e9n\u00e9ral du Minist\u00e8re de l\u2019Education Nationale et de la R\u00e9forme du Syst\u00e8me \u00e9ducatif<\/p>\n<p>3 juin 2021 \u00e0 juillet 2023 Secr\u00e9taire G\u00e9n\u00e9ral du Minist\u00e8re de la Transition Num\u00e9rique, de I&#8217;Innovation et de la Modernisation de l&#8217;Administration<\/p>\n<p>F\u00e9vrier 2021 \u00e0 juin 2021\u00a0 Secr\u00e9taire G\u00e9n\u00e9ral du Minist\u00e8re de I&#8217;Enseignement Sup\u00e9rieur, de la Recherche Scientifique et des Technologies de I&#8217;Information et de la Communication<\/p>\n<p>Octobre 2019 \u00e0 f\u00e9vrier 2021 Directeur de Cabinet du Premier Ministre<\/p>\n<p>F\u00e9vrier 2019 \u00e0 octobre 2019 Secr\u00e9taire G\u00e9n\u00e9ral de l&#8217;Autorit\u00e9 de la Zone Franche de Nouadhibou<\/p>\n<p>Janvier 2019 \u00e0 f\u00e9vrier 2019 Directeur de Cabinet du Pr\u00e9sident de l&#8217;Autorit\u00e9 de la Zone Franche de Nouadhibou<\/p>\n<p>F\u00e9vrier 2017 \u00e0 octobre 2019 Coordinateur du Centre d&#8217;Affaires de Nouadhibou (CAN)<\/p>\n<p>3 juin 2013 \u00e0 d\u00e9cembre 2018 Manager du P\u00f4le Front Office \u2014 Autorit\u00e9 de la Zone Franche de Nouadhibou<\/p>\n<p>2012 \u2014 2013 Directeur des Op\u00e9rations \/ Directeur G\u00e9n\u00e9ral Adjoint \u2014 SODRA MOTORS \/ Hyundai Mauritanie<\/p>\n<p>2011\u2014 2012 Directeur Commercial &amp; Marketing \u2014 SODRA MOTORS \/ Hyundai Mauritanie<\/p>\n<p>2009 \u2014 2010 Charg\u00e9 de Mission \u2014 SNCI (Soci\u00e9t\u00e9 Nationale pour le N\u00e9goce et le Commerce International)<\/p>\n<p>2008 \u2014 2009 Directeur G\u00e9n\u00e9ral \u2014 INCI (N\u00e9goce &amp; Commerce International (Nouakchott))<\/p>\n<h3><strong>FORMATIONS &amp; DIPL\u00d4MES<\/strong><\/h3>\n<p>2023 Master \/ MBA \u2014 IAM Technologies DK \/ Universit\u00e9 du Qu\u00e9bec \u00e0 Chicoutimi<\/p>\n<p>2020 Formation en Anglais \u2014 University of New Brunswick (Canada)<\/p>\n<p>2008 Bachelor \/ BAA \u2014 Universit\u00e9 du Qu\u00e9bec en Outaouais (Canada)<\/p>\n<p>2008 Certificat en Relations Industrielles et Ressources Humaines \u2014 Universit\u00e9 du Qu\u00e9bec en Outaouais (Canada)<\/p>\n<p>2008 Certificat en Gestion de Projet \u2014 Cit\u00e9 Coll\u00e9giale (Canada)<\/p>\n<p>2007 Certificat en Comptabilit\u00e9 G\u00e9n\u00e9rale \u2014 Universit\u00e9 du Qu\u00e9bec en Outaouais (Canada)<\/p>\n<p>2006 Certificat en Administration des Affaires \u2014 Universit\u00e9 du Qu\u00e9bec en Outaouais (Canada)<\/p>\n<p>2005 Formation en Anglais \u2014 University of New Brunswick (Canada)<\/p>\n<p>2003 Dipl\u00f4me de langue Allemande \u2014 M\u00fcnster \/ Universit\u00e9 Osnabr\u00fcck (Allemagne)<\/p>\n<p>2001 Baccalaur\u00e9at SNB \u2014 Nouakchott, Mauritanie<\/p>\n<h3><strong>CHAMPS DE COMP\u00c9TENCES<\/strong><\/h3>\n<h3>Leadership strat\u00e9gique et coordination interinstitutionnelle : pilotage de programmes gouvernementaux, communication publique et appui aux r\u00e9formes nationales.<\/h3>\n<p><strong>Solide expertise num\u00e9rique<\/strong> : parfaite ma\u00eetrise de la suite Microsoft Office\u201d*, de MS Project, et d&#8217;outils de reporting et d&#8217;\u00e9valuation de la performance utilis\u00e9s \u00e0 l&#8217;international.<\/p>\n<p><strong>Multilingue et interculturel<\/strong> : arabe, fran\u00e7ais, anglais, allemand.<\/p>\n<hr \/>\n<p>INFORMATIONS PERSONNELLES:\u00a0 \u00a0 \u00a0 \u00a0 \u00a0 \u00a0 \u00a0 \u00a0 \u00a0 \u00a0 \u00a0 \u00a0 \u00a0 \u00a0 \u00a0 \u00a0 \u00a0 \u00a0 \u00a0 \u00a0 \u00a0 \u00a0 \u00a0 \u00a0 \u00a0 \u00a0 \u00a0 \u00a0 \u00a0 \u00a0 \u00a0 \u00a0 \u00a0 \u00a0 \u00a0 \u00a0 \u00a0 \u00a0 \u00a0 \u00a0 \u00a0 \u00a0 \u00a0 \u00a0 \u00a0 \u00a0 \u00a0 \u00a0 \u00a0 \u00a0 \u00a0 \u00a0 \u00a0 \u00a0 \u00a0 \u00a0 \u00a0 \u00a0 \u00a0 \u00a0 \u00a0 \u00a0 \u00a0 \u00a0 \u00a0 \u00a0 \u00a0 \u00a0 \u00a0 \u00a0 \u00a0 \u00a0 \u00a0 \u00a0 \u00a0 \u00a0 \u00a0 \u00a0 \u00a0 \u00a0 \u00a0 \u00a0 \u00a0R \u00c9 F \u00c9 R E N C E S:<\/p>\n<p>N\u00e9 le 30 juin 1981 \u00e0 Nouakchott &#8211; Mari\u00e9, p\u00e8re de trois enfants\u00a0 \u00a0 \u00a0 \u00a0 \u00a0 \u00a0 \u00a0 \u00a0 \u00a0 \u00a0 \u00a0 \u00a0 \u00a0 \u00a0 \u00a0 \u00a0 \u00a0 \u00a0 \u00a0 \u00a0 \u00a0 \u00a0 \u00a0 \u00a0 \u00a0 \u00a0 \u00a0 \u00a0 \u00a0 \u00a0 \u00a0 \u00a0 \u00a0 \u00a0 \u00a0 \u00a0 \u00a0 \u00a0 \u00a0 \u00a0 \u00a0 \u00a0 \u00a0 \u00a0 \u00a0 \u00a0 \u00a0 \u00a0 \u00a0 \u00a0 \u00a0 \u00a0 \u00a0 \u00a0 \u00a0 \u00a0 \u00a0 \u00a0 \u00a0 \u00a0 \u00a0 \u00a0 \u00a0 \u00a0 Disponibles sur demande<\/p>\n","protected":false},"excerpt":{"rendered":"<p>CURRICULUM\u00a0 VITAE SIDI\u00a0 MOULAYE\u00a0 ZEINE E- NORD, N\u00b0 622, BP : 250 Nouakchott, Mauritanie EXP\u00c9RIENCES PROFESSIONNELLES \u00a0Octobre 2025 \u00e0 nos jours D\u00e9l\u00e9gu\u00e9 G\u00e9n\u00e9ral \u00e0 la Solidarit\u00e9 Nationale et \u00e0 la Lutte contre l&#8217;Exclusion (Taazour) Ao\u00fbt 2024 \u00e0 octobre 2025 Conseiller \u00e0 la Pr\u00e9sidence de la R\u00e9publique 3 juillet 2023 \u00e0 ao\u00fbt 2024 Secr\u00e9taire G\u00e9n\u00e9ral du [&hellip;]<\/p>\n","protected":false},"author":1,"featured_media":0,"parent":0,"menu_order":0,"comment_status":"closed","ping_status":"closed","template":"","meta":{"footnotes":""},"class_list":["post-281452","page","type-page","status-publish","hentry"],"_links":{"self":[{"href":"https:\/\/ami.mr\/fr\/wp-json\/wp\/v2\/pages\/281452","targetHints":{"allow":["GET"]}}],"collection":[{"href":"https:\/\/ami.mr\/fr\/wp-json\/wp\/v2\/pages"}],"about":[{"href":"https:\/\/ami.mr\/fr\/wp-json\/wp\/v2\/types\/page"}],"author":[{"embeddable":true,"href":"https:\/\/ami.mr\/fr\/wp-json\/wp\/v2\/users\/1"}],"replies":[{"embeddable":true,"href":"https:\/\/ami.mr\/fr\/wp-json\/wp\/v2\/comments?post=281452"}],"version-history":[{"count":3,"href":"https:\/\/ami.mr\/fr\/wp-json\/wp\/v2\/pages\/281452\/revisions"}],"predecessor-version":[{"id":281463,"href":"https:\/\/ami.mr\/fr\/wp-json\/wp\/v2\/pages\/281452\/revisions\/281463"}],"wp:attachment":[{"href":"https:\/\/ami.mr\/fr\/wp-json\/wp\/v2\/media?parent=281452"}],"curies":[{"name":"wp","href":"https:\/\/api.w.org\/{rel}","templated":true}]}}