{"id":279355,"date":"2025-09-24T09:59:57","date_gmt":"2025-09-24T09:59:57","guid":{"rendered":"https:\/\/ami.mr\/fr\/?page_id=279355"},"modified":"2025-09-24T09:59:57","modified_gmt":"2025-09-24T09:59:57","slug":"mohamed-mahmoud-ely-mahmoud-ministre-de-la-sante","status":"publish","type":"page","link":"https:\/\/ami.mr\/fr\/mohamed-mahmoud-ely-mahmoud-ministre-de-la-sante","title":{"rendered":"Mohamed Mahmoud Ely Mahmoud &#8211; Ministre de la Sant\u00e9"},"content":{"rendered":"<h3 style=\"text-align: center;\"><strong>BIOGRAPHIE<\/strong><\/h3>\n<p><strong>Nom de famille :<\/strong> Ely Mahmoud<img decoding=\"async\" class=\"size-full wp-image-279356 alignright\" src=\"https:\/\/ami.mr\/fr\/wp-content\/uploads\/2025\/09\/MS2.jpg\" alt=\"\" width=\"298\" height=\"288\" \/><br \/>\n<strong>Pr\u00e9nom :<\/strong> Mohamed Mahmoud<br \/>\n<strong>Date de naissance :<\/strong> 17 d\u00e9cembre 1978<br \/>\n<strong>Situation familiale :<\/strong> Mari\u00e9, p\u00e8re de trois enfants<\/p>\n<h4><strong>Formation acad\u00e9mique<\/strong><\/h4>\n<p>Doctorat en M\u00e9decine: Universit\u00e9 El Hadj Lakhdhar, Batna &#8211; Alg\u00e9rie (2008)<\/p>\n<p>Baccalaur\u00e9at scientifique (s\u00e9rie D): Nouadhibou, Mauritanie (1996)<\/p>\n<h4><strong>Exp\u00e9rience professionnelle<\/strong><\/h4>\n<p>Depuis mai 2025: Charg\u00e9 de mission au Cabinet du Ministre de la Sant\u00e9<br \/>\n2021-2025: Directeur g\u00e9n\u00e9ral de la Sant\u00e9 publique<br \/>\nPr\u00e9sident du Comit\u00e9 technique national de coordination multisectorielle \u00ab Une Seule Sant\u00e9 \u00bb<br \/>\nPr\u00e9sident de plusieurs comit\u00e9s de pilotage de projets de sant\u00e9<br \/>\n2020-2021: Directeur de l&#8217;Information strat\u00e9gique et de la Surveillance \u00e9pid\u00e9miologique<br \/>\nPoint focal du R\u00e8glement Sanitaire International (RSI)<br \/>\nPr\u00e9sident du pilier &lt;&lt; Surveillance, riposte et vaccination COVID-19 &gt;&gt;&gt;<br \/>\n2019-2020: Directeur de la Lutte contre les Maladies non transmissibles<br \/>\n2014-2019: Directeur r\u00e9gional de la Sant\u00e9 &#8211; Wilaya du Gorgol<br \/>\n2010-2014: Chef du service de p\u00e9diatrie au Centre Hospitalier de Nouadhibou<br \/>\n2010: M\u00e9decin aux urgences chirurgicales &#8211; Centre Hospitalier National, Nouakchott<br \/>\n2008-2010: M\u00e9decin traitant aux urgences et en p\u00e9diatrie &#8211; Centre Hospitalier de Nouadhibou<\/p>\n<h4><strong>Domaines de comp\u00e9tences<\/strong><br \/>\nSant\u00e9 publique: Gestion d&#8217;\u00e9pid\u00e9mies, coordination des interventions sanitaires, planification, \u00e9valuation, enqu\u00eates, sant\u00e9 reproductive, nutrition et \u00e9pid\u00e9miologie<br \/>\n\u00c9pid\u00e9miologie de terrain: Directeur du programme BFELTP, gestion d&#8217;\u00e9tablissements de sant\u00e9 et des incidents de sant\u00e9 publique<\/h4>\n","protected":false},"excerpt":{"rendered":"<p>BIOGRAPHIE Nom de famille : Ely Mahmoud Pr\u00e9nom : Mohamed Mahmoud Date de naissance : 17 d\u00e9cembre 1978 Situation familiale : Mari\u00e9, p\u00e8re de trois enfants Formation acad\u00e9mique Doctorat en M\u00e9decine: Universit\u00e9 El Hadj Lakhdhar, Batna &#8211; Alg\u00e9rie (2008) Baccalaur\u00e9at scientifique (s\u00e9rie D): Nouadhibou, Mauritanie (1996) Exp\u00e9rience professionnelle Depuis mai 2025: Charg\u00e9 de mission au [&hellip;]<\/p>\n","protected":false},"author":1,"featured_media":0,"parent":0,"menu_order":0,"comment_status":"closed","ping_status":"closed","template":"","meta":{"footnotes":""},"class_list":["post-279355","page","type-page","status-publish","hentry"],"_links":{"self":[{"href":"https:\/\/ami.mr\/fr\/wp-json\/wp\/v2\/pages\/279355","targetHints":{"allow":["GET"]}}],"collection":[{"href":"https:\/\/ami.mr\/fr\/wp-json\/wp\/v2\/pages"}],"about":[{"href":"https:\/\/ami.mr\/fr\/wp-json\/wp\/v2\/types\/page"}],"author":[{"embeddable":true,"href":"https:\/\/ami.mr\/fr\/wp-json\/wp\/v2\/users\/1"}],"replies":[{"embeddable":true,"href":"https:\/\/ami.mr\/fr\/wp-json\/wp\/v2\/comments?post=279355"}],"version-history":[{"count":1,"href":"https:\/\/ami.mr\/fr\/wp-json\/wp\/v2\/pages\/279355\/revisions"}],"predecessor-version":[{"id":279357,"href":"https:\/\/ami.mr\/fr\/wp-json\/wp\/v2\/pages\/279355\/revisions\/279357"}],"wp:attachment":[{"href":"https:\/\/ami.mr\/fr\/wp-json\/wp\/v2\/media?parent=279355"}],"curies":[{"name":"wp","href":"https:\/\/api.w.org\/{rel}","templated":true}]}}