{"id":279147,"date":"2025-09-20T14:58:39","date_gmt":"2025-09-20T14:58:39","guid":{"rendered":"https:\/\/ami.mr\/fr\/?page_id=279147"},"modified":"2025-09-23T15:53:26","modified_gmt":"2025-09-23T15:53:26","slug":"mariem-boydiel-houmeid","status":"publish","type":"page","link":"https:\/\/ami.mr\/fr\/mariem-boydiel-houmeid","title":{"rendered":"Marieme Mint Boydiel Houmeid &#8211; Ministre de la Fonction Publique et du Travail"},"content":{"rendered":"<h3 style=\"text-align: center;\"><strong>CURRICULUM VITEA\u00a0<\/strong><\/h3>\n<p>&nbsp;<\/p>\n<table style=\"height: 188px;\" width=\"726\">\n<tbody>\n<tr>\n<td width=\"205\"><strong>Pr\u00e9noms et Nom<\/strong><\/td>\n<td width=\"16\">:<\/td>\n<td width=\"394\">Marieme MINT BOYDIEL HOUMEID<\/td>\n<\/tr>\n<tr>\n<td width=\"205\"><strong>Date &amp; lieu de Naissance<\/strong><\/td>\n<td width=\"16\">:<\/td>\n<td width=\"394\">28\/10\/1976 \u00e0 Nouakchott<\/td>\n<\/tr>\n<tr>\n<td width=\"205\"><strong>Adresse<\/strong><\/td>\n<td width=\"16\">:<\/td>\n<td width=\"394\"><\/td>\n<\/tr>\n<\/tbody>\n<\/table>\n<p>&nbsp;<\/p>\n<p>&nbsp;<\/p>\n<ul>\n<li><strong>PROFIL<\/strong><strong>\u00a0<\/strong><\/li>\n<\/ul>\n<ol>\n<li>Certificat d\u2019Aptitude en Langue \u00e0 University Shoreline Community Coll\u00e8ge \u00e0 Seattle Washington States (USA)<img decoding=\"async\" class=\"size-medium wp-image-279312 alignright\" src=\"https:\/\/ami.mr\/fr\/wp-content\/uploads\/2025\/09\/M-F-P-300x250.jpg\" alt=\"\" width=\"300\" height=\"250\" srcset=\"https:\/\/ami.mr\/fr\/wp-content\/uploads\/2025\/09\/M-F-P-300x250.jpg 300w, https:\/\/ami.mr\/fr\/wp-content\/uploads\/2025\/09\/M-F-P-1024x852.jpg 1024w, https:\/\/ami.mr\/fr\/wp-content\/uploads\/2025\/09\/M-F-P-768x639.jpg 768w, https:\/\/ami.mr\/fr\/wp-content\/uploads\/2025\/09\/M-F-P-1536x1278.jpg 1536w, https:\/\/ami.mr\/fr\/wp-content\/uploads\/2025\/09\/M-F-P-2048x1704.jpg 2048w\" sizes=\"(max-width: 300px) 100vw, 300px\" \/><\/li>\n<li>Certificat d\u2019Economie R\u00e9gionale \u00e0 l\u2019Universit\u00e9 Montesquieu Bordeaux IV (France).<\/li>\n<li>Certificat d\u2019Aptitude en Langue \u00e0 l\u2019Universit\u00e9 Bordeaux III (France)<\/li>\n<li>Dipl\u00f4me de Ma\u00eetrise en Gestion des Entreprises.<\/li>\n<li>Licence en Economie<\/li>\n<li>Dipl\u00f4me d\u2019Etudes Universitaires G\u00e9n\u00e9rales (DEUG) en Economie<strong>\u00a0<\/strong><\/li>\n<\/ol>\n<ul>\n<li><strong>DOMAINES DE COMPETENCES<\/strong><\/li>\n<\/ul>\n<ol>\n<li>Politique Economique et de Financement des Entreprises<\/li>\n<li>Administration des affaires<\/li>\n<li>Traitement des Op\u00e9rations Comptables<\/li>\n<li>Les Op\u00e9ration Bancaires \u00e0 l\u2019International<\/li>\n<li>Gestion du Personnel<\/li>\n<\/ol>\n<ul>\n<li><strong>FORMATIONS<\/strong>\n<ul>\n<li>Etudes Universitaires<\/li>\n<\/ul>\n<\/li>\n<\/ul>\n<p><strong>2006-2008<\/strong>:\u00a0 University Shoreline Community College \u00e0 Seattle Washington States (USA)<\/p>\n<p><strong>Dipl\u00f4me : Certificat d\u2019Aptitude en Anglais<\/strong><\/p>\n<p><strong>Option : Anglais<\/strong><\/p>\n<p><strong>2003-2004<\/strong>\u00a0: Universit\u00e9s Montesquieu Bordeaux IV (France)<\/p>\n<p><strong>Dipl\u00f4me\u00a0: Certificat d\u2019Economie R\u00e9gionale<\/strong><\/p>\n<p><strong>Option : Economie<\/strong><\/p>\n<p><strong>2001-2003<\/strong>\u00a0: Universit\u00e9 Bordeaux\u00a0 III (France)<\/p>\n<p><strong>Dipl\u00f4me\u00a0: Certificat d\u2019Aptitude en langue.<\/strong><\/p>\n<p><strong>Option\u00a0: fran\u00e7ais <\/strong><\/p>\n<p><strong>2000-2001<\/strong>\u00a0: Facult\u00e9 des Sciences\u00a0 Juridiques et Economiques de l\u2019Universit\u00e9 de Nouakchott, Mauritanie<\/p>\n<p><strong>Dipl\u00f4me\u00a0: Ma\u00eetrise<\/strong><\/p>\n<p><strong>Option\u00a0: GESTION DES ENTREPRISES<\/strong><\/p>\n<p><strong>1998-1999<\/strong>\u00a0: Facult\u00e9 des Sciences Juridiques et Economiques de l\u2019Universit\u00e9 de Nouakchott, Mauritanie<\/p>\n<p><strong>Dipl\u00f4me\u00a0: Dipl\u00f4me d\u2019Etudes Universitaires G\u00e9n\u00e9rales (DEUG)<\/strong><\/p>\n<p><strong>Option\u00a0: Economie<\/strong><\/p>\n<ul>\n<li><strong>Etude Secondaires<\/strong><\/li>\n<\/ul>\n<p><strong>1994-1997\u00a0: <\/strong>Lyc\u00e9e d\u2019AL BARAKA Nouakchott<\/p>\n<p><strong>Dipl\u00f4me\u00a0: Baccalaur\u00e9at<\/strong><\/p>\n<p><strong>Option\u00a0; Science Naturelles Arabe<\/strong><strong>\u00a0<\/strong><\/p>\n<p><strong>1990-1994<\/strong>\u00a0: Coll\u00e8ge de Tevragh Zeina Nouakchott<\/p>\n<p><strong>1985-1990<\/strong>\u00a0: Ecole Annexe Nouakchott<\/p>\n<p><strong>Certificat de fin d\u2019Etude Primaires<\/strong><\/p>\n<p>&nbsp;<\/p>\n<ul>\n<li><strong>EXPERIENCES PROFESSIONNELLES<\/strong><\/li>\n<li>18 septembre 2025 :Ministre de la Fonction Publique et du Travail<\/li>\n<li>2020 \u2013 18 septembre 2025\u00a0: Comptable \u00e0 l\u2019Ambassade de Mauritanie \u00e0 Washington<\/li>\n<li>2018-2019\u00a0: Comptable \u00e0 l\u2019Ambassade de Mauritanie \u00e0 Washington. et \u00e0 la Mission Permanente de Mauritanie aupr\u00e8s des Nations Unies \u00e0 New York.<\/li>\n<li>2015-2018\u00a0: Comptable \u00e0 la Mission Permanente de Mauritanie aupr\u00e8s des Nations Unies \u00e0 New York.<\/li>\n<li>2005: Empil\u00e9e \u00e0 G\u00e9n\u00e9ral de Banque de Mauritanie (GBM) au service du personnel et \u00e0 la direction l\u2019international charg\u00e9e des op\u00e9rations bancaires \u00e0 l\u2019international.<\/li>\n<li>2000-2001\u00a0: Stage \u00e0 la Banque de Commerce et de l\u2019Industrie (BCI) en Mauritanie.<\/li>\n<\/ul>\n<p>&nbsp;<\/p>\n<ul>\n<li><strong>CONNAISSANCES INFORMATIQUE<\/strong><strong>\u00a0<\/strong><\/li>\n<\/ul>\n<ul>\n<li>WORD (Tr\u00e8s bien)<\/li>\n<li>EXCEL (Tr\u00e8s bien)<\/li>\n<li>ACCESS (assez bien)<\/li>\n<li>INTERNET (bien)<\/li>\n<li>POWERPOINT (bien)<\/li>\n<li>DELTA (version 9) (Tr\u00e8s bien)<\/li>\n<\/ul>\n<p>&nbsp;<\/p>\n<ul>\n<li><strong>CONNAISSANCES LANGUES<\/strong><\/li>\n<\/ul>\n<table>\n<tbody>\n<tr>\n<td width=\"154\"><\/td>\n<td width=\"118\"><strong>Parl\u00e9es<\/strong><\/td>\n<td colspan=\"2\" width=\"161\"><strong>Lues<\/strong><\/td>\n<td width=\"87\"><strong>Ecrites<\/strong><\/td>\n<td width=\"95\"><\/td>\n<\/tr>\n<tr>\n<td width=\"154\">Arabe\u00a0:<\/td>\n<td colspan=\"2\" width=\"154\">Tr\u00e8s bien<\/td>\n<td width=\"125\">Tr\u00e8s bien<\/td>\n<td colspan=\"2\" width=\"182\">Tr\u00e8s bien<\/td>\n<\/tr>\n<tr>\n<td width=\"154\">Fran\u00e7ais\u00a0:<\/td>\n<td colspan=\"2\" width=\"154\">Bien<\/td>\n<td width=\"125\">Bien<\/td>\n<td colspan=\"2\" width=\"182\">Bien<\/td>\n<\/tr>\n<tr>\n<td width=\"154\">Anglais:<\/td>\n<td colspan=\"2\" width=\"154\">Tr\u00e8s bien<\/td>\n<td width=\"125\">Tr\u00e8s bien<\/td>\n<td colspan=\"2\" width=\"182\">Tr\u00e8s bien<\/td>\n<\/tr>\n<\/tbody>\n<\/table>\n<p>&nbsp;<\/p>\n<p><strong>\u00a0<\/strong><\/p>\n<p>&nbsp;<\/p>\n<p>&nbsp;<\/p>\n<p>&nbsp;<\/p>\n<p><strong>\u00a0<\/strong><\/p>\n<p>&nbsp;<\/p>\n","protected":false},"excerpt":{"rendered":"<p>CURRICULUM VITEA\u00a0 &nbsp; Pr\u00e9noms et Nom : Marieme MINT BOYDIEL HOUMEID Date &amp; lieu de Naissance : 28\/10\/1976 \u00e0 Nouakchott Adresse : &nbsp; &nbsp; PROFIL\u00a0 Certificat d\u2019Aptitude en Langue \u00e0 University Shoreline Community Coll\u00e8ge \u00e0 Seattle Washington States (USA) Certificat d\u2019Economie R\u00e9gionale \u00e0 l\u2019Universit\u00e9 Montesquieu Bordeaux IV (France). Certificat d\u2019Aptitude en Langue \u00e0 l\u2019Universit\u00e9 Bordeaux [&hellip;]<\/p>\n","protected":false},"author":1,"featured_media":0,"parent":0,"menu_order":0,"comment_status":"closed","ping_status":"closed","template":"","meta":{"footnotes":""},"class_list":["post-279147","page","type-page","status-publish","hentry"],"_links":{"self":[{"href":"https:\/\/ami.mr\/fr\/wp-json\/wp\/v2\/pages\/279147","targetHints":{"allow":["GET"]}}],"collection":[{"href":"https:\/\/ami.mr\/fr\/wp-json\/wp\/v2\/pages"}],"about":[{"href":"https:\/\/ami.mr\/fr\/wp-json\/wp\/v2\/types\/page"}],"author":[{"embeddable":true,"href":"https:\/\/ami.mr\/fr\/wp-json\/wp\/v2\/users\/1"}],"replies":[{"embeddable":true,"href":"https:\/\/ami.mr\/fr\/wp-json\/wp\/v2\/comments?post=279147"}],"version-history":[{"count":9,"href":"https:\/\/ami.mr\/fr\/wp-json\/wp\/v2\/pages\/279147\/revisions"}],"predecessor-version":[{"id":279313,"href":"https:\/\/ami.mr\/fr\/wp-json\/wp\/v2\/pages\/279147\/revisions\/279313"}],"wp:attachment":[{"href":"https:\/\/ami.mr\/fr\/wp-json\/wp\/v2\/media?parent=279147"}],"curies":[{"name":"wp","href":"https:\/\/api.w.org\/{rel}","templated":true}]}}