{"id":279142,"date":"2025-09-20T14:21:18","date_gmt":"2025-09-20T14:21:18","guid":{"rendered":"https:\/\/ami.mr\/fr\/?page_id=279142"},"modified":"2025-09-20T14:23:58","modified_gmt":"2025-09-20T14:23:58","slug":"abdallah-souleymane-cheikh-sidia","status":"publish","type":"page","link":"https:\/\/ami.mr\/fr\/abdallah-souleymane-cheikh-sidia","title":{"rendered":"Abdallah O. SOULEYMANE O. CHEIKH-SIDIA &#8211; Ministre des affaires \u00e9conomiques et du d\u00e9veloppement"},"content":{"rendered":"<h3 style=\"text-align: center;\"><strong>Curriculum \u2013 Vitae (r\u00e9sum\u00e9)<\/strong><\/h3>\n<p style=\"text-align: left;\"><strong>Abdallah O. SOULEYMANE O. CHEIKH-SIDIA<img decoding=\"async\" class=\"size-medium wp-image-279122 alignright\" src=\"https:\/\/ami.mr\/fr\/wp-content\/uploads\/2025\/09\/MECO-300x135.jpg\" alt=\"\" width=\"300\" height=\"135\" srcset=\"https:\/\/ami.mr\/fr\/wp-content\/uploads\/2025\/09\/MECO-300x135.jpg 300w, https:\/\/ami.mr\/fr\/wp-content\/uploads\/2025\/09\/MECO.jpg 640w\" sizes=\"(max-width: 300px) 100vw, 300px\" \/><\/strong><br \/>\n<strong>N\u00e9 en 1961 \u00e0 <\/strong><strong>Boutilimit<\/strong><\/p>\n<p><strong>Formation<\/strong><br \/>\n&#8211; Etudes originelles &#8220;Mahdhariennes&#8221; (Saint-Coran, Grammaire et Morphologie de l&#8217;Arabe classique,\u00a0Po\u00e9sie et M\u00e9trique arabes classiques, Fiqh, etc.)<br \/>\n&#8211; Docteur en Sciences Economiques (Mention : Tr\u00e8s Honorable avec les F\u00e9licitations), Universit\u00e9 de Nice-Sophia Antipolis (France)- 2009<\/p>\n<p>&#8211; Dipl\u00f4me International d\u2019Administration Publique avec le titre d\u2019Ancien \u00e9l\u00e8ve de l&#8217;Ecole Nationale d&#8217;Administration (ENA \u2013 France \u2013 Promotion Ren\u00e9 CHAR) &#8211; 1994<br \/>\n&#8211; Dipl\u00f4m\u00e9 de l&#8217;Institut d&#8217;Etudes Politiques de Paris (Sciences Po Paris \u2013 Section : Economique et Financi\u00e8re) &#8211; 1986<br \/>\n&#8211; Dipl\u00f4me d&#8217;Etudes Approfondies (D.E.A) en Analyse et Politique \u00e9conomiques (Universit\u00e9 de Rouen \/ Haute Normandie &#8211; France) \u2013 1985<\/p>\n<p>&#8211; Ma\u00eetrise \u00e8s Sciences Economiques (2\u00e8me de le Promotion) \u2013 Universit\u00e9 de Dakar (S\u00e9n\u00e9gal) &#8211; 1983<br \/>\n&#8211; Baccalaur\u00e9at S\u00e9rie &#8221;D\/Scientifique&#8221; (Mention : Assez-Bien), Lyc\u00e9e National de Nouakchott (Mauritanie) &#8211; 1979<\/p>\n<p><strong>Exp\u00e9rience professionnelle en Mauritanie :<\/strong><br \/>\n&#8211; Directeur G\u00e9n\u00e9ral de la Caisse nationale d&#8217;assurance maladie (CNAM) 2023 &#8211; 2024,<br \/>\n&#8211; Ministre des Finances (Ao\u00fbt 2005 \u2013 Avril 2007)<br \/>\n&#8211; Ministre des Affaires Economiques et du D\u00e9veloppement (Mai 2003 &#8211; Juillet 2004)<br \/>\n&#8211; Directeur de la Programmation et des Etudes au Minist\u00e8re des Affaires Economiques et du D\u00e9veloppement (F\u00e9vrier 1998 \/ Avril 2003)<br \/>\n&#8211; Directeur Adjoint du Plan au Minist\u00e8re du Plan (Avril 1992 &#8211; Ao\u00fbt 1993 et F\u00e9vrier 1995 &#8211; Janvier 1998)<br \/>\n&#8211; Chef du Service de la Planification \u00e0 la Direction du Plan au Minist\u00e8re du Plan et de l&#8217;Emploi (Janvier 1990 \u2013 Mars 1992)<br \/>\n&#8211; Charg\u00e9 d\u2019enseignement \u00e0 la Facult\u00e9 de Droit et des Sciences Economiques de l&#8217;Universit\u00e9 de Nouakchott (1986\/1987 et 1987\/1988)<\/p>\n<p><strong>Exp\u00e9rience professionnelle internationale:<\/strong><br \/>\nDepuis Ao\u00fbt 2007 : Conseiller Economique Senior au Fonds Arabe pour le D\u00e9veloppement Economique et Social \/ FADES &#8211; (Kowe\u00eft)<br \/>\nConseiller Economique au FADES \/ Fonds Arabe pour le D\u00e9veloppement Economique et Social &#8211; [Mars 2005 \/ Ao\u00fbt 2005] &#8211; (Kowe\u00eft)<br \/>\nExpert \/ Economiste &#8211; (Banque mondiale \/ Mission R\u00e9sidente en Mauritanie \/ Janvier 1988 \u2013 Novembre 1989)<br \/>\nGouverneur pour la Mauritanie de la Banque Mondiale, de la Banque Africaine de D\u00e9veloppement (BAD), du Fonds Arabe pour le<br \/>\nD\u00e9veloppement Economique et Social (FADES), de la Banque Islamique de D\u00e9veloppement (BID), etc. (2003\/2004 et puis 2005\/2007)<\/p>\n","protected":false},"excerpt":{"rendered":"<p>Curriculum \u2013 Vitae (r\u00e9sum\u00e9) Abdallah O. SOULEYMANE O. CHEIKH-SIDIA N\u00e9 en 1961 \u00e0 Boutilimit Formation &#8211; Etudes originelles &#8220;Mahdhariennes&#8221; (Saint-Coran, Grammaire et Morphologie de l&#8217;Arabe classique,\u00a0Po\u00e9sie et M\u00e9trique arabes classiques, Fiqh, etc.) &#8211; Docteur en Sciences Economiques (Mention : Tr\u00e8s Honorable avec les F\u00e9licitations), Universit\u00e9 de Nice-Sophia Antipolis (France)- 2009 &#8211; Dipl\u00f4me International d\u2019Administration Publique [&hellip;]<\/p>\n","protected":false},"author":1,"featured_media":0,"parent":0,"menu_order":0,"comment_status":"closed","ping_status":"closed","template":"","meta":{"footnotes":""},"class_list":["post-279142","page","type-page","status-publish","hentry"],"_links":{"self":[{"href":"https:\/\/ami.mr\/fr\/wp-json\/wp\/v2\/pages\/279142","targetHints":{"allow":["GET"]}}],"collection":[{"href":"https:\/\/ami.mr\/fr\/wp-json\/wp\/v2\/pages"}],"about":[{"href":"https:\/\/ami.mr\/fr\/wp-json\/wp\/v2\/types\/page"}],"author":[{"embeddable":true,"href":"https:\/\/ami.mr\/fr\/wp-json\/wp\/v2\/users\/1"}],"replies":[{"embeddable":true,"href":"https:\/\/ami.mr\/fr\/wp-json\/wp\/v2\/comments?post=279142"}],"version-history":[{"count":2,"href":"https:\/\/ami.mr\/fr\/wp-json\/wp\/v2\/pages\/279142\/revisions"}],"predecessor-version":[{"id":279145,"href":"https:\/\/ami.mr\/fr\/wp-json\/wp\/v2\/pages\/279142\/revisions\/279145"}],"wp:attachment":[{"href":"https:\/\/ami.mr\/fr\/wp-json\/wp\/v2\/media?parent=279142"}],"curies":[{"name":"wp","href":"https:\/\/api.w.org\/{rel}","templated":true}]}}