{"id":251850,"date":"2024-08-11T18:54:14","date_gmt":"2024-08-11T18:54:14","guid":{"rendered":"https:\/\/ami.mr\/fr\/?page_id=251850"},"modified":"2024-11-13T09:26:13","modified_gmt":"2024-11-13T09:26:13","slug":"sid-ahmed-ely-benane","status":"publish","type":"page","link":"https:\/\/ami.mr\/fr\/sid-ahmed-ely-benane","title":{"rendered":"Sid\u2019 Ahmed Ely Benane &#8211; Commissaire aux Droits de l&#8217;homme, \u00e0 l&#8217;Action humanitaire et aux Relations avec la Soci\u00e9t\u00e9 civile"},"content":{"rendered":"<h3 style=\"text-align: center;\"><strong>BIOGRAPHIE<\/strong><\/h3>\n<p><strong>S I D \u2019 A H M E D E L Y B E N A N E<\/strong><\/p>\n<p><strong>ECONOMISTE<\/strong><\/p>\n<p>N\u00e9 le 25\/07\/1962<img decoding=\"async\" class=\"size-medium wp-image-258576 alignright\" src=\"https:\/\/ami.mr\/fr\/wp-content\/uploads\/2024\/11\/COMIDRH-300x197.jpeg\" alt=\"\" width=\"300\" height=\"197\" srcset=\"https:\/\/ami.mr\/fr\/wp-content\/uploads\/2024\/11\/COMIDRH-300x197.jpeg 300w, https:\/\/ami.mr\/fr\/wp-content\/uploads\/2024\/11\/COMIDRH-1024x672.jpeg 1024w, https:\/\/ami.mr\/fr\/wp-content\/uploads\/2024\/11\/COMIDRH-768x504.jpeg 768w, https:\/\/ami.mr\/fr\/wp-content\/uploads\/2024\/11\/COMIDRH.jpeg 1080w\" sizes=\"(max-width: 300px) 100vw, 300px\" \/><\/p>\n<p>&nbsp;<\/p>\n<p><strong>\u00a0*<\/strong><strong>F O R M A T I O N S<\/strong><\/p>\n<p>BACCALAUREAT, SERIE SCIENTIFIQUE 1982 \u2013 1983<\/p>\n<p>DEUG B (Biologie, G\u00e9ologie), Nancy France 1983 &#8211; 1985<\/p>\n<p>1\u00e8re ann\u00e9e Universit\u00e9 Moulay Abdellah-FES-Maroc 1985 &#8211; 1986<\/p>\n<p>2\u00e9me ann\u00e9e Mohamed Moulav Abdellah-FES-Maroc 1986 &#8211; 1987<\/p>\n<p>3\u00e9me ann\u00e9e Mohamed v Rabat \u2013 Maroc 1987 \u2013 1988<\/p>\n<p>4\u00e9me ann\u00e9e Mohamed v Rabat \u2013 Maroc 1988 \u2013 1989<\/p>\n<p>Les \u00e9tudes universitaires ont \u00e9t\u00e9 sanctionn\u00e9es par l&#8217;obtention des dipl\u00f4mes suivants : DEUG. licence et Maitrise en \u00c9conomie, option : \u00c9conomie de D\u00e9veloppement.<\/p>\n<p>M\u00e9moire pr\u00e9sent\u00e9 : le concept d&#8217;\u00c9conomie internationale d&#8217;endettement.<\/p>\n<p>&nbsp;<\/p>\n<p><strong>\u00a0 *<\/strong><strong>E X P \u00c9 R I E N C E S P R O F E S S I O N E L L E S<\/strong><\/p>\n<p>SECRETAIRE GENERAL: Minist\u00e8re de l\u2019habitat de l\u2019urbanisme et de l\u2019am\u00e9nagement du territoire, 02\/2022 \u2013 04 Aout 2024\u00a0;<\/p>\n<p>&#8211; Membre du conseil d\u2019administration de la zone franche de NOUADHIBOU<\/p>\n<p>&#8211; Membre du conseil d\u2019administration de TAAZOUR<\/p>\n<p>&#8211; Pr\u00e9sident de la commission de qualification et de classification des<\/p>\n<p>entreprises.<\/p>\n<p><strong>DIRECTEUR GENERAL<\/strong>: P.P.A (Promotion de la P\u00eache Artisanale)<\/p>\n<p>Soci\u00e9t\u00e9 priv\u00e9e de P\u00eache NDB, 1998 \u2013 2019<\/p>\n<p><strong>DIRECTEUR GENERAL<\/strong> : A.F (Atlantic &#8211; Fisheries) (Soci\u00e9t\u00e9 priv\u00e9e Mauritano &#8211; Espagnole de P\u00eache NDB, 1995 \u2013 1998<\/p>\n<p><strong>DIRECTEUR ADMINISTRATIF ET FINANCIER<\/strong><\/p>\n<p>Groupe Priv\u00e9 compos\u00e9 de :<\/p>\n<p>-AGMACO (Agence Mauritanienne de Consignation)<\/p>\n<p>-SOPECHE (Soci\u00e9t\u00e9 Mauritanienne de P\u00eache)<\/p>\n<p>-SOMACOPP (Soci\u00e9t\u00e9 Mauritanienne de commercialisation des<\/p>\n<p>produits de la P\u00eache)<\/p>\n<p>NDB, 1992 \u2013 1994<\/p>\n<p>CHEF COMPTABLE AU SEIN DU MEME GROUPE NDB\u2013 1990-1992<\/p>\n<p>&nbsp;<\/p>\n<p><strong>* A U T R E S F O N C T I O N S<\/strong><\/p>\n<p>1er vice-pr\u00e9sident F\u00e9d\u00e9ration nationale de la P\u00e9ch\u00e9 Artisanale 1998-2001<\/p>\n<p>&#8211; Membre du conseil d&#8217;Administration de l&#8217;UNCOPAM (Union Nationale des Coop\u00e9ratives de P\u00eache Artisanale de Mauritanie)<\/p>\n<p>-Membre du conseil d&#8217;Administration de la COPA NORD<\/p>\n<p>(Coop\u00e9rative de p\u00eache des Artisanaux du Nord)<\/p>\n<p>-Membre des comit\u00e9s des financements et des pr\u00eats de l&#8217;UNCOPAM et<\/p>\n<p>COPA Nord 1998-2002<\/p>\n<p>Membre du Conseil Municipal Nouadhibou : Mandat : 1994-1998<\/p>\n<p>Membre du Conseil Municipal et premier adjoint au Maire de Nouadhibou, Mandat : 2001-2006<\/p>\n<p>&nbsp;<\/p>\n<p><strong>* S E M I N A I R E S<\/strong><\/p>\n<p>Participation \u00e0 plusieurs s\u00e9minaires don\u2019t<\/p>\n<ul>\n<li>Italie (Rome) Juin 2003 Les \u00e9changes internationaux, cas de la M\u00e9diterran\u00e9e (Patronat italien)<\/li>\n<li>Espagne 2004-2017 (S\u00e9ville, Vigo, Madrid, Cartagena, Malaga. Barcelona) (Conf\u00e9rences sur la P\u00eache, \u00e9changes internationaux, r\u00e9chauffement plan\u00e9taire etc&#8230;.)<\/li>\n<li>De 1997 \u00e0 2018 Participation \u00e0 plusieurs foires internationales de p\u00eache en ( Allemagne,Portugal , Espagne et Belgique )<\/li>\n<\/ul>\n<p>&nbsp;<\/p>\n<p><strong>* L A N G U E S<\/strong><\/p>\n<p>Arabe<\/p>\n<p>Francais<\/p>\n<p>Espagnol<\/p>\n<p>Anglais<\/p>\n","protected":false},"excerpt":{"rendered":"<p>BIOGRAPHIE S I D \u2019 A H M E D E L Y B E N A N E ECONOMISTE N\u00e9 le 25\/07\/1962 &nbsp; \u00a0*F O R M A T I O N S BACCALAUREAT, SERIE SCIENTIFIQUE 1982 \u2013 1983 DEUG B (Biologie, G\u00e9ologie), Nancy France 1983 &#8211; 1985 1\u00e8re ann\u00e9e Universit\u00e9 Moulay Abdellah-FES-Maroc 1985 [&hellip;]<\/p>\n","protected":false},"author":1,"featured_media":0,"parent":0,"menu_order":0,"comment_status":"closed","ping_status":"closed","template":"","meta":{"footnotes":""},"class_list":["post-251850","page","type-page","status-publish","hentry"],"_links":{"self":[{"href":"https:\/\/ami.mr\/fr\/wp-json\/wp\/v2\/pages\/251850","targetHints":{"allow":["GET"]}}],"collection":[{"href":"https:\/\/ami.mr\/fr\/wp-json\/wp\/v2\/pages"}],"about":[{"href":"https:\/\/ami.mr\/fr\/wp-json\/wp\/v2\/types\/page"}],"author":[{"embeddable":true,"href":"https:\/\/ami.mr\/fr\/wp-json\/wp\/v2\/users\/1"}],"replies":[{"embeddable":true,"href":"https:\/\/ami.mr\/fr\/wp-json\/wp\/v2\/comments?post=251850"}],"version-history":[{"count":5,"href":"https:\/\/ami.mr\/fr\/wp-json\/wp\/v2\/pages\/251850\/revisions"}],"predecessor-version":[{"id":258577,"href":"https:\/\/ami.mr\/fr\/wp-json\/wp\/v2\/pages\/251850\/revisions\/258577"}],"wp:attachment":[{"href":"https:\/\/ami.mr\/fr\/wp-json\/wp\/v2\/media?parent=251850"}],"curies":[{"name":"wp","href":"https:\/\/api.w.org\/{rel}","templated":true}]}}