{"id":251812,"date":"2024-08-10T20:49:56","date_gmt":"2024-08-10T20:49:56","guid":{"rendered":"https:\/\/ami.mr\/fr\/?page_id=251812"},"modified":"2025-09-19T18:54:14","modified_gmt":"2025-09-19T18:54:14","slug":"ngonore-kodero-harouna","status":"publish","type":"page","link":"https:\/\/ami.mr\/fr\/ngonore-kodero-harouna","title":{"rendered":"Codioro Moussa N\u2019Guenore  &#8211; Ministre des finances"},"content":{"rendered":"<h3 style=\"text-align: center;\"><strong>BIOGRAPHIE<\/strong><\/h3>\n<p><strong>Nom et Pr\u00e9nom: <\/strong>Codioro Moussa N\u2019Guenore<\/p>\n<p><strong>Date et lieu de Naissance:<\/strong> 31 D\u00e9cembre 1967 \u00e0 Nouakchott<\/p>\n<p><img decoding=\"async\" class=\"size-medium wp-image-251838 alignright\" src=\"https:\/\/ami.mr\/fr\/wp-content\/uploads\/2024\/08\/NGIMOUR-KODIRO-HAROUNA-1-278x300.jpg\" alt=\"\" width=\"278\" height=\"300\" srcset=\"https:\/\/ami.mr\/fr\/wp-content\/uploads\/2024\/08\/NGIMOUR-KODIRO-HAROUNA-1-278x300.jpg 278w, https:\/\/ami.mr\/fr\/wp-content\/uploads\/2024\/08\/NGIMOUR-KODIRO-HAROUNA-1.jpg 759w\" sizes=\"(max-width: 278px) 100vw, 278px\" \/><\/p>\n<h4><strong>Fonction :<\/strong><\/h4>\n<p>&#8211;<\/p>\n<h4>18 Septembre 2025: Nomm\u00e9 ministre des finances.<\/h4>\n<h4>&#8211; du 06 Aout 2024 au 18 Septembre 2025 :Ministre d\u00e9l\u00e9gu\u00e9 aupr\u00e8s du ministre de l\u2019\u00e9conomie et des finances, charg\u00e9 du budget<\/h4>\n<h4><strong>Formation<\/strong><\/h4>\n<ul>\n<li style=\"list-style-type: none;\">\n<ul>\n<li>Doctorat D\u2019Etat \u00e8s Sciences Economiques et Sciences de Gestion \u2013 2006 Universit\u00e9 Hassan II de Casablanca, Maroc) ;<\/li>\n<li>Doctorat 3<sup>-\u00e8me <\/sup>Cycle Sciences de Gestion (Universit\u00e9 Hassan II, Casablanca Maroc, \u2013 1999) ;<\/li>\n<li>Certificat des Etudes Sup\u00e9rieures (CES1) Sciences de Gestion Universit\u00e9 Hassan de Casablanca, Maroc- 1994 ;<\/li>\n<\/ul>\n<\/li>\n<\/ul>\n<p>&nbsp;<\/p>\n<ul>\n<li>Certificat des Etudes Sup\u00e9rieures (CES2) Sciences de Gestion Universit\u00e9 Hassan de Casablanca, Maroc- 1995 ;<\/li>\n<li>Ma\u00eetrise \u00e8s Sciences Economiques \u2013 Economie et Gestion d\u2019Entreprises (Universit\u00e9 Hassan II de Casablanca, Maroc \u2013 1993);<\/li>\n<\/ul>\n<ul>\n<li>Expert-Comptable (membre de l\u2019Ordre des Experts Comptables de Mauritanie : ONECRIM) 2011 ;<\/li>\n<li>Certificat des normes IFRS ISCAE Maroc 2007<\/li>\n<li>Certifications Deloitte :<\/li>\n<li>Digital JumpStart (Mars 2020) ;<\/li>\n<li>Confidentiality &amp; Data Security Fondamental ( Novembre 2021) ;<\/li>\n<li>Financial Reporting in uncertain times (Decembre2021)<\/li>\n<li>G\u00e9rer les situations difficiles (Mai 2021) ;<\/li>\n<li>Vendre les services \u00e0 haute valeur ajout\u00e9e (Septembre 2021) ;<\/li>\n<li>Qualit\u00e9 et Risques (Juin 2021) ;<\/li>\n<li>Technical Excellence (Internal control : D\u00e9cembre 2021)<\/li>\n<li>Lean Data (Octobre 2020) ;<\/li>\n<li>Climate Change- TCFD- Reporting Principles and Financial Impact (D\u00e9cembre 2021) ;<\/li>\n<li>Confidentialit\u00e9 et s\u00e9curit\u00e9 de l\u2019information (Juin 2021)<\/li>\n<li>Data classification and Right Management -DCRM-(D\u00e9cembre 2021) ;<\/li>\n<\/ul>\n<ul>\n<li>The Deloitte Way Right (D\u00e9cembre 2021)<\/li>\n<li>Global Privacy Annal Refresher Training (D\u00e9cembre 2021).<\/li>\n<li>Reglementary&amp; Independance GDR (Juin 2021)<\/li>\n<li>Savoir donner et recevoir (juin 2021)<\/li>\n<li>Principes comptables (partie2 : Novembre 2022)<\/li>\n<li>IFRS amendments from IBOR reform (replacement issues: D\u00e9cembre 2021)<\/li>\n<\/ul>\n<ul>\n<li>Phising Tactics ( Decembre 2021)<\/li>\n<li>Audit Q calls (Avril 2021)<\/li>\n<li>Risques et r\u00e9putations (d\u00e9cembre 2021)<\/li>\n<li>Technical Excellence 2021 (juin 2021)<\/li>\n<li>Global Privacy Annual refresh training (d\u00e9cembre 2021)<\/li>\n<\/ul>\n<h4><strong>Langues<\/strong><\/h4>\n<p><strong>\u00a0 \u00a0 \u00a0 \u00a0 \u00a0<\/strong>Fran\u00e7ais, Arabe, Anglais ; Sonink\u00e9\u2018 (langue maternelle) ;\u00a0Wolof et Peulh.<\/p>\n<h4><strong>Principales qualifications<\/strong><\/h4>\n<p>N\u2019Guenor Codioro Haroune \u00e9tait, jusqu\u2019\u00e0 sa nomination au gouvernement, charg\u00e9 de mission au sein du Cabinet du Ministre de l\u2019Economie et du D\u00e9veloppement Durable. Il a auparavant exerc\u00e9 en qualit\u00e9 de Senior Manager sein du Cabinet International Deloitte. Il dispose d\u2019une exp\u00e9rience de pr\u00e8s de 20 ans dans les domaines du Conseil, de l\u2019Audit, du Commissariat aux Comptes et de l\u2019Expertise Comptable. Il a aussi \u00e9t\u00e9 charg\u00e9 de plusieurs missions de conseil en r\u00e9organisation, d\u2019audit interne et de due diligence. Il fut impliqu\u00e9 dans les fonctions internes du bureau Deloitte de Casablanca o\u00f9 il a assur\u00e9 la responsabilit\u00e9 de la formation.<\/p>\n<p>Il a par ailleurs servi pendant pr\u00e8s de 15 ans en tant que Professeur Universitaire au sein de l\u2019universit\u00e9 Hassan II de Casablanca (Facult\u00e9 des Sciences Juridiques Economiques et Sociales) et l\u2019universit\u00e9 de Nouakchott, o\u00f9 il a anim\u00e9 les cours d\u2019audit comptable et financier, d\u2019audit Sectoriel, Comptabilit\u00e9 G\u00e9n\u00e9rale Approfondie, Finances d\u2019entreprise et la probl\u00e9matique du financement des institutions de Micro finances et les relations avec les bailleurs de Fonds, au profit des \u00e9tudiants de Master II.<\/p>\n<h4><strong>PRINCIPALES MISSIONS EFFECTUEES AU CABINET DU MINISTRE DE L\u2019ECONOMIE<\/strong><\/h4>\n<ul>\n<li>Membre du comit\u00e9 charg\u00e9 de la r\u00e9flexion de la refonte de la SCAPP o Assainissement et consolidation du Programme d\u2019Investissement Public (PIP); o Revue de la communication du Ministre sur le suivi et l\u2019ex\u00e9cution des projets d\u2019investissements ;<\/li>\n<li>Revue du plan d\u2019action de la gouvernance du FMI ;<\/li>\n<li>Contribution \u00e0 l\u2019\u00e9laboration de la loi sur la startup act en Mauritanie ; \u00a0Pr\u00e9paration du Groupe Consultatif des bailleurs de fonds ;<\/li>\n<li>R\u00e9flexion sur la strat\u00e9gie nationale de promotion de l\u2019\u00e9conomie sociale et solidaire ;<\/li>\n<li>R\u00e9flexion sur le prix du pain,<\/li>\n<li>Membre du comit\u00e9 de r\u00e9flexion sur la strat\u00e9gie de promotion de la formation professionnelle ;<\/li>\n<li>Membre de la commission de synth\u00e8se du colloque INSAF sur l\u2019\u00e9conomie;<\/li>\n<li>Membre de la Commission d\u2019Attribution des Financements du Fonds National del\u2019Emploi ;<\/li>\n<li>Membre de la commission technique du MCC<\/li>\n<li>Etc\u2026.<\/li>\n<\/ul>\n","protected":false},"excerpt":{"rendered":"<p>BIOGRAPHIE Nom et Pr\u00e9nom: Codioro Moussa N\u2019Guenore Date et lieu de Naissance: 31 D\u00e9cembre 1967 \u00e0 Nouakchott Fonction : &#8211; 18 Septembre 2025: Nomm\u00e9 ministre des finances. &#8211; du 06 Aout 2024 au 18 Septembre 2025 :Ministre d\u00e9l\u00e9gu\u00e9 aupr\u00e8s du ministre de l\u2019\u00e9conomie et des finances, charg\u00e9 du budget Formation Doctorat D\u2019Etat \u00e8s Sciences Economiques [&hellip;]<\/p>\n","protected":false},"author":1,"featured_media":0,"parent":0,"menu_order":0,"comment_status":"closed","ping_status":"closed","template":"","meta":{"footnotes":""},"class_list":["post-251812","page","type-page","status-publish","hentry"],"_links":{"self":[{"href":"https:\/\/ami.mr\/fr\/wp-json\/wp\/v2\/pages\/251812","targetHints":{"allow":["GET"]}}],"collection":[{"href":"https:\/\/ami.mr\/fr\/wp-json\/wp\/v2\/pages"}],"about":[{"href":"https:\/\/ami.mr\/fr\/wp-json\/wp\/v2\/types\/page"}],"author":[{"embeddable":true,"href":"https:\/\/ami.mr\/fr\/wp-json\/wp\/v2\/users\/1"}],"replies":[{"embeddable":true,"href":"https:\/\/ami.mr\/fr\/wp-json\/wp\/v2\/comments?post=251812"}],"version-history":[{"count":12,"href":"https:\/\/ami.mr\/fr\/wp-json\/wp\/v2\/pages\/251812\/revisions"}],"predecessor-version":[{"id":279109,"href":"https:\/\/ami.mr\/fr\/wp-json\/wp\/v2\/pages\/251812\/revisions\/279109"}],"wp:attachment":[{"href":"https:\/\/ami.mr\/fr\/wp-json\/wp\/v2\/media?parent=251812"}],"curies":[{"name":"wp","href":"https:\/\/api.w.org\/{rel}","templated":true}]}}