{"id":251807,"date":"2024-08-10T20:31:12","date_gmt":"2024-08-10T20:31:12","guid":{"rendered":"https:\/\/ami.mr\/fr\/?page_id=251807"},"modified":"2025-02-12T16:41:59","modified_gmt":"2025-02-12T16:41:59","slug":"yacoub-salem-vall","status":"publish","type":"page","link":"https:\/\/ami.mr\/fr\/yacoub-salem-vall","title":{"rendered":"Yacoub Ould Salem Vall &#8211; Ministre d\u00e9l\u00e9gu\u00e9 aupr\u00e8s du ministre de l\u2019int\u00e9rieur, de la promotion de la d\u00e9centralisation et du d\u00e9veloppement local, charg\u00e9 de la d\u00e9centralisation et du d\u00e9veloppement local"},"content":{"rendered":"<h3 style=\"text-align: center;\"><strong>BIOGRAPHIE<\/strong><\/h3>\n<p><strong><u>Informations personnelles\u00a0:<\/u><\/strong><\/p>\n<ul>\n<li><strong>Nom et pr\u00e9nom\u00a0: <\/strong>Yaghoub Ould SALEM VALL <img decoding=\"async\" class=\"size-medium wp-image-251809 alignright\" src=\"https:\/\/ami.mr\/fr\/wp-content\/uploads\/2024\/08\/Yac-300x240.jpg\" alt=\"\" width=\"300\" height=\"240\" srcset=\"https:\/\/ami.mr\/fr\/wp-content\/uploads\/2024\/08\/Yac-300x240.jpg 300w, https:\/\/ami.mr\/fr\/wp-content\/uploads\/2024\/08\/Yac-768x614.jpg 768w, https:\/\/ami.mr\/fr\/wp-content\/uploads\/2024\/08\/Yac.jpg 1000w\" sizes=\"(max-width: 300px) 100vw, 300px\" \/><\/li>\n<li><strong>Date et lieu de naissance\u00a0: <\/strong>02\/12\/1963 \u00e0 Nouakchott<\/li>\n<li><strong>Situation familiale\u00a0: <\/strong>Mari\u00e9 (p\u00e8re de six enfants)<\/li>\n<\/ul>\n<p><strong><u>Cursus scolaire<\/u><\/strong><strong>\u00a0:<\/strong><\/p>\n<ul>\n<li>B.T.S\u00a0(Brevet Technicien Sup\u00e9rieur) en Maintenance Industrielle au C.S.E.T (CENTRE SUPERIEUR D\u2019ENSEIGNEMENT TECHNIQUE de NKTT en 1987).<\/li>\n<li>Baccalaur\u00e9at Technique s\u00e9rie ELECTROMECANIQUE (Major\u00a0: Lyc\u00e9e technique de NKTT en 1985).<\/li>\n<li>CAP (Brevet d\u2019Aptitude Professionnel &#8211; Coll\u00e8ge Technique de NKTT en 1982).<\/li>\n<li>Etudes primaires \u00e0 l\u2019Ecole de 5 de NKTT(Major du concours de l\u2019entr\u00e9e en 6eme au coll\u00e8ge technique de Nktt).<\/li>\n<\/ul>\n<p><strong><u>Exp\u00e9riences Professionnelles<\/u><\/strong><strong>\u00a0:\u00a0\u00a0 <\/strong><\/p>\n<ul>\n<li><strong>Carri\u00e8re \u00e0 la Soci\u00e9t\u00e9 Nationale Industrielle et Mini\u00e8re (SNIM) de Juillet 1<\/strong><strong>987 \u00e0 Octobre 2009 et de Mars 2014 \u00e0 Ao\u00fbt 2024 ayant occup\u00e9 les principaux postes suivants : <\/strong><\/li>\n<li>Chef de Quart \u00e0 la Centrale Guelbs.<\/li>\n<li>Responsible Auxiliaires \u00e0 la Centrale Guelbs.<\/li>\n<li>Responsible de la Maintenance \u00e0 la Centrale Guelbs (Moteurs Fincantiery Engine B550 18\/14,1 MW, Moteurs SULZER 16ZAV40S\/10MW, Moteurs 6B \u2013 600\/10MW et moteurs MIRLESS\/PC 2.4 de la Centrale de Zouerate).<\/li>\n<li>Chef du Bureau d\u2019Etudes\u00a0\u00e0 la Centrale Guelbs.<\/li>\n<li>Ing\u00e9nieur d\u2019Etudes \u00e0 la Centrale Guelbs.<\/li>\n<li>Participation aux projets d\u2019acquisition des Groupes 5,6,7,8,9,10 de la Centrale Guelbs (Appels d\u2019offres, \u00e9valuations, suivis des constructions et montages, essais en usines, mises en service sur le site,\u2026).<\/li>\n<li>Ing\u00e9nieur de Projet pour l\u2019ex\u00e9cution du Projet du Nouveau Culbuteur de la SNIM \u00e0 Nouadhibou (Mars 2014 &#8211; Avril 2017) \u00e0 la Direction des Projets.<\/li>\n<li>Chef du Projet de la R\u00e9habilitation des Groupes 7 et 8 (PC2.6B-600) de la Centrale Guelbs (Mai 2017 &#8211; Septembre 2018) \u00e0 la Direction des Projets.<\/li>\n<li>Ing\u00e9nieur S\u00e9nior \u00e0 la Direction de la Transformation des Performances(DTP).<\/li>\n<li>Chef de D\u00e9partement Energie Electrique (Janvier 2020 \u00e0 Juillet 2021) \u00e0 la Direction Eau et Energie.<\/li>\n<li>Chef de Projets Energie (Juillet 2021 \u00e0 D\u00e9cembre 2021) \u00e0 la Direction des Projets.<\/li>\n<li><strong>Directeur G\u00e9n\u00e9ral de la Soci\u00e9t\u00e9 Mauritanienne de Services et du Tourisme (SOMASERT) de D\u00e9cembre 2021 \u00e0 Aout 2024. <\/strong><\/li>\n<\/ul>\n<p><strong><u>Formations\u00a0et missions :<\/u><\/strong><\/p>\n<ul>\n<li>Stage de deux mois \u00e0 la MORAK d\u2019Akjoujt en 1986.<\/li>\n<li>Mission d\u2019\u00e9change d\u2019exp\u00e9riences \u00e0 la Centrale Electrique de Djibouti(EDD) en janvier 1992(Groupes GMT,Groupes MAN, Groupes Pielestick).<\/li>\n<li>Formation sur les moteurs 16ZAV40S en France &#8211; Mantes la Jolie en Janvier 1994(r\u00e9ception en usine du G516ZAV40S Sulzer).<\/li>\n<li>Formation chez IRM en France \u00e0 Dunkerque sur la r\u00e9gulation de vitesse (Woodward et ABB) , injection et Turbo en D\u00e9cembre 1999.<\/li>\n<li>Formation sur les moteurs Sulzer 16ZAV40S par Wartsila Italy SPA Trieste in Octobre 2001(r\u00e9ception en Usine d\u2019un Groupes 16ZAV40S\/G6 de la Centrale Guelbs et de deux groupes 8ZAV40S de la Centrale de Nouadhibou).<\/li>\n<li>Mission d\u2019\u00e9change d\u2019exp\u00e9riences \u00e0 la Centrale Electrique de Choloma (Honduras) en janvier 2005(Groupes MAN, Groupes Pielestick).<\/li>\n<li>Formation sur les auxiliaires des moteurs PC2-6B 600 en France \u00e0 Saint-Nazaire en 2005.<\/li>\n<li>Mission pour le contrat de r\u00e9habilitation des Groupes PC2-6B 600 N\u00b0 7 et 8 de la Centrale Guelbs en France Saint-Nazaire en Octobre 2017.<\/li>\n<li>Plusieurs autres formations et missions locales \u2026<\/li>\n<\/ul>\n<p>&nbsp;<\/p>\n<p><strong><u>Cursus politique\u00a0:<\/u><\/strong><\/p>\n<ul>\n<li>Membre du FDUC (1991),<\/li>\n<li>Membre de la Coordination R\u00e9gionale de la Wilaya du Tiris Zemmour du parti UFD ensuite UFD\/EN d\u2019Octobre 1991 \u00e0 Mai 1995,<\/li>\n<li>Coordinateur R\u00e9gional de la Wilaya du Tiris Zemmour du parti AC de 1996 jusqu\u2019au 02 Janvier 2002,<\/li>\n<li>Coordinateur R\u00e9gional de la Wilaya du Tiris Zemmour du parti APP de 2004 jusqu\u2019\u00e0 Septembre 2018,<\/li>\n<li>Maire de la Commune de Zouerate de D\u00e9cembre 2006 \u00e0 Janvier 2014,<\/li>\n<li>Coordinateur National de Koutlet Chouravaa Mauritanie du 04\/12\/2018 \u00e0 ce jour.<\/li>\n<\/ul>\n<p><strong><u>Connaissances Linguistiques<\/u><\/strong><strong>\u00a0:<\/strong><\/p>\n<ul>\n<li><strong>Arabe<\/strong>: Bien.<\/li>\n<li><strong>Fran\u00e7ais<\/strong>: Bien.<\/li>\n<li><strong>Anglais\u00a0<\/strong>: Moyen.<\/li>\n<\/ul>\n<p><strong><u>Connaissances Informatiques<\/u><\/strong><strong>\u00a0: <\/strong><\/p>\n<ul>\n<li>Windows<\/li>\n<li>Excel<\/li>\n<li>Power point<\/li>\n<\/ul>\n<p><strong><u>Centres d\u2019int\u00e9r\u00eat\u00a0:<\/u><\/strong><\/p>\n<ul>\n<li>Lectures<\/li>\n<li>Voyages<\/li>\n<li>Sports<\/li>\n<\/ul>\n<p><strong><u>Autres <\/u><\/strong><strong>:\u00a0\u00a0\u00a0\u00a0\u00a0\u00a0\u00a0 <\/strong><\/p>\n<ul>\n<li>Homme de relations.<\/li>\n<li>Active dans la soci\u00e9t\u00e9 civile.<\/li>\n<\/ul>\n","protected":false},"excerpt":{"rendered":"<p>BIOGRAPHIE Informations personnelles\u00a0: Nom et pr\u00e9nom\u00a0: Yaghoub Ould SALEM VALL Date et lieu de naissance\u00a0: 02\/12\/1963 \u00e0 Nouakchott Situation familiale\u00a0: Mari\u00e9 (p\u00e8re de six enfants) Cursus scolaire\u00a0: B.T.S\u00a0(Brevet Technicien Sup\u00e9rieur) en Maintenance Industrielle au C.S.E.T (CENTRE SUPERIEUR D\u2019ENSEIGNEMENT TECHNIQUE de NKTT en 1987). Baccalaur\u00e9at Technique s\u00e9rie ELECTROMECANIQUE (Major\u00a0: Lyc\u00e9e technique de NKTT en 1985). CAP [&hellip;]<\/p>\n","protected":false},"author":1,"featured_media":0,"parent":0,"menu_order":0,"comment_status":"closed","ping_status":"closed","template":"","meta":{"footnotes":""},"class_list":["post-251807","page","type-page","status-publish","hentry"],"_links":{"self":[{"href":"https:\/\/ami.mr\/fr\/wp-json\/wp\/v2\/pages\/251807","targetHints":{"allow":["GET"]}}],"collection":[{"href":"https:\/\/ami.mr\/fr\/wp-json\/wp\/v2\/pages"}],"about":[{"href":"https:\/\/ami.mr\/fr\/wp-json\/wp\/v2\/types\/page"}],"author":[{"embeddable":true,"href":"https:\/\/ami.mr\/fr\/wp-json\/wp\/v2\/users\/1"}],"replies":[{"embeddable":true,"href":"https:\/\/ami.mr\/fr\/wp-json\/wp\/v2\/comments?post=251807"}],"version-history":[{"count":3,"href":"https:\/\/ami.mr\/fr\/wp-json\/wp\/v2\/pages\/251807\/revisions"}],"predecessor-version":[{"id":264851,"href":"https:\/\/ami.mr\/fr\/wp-json\/wp\/v2\/pages\/251807\/revisions\/264851"}],"wp:attachment":[{"href":"https:\/\/ami.mr\/fr\/wp-json\/wp\/v2\/media?parent=251807"}],"curies":[{"name":"wp","href":"https:\/\/api.w.org\/{rel}","templated":true}]}}