{"id":251796,"date":"2024-08-10T20:15:13","date_gmt":"2024-08-10T20:15:13","guid":{"rendered":"https:\/\/ami.mr\/fr\/?page_id=251796"},"modified":"2024-08-15T09:49:05","modified_gmt":"2024-08-15T09:49:05","slug":"massouda-baham","status":"publish","type":"page","link":"https:\/\/ami.mr\/fr\/massouda-baham","title":{"rendered":"Messoude Baham Mohamed Laghdaf &#8211; Ministre de l\u2019environnement et du d\u00e9veloppement durable"},"content":{"rendered":"<h3 style=\"text-align: center;\"><strong>BIOGRAPHIE<\/strong><\/h3>\n<p><strong>Nom et Pr\u00e9nom:<\/strong> Messouda Baham Mohamed Laghdaf<br \/>\n<strong>Date et lieu de naissance:<\/strong> 1964 \u00e0 Mederdra<br \/>\n<strong>Titre:<\/strong> Professeur de l\u2019Enseignement Sup\u00e9rieur<br \/>\n<img decoding=\"async\" class=\"size-medium wp-image-251798 alignright\" src=\"https:\/\/ami.mr\/fr\/wp-content\/uploads\/2024\/08\/MESSOUDA-BAHAM-300x261.jpg\" alt=\"\" width=\"300\" height=\"261\" srcset=\"https:\/\/ami.mr\/fr\/wp-content\/uploads\/2024\/08\/MESSOUDA-BAHAM-300x261.jpg 300w, https:\/\/ami.mr\/fr\/wp-content\/uploads\/2024\/08\/MESSOUDA-BAHAM-768x668.jpg 768w, https:\/\/ami.mr\/fr\/wp-content\/uploads\/2024\/08\/MESSOUDA-BAHAM.jpg 822w\" sizes=\"(max-width: 300px) 100vw, 300px\" \/><\/p>\n<p>&nbsp;<\/p>\n<h4><strong>Cursus Professionnel<\/strong><\/h4>\n<p>* 2024 : 1\u00e8re Vice-Pr\u00e9sidente du Parlement Africain<br \/>\n* 2018-2024 : D\u00e9put\u00e9e \u00e0 l\u2019Assembl\u00e9e Nationale<br \/>\n* 2018: Pr\u00e9sidente du Conseil d\u2019Administration de la SOMELEC<br \/>\n* 2008: Ministre de l\u2019Agriculture<br \/>\n* 2008: Secr\u00e9taire G\u00e9n\u00e9ral du Minist\u00e8re de l\u2019\u00c9ducation Nationale<br \/>\n* 2007: Directrice des Affaires Administratives et Financi\u00e8res du Minist\u00e8re du D\u00e9veloppement Rural<br \/>\n* 2000: Directrice G\u00e9n\u00e9rale du Centre National de Recherche Agronomique et du D\u00e9veloppement Agricole (CNRADA)<\/p>\n<h4><strong>Cursus Acad\u00e9mique<\/strong><\/h4>\n<p>* 1994: Dipl\u00f4me d&#8217;\u00c9tudes Sup\u00e9rieures Sp\u00e9cialis\u00e9es (DESS) en Gestion de l\u2019Environnement, Universit\u00e9 de Barcelone<br \/>\n* 1992: Certificat d&#8217;\u00c9tudes Sp\u00e9cialis\u00e9es (CES) en Agriculture \u00c9cologique, Universit\u00e9 de Gembloux en Belgique<br \/>\n* 1988: Ma\u00eetrise en Sciences de la Nature \u00e0 l\u2019Ecole Nationale Sup\u00e9rieure (ENS)<br \/>\n* 1984: Bac Scientifique<\/p>\n","protected":false},"excerpt":{"rendered":"<p>BIOGRAPHIE Nom et Pr\u00e9nom: Messouda Baham Mohamed Laghdaf Date et lieu de naissance: 1964 \u00e0 Mederdra Titre: Professeur de l\u2019Enseignement Sup\u00e9rieur &nbsp; Cursus Professionnel * 2024 : 1\u00e8re Vice-Pr\u00e9sidente du Parlement Africain * 2018-2024 : D\u00e9put\u00e9e \u00e0 l\u2019Assembl\u00e9e Nationale * 2018: Pr\u00e9sidente du Conseil d\u2019Administration de la SOMELEC * 2008: Ministre de l\u2019Agriculture * 2008: [&hellip;]<\/p>\n","protected":false},"author":1,"featured_media":0,"parent":0,"menu_order":0,"comment_status":"closed","ping_status":"closed","template":"","meta":{"footnotes":""},"class_list":["post-251796","page","type-page","status-publish","hentry"],"_links":{"self":[{"href":"https:\/\/ami.mr\/fr\/wp-json\/wp\/v2\/pages\/251796","targetHints":{"allow":["GET"]}}],"collection":[{"href":"https:\/\/ami.mr\/fr\/wp-json\/wp\/v2\/pages"}],"about":[{"href":"https:\/\/ami.mr\/fr\/wp-json\/wp\/v2\/types\/page"}],"author":[{"embeddable":true,"href":"https:\/\/ami.mr\/fr\/wp-json\/wp\/v2\/users\/1"}],"replies":[{"embeddable":true,"href":"https:\/\/ami.mr\/fr\/wp-json\/wp\/v2\/comments?post=251796"}],"version-history":[{"count":5,"href":"https:\/\/ami.mr\/fr\/wp-json\/wp\/v2\/pages\/251796\/revisions"}],"predecessor-version":[{"id":252216,"href":"https:\/\/ami.mr\/fr\/wp-json\/wp\/v2\/pages\/251796\/revisions\/252216"}],"wp:attachment":[{"href":"https:\/\/ami.mr\/fr\/wp-json\/wp\/v2\/media?parent=251796"}],"curies":[{"name":"wp","href":"https:\/\/api.w.org\/{rel}","templated":true}]}}