{"id":251782,"date":"2024-08-10T19:25:25","date_gmt":"2024-08-10T19:25:25","guid":{"rendered":"https:\/\/ami.mr\/fr\/?page_id=251782"},"modified":"2025-01-21T12:23:33","modified_gmt":"2025-01-21T12:23:33","slug":"houssein-ould-medou","status":"publish","type":"page","link":"https:\/\/ami.mr\/fr\/houssein-ould-medou","title":{"rendered":"El Houssein Ould Meddou &#8211; Ministre de la culture, des arts, de la communication et des relations avec le Parlement, porte-parole du gouvernement"},"content":{"rendered":"<p><strong>Nom et pr\u00e9nom:<\/strong> El Houssein Ould Meddou<\/p>\n<p><strong>fonction:<\/strong> Ministre de la Culture, des Arts, de la Communication et des Relations avec le Parlement<\/p>\n<p><strong>Date et lieu de naissance:<\/strong> 31 d\u00e9cembre 1973, Kiffa- Mauritanie<img decoding=\"async\" class=\"size-medium wp-image-251875 alignright\" src=\"https:\/\/ami.mr\/fr\/wp-content\/uploads\/2024\/08\/HOUSM-1-300x250.jpg\" alt=\"\" width=\"300\" height=\"250\" srcset=\"https:\/\/ami.mr\/fr\/wp-content\/uploads\/2024\/08\/HOUSM-1-300x250.jpg 300w, https:\/\/ami.mr\/fr\/wp-content\/uploads\/2024\/08\/HOUSM-1-768x640.jpg 768w, https:\/\/ami.mr\/fr\/wp-content\/uploads\/2024\/08\/HOUSM-1.jpg 942w\" sizes=\"(max-width: 300px) 100vw, 300px\" \/><\/p>\n<p><strong>Situation familiale:<\/strong> Mari\u00e9 et p\u00e8re de cinq enfants<\/p>\n<p>&nbsp;<\/p>\n<p><strong>\u00a0Parcours scolaire<\/strong><\/p>\n<ul>\n<li>Etudes primaire, coll\u00e8ge et secondaire \u00e0 Kiffa.<\/li>\n<li>Baccalaur\u00e9at Lettres 1992.<\/li>\n<li>Licence Lettres, Universit\u00e9 d&#8217;Alger, 1996.<\/li>\n<li>Dipl\u00f4me de Maitrise en Droit, Universit\u00e9 de Nouakchott, 1998.<\/li>\n<li>Doctorat troisi\u00e8me cycle en Sciences de l\u2019Information et de la Communication, Institut des Sciences de l\u2019information et de la Communication d&#8217;Alg\u00e9rie, en 2000.<\/li>\n<\/ul>\n<p>&nbsp;<\/p>\n<p><strong>Parcours professionnel<\/strong><\/p>\n<p>&#8211; Pr\u00e9sident de l&#8217;Union des \u00e9tudiants et stagiaires mauritaniens en Alg\u00e9rie de 1995 \u00e0 1996.<\/p>\n<p>&#8211; Charg\u00e9 de la communication \u00e0 la Direction de la Communication au Minist\u00e8re des Affaires Etrang\u00e8res 2000.<\/p>\n<p>&#8211; Responsable de la communication au Minist\u00e8re de la Sant\u00e9 en 2004.<\/p>\n<p>&#8211; Ecrivain Journaliste et directeur de plusieurs m\u00e9dias nationaux et internationaux de 2000 \u00e0 2020.<\/p>\n<p>&#8211; Conseiller charg\u00e9 de la communication \u00e0 la Commission Electorale Nationale Ind\u00e9pendante de 2005 \u00e0 2007.<\/p>\n<p>&#8211; Membre de la Comitssion de R\u00e9forme de la Presse 2006.<\/p>\n<p>&#8211; Pr\u00e9sident du Syndicat des Journalistes Mauritaniens de 2009 \u00e0 2013.<\/p>\n<p>&#8211; Chef du D\u00e9partement de Journalisme et de l\u2019Information \u00e0 l&#8217;\u00c9cole Nationale d&#8217;Administration, de Journalisme et de Magistrature (ENAJM) de 2016 \u00e0 2020.<\/p>\n<p>&#8211; Professeur des Sciences de l\u2019Information et de la Communication \u00e0 l&#8217;Ecole Nationale d&#8217;Administration, de Journalisme et de Magistrature, \u00e0 l&#8217;Institut Sup\u00e9rieur d&#8217;Etudes et de Recherches Islamiques et \u00e0 l&#8217;Universit\u00e9 de Nouakchott de 2000 \u00e0 2020.<\/p>\n<p>&#8211; Formateur en m\u00e9dias dans de nombreux centres nationaux et internationaux.<\/p>\n<p>&#8211; Conf\u00e9rencier dans le domaine des m\u00e9dias dans de nombreux forums internationaux, africains, arabes et internationaux.<\/p>\n<p>&#8211; Correspondant, producteur et analyste politique pour de nombreuses cha\u00eenes internationales.<\/p>\n<p>&#8211; Diverses recherches et \u00e9tudes dans les domaines des m\u00e9dias, de la litt\u00e9rature, du droit et de la politique.<\/p>\n<p>&#8211; Laur\u00e9at de nombreux prix dans les domaines m\u00e9diatique et acad\u00e9mique.<\/p>\n<p>&#8211; Pr\u00e9sident de la Haute Autorit\u00e9 de la Presse et de l&#8217;Audiovisuel (HAPA) de 2020 \u00e0 2024.<\/p>\n<p>&nbsp;<\/p>\n<p><strong>Langues:<\/strong><\/p>\n<p>arabe &#8211; fran\u00e7ais<\/p>\n","protected":false},"excerpt":{"rendered":"<p>Nom et pr\u00e9nom: El Houssein Ould Meddou fonction: Ministre de la Culture, des Arts, de la Communication et des Relations avec le Parlement Date et lieu de naissance: 31 d\u00e9cembre 1973, Kiffa- Mauritanie Situation familiale: Mari\u00e9 et p\u00e8re de cinq enfants &nbsp; \u00a0Parcours scolaire Etudes primaire, coll\u00e8ge et secondaire \u00e0 Kiffa. Baccalaur\u00e9at Lettres 1992. Licence [&hellip;]<\/p>\n","protected":false},"author":1,"featured_media":0,"parent":0,"menu_order":0,"comment_status":"closed","ping_status":"closed","template":"","meta":{"footnotes":""},"class_list":["post-251782","page","type-page","status-publish","hentry"],"_links":{"self":[{"href":"https:\/\/ami.mr\/fr\/wp-json\/wp\/v2\/pages\/251782","targetHints":{"allow":["GET"]}}],"collection":[{"href":"https:\/\/ami.mr\/fr\/wp-json\/wp\/v2\/pages"}],"about":[{"href":"https:\/\/ami.mr\/fr\/wp-json\/wp\/v2\/types\/page"}],"author":[{"embeddable":true,"href":"https:\/\/ami.mr\/fr\/wp-json\/wp\/v2\/users\/1"}],"replies":[{"embeddable":true,"href":"https:\/\/ami.mr\/fr\/wp-json\/wp\/v2\/comments?post=251782"}],"version-history":[{"count":6,"href":"https:\/\/ami.mr\/fr\/wp-json\/wp\/v2\/pages\/251782\/revisions"}],"predecessor-version":[{"id":263353,"href":"https:\/\/ami.mr\/fr\/wp-json\/wp\/v2\/pages\/251782\/revisions\/263353"}],"wp:attachment":[{"href":"https:\/\/ami.mr\/fr\/wp-json\/wp\/v2\/media?parent=251782"}],"curies":[{"name":"wp","href":"https:\/\/api.w.org\/{rel}","templated":true}]}}