{"id":251777,"date":"2024-08-10T19:07:15","date_gmt":"2024-08-10T19:07:15","guid":{"rendered":"https:\/\/ami.mr\/fr\/?page_id=251777"},"modified":"2024-08-15T09:43:11","modified_gmt":"2024-08-15T09:43:11","slug":"amal-mouloud","status":"publish","type":"page","link":"https:\/\/ami.mr\/fr\/amal-mouloud","title":{"rendered":"Amal Mint Maouloud &#8211; Ministre de l\u2019hydraulique et de l\u2019assainissement"},"content":{"rendered":"<h3 style=\"text-align: center;\"><strong>BIOGRAPHIE<\/strong><\/h3>\n<p>&nbsp;<\/p>\n<p><strong>Nom et pr\u00e9nom:<\/strong> Amal Mint Maouloud<img decoding=\"async\" class=\"size-medium wp-image-252212 alignright\" src=\"https:\/\/ami.mr\/fr\/wp-content\/uploads\/2024\/08\/AMALMAW-300x233.jpeg\" alt=\"\" width=\"300\" height=\"233\" srcset=\"https:\/\/ami.mr\/fr\/wp-content\/uploads\/2024\/08\/AMALMAW-300x233.jpeg 300w, https:\/\/ami.mr\/fr\/wp-content\/uploads\/2024\/08\/AMALMAW-1024x794.jpeg 1024w, https:\/\/ami.mr\/fr\/wp-content\/uploads\/2024\/08\/AMALMAW-768x595.jpeg 768w, https:\/\/ami.mr\/fr\/wp-content\/uploads\/2024\/08\/AMALMAW.jpeg 1080w\" sizes=\"(max-width: 300px) 100vw, 300px\" \/><\/p>\n<p><strong>Date et lieu de naissance:<\/strong> 17 septembre 1983 &#8211; Bruxelles<\/p>\n<p>&nbsp;<\/p>\n<h4><strong>Parcours universitaire :<\/strong><\/h4>\n<p>&#8211; 2006 : Dipl\u00f4me en m\u00e9canique des fluides et de l\u2019\u00e9nergie de l\u2019Ecole Nationale Sup\u00e9rieure d\u2019Arts et M\u00e9tiers de l&#8217;Universit\u00e9 Paris 6.<\/p>\n<p>&#8211; 2007 &#8211; 2008 : Master II en gestion de l&#8217;information et de l&#8217;innovation (compl\u00e9mentaire \u00e0 la formation scientifique).<\/p>\n<p>&nbsp;<\/p>\n<h4><strong>Parcours professionnel :<\/strong><\/h4>\n<p>&#8211; 2021-2024 : Consultante internationale en \u00e9nergie<\/p>\n<p>&#8211; 2019-2021 : Directrice g\u00e9n\u00e9rale de Mauritania Airlines.<\/p>\n<p>&#8211; 2018-2019 : Ministre de l\u2019\u00e9quipement et des transports.<\/p>\n<p>&#8211; 2016-2018 : Ministre de l\u2019habitat, de l\u2019urbanisme et de l\u2019am\u00e9nagement du territoire.<\/p>\n<p>&#8211; 2013-2016 : Ing\u00e9nieur et coordinatrice de projets \u00e0 la Soci\u00e9t\u00e9 mauritanienne d\u2019\u00e9lectricit\u00e9 (SOMELEC)<\/p>\n<p>&#8211; 2010-2013 : Ing\u00e9nieur de projet \u00e0 l&#8217;Agence Nationale pour le D\u00e9veloppement des Energies Renouvelables (ANADER).<\/p>\n<p>&#8211; 2008-2010 : Ing\u00e9nieur de projet \u00e0 la Soci\u00e9t\u00e9 de l\u2019\u00c9lectricit\u00e9 \u2013 France.<\/p>\n<p>&nbsp;<\/p>\n<h4><strong>Langues :<\/strong><\/h4>\n<p>Arabe &#8211; Fran\u00e7ais &#8211; Anglais<\/p>\n","protected":false},"excerpt":{"rendered":"<p>BIOGRAPHIE &nbsp; Nom et pr\u00e9nom: Amal Mint Maouloud Date et lieu de naissance: 17 septembre 1983 &#8211; Bruxelles &nbsp; Parcours universitaire : &#8211; 2006 : Dipl\u00f4me en m\u00e9canique des fluides et de l\u2019\u00e9nergie de l\u2019Ecole Nationale Sup\u00e9rieure d\u2019Arts et M\u00e9tiers de l&#8217;Universit\u00e9 Paris 6. &#8211; 2007 &#8211; 2008 : Master II en gestion de l&#8217;information [&hellip;]<\/p>\n","protected":false},"author":1,"featured_media":0,"parent":0,"menu_order":0,"comment_status":"closed","ping_status":"closed","template":"","meta":{"footnotes":""},"class_list":["post-251777","page","type-page","status-publish","hentry"],"_links":{"self":[{"href":"https:\/\/ami.mr\/fr\/wp-json\/wp\/v2\/pages\/251777","targetHints":{"allow":["GET"]}}],"collection":[{"href":"https:\/\/ami.mr\/fr\/wp-json\/wp\/v2\/pages"}],"about":[{"href":"https:\/\/ami.mr\/fr\/wp-json\/wp\/v2\/types\/page"}],"author":[{"embeddable":true,"href":"https:\/\/ami.mr\/fr\/wp-json\/wp\/v2\/users\/1"}],"replies":[{"embeddable":true,"href":"https:\/\/ami.mr\/fr\/wp-json\/wp\/v2\/comments?post=251777"}],"version-history":[{"count":4,"href":"https:\/\/ami.mr\/fr\/wp-json\/wp\/v2\/pages\/251777\/revisions"}],"predecessor-version":[{"id":252214,"href":"https:\/\/ami.mr\/fr\/wp-json\/wp\/v2\/pages\/251777\/revisions\/252214"}],"wp:attachment":[{"href":"https:\/\/ami.mr\/fr\/wp-json\/wp\/v2\/media?parent=251777"}],"curies":[{"name":"wp","href":"https:\/\/api.w.org\/{rel}","templated":true}]}}