{"id":251774,"date":"2024-08-10T19:04:28","date_gmt":"2024-08-10T19:04:28","guid":{"rendered":"https:\/\/ami.mr\/fr\/?page_id=251774"},"modified":"2024-08-13T18:10:40","modified_gmt":"2024-08-13T18:10:40","slug":"ely-el-veirik","status":"publish","type":"page","link":"https:\/\/ami.mr\/fr\/ely-el-veirik","title":{"rendered":"Ely Ould El Veirik &#8211; Ministre de l\u2019\u00e9quipement et des transports"},"content":{"rendered":"<h3 style=\"text-align: center;\"><strong>BIOGRAPHIE<\/strong><\/h3>\n<p><strong>Nom et Pr\u00e9nom: <\/strong>ELY Ould EL VEIRECK<img decoding=\"async\" class=\"size-medium wp-image-251775 alignright\" src=\"https:\/\/ami.mr\/fr\/wp-content\/uploads\/2024\/08\/ELYVEY-1-300x219.jpg\" alt=\"\" width=\"300\" height=\"219\" srcset=\"https:\/\/ami.mr\/fr\/wp-content\/uploads\/2024\/08\/ELYVEY-1-300x219.jpg 300w, https:\/\/ami.mr\/fr\/wp-content\/uploads\/2024\/08\/ELYVEY-1-1024x749.jpg 1024w, https:\/\/ami.mr\/fr\/wp-content\/uploads\/2024\/08\/ELYVEY-1-768x562.jpg 768w, https:\/\/ami.mr\/fr\/wp-content\/uploads\/2024\/08\/ELYVEY-1-86x64.jpg 86w, https:\/\/ami.mr\/fr\/wp-content\/uploads\/2024\/08\/ELYVEY-1.jpg 1080w\" sizes=\"(max-width: 300px) 100vw, 300px\" \/><\/p>\n<p><strong>Date de naissance<\/strong>: 02.05.1968<\/p>\n<p><strong>Profession :<\/strong> Ing\u00e9nieur G\u00e9nie Civil<\/p>\n<p><strong>Nationalit\u00e9\u00a0 :<\/strong> Mauritanienne<\/p>\n<p>S<strong>ituation de famille:<\/strong> Mari\u00e9\u00a0 \u00a0p\u00e8re de 5 Enfants<\/p>\n<p><strong>\u00a0<\/strong>QUALIFICATIONS\u00a0:<\/p>\n<p>Ing\u00e9nieur d\u2019Etat G\u00e9nie civil, ayant une exp\u00e9rience dans tous les domaines du m\u00e9tier (routes, b\u00e2timents, adductions d\u2019eau). Leader et \u00a0un meneur d\u2019hommes sur le terrain.<\/p>\n<h3>CURSUS ACADEMIQUE\u00a0:<\/h3>\n<p>1989 \u2013 1993\u00a0\u00a0\u00a0\u00a0\u00a0\u00a0\u00a0\u00a0 Dipl\u00f4me d\u2019Ing\u00e9nieur d\u2019Etat, sp\u00e9cialit\u00e9 G\u00e9nie Civil, Haute Ecole Technique de Stuttgart (RFA)<\/p>\n<p>M\u00e9moire de fin d\u2019\u00e9tudes, th\u00e8me\u00a0: R\u00e9seau d\u2019alimentation d\u2019eau de la ville d\u2019Atar (Mauritanie)<\/p>\n<p>Centrale de dessalement et assainissement du r\u00e9seau existant.<\/p>\n<p>1988 \u2013 1989\u00a0\u00a0\u00a0\u00a0\u00a0\u00a0\u00a0\u00a0 Ann\u00e9e pr\u00e9paratoire \u00e0 l\u2019universit\u00e9 de Konstanz (RFA)<\/p>\n<p>1986 \u2013 1987\u00a0\u00a0\u00a0\u00a0\u00a0\u00a0\u00a0\u00a0 Cours de langue allemande, Rodolfzel am Bodensee (RFA)<\/p>\n<p>1980 &#8211;\u00a0 1986\u00a0\u00a0\u00a0\u00a0\u00a0\u00a0 Baccalaur\u00e9at s\u00e9rie C au Lyc\u00e9e des gar\u00e7ons de Nouakchott (Mauritanie)<\/p>\n<p>Participation aux Olympiades maghr\u00e9bines de math\u00e9matiques \u00e0 Rabat<\/p>\n<p>1974 \u2013 1980\u00a0\u00a0\u00a0\u00a0\u00a0\u00a0\u00a0\u00a0 Ecole fondamentale d\u2019A\u00efoun El Attrouss (Mauritanie)<\/p>\n<p>&nbsp;<\/p>\n<h3>EXPERIENCE PROFESSIONNELLE\u00a0:<\/h3>\n<p><strong>Avril 2021 -A ce jour<\/strong> consultant international travaillant dans les domaines des \u00e9tudes et de gestion des projets de BTP (Routes, AEP, B\u00e2timents)<\/p>\n<p><strong>\u00a0<\/strong><strong>Du 26 ao\u00fbt 2014 \u00e0 Avril 2020<\/strong> <strong>Directeur G\u00e9n\u00e9ral d\u2019ATTM-sa<\/strong><\/p>\n<p><strong>Janvier 2014 \u2013 ao\u00fbt 2014<\/strong>, <strong>Directeur Technique assure les travaux et les \u00e9tudes <\/strong><\/p>\n<p><strong>2011 \u2013 janvier 2014 Directeur des Etudes et March\u00e9s<\/strong><\/p>\n<p><strong>2008 &#8211; 2011<\/strong>\u00a0\u00a0\u00a0 \u00a0 Directeur des travaux, assure<strong> l\u2019int\u00e9rim de la Direction G\u00e9n\u00e9rale<\/strong><\/p>\n<p><strong>Principaux projets :<\/strong><\/p>\n<ul>\n<li>Route bitum\u00e9e Kiffa \u2013 Tintane 156Km<\/li>\n<li>Route Kayes-Bafoulabe (Mali) 140 km<\/li>\n<li>Route Voirie de Kita (Mali)<\/li>\n<li>Route Avenant Route SEKOKOTO \u2013 KITA (Mali)<\/li>\n<li>Voiries de Nouakchott<\/li>\n<li>G\u00e9nie civil de la mine d\u2019or de TASIAST<\/li>\n<\/ul>\n<p>&nbsp;<\/p>\n<p><strong>2006 \u2013 Juin 2008<\/strong>\u00a0 \u00a0Directeur de travaux de la Route SEKOKOTO \u2013 KITA (Mali) 40 Km<\/p>\n<p><strong>2005 &#8211; 2006<\/strong>\u00a0\u00a0\u00a0\u00a0\u00a0\u00a0\u00a0 Directeur de travaux de la Voirie de NOUAKCHOTT<\/p>\n<p><strong>2004 &#8211; 2005<\/strong>\u00a0\u00a0\u00a0\u00a0\u00a0\u00a0\u00a0 Directeur de travaux des Pistes de l\u2019ADRAR<\/p>\n<p><strong>2003 &#8211; 2004<\/strong>\u00a0\u00a0\u00a0\u00a0\u00a0 \u00a0\u00a0Directeur de travaux du Lot 3 de la Route bitum\u00e9e (120 km) NOUAKCHOTT-NOUADHIBOU<\/p>\n<p><strong>2002 \u2013 2003<\/strong>\u00a0\u00a0\u00a0\u00a0\u00a0\u00a0 \u00a0Directeur de travaux des Lots 1 &amp; 2 de la Route bitum\u00e9e avec couche de base En GNT 120km \u00a0AIOUN-NIORO DU SAHEL<\/p>\n<p><strong>Janvier 2001<\/strong>\u00a0\u00a0\u00a0\u00a0\u00a0 Directeur de Travaux du lot 3 de l\u2019Adduction d\u2019eau conduite 500 fontes ductiles de\u00a0Nouadhibou \u2013 BLN (83 km) (ATTM).<\/p>\n<p><strong>1988 \u2013 2000<\/strong>\u00a0\u00a0\u00a0\u00a0 \u00a0\u00a0\u00a0Directeur des travaux du chantier de construction de l\u2019Ecole Nationale d\u2019Enseignement Maritime et de P\u00eache de Nouadhibou (ENEMP).<strong>\u00a0<\/strong><\/p>\n<p><strong>1997 &#8211; 1998<\/strong>\u00a0\u00a0\u00a0\u00a0\u00a0 Directeur des Travaux de l\u2019a\u00e9roport de Tidjikja (projet des a\u00e9roports Tidjikja \u2013 Kiffa et S\u00e9libaby (Mauritanie), EBTR.<\/p>\n<p><strong>1995 \u2013 1997<\/strong>\u00a0\u00a0\u00a0\u00a0\u00a0 Directeur des travaux pour la r\u00e9habilitation et le renforcement de la route Nouakchott \u2013 Akjoujt, 256 km\u00a0: voirie de Nouakchott (sortie vers Rosso)\u00a0: doubles voie 15 km\u00a0: Nouakchott Groupement SATOM \u2013 EBTR.<strong>\u00a0<\/strong><\/p>\n<p><strong>1994 \u2013 1995<\/strong>\u00a0\u00a0\u00a0\u00a0\u00a0 Coordinateur des travaux de construction d\u2019un complexe de laboratoire de m\u00e9decine et D\u2019appartements \u00e0 usage d\u2019habitation avec Bilfinger\/Berger.<\/p>\n<p><strong>1991 \u2013 1992<\/strong>\u00a0\u00a0\u00a0\u00a0\u00a0 Assistant de Conducteur des Travaux de Construction d\u2019un immeuble \u00e0 usage de bureaux clefs \u00e0 main (superficie 7600 m2) \u00e0 Stuttgart avec Bilfinger+Berger.<\/p>\n<p><strong>CONNAISSANCES INFORMATIQUES\u00a0:<\/strong><\/p>\n<p>Tr\u00e8s bonne ma\u00eetrise des logiciels\u00a0: Word, Excel et Auto Cad.<\/p>\n<h3><strong>LANGUES PARLEES<\/strong>\u00a0:<\/h3>\n<p>Arabe\u00a0\u00a0\u00a0\u00a0\u00a0\u00a0\u00a0\u00a0\u00a0 :\u00a0\u00a0\u00a0\u00a0\u00a0\u00a0\u00a0 Assez bien (parl\u00e9 et \u00e9crit)<\/p>\n<p>Fran\u00e7ais\u00a0\u00a0\u00a0\u00a0\u00a0 \u00a0\u00a0\u00a0\u00a0\u00a0\u00a0\u00a0\u00a0 :\u00a0\u00a0\u00a0\u00a0\u00a0\u00a0\u00a0 Tr\u00e8s bien (parl\u00e9 et \u00e9crit)<\/p>\n<p>Allemand\u00a0\u00a0\u00a0 :\u00a0\u00a0\u00a0\u00a0\u00a0\u00a0\u00a0 Tr\u00e8s bien (parl\u00e9 et \u00e9crit).<\/p>\n<p>Anglais\u00a0\u00a0\u00a0\u00a0\u00a0\u00a0 \u00a0\u00a0\u00a0\u00a0\u00a0\u00a0\u00a0\u00a0 :\u00a0\u00a0\u00a0\u00a0\u00a0\u00a0\u00a0 Tr\u00e8s bonne compr\u00e9hension<\/p>\n","protected":false},"excerpt":{"rendered":"<p>BIOGRAPHIE Nom et Pr\u00e9nom: ELY Ould EL VEIRECK Date de naissance: 02.05.1968 Profession : Ing\u00e9nieur G\u00e9nie Civil Nationalit\u00e9\u00a0 : Mauritanienne Situation de famille: Mari\u00e9\u00a0 \u00a0p\u00e8re de 5 Enfants \u00a0QUALIFICATIONS\u00a0: Ing\u00e9nieur d\u2019Etat G\u00e9nie civil, ayant une exp\u00e9rience dans tous les domaines du m\u00e9tier (routes, b\u00e2timents, adductions d\u2019eau). Leader et \u00a0un meneur d\u2019hommes sur le terrain. CURSUS [&hellip;]<\/p>\n","protected":false},"author":1,"featured_media":0,"parent":0,"menu_order":0,"comment_status":"closed","ping_status":"closed","template":"","meta":{"footnotes":""},"class_list":["post-251774","page","type-page","status-publish","hentry"],"_links":{"self":[{"href":"https:\/\/ami.mr\/fr\/wp-json\/wp\/v2\/pages\/251774","targetHints":{"allow":["GET"]}}],"collection":[{"href":"https:\/\/ami.mr\/fr\/wp-json\/wp\/v2\/pages"}],"about":[{"href":"https:\/\/ami.mr\/fr\/wp-json\/wp\/v2\/types\/page"}],"author":[{"embeddable":true,"href":"https:\/\/ami.mr\/fr\/wp-json\/wp\/v2\/users\/1"}],"replies":[{"embeddable":true,"href":"https:\/\/ami.mr\/fr\/wp-json\/wp\/v2\/comments?post=251774"}],"version-history":[{"count":2,"href":"https:\/\/ami.mr\/fr\/wp-json\/wp\/v2\/pages\/251774\/revisions"}],"predecessor-version":[{"id":252072,"href":"https:\/\/ami.mr\/fr\/wp-json\/wp\/v2\/pages\/251774\/revisions\/252072"}],"wp:attachment":[{"href":"https:\/\/ami.mr\/fr\/wp-json\/wp\/v2\/media?parent=251774"}],"curies":[{"name":"wp","href":"https:\/\/api.w.org\/{rel}","templated":true}]}}