{"id":251763,"date":"2024-08-10T18:34:01","date_gmt":"2024-08-10T18:34:01","guid":{"rendered":"https:\/\/ami.mr\/fr\/?page_id=251763"},"modified":"2026-01-08T13:59:22","modified_gmt":"2026-01-08T13:59:22","slug":"mokhtar-ahmed-bousseif","status":"publish","type":"page","link":"https:\/\/ami.mr\/fr\/mokhtar-ahmed-bousseif","title":{"rendered":"Moctar Ahmed Bouceif  &#8211;  Ministre de la P\u00eache, des Infrastructures Maritimes et Portuaires"},"content":{"rendered":"<h3 style=\"text-align: center;\"><strong>BIOGRAPHIE<\/strong><\/h3>\n<p>&nbsp;<\/p>\n<p><strong>Nom et Pr\u00e9nom:<\/strong> Moctar Ahmed Bouceif<img decoding=\"async\" class=\"size-medium wp-image-251909 alignright\" src=\"https:\/\/ami.mr\/fr\/wp-content\/uploads\/2024\/08\/BOUSSEIF-1-291x300.jpg\" alt=\"\" width=\"291\" height=\"300\" srcset=\"https:\/\/ami.mr\/fr\/wp-content\/uploads\/2024\/08\/BOUSSEIF-1-291x300.jpg 291w, https:\/\/ami.mr\/fr\/wp-content\/uploads\/2024\/08\/BOUSSEIF-1-768x793.jpg 768w, https:\/\/ami.mr\/fr\/wp-content\/uploads\/2024\/08\/BOUSSEIF-1.jpg 930w\" sizes=\"(max-width: 291px) 100vw, 291px\" \/><\/p>\n<p><strong>Date de naissance<\/strong>: N\u00e9 le 25\/11\/1972<\/p>\n<p>Mari\u00e9 et p\u00e8re de cinq enfants.<\/p>\n<p><strong>Parcours universitaire\u00a0: <\/strong><\/p>\n<ul>\n<li>Titulaire d&#8217;une ma\u00eetrise en \u00e9conomie.<\/li>\n<li>Fonctionnaire (du corps des conseillers aux affaires \u00e9trang\u00e8res).<\/li>\n<\/ul>\n<p><strong>Carri\u00e8re :<\/strong><\/p>\n<p>&#8211; Ministre de la formation professionnelle et de l\u2019emploi pendant la p\u00e9riode de la transition 2009.<\/p>\n<p>&#8211; Directeur g\u00e9n\u00e9ral de la Soci\u00e9t\u00e9 mauritanienne de commercialisation de poisson (SMCP), 13\/07\/2023.<\/p>\n<p>&#8211; Directeur g\u00e9n\u00e9ral de la Soci\u00e9t\u00e9 nationale de distribution de poisson (SNDP), du 09 f\u00e9vrier 2021 au 13 octobre 2023.<\/p>\n<p>&#8211; Secr\u00e9taire g\u00e9n\u00e9ral du minist\u00e8re de l\u2019Hydraulique et de l&#8217;Assainissement durant la p\u00e9riode allant du 13 octobre 2023 au 06 ao\u00fbt 2024,<\/p>\n<p>&#8211; 06 ao\u00fbt 2024:\u00a0 nomm\u00e9 ministre des domaines, du Patrimoine de l\u2019\u00c9tat et de la r\u00e9forme fonci\u00e8re.<\/p>\n<p>&#8211; 18 Septembre 2025: Ministre de la P\u00eache, des Infrastructures Maritimes et Portuaires .<\/p>\n","protected":false},"excerpt":{"rendered":"<p>BIOGRAPHIE &nbsp; Nom et Pr\u00e9nom: Moctar Ahmed Bouceif Date de naissance: N\u00e9 le 25\/11\/1972 Mari\u00e9 et p\u00e8re de cinq enfants. Parcours universitaire\u00a0: Titulaire d&#8217;une ma\u00eetrise en \u00e9conomie. Fonctionnaire (du corps des conseillers aux affaires \u00e9trang\u00e8res). Carri\u00e8re : &#8211; Ministre de la formation professionnelle et de l\u2019emploi pendant la p\u00e9riode de la transition 2009. &#8211; Directeur [&hellip;]<\/p>\n","protected":false},"author":1,"featured_media":0,"parent":0,"menu_order":0,"comment_status":"closed","ping_status":"closed","template":"","meta":{"footnotes":""},"class_list":["post-251763","page","type-page","status-publish","hentry"],"_links":{"self":[{"href":"https:\/\/ami.mr\/fr\/wp-json\/wp\/v2\/pages\/251763","targetHints":{"allow":["GET"]}}],"collection":[{"href":"https:\/\/ami.mr\/fr\/wp-json\/wp\/v2\/pages"}],"about":[{"href":"https:\/\/ami.mr\/fr\/wp-json\/wp\/v2\/types\/page"}],"author":[{"embeddable":true,"href":"https:\/\/ami.mr\/fr\/wp-json\/wp\/v2\/users\/1"}],"replies":[{"embeddable":true,"href":"https:\/\/ami.mr\/fr\/wp-json\/wp\/v2\/comments?post=251763"}],"version-history":[{"count":9,"href":"https:\/\/ami.mr\/fr\/wp-json\/wp\/v2\/pages\/251763\/revisions"}],"predecessor-version":[{"id":286895,"href":"https:\/\/ami.mr\/fr\/wp-json\/wp\/v2\/pages\/251763\/revisions\/286895"}],"wp:attachment":[{"href":"https:\/\/ami.mr\/fr\/wp-json\/wp\/v2\/media?parent=251763"}],"curies":[{"name":"wp","href":"https:\/\/api.w.org\/{rel}","templated":true}]}}