{"id":251741,"date":"2024-08-10T17:49:12","date_gmt":"2024-08-10T17:49:12","guid":{"rendered":"https:\/\/ami.mr\/fr\/?page_id=251741"},"modified":"2024-08-13T17:40:59","modified_gmt":"2024-08-13T17:40:59","slug":"mohamed-ould-khaled","status":"publish","type":"page","link":"https:\/\/ami.mr\/fr\/mohamed-ould-khaled","title":{"rendered":"Mohamed Ould Mohamed Malainine Ould Khaled &#8211; Ministre de l\u2019\u00e9nergie et du p\u00e9trole"},"content":{"rendered":"<h3 style=\"text-align: center;\"><strong>BIOGRAPHIE<\/strong><\/h3>\n<p>&nbsp;<\/p>\n<p><strong>Nom:<\/strong>\u00a0 Mohamed Ould Mohamed Malainine Ould Khaled<img decoding=\"async\" class=\"size-medium wp-image-251827 alignright\" src=\"https:\/\/ami.mr\/fr\/wp-content\/uploads\/2024\/08\/MED-KHALED-300x286.jpg\" alt=\"\" width=\"300\" height=\"286\" srcset=\"https:\/\/ami.mr\/fr\/wp-content\/uploads\/2024\/08\/MED-KHALED-300x286.jpg 300w, https:\/\/ami.mr\/fr\/wp-content\/uploads\/2024\/08\/MED-KHALED-768x733.jpg 768w, https:\/\/ami.mr\/fr\/wp-content\/uploads\/2024\/08\/MED-KHALED.jpg 918w\" sizes=\"(max-width: 300px) 100vw, 300px\" \/><\/p>\n<p><strong>DDN:<\/strong>\u00a022\/09\/1975 &#8211; Nouakchott<\/p>\n<h4><\/h4>\n<h4><strong>Exp\u00e9rience<\/strong><\/h4>\n<ul>\n<li><strong>06 Ao\u00fbt 2024<\/strong>: Ministre de l\u2019\u00e9nergie et du p\u00e9trole<\/li>\n<li><strong>\u00a0<\/strong><strong>Depuis F\u00e9vrier<\/strong> <strong>2024<\/strong> Directeur de la Soci\u00e9t\u00e9 Mauritanienne des Hydrocarbures (SMH)<\/li>\n<li><strong>Juin<\/strong> <strong>2016<\/strong><strong> Entrepreneur priv\u00e9 et <\/strong>Fondateur de Soci\u00e9t\u00e9s Industrielle<\/li>\n<li><strong>2009 <\/strong>Retour en Mauritanie (apr\u00e8s s\u00e9jour \u00e0 l\u2019\u00e9tranger) et lancement dans le monde des affaires avec la cr\u00e9ation de soci\u00e9t\u00e9s dans le secteur de l\u2019exploration mini\u00e8re, la logistique mini\u00e8re et le<\/li>\n<li><strong>Janvier 2007 \u2013 Janvier 2009 <\/strong>Directeur commercial en Chine de la soci\u00e9t\u00e9 am\u00e9ricaine Texas Instruments bas\u00e9 \u00e0 Responsable des activit\u00e9s et relations commerciales avec les gros clients internationaux en Chine, Hong Kong et Taiwan.<\/li>\n<li><strong>Juin 2005 \u2013 D\u00e9cembre 2006 <\/strong>Directeur du Business D\u00e9veloppement pour l\u2019Europe chez Texas Instruments bas\u00e9 \u00e0 Munich, Allemagne. Responsable direct d\u2019un staff install\u00e9 dans treize pays europ\u00e9ens assurant les relations technico-commerciales avec les clients sp\u00e9cialis\u00e9s dans les produits \u00e0 haute technologie.<\/li>\n<li><strong>Novembre, 2001 \u2013 Mai, 2005 <\/strong>Product Marketing Manager pour les processeurs chez Texas Instruments bas\u00e9 \u00e0 Munich, Allemagne. Responsable des relations technico-commerciales avec les leaders du secteur de la t\u00e9l\u00e9communication en<\/li>\n<li><strong>Ao\u00fbt, 1998 \u2013 Octobre, 2001 <\/strong>Ing\u00e9nieur d\u2019Application chez Mentor Graphics \u00e0 Munich, Responsable de vente des logiciels de simulation en Europe.<\/li>\n<li><strong>Ao\u00fbt, 1996 \u2013 Mars, 1997<\/strong> \u00c9change \u00e9tudiant \u00e0 la Wright State University, Ohio, USA.<\/li>\n<li><strong>Mars, 1995 \u2013 Septembre, 1995 <\/strong>Stage d\u2019application \u00e0 la DT Ulm, Allemagne. D\u00e9veloppement des circuits de test \u00e9lectronique.<\/li>\n<li><strong>F\u00e9vrier, 1993 \u2013 Mai, 1993 <\/strong>Stage \u00e0 la Deutsche Telekom \u00e0 Rottweil, Allemagne. Stage pratique obligatoire pour l\u2019acc\u00e8s aux \u00e9coles d\u2019ing\u00e9nieurs.<\/li>\n<li><strong>Travail <\/strong>pendant les ann\u00e9es d\u2019\u00e9tudes dans les domaines de programmations, de l\u2019e-commerce et la robotique (Siemens, DT, GS).<\/li>\n<\/ul>\n<h4><\/h4>\n<h4><strong>Dipl\u00f4mes<\/strong><\/h4>\n<ul>\n<li><strong>\u00a0<\/strong><strong>Novembre 2005 <\/strong>Ex\u00e9cutive MBA, CERAM Campus Sophia Antipolis, Nice, Fast-Track pour les leaders des soci\u00e9t\u00e9s.<\/li>\n<\/ul>\n<p>Sp\u00e9cialit\u00e9s : Management, Finance, Strat\u00e9gie et Marketing.<\/p>\n<ul>\n<li><strong>1999 \u2013 2008 <\/strong>Diverses formations : Leadership, N\u00e9gociation, Communication et Strat\u00e9gie.<\/li>\n<li><strong>Juillet 1998 <\/strong>Ing\u00e9nieur en Micro\u00e9lectronique, \u00c9cole Sup\u00e9rieure d\u2019Ulm,<\/li>\n<li><strong>Juin 1992 <\/strong>Baccalaur\u00e9at C, Lyc\u00e9e de<\/li>\n<\/ul>\n<h4><\/h4>\n<h4><strong>Langues parl\u00e9es couramment\u00a0:<\/strong><\/h4>\n<ul>\n<li><strong>\u00a0<\/strong>Arabe, Fran\u00e7ais, Allemand et Anglais<\/li>\n<\/ul>\n","protected":false},"excerpt":{"rendered":"<p>BIOGRAPHIE &nbsp; Nom:\u00a0 Mohamed Ould Mohamed Malainine Ould Khaled DDN:\u00a022\/09\/1975 &#8211; Nouakchott Exp\u00e9rience 06 Ao\u00fbt 2024: Ministre de l\u2019\u00e9nergie et du p\u00e9trole \u00a0Depuis F\u00e9vrier 2024 Directeur de la Soci\u00e9t\u00e9 Mauritanienne des Hydrocarbures (SMH) Juin 2016 Entrepreneur priv\u00e9 et Fondateur de Soci\u00e9t\u00e9s Industrielle 2009 Retour en Mauritanie (apr\u00e8s s\u00e9jour \u00e0 l\u2019\u00e9tranger) et lancement dans le monde [&hellip;]<\/p>\n","protected":false},"author":1,"featured_media":0,"parent":0,"menu_order":0,"comment_status":"closed","ping_status":"closed","template":"","meta":{"footnotes":""},"class_list":["post-251741","page","type-page","status-publish","hentry"],"_links":{"self":[{"href":"https:\/\/ami.mr\/fr\/wp-json\/wp\/v2\/pages\/251741","targetHints":{"allow":["GET"]}}],"collection":[{"href":"https:\/\/ami.mr\/fr\/wp-json\/wp\/v2\/pages"}],"about":[{"href":"https:\/\/ami.mr\/fr\/wp-json\/wp\/v2\/types\/page"}],"author":[{"embeddable":true,"href":"https:\/\/ami.mr\/fr\/wp-json\/wp\/v2\/users\/1"}],"replies":[{"embeddable":true,"href":"https:\/\/ami.mr\/fr\/wp-json\/wp\/v2\/comments?post=251741"}],"version-history":[{"count":4,"href":"https:\/\/ami.mr\/fr\/wp-json\/wp\/v2\/pages\/251741\/revisions"}],"predecessor-version":[{"id":252056,"href":"https:\/\/ami.mr\/fr\/wp-json\/wp\/v2\/pages\/251741\/revisions\/252056"}],"wp:attachment":[{"href":"https:\/\/ami.mr\/fr\/wp-json\/wp\/v2\/media?parent=251741"}],"curies":[{"name":"wp","href":"https:\/\/api.w.org\/{rel}","templated":true}]}}