{"id":251656,"date":"2024-08-09T10:38:14","date_gmt":"2024-08-09T10:38:14","guid":{"rendered":"https:\/\/ami.mr\/fr\/?page_id=251656"},"modified":"2025-02-05T16:15:59","modified_gmt":"2025-02-05T16:15:59","slug":"yacoub-moine","status":"publish","type":"page","link":"https:\/\/ami.mr\/fr\/yacoub-moine","title":{"rendered":"Yacoub Ould Moine &#8211; Ministre de l\u2019enseignement sup\u00e9rieur et de la recherche scientifique"},"content":{"rendered":"<h3 style=\"text-align: center;\"><strong>Biographie r\u00e9sum\u00e9e<\/strong><\/h3>\n<p><strong><img decoding=\"async\" class=\"size-medium wp-image-251830 alignright\" src=\"https:\/\/ami.mr\/fr\/wp-content\/uploads\/2024\/08\/acoub-Moyne-300x279.jpg\" alt=\"\" width=\"300\" height=\"279\" srcset=\"https:\/\/ami.mr\/fr\/wp-content\/uploads\/2024\/08\/acoub-Moyne-300x279.jpg 300w, https:\/\/ami.mr\/fr\/wp-content\/uploads\/2024\/08\/acoub-Moyne-1024x953.jpg 1024w, https:\/\/ami.mr\/fr\/wp-content\/uploads\/2024\/08\/acoub-Moyne-768x715.jpg 768w, https:\/\/ami.mr\/fr\/wp-content\/uploads\/2024\/08\/acoub-Moyne.jpg 1037w\" sizes=\"(max-width: 300px) 100vw, 300px\" \/><\/strong><\/p>\n<p><strong>Professeur Yacoub Ould Moine<\/strong><\/p>\n<p><strong>Ministre de l\u2019Enseignement Sup\u00e9rieur et de la Recherche Scientifique<\/strong><\/p>\n<p>Yacoub Ould Moine est n\u00e9 en 1971. Il a obtenu en 2000 son doctorat en Math\u00e9matiques de l\u2019Universit\u00e9 d\u2019Angers (France) avec la mention Tr\u00e8s Honorable.<\/p>\n<p>Il a \u00e9t\u00e9 recrut\u00e9 comme Ma\u00eetre de conf\u00e9rences \u00e0 l\u2019Universit\u00e9 de Nouakchott en 2005, puis promu professeur depuis 2014.<\/p>\n<p>Il a \u00e9t\u00e9 Ma\u00eetre de conf\u00e9rences et Assistant de recherche temporaire \u00e0 l\u2019Universit\u00e9 d\u2019Angers et chercheur invit\u00e9 \u00e0 l\u2019Universit\u00e9 de Saitama (Japon), via un programme de la Soci\u00e9t\u00e9 Japonaise pour la Promotion des Sciences.<\/p>\n<p>Il a publi\u00e9 plusieurs articles dans la litt\u00e9rature internationale sur les th\u00e8mes de la g\u00e9om\u00e9trie et topologie des singularit\u00e9s, stratifications et \u00e9qui-singularit\u00e9.<\/p>\n<p>En 2006, il a obtenu le prestigieux Prix National Mauritanien pour les Sciences et Techniques, \u00e9galement connu sous le nom de \u00ab Prix Chinguitt des Sciences et Techniques \u00bb, pour ses recherches sur la th\u00e9orie des singularit\u00e9s des fonctions analytiques.<\/p>\n<p>Avant sa nomination au poste de ministre de l\u2019Enseignement sup\u00e9rieur et de la Recherche scientifique, il a \u00e9t\u00e9 d\u00e9put\u00e9 au parlement mauritanien entre 2006-2013 et 2018-2024.<\/p>\n<p><strong>\u00a0<\/strong><\/p>\n<p>&nbsp;<\/p>\n<p>&nbsp;<\/p>\n<p>&nbsp;<\/p>\n<h4 style=\"text-align: center;\"><\/h4>\n<h4 style=\"text-align: center;\"><\/h4>\n<p>&nbsp;<\/p>\n<p>&nbsp;<\/p>\n","protected":false},"excerpt":{"rendered":"<p>Biographie r\u00e9sum\u00e9e Professeur Yacoub Ould Moine Ministre de l\u2019Enseignement Sup\u00e9rieur et de la Recherche Scientifique Yacoub Ould Moine est n\u00e9 en 1971. Il a obtenu en 2000 son doctorat en Math\u00e9matiques de l\u2019Universit\u00e9 d\u2019Angers (France) avec la mention Tr\u00e8s Honorable. Il a \u00e9t\u00e9 recrut\u00e9 comme Ma\u00eetre de conf\u00e9rences \u00e0 l\u2019Universit\u00e9 de Nouakchott en 2005, puis [&hellip;]<\/p>\n","protected":false},"author":1,"featured_media":0,"parent":0,"menu_order":0,"comment_status":"closed","ping_status":"closed","template":"","meta":{"footnotes":""},"class_list":["post-251656","page","type-page","status-publish","hentry"],"_links":{"self":[{"href":"https:\/\/ami.mr\/fr\/wp-json\/wp\/v2\/pages\/251656","targetHints":{"allow":["GET"]}}],"collection":[{"href":"https:\/\/ami.mr\/fr\/wp-json\/wp\/v2\/pages"}],"about":[{"href":"https:\/\/ami.mr\/fr\/wp-json\/wp\/v2\/types\/page"}],"author":[{"embeddable":true,"href":"https:\/\/ami.mr\/fr\/wp-json\/wp\/v2\/users\/1"}],"replies":[{"embeddable":true,"href":"https:\/\/ami.mr\/fr\/wp-json\/wp\/v2\/comments?post=251656"}],"version-history":[{"count":7,"href":"https:\/\/ami.mr\/fr\/wp-json\/wp\/v2\/pages\/251656\/revisions"}],"predecessor-version":[{"id":264444,"href":"https:\/\/ami.mr\/fr\/wp-json\/wp\/v2\/pages\/251656\/revisions\/264444"}],"wp:attachment":[{"href":"https:\/\/ami.mr\/fr\/wp-json\/wp\/v2\/media?parent=251656"}],"curies":[{"name":"wp","href":"https:\/\/api.w.org\/{rel}","templated":true}]}}