{"id":251653,"date":"2024-08-09T10:31:09","date_gmt":"2024-08-09T10:31:09","guid":{"rendered":"https:\/\/ami.mr\/fr\/?page_id=251653"},"modified":"2025-02-12T16:36:41","modified_gmt":"2025-02-12T16:36:41","slug":"houda-babah","status":"publish","type":"page","link":"https:\/\/ami.mr\/fr\/houda-babah","title":{"rendered":"Houda Mint Babah &#8211; Ministre de l\u2019\u00e9ducation et de la r\u00e9forme du syst\u00e8me d\u2019enseignement"},"content":{"rendered":"<h3 style=\"text-align: center;\"><strong>BIOGRAPHIE<\/strong><\/h3>\n<p><strong style=\"color: inherit; font-family: inherit; font-size: 18px;\">Dr.Houda Mint Babah<\/strong><\/p>\n<h4><strong><img decoding=\"async\" class=\"size-medium wp-image-251841 alignright\" src=\"https:\/\/ami.mr\/fr\/wp-content\/uploads\/2024\/08\/HOUDAB-300x254.jpg\" alt=\"\" width=\"300\" height=\"254\" srcset=\"https:\/\/ami.mr\/fr\/wp-content\/uploads\/2024\/08\/HOUDAB-300x254.jpg 300w, https:\/\/ami.mr\/fr\/wp-content\/uploads\/2024\/08\/HOUDAB-1024x866.jpg 1024w, https:\/\/ami.mr\/fr\/wp-content\/uploads\/2024\/08\/HOUDAB-768x649.jpg 768w, https:\/\/ami.mr\/fr\/wp-content\/uploads\/2024\/08\/HOUDAB.jpg 1080w\" sizes=\"(max-width: 300px) 100vw, 300px\" \/><\/strong><\/h4>\n<p>BP: 3590<\/p>\n<p>Tel: 36623086<\/p>\n<p><strong>N\u00e9 le <\/strong>: 21 octobre 1982 \u00e0 Nouakchott<\/p>\n<p><strong>Nationalit\u00e9<\/strong>: Mauritanienne<\/p>\n<p>Mari\u00e9e, 3 enfants<\/p>\n<h4><strong>PhD en Physique, Universit\u00e9 Rennes 1 (France)<\/strong><\/h4>\n<h4><\/h4>\n<h4><strong>EXPERIENCE PROFESSIONNELLE\u00a0<\/strong><\/h4>\n<ul>\n<li>06 ao\u00fbt 2024\u00a0: Ministre de l\u2019Education et de la r\u00e9forme du syst\u00e8me \u00e9ducatif.<\/li>\n<li>De janvier au 06 ao\u00fbt 2024\u00a0: Directrice g\u00e9n\u00e9rale de l\u2019Institut p\u00e9dagogique national.<\/li>\n<li>Conseill\u00e8re du Premier Ministre charg\u00e9e de l\u2019Education Nationale, de l\u2019Enseignement Sup\u00e9rieur et de la Recherche Scientifique.<\/li>\n<li>Enseignante chercheuse \u00e0 l\u2019Universit\u00e9 de Nouakchott, Facult\u00e9 des Sciences et Techniques (D\u00e9partement de Physique).<\/li>\n<li>Repr\u00e9sentante de l\u2019Afrique du Nord dans le Programme Women in GMES &amp; Africa<\/li>\n<\/ul>\n<p>2020 \u2013 2022\u00a0: Directrice du Centre Universitaire de Cartographie et T\u00e9l\u00e9d\u00e9tection, Universit\u00e9 de Nouakchott Al Aasriya (UNA)<\/p>\n<ul>\n<li><u>2015 &#8211; 2022<\/u>: Membre du bureau ex\u00e9cutif du Haut conseil de la Jeunesse<\/li>\n<li><u>2012 &#8211; 2015 :<\/u> Charg\u00e9e de projet et responsable de la G\u00e9omatique au sein de Green Project.<\/li>\n<\/ul>\n<p><u>2010 &#8211; 2012 :<\/u> Consultante charg\u00e9e de projet au sein de \u00abMaadin Natural Resources\u00bb et \u00abLusitania Mauritanie\u00bb (Elaboration des cartes G\u00e9ologique, g\u00e9ophysique, topographiques et satellitaires)<\/p>\n<h4><strong>PRIX ET DISTINCTIONS\u00a0<\/strong><\/h4>\n<ul>\n<li>24-30-2021\u00a0: Laur\u00e9ate du programme RAISA pour le leadership f\u00e9minin en Afrique.<\/li>\n<li>16-11-2009 : Prix de l\u2019Or\u00e9al-UNESCO pour les femmes et la science.<\/li>\n<li>30-07-2005 : Prix du Ministre de l\u2019\u00e9ducation nationale pour la meilleure moyenne de la FST de l\u2019universit\u00e9 de Nouakchott.<\/li>\n<\/ul>\n<p>&nbsp;<\/p>\n<h4><strong>FORMATION\u00a0<\/strong><\/h4>\n<ul>\n<li><u>2006-2010 :<\/u> Doctorat en Physique de l\u2019Universit\u00e9 Rennes 1, avec la mention tr\u00e8s honorable (section : Milieux denses et Mat\u00e9riaux).<\/li>\n<li><u>2005-2006 :<\/u> Master II, Universit\u00e9 de Rennes 1, Physique et interfaces (Assez bien)<\/li>\n<li><u>2004-2005 :<\/u> Ma\u00eetrise en Physique, Universit\u00e9 de Nouakchott (Tr\u00e8s bien).<\/li>\n<li><u>2003-2004 :<\/u> Licence en Physique, universit\u00e9 de Nouakchott (Assez bien)<\/li>\n<li><u>2001 :<\/u> Obtention du dipl\u00f4me de Baccalaur\u00e9at, s\u00e9rie Math\u00e9matique.<\/li>\n<\/ul>\n<h4><\/h4>\n<h4><strong>LANGUES\u00a0<\/strong><\/h4>\n<p>Arabe : Langue maternelle<\/p>\n<p>Fran\u00e7ais : Lu, \u00e9crit et parl\u00e9<\/p>\n<p>Anglais : Anglais scientifique<\/p>\n<h4><\/h4>\n<h4><strong>CONGRES, TRAVAUX ET PUBLICATIONS DANS LES REVUES INTERNATIONALES\u00a0<\/strong><\/h4>\n<ul>\n<li>Louge M., Mint Babah H., Valance A., Moreau-Trouv\u00e9 J., Ould Ahmedou D, Ould El- Moctar A., Dupont P. Seepage-induced penetration of water vapour and dust beneath ripples and dunes. Journal of Geophysical Research. Vol. 115, F02002, 14pp., 2010.<\/li>\n<li>Mint Babah H., Valance A., Ould Ahmedou D. \u201cExperimental study on the determination of the neutral angle of a granular pile\u201d.<\/li>\n<li>Communication orale : Conf\u00e9rence Geospatiale de Tunis, Tunis, Mai 2015. Sujet : The contribution of the remote sensing under investigation of natural surfaces in Mauritania<\/li>\n<li>Communication orale : Khartoum, Soudan, Juin 2015. Sujet : Utilisation des nouvelles technologies pour l\u2019\u00e9valuation des catastrophes naturelles et leur impact en Mauritanie.<\/li>\n<li>Communication orale : Rencontre r\u00e9gionale pour le d\u00e9veloppement des r\u00e9seaux intelligents \u00ab\u00a0Smart Grid\u00a0\u00bb, Cap vert, Mars 2013.<\/li>\n<li>Communication orale : Rencontres du Groupement de Recherche (GdR) \u00ab Transport Solide Naturel \u00bb, Roscoff, novembre 2009. Sujet : Etude stratigraphique de la fraction volumique et la teneur en eau des dunes \u00e9oliennes. http:\/\/transnat.univ-<\/li>\n<\/ul>\n<p>rennes1.fr\/themes\/Programme\/Roscoff2009\/<\/p>\n<ul>\n<li>POSTER : Conf\u00e9rence internationale \u00ab European Geosciences Union \u00bb (Vienne, Autriche) Avril 2008. Sujet : Dielectric stratigraphy of density and humidity at a barchan sand dune.<\/li>\n<\/ul>\n<p>http:\/\/meetings.copernicus.org\/www.cosis.net\/abstracts\/EGU2008\/08455\/EGU2008 -A- 08455.pdf<\/p>\n<ul>\n<li>Communication orale : Rencontres du Groupement de Recherche (GdR) \u00ab Milieux Divis\u00e9es \u00bb, (Carry-Le-Rouet, France) avril 2007. Sujet : Ecoulement granulaire sur un empilement.<\/li>\n<li>POSTER : Journ\u00e9e des doctorants des \u00e9coles doctorales de Rennes. Sujet : Les propri\u00e9t\u00e9s di\u00e9lectriques des milieux granulaires \u00bb Rennes, France 2008.<\/li>\n<\/ul>\n","protected":false},"excerpt":{"rendered":"<p>BIOGRAPHIE Dr.Houda Mint Babah BP: 3590 Tel: 36623086 N\u00e9 le : 21 octobre 1982 \u00e0 Nouakchott Nationalit\u00e9: Mauritanienne Mari\u00e9e, 3 enfants PhD en Physique, Universit\u00e9 Rennes 1 (France) EXPERIENCE PROFESSIONNELLE\u00a0 06 ao\u00fbt 2024\u00a0: Ministre de l\u2019Education et de la r\u00e9forme du syst\u00e8me \u00e9ducatif. De janvier au 06 ao\u00fbt 2024\u00a0: Directrice g\u00e9n\u00e9rale de l\u2019Institut p\u00e9dagogique national. [&hellip;]<\/p>\n","protected":false},"author":1,"featured_media":0,"parent":0,"menu_order":0,"comment_status":"closed","ping_status":"closed","template":"","meta":{"footnotes":""},"class_list":["post-251653","page","type-page","status-publish","hentry"],"_links":{"self":[{"href":"https:\/\/ami.mr\/fr\/wp-json\/wp\/v2\/pages\/251653","targetHints":{"allow":["GET"]}}],"collection":[{"href":"https:\/\/ami.mr\/fr\/wp-json\/wp\/v2\/pages"}],"about":[{"href":"https:\/\/ami.mr\/fr\/wp-json\/wp\/v2\/types\/page"}],"author":[{"embeddable":true,"href":"https:\/\/ami.mr\/fr\/wp-json\/wp\/v2\/users\/1"}],"replies":[{"embeddable":true,"href":"https:\/\/ami.mr\/fr\/wp-json\/wp\/v2\/comments?post=251653"}],"version-history":[{"count":5,"href":"https:\/\/ami.mr\/fr\/wp-json\/wp\/v2\/pages\/251653\/revisions"}],"predecessor-version":[{"id":264847,"href":"https:\/\/ami.mr\/fr\/wp-json\/wp\/v2\/pages\/251653\/revisions\/264847"}],"wp:attachment":[{"href":"https:\/\/ami.mr\/fr\/wp-json\/wp\/v2\/media?parent=251653"}],"curies":[{"name":"wp","href":"https:\/\/api.w.org\/{rel}","templated":true}]}}