{"id":225251,"date":"2023-07-07T10:27:26","date_gmt":"2023-07-07T10:27:26","guid":{"rendered":"https:\/\/ami.mr\/fr\/?page_id=225251"},"modified":"2024-08-13T17:13:42","modified_gmt":"2024-08-13T17:13:42","slug":"sidi-yahya-cheikhna-lemrabott","status":"publish","type":"page","link":"https:\/\/ami.mr\/fr\/sidi-yahya-cheikhna-lemrabott","title":{"rendered":"Sidi Yahya Ould Cheikhna Ould Lemrabott &#8211; Ministre des affaires islamiques et de l\u2019enseignement originel"},"content":{"rendered":"<h4 style=\"text-align: center;\"><strong>BIOGRAPHIE<\/strong><\/h4>\n<p>&nbsp;<\/p>\n<p><strong>Nom et pr\u00e9nom<\/strong> : Sidi Yahya Ould<img decoding=\"async\" class=\"size-medium wp-image-251638 alignright\" src=\"https:\/\/ami.mr\/fr\/wp-content\/uploads\/2024\/08\/SIDIYAHYANEW-300x279.jpg\" alt=\"\" width=\"300\" height=\"279\" srcset=\"https:\/\/ami.mr\/fr\/wp-content\/uploads\/2024\/08\/SIDIYAHYANEW-300x279.jpg 300w, https:\/\/ami.mr\/fr\/wp-content\/uploads\/2024\/08\/SIDIYAHYANEW-1024x953.jpg 1024w, https:\/\/ami.mr\/fr\/wp-content\/uploads\/2024\/08\/SIDIYAHYANEW-768x715.jpg 768w, https:\/\/ami.mr\/fr\/wp-content\/uploads\/2024\/08\/SIDIYAHYANEW.jpg 1080w\" sizes=\"(max-width: 300px) 100vw, 300px\" \/> Cheikhna Ould Lemrabott<\/p>\n<p><strong>Date et lieu de naissance<\/strong> : 1970 \u00e0 Tintane<\/p>\n<p><strong>Situation matrimoniale<\/strong> : mari\u00e9<\/p>\n<h4><strong>Comp\u00e9tences:<\/strong><\/h4>\n<p>Biologiste \u2014 Ecologue sp\u00e9cialis\u00e9 en environnement marin et c\u00f4tier. 11 a consacr\u00e9 sa carri\u00e8re<\/p>\n<p>Professionnelle \u00e0 la recherche \u00e0 l&#8217;Institut Mauritanien de Recherche Oc\u00e9anographiques et des P\u00eaches (IMROP) \u00e0 Nouadhibou. 11 a supervis\u00e9, pendant plusieurs ann\u00e9es, des campagnes de recherche scientifique sur la ressources marines et leur environnement organis\u00e9es par l&#8217;IMROP. I l a une large exp\u00e9rience dans le domaine de l&#8217;environnement marin et c\u00f4tier et leurs interactions avec la p\u00eache. Il a plusieurs recherches publi\u00e9es dans des revues scientifiques reconnues.<\/p>\n<h4><\/h4>\n<h4><strong>Formations acad\u00e9mique:<\/strong><\/h4>\n<p><strong>2023 <\/strong>: PhD en sciences de l&#8217;environnement, sp\u00e9cialisation en environnement c\u00f4tier et marin de l&#8217;Universit\u00e9 de Groninguen &#8211; Pays-Bas.<\/p>\n<p><strong>2012 <\/strong>: Master en Ing\u00e9nierie Environnementale, Option Science Halieutique et Aquacole, Universit\u00e9 de Rennes, Ecole Agrocampus Ouest de Rennes &#8211; France.<\/p>\n<p><strong>2001 <\/strong>: Dipl\u00f4me d\u2019Etudes Sup\u00e9rieures Approfondies (DES A) en Environnement Marin et Valorisation des Ressources, Universit\u00e9 Choua\u00eeb Doukkali, Facult\u00e9 des Sciences &#8211; El Jadida &#8211; Maroc<\/p>\n<p>1998 : Ma\u00eetrise es-sciences, Universit\u00e9 Moulay lsmail, Facult\u00e9 des Sciences- Mekn\u00e8s &#8211; Maroc.<\/p>\n<p><strong>1991: <\/strong>Baccalaur\u00e9at sciences naturelles (major de la promotion) &#8211; Lyc\u00e9e d\u2019A\u00eeoun.<\/p>\n<h4><\/h4>\n<h4><strong>Cursus Professionnelles:<\/strong><\/h4>\n<p>&#8211; 06 ao\u00fbt 2024 : Nomm\u00e9 ministre des affaires islamiques et de l&#8217;enseignement originel.<br \/>\n&#8211; 04 juillet 2023 : ministre de la fonction publique et du travail.<\/p>\n<p><strong>2003 <\/strong>&#8211; <strong>en cours <\/strong>: chercheur \u00e0 l&#8217;Institut Mauritanien de Recherches Oc\u00e9anographiques et des P\u00eaches (IMROP) \u00e0 Nouadhibou.<\/p>\n<h4><\/h4>\n<h4><strong>Exp\u00e9riences:<\/strong><\/h4>\n<p><strong>2003-2010: <\/strong>Supervision des campagnes de recherche scientifique sur les ressources halieutiques et leur environnement \u00e0 bord du navire de recherche \u2018Al-Awam\u2019.<\/p>\n<p><strong>2005 <\/strong>&#8211; <strong>en cours <\/strong>: Participation \u00e0 plusieurs forums li\u00e9s aux ressources marines et leur environnement <strong>2015 <\/strong>&#8211; <strong>en cours <\/strong>: Etude du domaine de l&#8217;environnement c\u00f4tier et de la p\u00eache. Publication des recherches dans des revues scientifiques.<\/p>\n<h4><\/h4>\n<h4><strong>Langues:<\/strong><\/h4>\n<p><strong>Arabe <\/strong>: langue maternelle<\/p>\n<p><strong>Fran\u00e7ais <\/strong>: lu, \u00e9crit et parl\u00e9<\/p>\n<p><strong>Anglais<\/strong> : lu, \u00e9crit et parl\u00e9<\/p>\n","protected":false},"excerpt":{"rendered":"<p>BIOGRAPHIE &nbsp; Nom et pr\u00e9nom : Sidi Yahya Ould Cheikhna Ould Lemrabott Date et lieu de naissance : 1970 \u00e0 Tintane Situation matrimoniale : mari\u00e9 Comp\u00e9tences: Biologiste \u2014 Ecologue sp\u00e9cialis\u00e9 en environnement marin et c\u00f4tier. 11 a consacr\u00e9 sa carri\u00e8re Professionnelle \u00e0 la recherche \u00e0 l&#8217;Institut Mauritanien de Recherche Oc\u00e9anographiques et des P\u00eaches (IMROP) \u00e0 [&hellip;]<\/p>\n","protected":false},"author":1,"featured_media":0,"parent":0,"menu_order":0,"comment_status":"closed","ping_status":"closed","template":"","meta":{"footnotes":""},"class_list":["post-225251","page","type-page","status-publish","hentry"],"_links":{"self":[{"href":"https:\/\/ami.mr\/fr\/wp-json\/wp\/v2\/pages\/225251","targetHints":{"allow":["GET"]}}],"collection":[{"href":"https:\/\/ami.mr\/fr\/wp-json\/wp\/v2\/pages"}],"about":[{"href":"https:\/\/ami.mr\/fr\/wp-json\/wp\/v2\/types\/page"}],"author":[{"embeddable":true,"href":"https:\/\/ami.mr\/fr\/wp-json\/wp\/v2\/users\/1"}],"replies":[{"embeddable":true,"href":"https:\/\/ami.mr\/fr\/wp-json\/wp\/v2\/comments?post=225251"}],"version-history":[{"count":8,"href":"https:\/\/ami.mr\/fr\/wp-json\/wp\/v2\/pages\/225251\/revisions"}],"predecessor-version":[{"id":252038,"href":"https:\/\/ami.mr\/fr\/wp-json\/wp\/v2\/pages\/225251\/revisions\/252038"}],"wp:attachment":[{"href":"https:\/\/ami.mr\/fr\/wp-json\/wp\/v2\/media?parent=225251"}],"curies":[{"name":"wp","href":"https:\/\/api.w.org\/{rel}","templated":true}]}}