{"id":225230,"date":"2023-07-07T09:08:56","date_gmt":"2023-07-07T09:08:56","guid":{"rendered":"https:\/\/ami.mr\/fr\/?page_id=225230"},"modified":"2025-02-12T16:30:49","modified_gmt":"2025-02-12T16:30:49","slug":"aissata-ba-yahya","status":"publish","type":"page","link":"https:\/\/ami.mr\/fr\/aissata-ba-yahya","title":{"rendered":"AISSATA BA YAHYA &#8211; Ministre Conseill\u00e8re \u00e0 la pr\u00e9sidence de la r\u00e9publique"},"content":{"rendered":"<h4 style=\"text-align: center;\"><strong>BIOGRAPHIE<\/strong><\/h4>\n<p><img decoding=\"async\" class=\"size-medium wp-image-225328 alignright\" src=\"https:\/\/ami.mr\/fr\/wp-content\/uploads\/2023\/07\/AissataBa-300x262.jpg\" alt=\"\" width=\"300\" height=\"262\" srcset=\"https:\/\/ami.mr\/fr\/wp-content\/uploads\/2023\/07\/AissataBa-300x262.jpg 300w, https:\/\/ami.mr\/fr\/wp-content\/uploads\/2023\/07\/AissataBa-1024x893.jpg 1024w, https:\/\/ami.mr\/fr\/wp-content\/uploads\/2023\/07\/AissataBa-768x670.jpg 768w, https:\/\/ami.mr\/fr\/wp-content\/uploads\/2023\/07\/AissataBa-1536x1340.jpg 1536w, https:\/\/ami.mr\/fr\/wp-content\/uploads\/2023\/07\/AissataBa-2048x1786.jpg 2048w\" sizes=\"(max-width: 300px) 100vw, 300px\" \/><\/p>\n<p>&nbsp;<\/p>\n<p><strong>Coordonn\u00e9es<\/strong><\/p>\n<p>Adresse : K-Extension<\/p>\n<p>Date de Naissance : 25\/08\/1967<\/p>\n<p>Situation Matrimoniale : Mari\u00e9e<\/p>\n<p>Nationalit\u00e9 : mauritanienne<\/p>\n<p><strong>Formations<\/strong><\/p>\n<p>2020-2022 : Master 2 en Sant\u00e9 publique \u00e0 l\u2019Institut Sant\u00e9 et\u00a0D\u00e9veloppement option suivi \u00e9valuation \u00e0 l\u2019Universit\u00e9 \u00a0Cheikh Anta Diop de Dakar<\/p>\n<p>1996-2000 : Certificat d\u2019\u00e9tudes sp\u00e9ciales en gyn\u00e9cologie Obst\u00e9trique \u00e0 la facult\u00e9 de m\u00e9decine d\u2019Abidjan (c\u00f4te d\u2019ivoire) M\u00e9moire de fin de sp\u00e9cialit\u00e9 : La place de l\u2019\u00e9chographie dans le diagnostic des masses pelviennes gyn\u00e9cologiques.<\/p>\n<p>1995 :Dipl\u00f4me de Docteur d\u2019Etat en M\u00e9decine \u00e0 la Facult\u00e9 de M\u00e9decine d\u2019Abidjan (c\u00f4te d\u2019ivoire) sur le sujet :Diagnostic bact\u00e9riologique de la Nocardiose Pulmonaire chez le sujet s\u00e9ropositif (VIH+).<\/p>\n<p>1987-1994: \u00a0PCEM1, PCEM2, DCEM1, DCEM2, DCEM3, DCEM4,\u00a0Internat et th\u00e8se de doctorat d\u2019\u00e9tat \u00e0 la facult\u00e9 de M\u00e9decine d\u2019Abidjan.<\/p>\n<p>1986-1987 :Baccalaur\u00e9at au lyc\u00e9e National de Nouakchott<\/p>\n<p><strong><span style=\"font-family: 'Bookman Old Style','serif'; letter-spacing: -.1pt;\">Exp\u00e9riences<\/span><\/strong><\/p>\n<p>2022-en cours : Pr\u00e9sidente de l\u2019Association Mauritanienne SOS Femmes Rurales (AMSFR)<\/p>\n<p>2018- 2019 : Directrice de la Sant\u00e9 de Base et Nutrition (DSBN), Minist\u00e8re de la sant\u00e9, Nouakchott, sous sa tutelle : Programme de la Sant\u00e9 Reproduction, Nutrition, Sant\u00e9 Mentale,<\/p>\n<p>Direction r\u00e9gionaux de la sant\u00e9, Programme Elargi de Vaccination,<\/p>\n<p>Education pour la Sant\u00e9<\/p>\n<p>2009-2018 : Directrice du Centre Hospitalier M\u00e8re et Enfant de Nouakchott<\/p>\n<p>Mise sur pied de l&#8217;h\u00f4pital, \u00e9quipements, fonctionnement de services,<\/p>\n<p>Gestion du Centre hospitalierInt\u00e9gration de plusieurs services :<\/p>\n<ul>\n<li>Unit\u00e9 de prise en charge des services PF UNFPA, Int\u00e9gration de la dr\u00e9panocytose dans les protocoles de prise en charge \/ Sant\u00e9 Sud<\/li>\n<li>Unit\u00e9 de prise en charge m\u00e9dicales et chirurgicale des fistules obst\u00e9tricales avec un accompagnement psycho-sociale des patients \/ UNFPA<\/li>\n<li>Unit\u00e9 de prise en charge des violences faites aux femmes, accompagnement psycho-sociale, et prise en charge m\u00e9dicales et chirurgicale<\/li>\n<li>Unit\u00e9 de prise en charge des fentes labio palatine, \/ Smile Train<\/li>\n<\/ul>\n<p>D\u00e9marrage des activit\u00e9s d\u2019audit des d\u00e9c\u00e8s maternels et p\u00e9rinatales avec l\u2019ASMAGO\u00a0 au CHME (audit de tous les d\u00e9c\u00e8s maternels survenus dans les centres hospitaliers de Nouakchott et de l\u2019int\u00e9rieur) avec suivi des recommandations au niveau des \u00e9tablissements hospitaliers par l\u2019ASMAGO.<\/p>\n<p>2016-2017 : Pr\u00e9sidente de l\u2019Association Magr\u00e9bine des Gyn\u00e9cologie\u00a0\u00a0 Obst\u00e9trique<\/p>\n<p>2014-2017 : Pr\u00e9sidente de l\u2019Association Mauritanienne des Gyn\u00e9cologues \u00a0\u00a0\u00a0\u00a0Obst\u00e9triques<\/p>\n<p>&nbsp;<\/p>\n<p>2007\u20132009 : Gyn\u00e9cologue Obst\u00e9tricienne au Centre Hospitalier National de Nouakchott, service Maternit\u00e9.<\/p>\n<p>2003-2007 : Pr\u00e9sidente Fondatrice de l\u2019Association Mauritanienne SOS Femmes Rurales (AMSFR)<\/p>\n<ul>\n<li>Mise en place de l&#8217;association,<\/li>\n<li>Identification de projets<\/li>\n<li>Projets : Campagnes sur les fistules (minist\u00e8re sant\u00e9), sensibilisation sur les MGF, mariage des enfants et la dr\u00e9panocytose, projet pare-feux (PNUD), mise en place du projet forage (Outside), coordination d&#8217;OSC de la soci\u00e9t\u00e9 civile sur la SR ;<\/li>\n<\/ul>\n<p>2006-2001 : Gyn\u00e9cologue obst\u00e9tricienne en service \u00e0 l\u2019H\u00f4pital Cheikh Zayed service maternit\u00e9<\/p>\n<p><strong>Comp\u00e9tences m\u00e9dicales et autres<\/strong><strong>\u00a0<\/strong><\/p>\n<ul>\n<li>Prise en charge des st\u00e9rilit\u00e9s du couple<\/li>\n<li>L\u2019\u00e9chographie<\/li>\n<li>La colposcopie et le d\u00e9pistage du cancer du col<\/li>\n<li>Le suivi et la prise en charge des grossesses \u00e0 haut risque<\/li>\n<li>L\u2019informatique<\/li>\n<li>Au plan Associatif : Pr\u00e9sidente de l\u2019association<\/li>\n<li>Mauritanienne \u2033SOS Femme Rurale\u2033<\/li>\n<li>Membre d\u2019honneur du coll\u00e8ge fran\u00e7ais de gyn\u00e9cologie obst\u00e9trique<\/li>\n<\/ul>\n<p><strong>Langues<\/strong><\/p>\n<p><strong>Arabe<\/strong> : tr\u00e8s bien lu, parl\u00e9, \u00e9crit<\/p>\n<p><strong>Fran\u00e7ais<\/strong> : tr\u00e8s bien lu, parl\u00e9, \u00e9crit<\/p>\n<p><strong>Anglais<\/strong> : niveau moyen<\/p>\n<p><strong>Peul<\/strong> : langue maternelle, tr\u00e8s bien lu, parl\u00e9, \u00e9crit<\/p>\n<p><strong>Wolof<\/strong> : niveau moyen<\/p>\n","protected":false},"excerpt":{"rendered":"<p>BIOGRAPHIE &nbsp; Coordonn\u00e9es Adresse : K-Extension Date de Naissance : 25\/08\/1967 Situation Matrimoniale : Mari\u00e9e Nationalit\u00e9 : mauritanienne Formations 2020-2022 : Master 2 en Sant\u00e9 publique \u00e0 l\u2019Institut Sant\u00e9 et\u00a0D\u00e9veloppement option suivi \u00e9valuation \u00e0 l\u2019Universit\u00e9 \u00a0Cheikh Anta Diop de Dakar 1996-2000 : Certificat d\u2019\u00e9tudes sp\u00e9ciales en gyn\u00e9cologie Obst\u00e9trique \u00e0 la facult\u00e9 de m\u00e9decine d\u2019Abidjan (c\u00f4te [&hellip;]<\/p>\n","protected":false},"author":1,"featured_media":0,"parent":0,"menu_order":0,"comment_status":"closed","ping_status":"closed","template":"","meta":{"footnotes":""},"class_list":["post-225230","page","type-page","status-publish","hentry"],"_links":{"self":[{"href":"https:\/\/ami.mr\/fr\/wp-json\/wp\/v2\/pages\/225230","targetHints":{"allow":["GET"]}}],"collection":[{"href":"https:\/\/ami.mr\/fr\/wp-json\/wp\/v2\/pages"}],"about":[{"href":"https:\/\/ami.mr\/fr\/wp-json\/wp\/v2\/types\/page"}],"author":[{"embeddable":true,"href":"https:\/\/ami.mr\/fr\/wp-json\/wp\/v2\/users\/1"}],"replies":[{"embeddable":true,"href":"https:\/\/ami.mr\/fr\/wp-json\/wp\/v2\/comments?post=225230"}],"version-history":[{"count":6,"href":"https:\/\/ami.mr\/fr\/wp-json\/wp\/v2\/pages\/225230\/revisions"}],"predecessor-version":[{"id":264844,"href":"https:\/\/ami.mr\/fr\/wp-json\/wp\/v2\/pages\/225230\/revisions\/264844"}],"wp:attachment":[{"href":"https:\/\/ami.mr\/fr\/wp-json\/wp\/v2\/media?parent=225230"}],"curies":[{"name":"wp","href":"https:\/\/api.w.org\/{rel}","templated":true}]}}