{"id":205384,"date":"2022-09-08T11:01:25","date_gmt":"2022-09-08T11:01:25","guid":{"rendered":"https:\/\/ami.mr\/fr\/?page_id=205384"},"modified":"2023-07-12T09:18:50","modified_gmt":"2023-07-12T09:18:50","slug":"moulaye-ould-mohamed-laghdh","status":"publish","type":"page","link":"https:\/\/ami.mr\/fr\/moulaye-ould-mohamed-laghdh","title":{"rendered":"Moulaye Ould Mohamed Laghdhaf &#8211; Ministre Secr\u00e9taire g\u00e9n\u00e9ral de la Pr\u00e9sidence de la R\u00e9publique"},"content":{"rendered":"<h4 style=\"text-align: center;\"><strong>BIOGRAPHY<\/strong><\/h4>\n<p><img decoding=\"async\" class=\"size-medium wp-image-225642 alignright\" src=\"https:\/\/ami.mr\/fr\/wp-content\/uploads\/2023\/07\/\u0645\u0648\u0644\u0627\u064a-\u0645\u062d\u0645\u062f-\u0644\u063a\u0638\u0641-300x271.jpg\" alt=\"\" width=\"300\" height=\"271\" srcset=\"https:\/\/ami.mr\/fr\/wp-content\/uploads\/2023\/07\/\u0645\u0648\u0644\u0627\u064a-\u0645\u062d\u0645\u062f-\u0644\u063a\u0638\u0641-300x271.jpg 300w, https:\/\/ami.mr\/fr\/wp-content\/uploads\/2023\/07\/\u0645\u0648\u0644\u0627\u064a-\u0645\u062d\u0645\u062f-\u0644\u063a\u0638\u0641.jpg 469w\" sizes=\"(max-width: 300px) 100vw, 300px\" \/><\/p>\n<p>&nbsp;<\/p>\n<p>&nbsp;<\/p>\n","protected":false},"excerpt":{"rendered":"<p>BIOGRAPHY &nbsp; &nbsp;<\/p>\n","protected":false},"author":1,"featured_media":0,"parent":0,"menu_order":0,"comment_status":"closed","ping_status":"closed","template":"","meta":{"footnotes":""},"class_list":["post-205384","page","type-page","status-publish","hentry"],"_links":{"self":[{"href":"https:\/\/ami.mr\/fr\/wp-json\/wp\/v2\/pages\/205384","targetHints":{"allow":["GET"]}}],"collection":[{"href":"https:\/\/ami.mr\/fr\/wp-json\/wp\/v2\/pages"}],"about":[{"href":"https:\/\/ami.mr\/fr\/wp-json\/wp\/v2\/types\/page"}],"author":[{"embeddable":true,"href":"https:\/\/ami.mr\/fr\/wp-json\/wp\/v2\/users\/1"}],"replies":[{"embeddable":true,"href":"https:\/\/ami.mr\/fr\/wp-json\/wp\/v2\/comments?post=205384"}],"version-history":[{"count":4,"href":"https:\/\/ami.mr\/fr\/wp-json\/wp\/v2\/pages\/205384\/revisions"}],"predecessor-version":[{"id":225643,"href":"https:\/\/ami.mr\/fr\/wp-json\/wp\/v2\/pages\/205384\/revisions\/225643"}],"wp:attachment":[{"href":"https:\/\/ami.mr\/fr\/wp-json\/wp\/v2\/media?parent=205384"}],"curies":[{"name":"wp","href":"https:\/\/api.w.org\/{rel}","templated":true}]}}