{"id":205323,"date":"2022-09-07T16:41:32","date_gmt":"2022-09-07T16:41:32","guid":{"rendered":"https:\/\/ami.mr\/fr\/?page_id=205323"},"modified":"2025-02-10T11:43:06","modified_gmt":"2025-02-10T11:43:06","slug":"nani-ould-chrougha","status":"publish","type":"page","link":"https:\/\/ami.mr\/fr\/nani-ould-chrougha","title":{"rendered":"Nani Ould Chrougha &#8211; Ministre charg\u00e9 du cabinet du pr\u00e9sident de la r\u00e9publique"},"content":{"rendered":"<h4 style=\"text-align: center;\"><strong>BIOGRAPHIE<\/strong><\/h4>\n<p><img decoding=\"async\" class=\"size-medium wp-image-225339 alignright\" src=\"https:\/\/ami.mr\/fr\/wp-content\/uploads\/2023\/07\/\u0627\u0644\u0646\u0627\u0646\u064a-\u0648\u0644\u062f\u0627\u0634\u0631\u0648\u0642\u0647-300x240.jpg\" alt=\"\" width=\"300\" height=\"240\" srcset=\"https:\/\/ami.mr\/fr\/wp-content\/uploads\/2023\/07\/\u0627\u0644\u0646\u0627\u0646\u064a-\u0648\u0644\u062f\u0627\u0634\u0631\u0648\u0642\u0647-300x240.jpg 300w, https:\/\/ami.mr\/fr\/wp-content\/uploads\/2023\/07\/\u0627\u0644\u0646\u0627\u0646\u064a-\u0648\u0644\u062f\u0627\u0634\u0631\u0648\u0642\u0647-768x614.jpg 768w, https:\/\/ami.mr\/fr\/wp-content\/uploads\/2023\/07\/\u0627\u0644\u0646\u0627\u0646\u064a-\u0648\u0644\u062f\u0627\u0634\u0631\u0648\u0642\u0647.jpg 800w\" sizes=\"(max-width: 300px) 100vw, 300px\" \/><\/p>\n<p><strong><em>Nom &amp; Pr\u00e9nom <\/em><\/strong>:\u00a0\u00a0\u00a0\u00a0 CHROUGHA Nani<\/p>\n<p><strong><em>Date de naissance<\/em><\/strong>\u00a0: 1964<\/p>\n<p><strong><em>Profession<\/em><\/strong> : Professeur d\u2019Universit\u00e9<\/p>\n<p>Mari\u00e9 et p\u00e8re de 5 enfants<\/p>\n<p><strong>Formation:<\/strong><\/p>\n<p>Juillet 95 : <strong>DOCTORAT<\/strong> d<strong><em>\u2019AUTOMATIQUE<\/em><\/strong>. Laboratoire d&#8217;Automatique et de Productique. Universit\u00e9 Bordeaux 1 &#8211; France.<\/p>\n<p>Juin 95 : <strong>D.E.E.S\u00a0<\/strong>: Dipl\u00f4me d\u2019Etudes Sup\u00e9rieures Sp\u00e9cialis\u00e9es <em>en \u00ab <strong>MANAGEMENT DES ORGANISATIONS ET ENTREPRISES DE SERVICE PUBLIC <\/strong><\/em>\u00bb. Institut d&#8217;Etudes Politiques de Bordeaux (IEP) &#8211; France.<\/p>\n<p>Juin 91 : <strong>DEA\u00a0: Dipl\u00f4me d\u2019Etudes Approfondies<\/strong> en AUTOMATIQUE\/INFORMATIQUE INDUSTRIELLE. Laboratoire d&#8217;Automatique et de Productique. Universit\u00e9 Bordeaux 1 \u2013 France.<\/p>\n<p>Juin 90 : <strong>MAITRISE Electronique, Electrotechnique, Automatique<\/strong> (E.E.A.). Universit\u00e9 d&#8217;Orl\u00e9ans &#8211; France.<\/p>\n<p>Juin 89 : <strong>LICENCE Electronique, Electrotechnique, Automatique<\/strong> (E.E.A.). Universit\u00e9 d&#8217;Orl\u00e9ans- France.<\/p>\n<p>Juin 88 : <strong>DEUG A<\/strong>. Universit\u00e9 de Perpignan &#8211; France.<\/p>\n<p>Juin 86 : <strong>BACCALAUREAT s\u00e9rie C<\/strong> (Lyc\u00e9e de Nouakchott, Mauritanie).<\/p>\n<p><strong>Fonctions occup\u00e9es:<\/strong><\/p>\n<ul>\n<li><strong>06 Aout 2024, Ministre charg\u00e9 du cabinet du pr\u00e9sident de la r\u00e9publique .<\/strong><\/li>\n<li><strong>Juillet 2023 au 5 Aout 2024, Ministre du p\u00e9trole, des mines et de l\u2019\u00e9nergie.<\/strong><\/li>\n<li><strong>Septembre 2022-Juillet 2023, ministre de l\u2019Equipement et des Transports, porte-parole du Gouvernement.<\/strong><\/li>\n<li><strong>Avril 2022 \u00e0 Septembre 2022\u00a0: Conseiller du Pr\u00e9sident de la R\u00e9publique, Pr\u00e9sidence de la R\u00e9publique<\/strong><\/li>\n<li><strong>Du 8 Ao\u00fbt 2019 au 3 ao\u00fbt 2020\u00a0: Ministre des P\u00eaches et de l\u2019Economie Maritime-Mauritanie<\/strong><\/li>\n<li>R\u00e9vision de la convention collective r\u00e9gissant les gens de mer<\/li>\n<li>Mise \u00e0 jour de la strat\u00e9gie des p\u00eaches et de l\u2019\u00e9conomie maritime<\/li>\n<li>D\u00e9finition des bases de ren\u00e9gociation des accords de p\u00eache avec l\u2019union europ\u00e9enne<\/li>\n<li><strong>Du 1 novembre 2018 au 8 Aout 2019\u00a0: Ministre de l\u2019Habitat, de l\u2019Urbanisme et de l\u2019Am\u00e9nagement du Territoire<\/strong><\/li>\n<li>Elaboration d\u2019un plan d\u2019actions sur trois ans<\/li>\n<li>Finalisation du sch\u00e9ma directeur de la ville Nouakchott<\/li>\n<li>Signature d\u2019une convention cadre pour la r\u00e9alisation et la validation des plans de recollement de la ville de Nouakchott et des capitales r\u00e9gionales<\/li>\n<li>Elaboration ou lancement et\/ou attribution d\u2019appels d\u2019offres pour la construction de b\u00e2timents administratifs (Si\u00e8ge du Conseil constitutionnel et de l\u2019Assembl\u00e9e Nationale, Extension h\u00f4pital national et m\u00e8re enfants, etc.)<\/li>\n<li><strong>Du 13 f\u00e9vrier 2014\u00a0au 31 novembre 2018\u00a0: Ministre des P\u00eaches et de l\u2019Economie Maritime-Mauritanie<\/strong><\/li>\n<li>Elaboration et approbation d\u2019une nouvelle strat\u00e9gie des p\u00eaches changeant le paradigme de gestion jusqu\u2019ici utilis\u00e9 dans le secteur<\/li>\n<li>R\u00e9daction et adoption d\u2019un nouveau code des p\u00eaches 017\/2015 du 29 juillet 2015 consacrant la gestion par quota du secteur arr\u00eat\u00e9<\/li>\n<li>Elaboration et approbation du d\u00e9cret N*159\/2015 de la 01\/10\/2015 portante application du code des p\u00eaches cit\u00e9<\/li>\n<li>Elaboration et approbation des textes d\u2019application du d\u00e9cret (arr\u00eat\u00e9s, d\u00e9cisions, circulaire, etc.)<\/li>\n<li>Elaboration et approbation du D\u00e9cret 2015-176 du 041215_modalit\u00e9s de fixation du droit d\u2019acc\u00e8s \u00e0 la ressource.<\/li>\n<li>Elaboration du d\u00e9cret N* 27\/2017 du 6 mars 2017 portant R\u00e9forme du syst\u00e8me de commercialisation des produits de p\u00eache destin\u00e9s \u00e0 l\u2019exportation par la Soci\u00e9t\u00e9 Mauritanienne de Commercialisation du poissons (SMCP)<\/li>\n<li>R\u00e9forme du projet COMECA de construction de bateaux c\u00f4tiers et Elaboration du d\u00e9cret 207\/2014 du 31 \/12\/14 de sa transformation en \u00e9tablissement industriel et commercial<\/li>\n<li>R\u00e9forme du march\u00e9 de Poisson de Nouakchott et sa transformation en \u00e9tablissement public industriel et commercial par d\u00e9cret n\u00b0 115\/2014 du 31 juillet 2014.<\/li>\n<li>Transformation du projet de construction du port de Tanite en un \u00e9tablissement public industriel et commercial par D\u00e9cret n\u00b02018-153.<\/li>\n<li>Conception et mise en place d\u2019un syst\u00e8me de gestion int\u00e9gr\u00e9e de la ressource au niveau de l\u2019administration centrale du d\u00e9partement<\/li>\n<li>Mise en place d\u2019un observatoire des p\u00eaches adoss\u00e9 \u00e0 un syst\u00e8me de donn\u00e9es statistiques pour le suivi et l\u2019\u00e9valuation des performances du secteur<\/li>\n<li><strong>du 5 octobre 2010 au 13 octobre 20<strong><strong>1<\/strong><\/strong>4 : Pr\u00e9sident de l\u2019Autorit\u00e9 de r\u00e9gulation multisectorielle <\/strong><\/li>\n<li>Elaboration et adoption de la loi 025\/2013 du 15 juillet 2013 portant sur les communications \u00e9lectroniques<\/li>\n<li>D\u00e9cret N\u00b02014-066 portant\u00a0sur la d\u00e9finition des conditions g\u00e9n\u00e9rales d&#8217;interconnexion et d&#8217;acc\u00e8s aux r\u00e9seaux et services de communications \u00e9lectroniques.<\/li>\n<li>D\u00e9cret N\u00b02014-065 portant\u00a0sur le r\u00e9gime des activit\u00e9s de communications \u00e9lectroniques et sur les modalit\u00e9s d&#8217;octroi des licences et des autorisations.<\/li>\n<li>D\u00e9cret N\u00b02012-0114 relatif aux conditions g\u00e9n\u00e9rales de fixation de la contribution annuelle au financement de l\u2019acc\u00e8s universel aux services de base<\/li>\n<li>Cr\u00e9ation d\u2019un r\u00e9seau de centres de contr\u00f4le du spectre national des fr\u00e9quences<\/li>\n<li>Elaboration et approbation du D\u00e9cret n\u00b0 2011-154 fixant un seuil minimum pour la tarification des communications t\u00e9l\u00e9phoniques internationales entrantes en R\u00e9publique Islamique de Mauritanie<\/li>\n<li><strong>De F\u00e9vrier 2010 au 31 d\u00e9cembre 2010\u00a0: membre du comit\u00e9 de mise en place d\u2019un syst\u00e8me national d\u2019identification biom\u00e9trique\u00a0:<\/strong><\/li>\n<li>Pr\u00e9sident du sous-comit\u00e9 technique d\u2019\u00e9valuation des offres<\/li>\n<li>Rapporteur technique de la commission<\/li>\n<li>Membre du comit\u00e9 technique de pilotage de l\u2019agence<\/li>\n<li><strong>Du 8 mars 2009 au 5 Octobre 2010\u00a0: Directeur G\u00e9n\u00e9ral de l\u2019Agence de Promotion de l\u2019acc\u00e8s Universel aux Services de Base.<\/strong><\/li>\n<li>Elaboration d\u2019un programme d\u2019actions pour\u00a0:<\/li>\n<li>assurer un d\u00e9marrage effectif des projets ayant fait l\u2019objet d\u2019engagements sign\u00e9s et n\u2019ayant pas encore d\u00e9marr\u00e9<\/li>\n<li>apurer la situation des engagements de l\u2019APAUS en mati\u00e8re d\u2019ex\u00e9cution et de parach\u00e8vement des projets r\u00e9alis\u00e9s sur les fonds propres de l\u2019agence<\/li>\n<li>assainir la situation des engagements contractuels avec les partenaires au d\u00e9veloppement (UE, FADES et Autres)<\/li>\n<li>Cr\u00e9er une nouvelle dynamique de travail<\/li>\n<li>P\u00e9renniser les programmes r\u00e9alis\u00e9s dans le cadre l\u2019acc\u00e8s universel aux services via la promotion des Partenariat Public Priv\u00e9<\/li>\n<li><strong>Du 8 septembre 2007 au 18 mai 2008\u00a0: Directeur de Cabinet du Premier Ministre<\/strong><\/li>\n<li>R\u00e9organisation du cabinet en institutionnalisant le poste de Directeur de cabinet Adjoint et concentrer l\u2019action du cabinet sur la coordination de l\u2019action du gouvernement<\/li>\n<li>Elaboration et mise en place d\u2019un syst\u00e8me de reporting pour le suivi des plans d\u2019actions des d\u00e9partements minist\u00e9riels<\/li>\n<li><strong>Du 26 Mai 2005 au 8 septembre 2007<\/strong>: <em>Directeur G\u00e9n\u00e9ral du Groupement Interbancaire de Mon\u00e9tique et des Transactions Electroniques (GIMTEL<\/em>).<\/li>\n<li>Ordonnance 2006-031 relative aux instruments de paiements et aux op\u00e9rations du commerce \u00e9lectroniques<\/li>\n<li><strong>I<\/strong>nstruction portant mise en application de certaines dispositions de l\u2019ordonnance 2006-031 relative aux instruments de paiements et aux op\u00e9rations du commerce \u00e9lectroniques<\/li>\n<li>R\u00e9daction du cahier des charges, commande des \u00e9quipements, installation et mise en fonctionnement du switch mon\u00e9tique Mauritanie<\/li>\n<li>Certification aux normes de s\u00e9curit\u00e9 EMV et int\u00e9gration des cartes de VISA International<\/li>\n<li><strong>Du 15 F\u00e9vrier au 26 MAI 2005: Coordinateur National du Projet de Mon\u00e9tique en Mauritanie. Banque Centrale de Mauritanie.<\/strong><\/li>\n<li>Elaboration de l\u2019\u00e9tude de faisabilit\u00e9 technico-\u00e9conomique d\u2019un Centre Interbancaire de mon\u00e9tique et de transactions \u00e9lectroniques.<\/li>\n<li>R\u00e9daction des textes instituant le Groupement Interbancaire de Mon\u00e9tique et des Transactions Electroniques (GIMTEL et pilotage de sa mise en \u0153uvre)<\/li>\n<li><strong>Du 14 f\u00e9vrier 2001au 1 F\u00e9vrier 2005 :<\/strong> Directeur de la Formation, de la Recherche et de la Veille Technologiques au Secr\u00e9tariat d\u2019Etat aupr\u00e8s du Premier Ministre Charg\u00e9 des Technologies Nouvelles. Mauritanie\u00a0:<\/li>\n<li><strong>D\u2019avril 1999 au 14 f\u00e9vrier 2001 :<\/strong> Conseiller charg\u00e9 des \u00e9tudes aupr\u00e8s du Recteur de l\u2019Universit\u00e9 de Nouakchott.<\/li>\n<li>Participation a la lecture critique des r\u00e9sultats de l\u2019\u00e9tude relative \u00e0 la restructuration du secteur de l\u2019enseignement sup\u00e9rieur r\u00e9alis\u00e9 par le BIEF<\/li>\n<li>R\u00e9daction de plusieurs requ\u00eates de financement.<\/li>\n<li><strong>De septembre 1997 au f\u00e9vrier 2001 : Coordinateur de fili\u00e8re d\u2019enseignement \u00e0 la facult\u00e9 des sciences et techniques.<\/strong><\/li>\n<li><strong>Depuis ao\u00fbt 1996\u00a0: Professeur \u00e0 la Facult\u00e9 des Sciences et Techniques de l\u2019Universit\u00e9 de Nouakchott \u2013 Mauritanie.<\/strong><\/li>\n<li><strong>D\u2019octobre 1993 \u00e0 juin 1995\u00a0: Attach\u00e9 Temporaire d\u2019Enseignement et de Recherche (ATER) \u00e0 l\u2019institut universitaire de technologie \u00ab\u00a0A\u00a0\u00bb de l\u2019universit\u00e9 de Bordeaux 1 \u2013 France.<\/strong><\/li>\n<li><strong>D\u2019octobre 1991 \u00e0 octobre 1993\u00a0: Ing\u00e9nieur de recherche \u00e0 AUGRAI- Bordeaux \u2013 France.<\/strong><\/li>\n<li><strong>De Janvier 1996 \u00e0 Janvier 2001\u00a0: Consultant ind\u00e9pendant <\/strong><\/li>\n<\/ul>\n","protected":false},"excerpt":{"rendered":"<p>BIOGRAPHIE Nom &amp; Pr\u00e9nom :\u00a0\u00a0\u00a0\u00a0 CHROUGHA Nani Date de naissance\u00a0: 1964 Profession : Professeur d\u2019Universit\u00e9 Mari\u00e9 et p\u00e8re de 5 enfants Formation: Juillet 95 : DOCTORAT d\u2019AUTOMATIQUE. Laboratoire d&#8217;Automatique et de Productique. Universit\u00e9 Bordeaux 1 &#8211; France. Juin 95 : D.E.E.S\u00a0: Dipl\u00f4me d\u2019Etudes Sup\u00e9rieures Sp\u00e9cialis\u00e9es en \u00ab MANAGEMENT DES ORGANISATIONS ET ENTREPRISES DE SERVICE PUBLIC [&hellip;]<\/p>\n","protected":false},"author":1,"featured_media":0,"parent":0,"menu_order":0,"comment_status":"closed","ping_status":"closed","template":"","meta":{"footnotes":""},"class_list":["post-205323","page","type-page","status-publish","hentry"],"_links":{"self":[{"href":"https:\/\/ami.mr\/fr\/wp-json\/wp\/v2\/pages\/205323","targetHints":{"allow":["GET"]}}],"collection":[{"href":"https:\/\/ami.mr\/fr\/wp-json\/wp\/v2\/pages"}],"about":[{"href":"https:\/\/ami.mr\/fr\/wp-json\/wp\/v2\/types\/page"}],"author":[{"embeddable":true,"href":"https:\/\/ami.mr\/fr\/wp-json\/wp\/v2\/users\/1"}],"replies":[{"embeddable":true,"href":"https:\/\/ami.mr\/fr\/wp-json\/wp\/v2\/comments?post=205323"}],"version-history":[{"count":12,"href":"https:\/\/ami.mr\/fr\/wp-json\/wp\/v2\/pages\/205323\/revisions"}],"predecessor-version":[{"id":264646,"href":"https:\/\/ami.mr\/fr\/wp-json\/wp\/v2\/pages\/205323\/revisions\/264646"}],"wp:attachment":[{"href":"https:\/\/ami.mr\/fr\/wp-json\/wp\/v2\/media?parent=205323"}],"curies":[{"name":"wp","href":"https:\/\/api.w.org\/{rel}","templated":true}]}}