{"id":205319,"date":"2022-09-07T16:24:16","date_gmt":"2022-09-07T16:24:16","guid":{"rendered":"https:\/\/ami.mr\/fr\/?page_id=205319"},"modified":"2025-09-19T21:11:55","modified_gmt":"2025-09-19T21:11:55","slug":"niang-mamoudou","status":"publish","type":"page","link":"https:\/\/ami.mr\/fr\/niang-mamoudou","title":{"rendered":"Mamoudou Mamadou Niang &#8211; Ministre des Domaines, du Patrimoine de l\u2019Etat et de la R\u00e9forme Fonci\u00e8re"},"content":{"rendered":"<p><img decoding=\"async\" class=\"size-medium wp-image-205402 alignleft\" src=\"https:\/\/ami.mr\/fr\/wp-content\/uploads\/2022\/09\/WhatsApp-Image-2022-09-08-at-15.13.21-300x135.jpeg\" alt=\"\" width=\"300\" height=\"135\" srcset=\"https:\/\/ami.mr\/fr\/wp-content\/uploads\/2022\/09\/WhatsApp-Image-2022-09-08-at-15.13.21-300x135.jpeg 300w, https:\/\/ami.mr\/fr\/wp-content\/uploads\/2022\/09\/WhatsApp-Image-2022-09-08-at-15.13.21.jpeg 640w\" sizes=\"(max-width: 300px) 100vw, 300px\" \/><\/p>\n<p><strong>Nom et pr\u00e9nom<\/strong>\u00a0: NIANG MAMOUDOU<\/p>\n<p><strong>Profession<\/strong>\u00a0: Ing\u00e9nieur g\u00e9nie civil<\/p>\n<p><strong>Date de naissance<\/strong>\u00a0: 1962<\/p>\n<p><strong>Nationalit\u00e9<\/strong>\u00a0: Mauritanienne<\/p>\n<p>&nbsp;<\/p>\n<p>18 Septembre 2025 : Ministre des Domaines, du Patrimoine de l\u2019Etat et de la R\u00e9forme Fonci\u00e8re .<\/p>\n<p>06 Aout 2024 au 18 Septembre 2025 :\u00a0<span class=\"h-text main-link\">Ministre de l\u2019Habitat, de l\u2019Urbanisme et de l\u2019Am\u00e9nagement du Territoire.<\/span><\/p>\n<p>04 Juillet 2023 au 06 Aout 2024 : <span class=\"h-text main-link\">Ministre de l\u2019Enseignement Sup\u00e9rieur et de la Recherche Scientifique<\/span><\/p>\n<p>2006 &#8211; 2022 : D\u00e9put\u00e9 \u00e0 l\u2019Assembl\u00e9e Nationale (Trois Mandats).<\/p>\n<p>2009 &#8211; 2011 : Adjoint du pr\u00e9sident de l&#8217;assembl\u00e9e Nationale.<\/p>\n<p><strong>Principales qualifications\u00a0:<\/strong><\/p>\n<ul>\n<li>Conception et r\u00e9alisation des projets routiers<\/li>\n<li>Am\u00e9nagements des infrastructures hydro-agricoles.<\/li>\n<li>Ouvrages de franchissement et ouvrages d\u2019art<\/li>\n<li>Etudes et investigations g\u00e9otechniques<\/li>\n<li>Contr\u00f4le de l\u2019ex\u00e9cution des travaux d&#8217;am\u00e9nagement.<\/li>\n<li>.Pr\u00e9paration des programmes de r\u00e9alisation des travaux d\u2019entretien routier<\/li>\n<\/ul>\n<p><strong>Education\u00a0: <\/strong><\/p>\n<ul>\n<li>1970 \u2013 1976 : Ecole primaire \u00e0 Maghama<\/li>\n<li>1976 \u2013 1979\u00a0: Ecole secondaire (Coll\u00e8ge) \u00e0 Bogh\u00e9.<\/li>\n<li>1979 &#8211; 1983\u00a0: Ecole secondaire (Coll\u00e8ge) \u00e0 Bogh\u00e9.<\/li>\n<li>1979 \u2013 1983\u00a0: Ecole secondaire (Lyc\u00e9e) \u00e0 Rosso<\/li>\n<li>1983 \u2013 1987\u00a0: Etude sup\u00e9rieure ENSTP (Ecole Nationale Sup\u00e9rieure des Travaux Publics de Yamoussoukro).<\/li>\n<\/ul>\n<h4 style=\"padding-left: 200px;\"><strong><em>Ing\u00e9nieur g\u00e9nie civil sp\u00e9cialit\u00e9 routes<\/em><\/strong><\/h4>\n<p><strong>Exp\u00e9rience professionnelle\u00a0:<\/strong><\/p>\n<ul>\n<li>1986 : Stage &#8211; C\u00f4te d&#8217;Ivoire<\/li>\n<\/ul>\n<p>Objet : Renforcement route Bouafi\u00e9 \u2013 Dalao<\/p>\n<p>En charge : Identification et classification des Mat\u00e9riaux de zones d\u2019emprunt pour la couche de base.<\/p>\n<ul>\n<li>\u00a0 \u00a0 Essais sur la couche de base (compacit\u00e9, C.B.R)<\/li>\n<li>\u00a0 \u00a0Essais sur la couche de base stabilis\u00e9e au ciment\u2026<\/li>\n<li>\u00a0 Essais sur des agr\u00e9gats pour la composition de l&#8217;enrob\u00e9 (sable et gravier).<\/li>\n<li>1987 : Projet fin Etudes &#8211; C\u00f4te d&#8217;Ivoire.<\/li>\n<\/ul>\n<p>Objet :\u00a0\u00a0 Route c\u00f4ti\u00e8re transafricaine reliant &#8211; Nouakchott Libreville zone C\u00f4te d&#8217;ivoire tron\u00e7on SAN PEDRO .16 km<\/p>\n<p>En charge : -D\u00e9termination du trac\u00e9 en plan, profil en long.<\/p>\n<ul>\n<li>Dimensionnement des ouvrages et de profil en travers. &#8211; Estimation du co\u00fbt.<\/li>\n<li>Planning de l&#8217;ex\u00e9cution des travaux.<\/li>\n<\/ul>\n<p>Mauritanie :<\/p>\n<ul>\n<li>1988 &#8211; 1989 :- SODESE : Ma\u00eetre d&#8217;ouvrages Mairie de Nouadhibou<\/li>\n<li>Objet :\u00a0\u00a0 &#8211; Contr\u00f4le de travaux Voirie de Nouadhibou<\/li>\n<li>En charge : calcul des cubatures<\/li>\n<li>estimation des co\u00fbts<\/li>\n<\/ul>\n<p>1991 &#8211; 1993 &#8211; SODESE &#8211; GERSAR Ma\u00eetre d&#8217;ouvrages SONADER<\/p>\n<p>Objet :\u00a0 -Ex\u00e9cution des travaux de 22 Ouvrages, de 4 p\u00e9rim\u00e8tres et des Endiguement de 6 km (Moyens p\u00e9rim\u00e8tres Ka\u00e9di-Gouraye) \u2013 Financement : BAD.<\/p>\n<p>En charge : -Expertise, r\u00e9vision Etudes. APD et contr\u00f4le des travaux<\/p>\n<p>-V\u00e9rification des plans d&#8217;ex\u00e9cution des ouvrages et de notes de calculs<\/p>\n<p>-V\u00e9rification des mat\u00e9riaux pour les b\u00e9tons et les remblais.<\/p>\n<p>-Calcul de cubature et m\u00e9tr\u00e9 des ouvrages.<\/p>\n<p>&#8211; V\u00e9rification des d\u00e9comptes<\/p>\n<p>&nbsp;<\/p>\n<p>1993 &#8211; 1995 : SODESE &#8211; SABOUR. Pour le Minist\u00e8re de l&#8217;Equipement<\/p>\n<p>Objet :\u00a0 -Route Nouakchott &#8211; Akjoujt &#8211; Atar.<\/p>\n<p>En charge :-Chef d&#8217;\u00e9quipe laboratoire pour la r\u00e9alisation des essais sur la plateforme et l\u2019identification des diff\u00e9rents niveaux de d\u00e9gradation de la route existante entre A<\/p>\n<p>&nbsp;<\/p>\n<p>1995 &#8211; 2016: SCET &#8211; RIM<\/p>\n<p>Objet :\u00a0 -Ex\u00e9cution du Projet hydro-agricole Maghama III : 776 ha et de l&#8217;endiguement de 13 km \u00e0 Wali \u2013 Financement : BID<\/p>\n<p>En charge :\u00a0\u00a0\u00a0\u00a0\u00a0\u00a0 &#8211; Chef de mission pour le contr\u00f4le des travaux<\/p>\n<p>-V\u00e9rification des plans d&#8217;ex\u00e9cution et m\u00e9tr\u00e9 des ouvrages<\/p>\n<p>-Etablissement des rapports journaliers<\/p>\n<p>-Etablissement des d\u00e9comptes<\/p>\n<p>&nbsp;<\/p>\n<p>Objet :<\/p>\n<p>-Etudes des ouvrages de d\u00e9senclavement Maghama WOMPOU et d&#8217;une digue\u00a0 Financement : BAD.<\/p>\n<p>-Chef de mission des Etudes APD et des DAO<\/p>\n<p>En charge :\u00a0\u00a0\u00a0\u00a0\u00a0\u00a0\u00a0 -V\u00e9rification des \u00e9tudes<\/p>\n<p>&#8211; Conception de la digue &#8211; piste<\/p>\n<p>&#8211; Conception des types d&#8217;ouvrages &#8211; Calcul de stabilit\u00e9<\/p>\n<p>&#8211; Calcul de ferraillage<\/p>\n<p>&#8211; Plans des ouvrages et m\u00e9tr\u00e9<\/p>\n<p>&#8211; Etablissement des pi\u00e8ces du march\u00e9 (C.S.T, M\u00e9moire descriptif)<\/p>\n<p>&nbsp;<\/p>\n<p>Objet :\u00a0 &#8211; Etudes des ouvrages de d\u00e9senclavement Maghama Fimbo et d&#8217;une digue &#8211; piste de 5 km. Coordinateur des Etudes APD et des DAO Financement : BAD.<\/p>\n<p>-Chef de la Mission<\/p>\n<p>En charge : &#8211; V\u00e9rification des \u00e9tudes<\/p>\n<p>&#8211; Conception de la digue &#8211; piste<\/p>\n<p>&#8211; Conception des types d&#8217;ouvrages &#8211; Calcul de stabilit\u00e9<\/p>\n<p>&#8211; Calcul de ferraillage<\/p>\n<p>&#8211; Plans des ouvrages et m\u00e9tr\u00e9<\/p>\n<p>&#8211; Etablissement des pi\u00e8ces du march\u00e9 (C.S.T, M\u00e9moire descriptif)<\/p>\n<p>&#8211; contr\u00f4le des travaux<\/p>\n<p>&nbsp;<\/p>\n<p>Objet :\u00a0 &#8211; Etude et Contr\u00f4le des Travaux de construction d&#8217;ouvrages hydrauliques dans les zones oasiennes : Ma\u00eetre d&#8217;\u0153uvre : Projet de d\u00e9veloppement des Oasis &#8211; Financement : FADES-FIDA-RIM<\/p>\n<p>En charge : &#8211; Chef de mission de contr\u00f4le des travaux<\/p>\n<p>&#8211; Etudes topographiques<\/p>\n<p>&#8211; Etudes Hydrauliques (calage et recalibrage hydraulique des ouvrages)<\/p>\n<p>&#8211; Investigations g\u00e9otechniques et localisation des zones d&#8217;emprunt<\/p>\n<p>&#8211; Etablissement des APS, APD et DAO<\/p>\n<p>&nbsp;<\/p>\n<p>Objet :\u00a0 Etude et contr\u00f4le des travaux de construction de 10 petits barrages dans le HODH EL GHARBI en groupement avec CES \u2013 financement : KfW<\/p>\n<p>En charge :-Chef de mission de contr\u00f4le<\/p>\n<p>-Investigation g\u00e9otechniques et localisation des zones d\u2019emprunt<\/p>\n<p>-R\u00e9vision et contr\u00f4le des \u00e9tudes topographiques<\/p>\n<p>-Etude des bassins versants et ouvrages d\u2019art<\/p>\n<p>&nbsp;<\/p>\n<p>Objet :\u00a0 Etude et contr\u00f4le des travaux de construction des petits barrages dans les HODHS &#8211; AEMP \u2013 financement : E.U<\/p>\n<p>En charge : -Chef de mission<\/p>\n<p>-Etude APS, APD<\/p>\n<p>-Etude g\u00e9otechnique<\/p>\n<p>-Elaboration des DAO<\/p>\n<p>-Contr\u00f4le des travaux<\/p>\n<p>2005-2007<\/p>\n<p>&nbsp;<\/p>\n<p>Objet :\u00a0 Contr\u00f4le des travaux de construction du lot 2 de la route bitum\u00e9e ROSSO BOGHE<\/p>\n<p>Financement BAD \/Etat<\/p>\n<p>Direction des travaux publics<\/p>\n<p>En charge : Chef de mission pour le contr\u00f4le et la supervision technique et administrative de l\u2019ensemble des composantes du projet \u00e0 savoir :<\/p>\n<p>-Construction ouvrages hydrauliques (dalots et radiers)<\/p>\n<p>-Contr\u00f4le de qualit\u00e9s et de mise en \u0153uvre des mat\u00e9riaux de construction.<\/p>\n<p>-Gestion des ressources humaines et mat\u00e9rielles affect\u00e9es au projet.<\/p>\n<p>-R\u00e9daction des fiches de suivi et rapport d\u2019avancement de l\u2019ex\u00e9cution des travaux.<\/p>\n<p>-V\u00e9rification des d\u00e9comptes et suivi de l\u2019ex\u00e9cution financi\u00e8re du march\u00e9<\/p>\n<p>2007-2010<\/p>\n<p>Objet :\u00a0 Contr\u00f4le des travaux de construction du lot 2 de la route Ka\u00e9di \u2013 M\u2019Bout \u2013 Seilibaby \u2013 Gouraye (route en bicouche+2 ponts entre Selibaby et Gouraye et 6 ponts entre Mbout et Selibaby)<\/p>\n<p>Chef du lot<\/p>\n<p>Financement UE \/Etat<\/p>\n<p>Direction\u00a0 des infrastructures de transport<\/p>\n<p>En charge : Chef de mission adjoint et chef du lot2 pour le contr\u00f4le et la supervision technique et administrative de l\u2019ensemble des composantes du projet \u00e0 savoir :<\/p>\n<p>-Construction des ponts et ouvrages hydrauliques (dalots et radiers)<\/p>\n<p>-Contr\u00f4le de qualit\u00e9s et de mise en \u0153uvre des mat\u00e9riaux de construction.<\/p>\n<p>-Gestion des ressources humaines et mat\u00e9rielles affect\u00e9es au projet.<\/p>\n<p>-R\u00e9daction des fiches de suivi et rapport d\u2019avancement de l\u2019ex\u00e9cution des travaux.<\/p>\n<p>-V\u00e9rification des d\u00e9comptes et suivi de l\u2019ex\u00e9cution financi\u00e8re du march\u00e9<\/p>\n<p>2010-2013<\/p>\n<p>Objet :\u00a0 Contr\u00f4le des travaux de construction du lot 1 de la route Ka\u00e9di \u2013 M\u2019Bout \u2013 Seilibaby &#8211; Gouraye (route bitum\u00e9e entre Ka\u00e9di et Mbout avec 6 ponts dont 2 sur le Grogol et la bretelle de Foum Gleita)<\/p>\n<p>Chef de mission<\/p>\n<p>Financement UE \/Etat<\/p>\n<p>Direction des infrastructures de transport<\/p>\n<p>En charge : Chef de mission pour le contr\u00f4le et la supervision technique et administrative de l\u2019ensemble des composantes du projet \u00e0 savoir :<\/p>\n<p>-Construction des ponts et ouvrages hydrauliques (dalots et radiers)<\/p>\n<p>-Contr\u00f4le de qualit\u00e9s et de mise en \u0153uvre des mat\u00e9riaux de construction.<\/p>\n<p>-Gestion des ressources humaines et mat\u00e9rielles affect\u00e9es au projet.<\/p>\n<p>-R\u00e9daction des fiches de suivi et rapport d\u2019avancement de l\u2019ex\u00e9cution des travaux.<\/p>\n<p>-V\u00e9rification des d\u00e9comptes et suivi de l\u2019ex\u00e9cution financi\u00e8re du march\u00e9<\/p>\n<p>2013-2014<\/p>\n<p>Objet :\u00a0 Contr\u00f4le des travaux de construction du lot 3 de la route Ka\u00e9di \u2013 M\u2019Bout \u2013 Seilibaby &#8211; Gouraye (route bitum\u00e9e entre Mbout et Selibaby)<\/p>\n<p>Chef de mission<\/p>\n<p>Financement Etat<\/p>\n<p>Direction des infrastructures de transport<\/p>\n<p>En charge : Chef de mission pour le contr\u00f4le et la supervision technique et administrative de l\u2019ensemble des composantes du projet \u00e0 savoir :<\/p>\n<p>-Construction des ouvrages hydrauliques (dalots et radiers)<\/p>\n<p>-Contr\u00f4le de qualit\u00e9s et de mise en \u0153uvre des mat\u00e9riaux de construction.<\/p>\n<p>-Gestion des ressources humaines et mat\u00e9rielles affect\u00e9es au projet.<\/p>\n<p>-R\u00e9daction des fiches de suivi et rapport d\u2019avancement de l\u2019ex\u00e9cution des travaux.<\/p>\n<p>-V\u00e9rification des d\u00e9comptes et suivi de l\u2019ex\u00e9cution financi\u00e8re du march\u00e9<\/p>\n<p>2014-2016<\/p>\n<p>Objet :\u00a0 Contr\u00f4le des travaux de construction du lot 1 de la route bitum\u00e9e Nema &#8211; Bangou<\/p>\n<p>Financement BID- FONDS KOWEIT-Etat<\/p>\n<p>Direction des infrastructures de transport<\/p>\n<p>En charge : Chef de mission pour le contr\u00f4le et la supervision technique et administrative de l\u2019ensemble des composantes du projet \u00e0 savoir :<\/p>\n<p>-Construction des ouvrages hydrauliques (dalots et radiers)<\/p>\n<p>-Contr\u00f4le de qualit\u00e9s et de mise en \u0153uvre des mat\u00e9riaux de construction.<\/p>\n<p>-Gestion des ressources humaines et mat\u00e9rielles affect\u00e9es au projet.<\/p>\n<p>-R\u00e9daction des fiches de suivi et rapport d\u2019avancement de l\u2019ex\u00e9cution des travaux.<\/p>\n<p>-V\u00e9rification des d\u00e9comptes et suivi de l\u2019ex\u00e9cution financi\u00e8re du march\u00e9<\/p>\n<p>&nbsp;<\/p>\n<p>2016 \u00e0 2017<\/p>\n<p>Objet :\u00a0 Contr\u00f4le des travaux de construction du lot 1 de la route bitum\u00e9e Nouakchott &#8211; Bombri<\/p>\n<p>Financement -Etat<\/p>\n<p>Laboratoire National des Travaux Publics (LNTP)<\/p>\n<p>En charge : Chef de mission pour le contr\u00f4le et la supervision technique et administrative de l\u2019ensemble des composantes du projet \u00e0 savoir :<\/p>\n<p>-Construction des ouvrages hydrauliques<\/p>\n<p>-Contr\u00f4le de qualit\u00e9s et de mise en \u0153uvre des mat\u00e9riaux de construction.<\/p>\n<p>-Gestion des ressources humaines et mat\u00e9rielles affect\u00e9es au projet.<\/p>\n<p>-R\u00e9daction des fiches de suivi et rapport d\u2019avancement de l\u2019ex\u00e9cution des travaux.<\/p>\n<p>-V\u00e9rification des d\u00e9comptes et suivi de l\u2019ex\u00e9cution financi\u00e8re du march\u00e9<\/p>\n<p>2006 \u00e0 nos jours DEPUTE \u00e0 L\u2019ASSEMBLEE NATIONALE DE MAURITANIE (3 mandats)<\/p>\n<p>2009 \u00e0 2011 4 vice-pr\u00e9sidents Assembl\u00e9e Nationale MAURITANIE<\/p>\n<p>2017 \u00e0 nos jours\u00a0\u00a0\u00a0 Unit\u00e9 de gestion du pont de Rosso : ing\u00e9nieur routier en charge :<\/p>\n<p>-pr\u00e9paration des termes de r\u00e9f\u00e9rence pour les manifestations d\u2019int\u00e9r\u00eat<\/p>\n<p>&#8211; pr\u00e9paration des demandes de proposition pour les entreprises et les bureaux de surveillance et de contr\u00f4le<\/p>\n<p>-pr\u00e9paration des termes de r\u00e9f\u00e9rence des audits techniques<\/p>\n<p>-participation aux \u00e9valuations des offres des entreprises et des bureaux de surveillance et de contr\u00f4le<\/p>\n<p>&#8211; suivi des prestations des bureaux de contr\u00f4le<\/p>\n<p><strong>Langues :<\/strong><\/p>\n<p>Lu\u00a0\u00a0\u00a0\u00a0\u00a0\u00a0\u00a0\u00a0\u00a0\u00a0\u00a0\u00a0\u00a0\u00a0\u00a0\u00a0\u00a0\u00a0\u00a0\u00a0\u00a0\u00a0\u00a0\u00a0\u00a0 \u00a0\u00a0\u00a0\u00a0\u00a0\u00a0\u00a0\u00a0\u00a0\u00a0\u00a0\u00a0\u00a0\u00a0\u00a0 \u00a0\u00a0\u00a0\u00a0\u00a0\u00a0\u00a0\u00a0\u00a0\u00a0\u00a0\u00a0\u00a0\u00a0Parl\u00e9\u00a0\u00a0\u00a0\u00a0\u00a0\u00a0\u00a0\u00a0\u00a0\u00a0\u00a0\u00a0\u00a0\u00a0\u00a0\u00a0\u00a0\u00a0\u00a0\u00a0\u00a0\u00a0\u00a0\u00a0\u00a0\u00a0\u00a0\u00a0\u00a0\u00a0\u00a0\u00a0\u00a0\u00a0\u00a0\u00a0\u00a0 Ecrit<\/p>\n<p>&nbsp;<\/p>\n<p>Arabe\u00a0\u00a0\u00a0\u00a0\u00a0 : \u00a0\u00a0\u00a0\u00a0\u00a0\u00a0\u00a0\u00a0\u00a0\u00a0 Passable\u00a0\u00a0\u00a0\u00a0\u00a0\u00a0\u00a0\u00a0\u00a0\u00a0\u00a0\u00a0\u00a0\u00a0\u00a0\u00a0\u00a0\u00a0\u00a0\u00a0\u00a0\u00a0\u00a0\u00a0\u00a0\u00a0\u00a0\u00a0\u00a0\u00a0\u00a0\u00a0\u00a0\u00a0\u00a0\u00a0\u00a0\u00a0\u00a0\u00a0\u00a0\u00a0\u00a0\u00a0 Passable\u00a0\u00a0\u00a0\u00a0\u00a0\u00a0\u00a0\u00a0\u00a0\u00a0\u00a0\u00a0\u00a0\u00a0\u00a0\u00a0\u00a0\u00a0\u00a0\u00a0\u00a0\u00a0\u00a0\u00a0\u00a0\u00a0\u00a0\u00a0 Passable<\/p>\n<p>Fran\u00e7ais :\u00a0\u00a0\u00a0\u00a0\u00a0\u00a0\u00a0\u00a0\u00a0\u00a0\u00a0\u00a0 Excellente \u00a0\u00a0\u00a0\u00a0\u00a0\u00a0\u00a0\u00a0\u00a0\u00a0\u00a0\u00a0\u00a0\u00a0\u00a0\u00a0\u00a0\u00a0\u00a0\u00a0\u00a0\u00a0\u00a0\u00a0\u00a0\u00a0\u00a0\u00a0\u00a0\u00a0\u00a0\u00a0\u00a0\u00a0\u00a0\u00a0\u00a0\u00a0\u00a0\u00a0 Excellente\u00a0\u00a0\u00a0\u00a0\u00a0\u00a0\u00a0\u00a0\u00a0\u00a0\u00a0\u00a0\u00a0\u00a0\u00a0\u00a0\u00a0\u00a0\u00a0\u00a0\u00a0\u00a0\u00a0\u00a0\u00a0 Excellente<\/p>\n<p>Anglais :\u00a0\u00a0\u00a0\u00a0\u00a0\u00a0\u00a0\u00a0\u00a0\u00a0\u00a0\u00a0\u00a0\u00a0 Passable\u00a0\u00a0\u00a0\u00a0\u00a0\u00a0\u00a0\u00a0\u00a0\u00a0\u00a0\u00a0\u00a0\u00a0\u00a0\u00a0\u00a0\u00a0\u00a0\u00a0\u00a0\u00a0\u00a0\u00a0\u00a0\u00a0\u00a0\u00a0\u00a0\u00a0\u00a0\u00a0\u00a0\u00a0\u00a0\u00a0\u00a0\u00a0\u00a0\u00a0\u00a0\u00a0\u00a0\u00a0 Passable\u00a0\u00a0\u00a0\u00a0\u00a0\u00a0\u00a0\u00a0\u00a0\u00a0\u00a0\u00a0\u00a0\u00a0\u00a0\u00a0\u00a0\u00a0\u00a0\u00a0\u00a0\u00a0\u00a0\u00a0\u00a0\u00a0\u00a0\u00a0 Passable<\/p>\n<p><strong>Attestations\u00a0:<\/strong><\/p>\n<p>Je, soussign\u00e9, certifie, en toute conscience, que les renseignements ci-dessus rendent fid\u00e8lement compte de ma situation, de mes qualifications et de mon exp\u00e9rience.<\/p>\n","protected":false},"excerpt":{"rendered":"<p>Nom et pr\u00e9nom\u00a0: NIANG MAMOUDOU Profession\u00a0: Ing\u00e9nieur g\u00e9nie civil Date de naissance\u00a0: 1962 Nationalit\u00e9\u00a0: Mauritanienne &nbsp; 18 Septembre 2025 : Ministre des Domaines, du Patrimoine de l\u2019Etat et de la R\u00e9forme Fonci\u00e8re . 06 Aout 2024 au 18 Septembre 2025 :\u00a0Ministre de l\u2019Habitat, de l\u2019Urbanisme et de l\u2019Am\u00e9nagement du Territoire. 04 Juillet 2023 au 06 [&hellip;]<\/p>\n","protected":false},"author":1,"featured_media":0,"parent":0,"menu_order":0,"comment_status":"closed","ping_status":"closed","template":"","meta":{"footnotes":""},"class_list":["post-205319","page","type-page","status-publish","hentry"],"_links":{"self":[{"href":"https:\/\/ami.mr\/fr\/wp-json\/wp\/v2\/pages\/205319","targetHints":{"allow":["GET"]}}],"collection":[{"href":"https:\/\/ami.mr\/fr\/wp-json\/wp\/v2\/pages"}],"about":[{"href":"https:\/\/ami.mr\/fr\/wp-json\/wp\/v2\/types\/page"}],"author":[{"embeddable":true,"href":"https:\/\/ami.mr\/fr\/wp-json\/wp\/v2\/users\/1"}],"replies":[{"embeddable":true,"href":"https:\/\/ami.mr\/fr\/wp-json\/wp\/v2\/comments?post=205319"}],"version-history":[{"count":12,"href":"https:\/\/ami.mr\/fr\/wp-json\/wp\/v2\/pages\/205319\/revisions"}],"predecessor-version":[{"id":279131,"href":"https:\/\/ami.mr\/fr\/wp-json\/wp\/v2\/pages\/205319\/revisions\/279131"}],"wp:attachment":[{"href":"https:\/\/ami.mr\/fr\/wp-json\/wp\/v2\/media?parent=205319"}],"curies":[{"name":"wp","href":"https:\/\/api.w.org\/{rel}","templated":true}]}}