{"id":202760,"date":"2022-08-01T22:38:21","date_gmt":"2022-08-01T22:38:21","guid":{"rendered":"http:\/\/newar.ami.mr:8088\/fr\/?page_id=202760"},"modified":"2024-08-11T20:11:23","modified_gmt":"2024-08-11T20:11:23","slug":"mohamed-lemineould-dhehby","status":"publish","type":"page","link":"https:\/\/ami.mr\/fr\/mohamed-lemineould-dhehby","title":{"rendered":"Mohamed Lemine Ould Dhehby &#8211; Gouverneur de la Banque Centrale de Mauritanie"},"content":{"rendered":"<h3 class=\"item_intro\" dir=\"ltr\" style=\"text-align: center;\"><strong><span class=\"item_date_publi headlineFsz4vw PGVtitl_h\">BIOGRAPHIE <\/span><\/strong><\/h3>\n<div dir=\"ltr\"><\/div>\n<div class=\"item_intro\" dir=\"ltr\" style=\"text-align: left;\"><span class=\"item_intro_title ns PGVdN\">N\u00e9(e) le :<b>09\/05\/1966<\/b><\/span><b>\u00a0<span class=\"item_intro_title ns PGVdN\">\u00e0 :Zou\u00e8rate<img decoding=\"async\" class=\"size-medium wp-image-251861 alignright\" src=\"https:\/\/ami.mr\/fr\/wp-content\/uploads\/2024\/08\/Dehby-1-300x240.jpg\" alt=\"\" width=\"300\" height=\"240\" srcset=\"https:\/\/ami.mr\/fr\/wp-content\/uploads\/2024\/08\/Dehby-1-300x240.jpg 300w, https:\/\/ami.mr\/fr\/wp-content\/uploads\/2024\/08\/Dehby-1-1024x819.jpg 1024w, https:\/\/ami.mr\/fr\/wp-content\/uploads\/2024\/08\/Dehby-1-768x614.jpg 768w, https:\/\/ami.mr\/fr\/wp-content\/uploads\/2024\/08\/Dehby-1.jpg 1500w\" sizes=\"(max-width: 300px) 100vw, 300px\" \/><\/span><br \/>\n<span class=\"item_intro_title ns PGVdN\">Situation familiale :mari\u00e9, p\u00e8re de deux filles et d\u2019un gar\u00e7on<\/span><br \/>\n<\/b><\/div>\n<div><\/div>\n<div class=\"text-right\" style=\"text-align: left;\">\n<p><strong><span class=\"item_date_publi headlineFsz4vw PGVtitl_h\">FORMATION<\/span><\/strong><\/p>\n<div class=\"ns_indent headlineFsz18px\">-Docteur de l\u2019Universit\u00e9 de Nice Sophia-Antipolis en sciences \u00e9conomiques, 09 Juillet 2004 ;<br \/>\n-DEA en Macrodynamique et Finance Internationale, CEMAFI, Nice, Septembre 2000 .<br \/>\n-Attestation de r\u00e9ussite \u00e0 l\u2019\u00e9crit et \u00e0 l\u2019oral de la 4\u00e8me ann\u00e9e, Langue et Litt\u00e9rature anglaise 90\/96 &#8211; (m\u00e9moire de ma\u00eetrise non soutenu), Universit\u00e9 de Nouakchott ;<br \/>\n-Licence en Langue et Litt\u00e9rature anglaises, Juin 1995, Universit\u00e9 de Nouakchott ;<br \/>\n-Ma\u00eetrise en sciences \u00e9conomiques, Universit\u00e9 de Nouakchott, 1986-1990 ;<br \/>\n-Premi\u00e8re ann\u00e9e\u00abMaths Physique\u00bb, Ecole Normale Sup\u00e9rieure, 1985-1986 ;<br \/>\n-Baccalaur\u00e9at S\u00e9rie Math\u00e9matiques, Option Fran\u00e7ais, Session normale, Juillet 1985, Lyc\u00e9e National<\/div>\n<\/div>\n<div><\/div>\n<div class=\"text-right\" style=\"text-align: left;\">\n<p><strong><span class=\"item_date_publi headlineFsz4vw PGVtitl_h\">CURSUS PROFESSIONNEL<\/span><\/strong><\/p>\n<div class=\"ns_indent headlineFsz18px\">Grade : Administrateur des r\u00e9gies financi\u00e8res<br \/>\n-Ministre des Finances depuis le 08 ao\u00fbt 2019<br \/>\n-Directeur G\u00e9n\u00e9ral du Tr\u00e9sor et de la Comptabilit\u00e9 Publique, MF, du 1er octobre 2015 au 8 ao\u00fbt 2019.<br \/>\n-Directeur G\u00e9n\u00e9ral des Domaines et du Patrimoine de l\u2019Etat, MF du 23 octobre 2014 au 1er octobre 2015 ;<br \/>\n-Directeur G\u00e9n\u00e9ral des Projets et Programmes d\u2019Investissement, MAED du 26 janvier2011 au 23octobre 2014 ;<br \/>\n-Directeur G\u00e9n\u00e9ral du Tr\u00e9sor et de la Comptabilit\u00e9 Publique, MF, du 6 novembre 2008 au 26 janvier 2011 ;<br \/>\n-Directeur de la Pr\u00e9vision et de l\u2019analyse \u00e9conomique, MEF ; du 14 f\u00e9vrier 2008 au 6 novembre 2008 ;<br \/>\n-Directeur du Tr\u00e9sor et de la Comptabilit\u00e9 Publique du 24 Ao\u00fbt 2005 au 14 f\u00e9vrier 2008 ;<br \/>\n-Cadre au Service des Etudes \u00e0 la Direction du Budget et des Comptes (DBC) du Minist\u00e8re des Finances (MF), Octobre 1994 &#8211; F\u00e9vrier 1996 ;<br \/>\n-Chef du service des Etudes budg\u00e9taires \u00e0 la DBC\/MF F\u00e9vrier 1996 ;<br \/>\n-Consultant macro-\u00e9conomiste au Centre Mauritanien d\u2019Analyse des Politiques (CMAP)du 16 Janvier 2005 au 19 juillet 2005.<strong>Mouvements associatifs et postes \u00e9lectifs:<\/strong><br \/>\n-Pr\u00e9sident du bureau CoP Mauritanie GRD 2013 &#8211; 2019<br \/>\n-Pr\u00e9sident de l\u2019Association Internationale des Services du Tr\u00e9sor (AIST) octobre 2017-octobre 2018<br \/>\n-Pr\u00e9sident du Conseil d\u2019administration du Fonds Fiduciaire \u00ab BACoMaB \u00bb depuis juillet 2013 \u00e0 janvier 2016 et administrateur de janvier 2010 \u00e0 janvier 2016 ;<br \/>\n-Membre du bureau ex\u00e9cutif de l\u2019Association Mauritanienne de Suivi Evaluation (AMSE),Juillet 2004-ao\u00fbt 2005 ;<br \/>\n-Pr\u00e9sident de l\u2019association des Etudiants Mauritaniens de Nice, D\u00e9cembre 2003-D\u00e9cembre 2004 ;<br \/>\n-Membre \u00e9lu (\u00e9tudiant) du Conseil Scientifique de l\u2019Universit\u00e9 de Nice Sophia-Antipolis, mars 2003-mars 2005 (mandat de deux ans).<strong>D\u00e9corations:<\/strong><br \/>\n-Chevalier de l\u2019ordre du m\u00e9rite national, 2010 ;<br \/>\n-M\u00e9daille de reconnaissance nationale, 2008.<\/div>\n<\/div>\n<div class=\"text-right\" style=\"text-align: left;\">\n<p><strong><span class=\"item_date_publi headlineFsz4vw PGVtitl_h\">LANGUES<\/span><\/strong><\/p>\n<div class=\"ns_indent headlineFsz18px\" style=\"text-align: left;\">Arabe, Fran\u00e7ais, Anglais<\/div>\n<\/div>\n","protected":false},"excerpt":{"rendered":"<p>BIOGRAPHIE N\u00e9(e) le :09\/05\/1966\u00a0\u00e0 :Zou\u00e8rate Situation familiale :mari\u00e9, p\u00e8re de deux filles et d\u2019un gar\u00e7on FORMATION -Docteur de l\u2019Universit\u00e9 de Nice Sophia-Antipolis en sciences \u00e9conomiques, 09 Juillet 2004 ; -DEA en Macrodynamique et Finance Internationale, CEMAFI, Nice, Septembre 2000 . -Attestation de r\u00e9ussite \u00e0 l\u2019\u00e9crit et \u00e0 l\u2019oral de la 4\u00e8me ann\u00e9e, Langue et Litt\u00e9rature [&hellip;]<\/p>\n","protected":false},"author":1,"featured_media":0,"parent":0,"menu_order":0,"comment_status":"closed","ping_status":"closed","template":"","meta":{"footnotes":""},"class_list":["post-202760","page","type-page","status-publish","hentry"],"_links":{"self":[{"href":"https:\/\/ami.mr\/fr\/wp-json\/wp\/v2\/pages\/202760","targetHints":{"allow":["GET"]}}],"collection":[{"href":"https:\/\/ami.mr\/fr\/wp-json\/wp\/v2\/pages"}],"about":[{"href":"https:\/\/ami.mr\/fr\/wp-json\/wp\/v2\/types\/page"}],"author":[{"embeddable":true,"href":"https:\/\/ami.mr\/fr\/wp-json\/wp\/v2\/users\/1"}],"replies":[{"embeddable":true,"href":"https:\/\/ami.mr\/fr\/wp-json\/wp\/v2\/comments?post=202760"}],"version-history":[{"count":6,"href":"https:\/\/ami.mr\/fr\/wp-json\/wp\/v2\/pages\/202760\/revisions"}],"predecessor-version":[{"id":251865,"href":"https:\/\/ami.mr\/fr\/wp-json\/wp\/v2\/pages\/202760\/revisions\/251865"}],"wp:attachment":[{"href":"https:\/\/ami.mr\/fr\/wp-json\/wp\/v2\/media?parent=202760"}],"curies":[{"name":"wp","href":"https:\/\/api.w.org\/{rel}","templated":true}]}}