{"id":202755,"date":"2022-08-01T22:32:35","date_gmt":"2022-08-01T22:32:35","guid":{"rendered":"http:\/\/newar.ami.mr:8088\/fr\/?page_id=202755"},"modified":"2024-08-11T19:25:16","modified_gmt":"2024-08-11T19:25:16","slug":"fatimetou-mint-mahfoudh-ould-khattry","status":"publish","type":"page","link":"https:\/\/ami.mr\/fr\/fatimetou-mint-mahfoudh-ould-khattry","title":{"rendered":"Fatimetou Mint Mahfoudh Ould Khattry &#8211; Commissaire \u00e0 la S\u00e9curit\u00e9 alimentaire"},"content":{"rendered":"<div dir=\"ltr\"><strong><img decoding=\"async\" class=\"size-medium wp-image-213898 alignleft\" src=\"https:\/\/ami.mr\/fr\/wp-content\/uploads\/2023\/01\/Toutou-300x135.jpeg\" alt=\"\" width=\"300\" height=\"135\" srcset=\"https:\/\/ami.mr\/fr\/wp-content\/uploads\/2023\/01\/Toutou-300x135.jpeg 300w, https:\/\/ami.mr\/fr\/wp-content\/uploads\/2023\/01\/Toutou.jpeg 640w\" sizes=\"(max-width: 300px) 100vw, 300px\" \/>BIOGRAPHIE<\/strong> N\u00e9(e) le :28\/11\/1964 \u00e0 :Djiguenni<\/div>\n<div dir=\"ltr\"><\/div>\n<div dir=\"ltr\"><strong>FORMATION:<\/strong><br \/>\n1985: Baccalaur\u00e9at s\u00e9rie sciences naturelles, lyc\u00e9e de Nouakchott<br \/>\n1990: Maitrise en \u00e9conomie, option gestion, de l\u2019universit\u00e9 de Nouakchott\/Facult\u00e9 des Sciences juridiques et \u00e9conomiques<br \/>\n1996: Dipl\u00f4me post-universitaire en \u00abPopulation et D\u00e9veloppement Durable\u00bb, de l\u2019Institut national des statistiques et \u00e9conomie appliqu\u00e9es, \u00e0 Rabat<br \/>\n2014: Master 1 en monnaie et cr\u00e9dit de l\u2019Universit\u00e9 de Nouakchott<br \/>\n2015: Master 2 \u00e9conomie-monnaie et cr\u00e9dit (m\u00e9moire en pr\u00e9paration), universit\u00e9 de Nouakchott.<\/div>\n<div dir=\"ltr\"><\/div>\n<div dir=\"ltr\"><strong>CURSUS PROFESSIONNEL<\/strong><br \/>\n2018-2021: D\u00e9put\u00e9e \u00e0 l\u2019Assembl\u00e9 Nationale<br \/>\n2007-2008: Ministre charg\u00e9e de la Promotion f\u00e9minine, de l\u2019Enfance et de la Famille<br \/>\nAvril 2007-19 juin 2003: Directrice adjointe (DGA) \u00e0 la Soci\u00e9t\u00e9 nationale d\u2019import-export SONIMEX<br \/>\n28 juillet 2002-19 juin 2003: Directrice adjointe de recherche\/ formation\/vulgarisation (DRFV).<br \/>\n1994-1995: Responsable du volet formation et vulgarisation (projet \u00e9levage2)<br \/>\n1992-1995: Cheffe du volet \u00e9tude des syst\u00e8mes, suivi et pr\u00e9paration des projets relais (projet \u00e9levage2)<br \/>\n1990-1991: Cheffe de service contr\u00f4le Soci\u00e9t\u00e9 mauritanienne de commercialisation du b\u00e9tail (SOMECOB).<\/div>\n<div dir=\"ltr\"><\/div>\n<div dir=\"ltr\"><strong>LANGUES<\/strong><br \/>\nArabe : Niveau excellent \u2013 Fran\u00e7ais: Tr\u00e8s bien<\/div>\n<div dir=\"ltr\"><\/div>\n","protected":false},"excerpt":{"rendered":"<p>BIOGRAPHIE N\u00e9(e) le :28\/11\/1964 \u00e0 :Djiguenni FORMATION: 1985: Baccalaur\u00e9at s\u00e9rie sciences naturelles, lyc\u00e9e de Nouakchott 1990: Maitrise en \u00e9conomie, option gestion, de l\u2019universit\u00e9 de Nouakchott\/Facult\u00e9 des Sciences juridiques et \u00e9conomiques 1996: Dipl\u00f4me post-universitaire en \u00abPopulation et D\u00e9veloppement Durable\u00bb, de l\u2019Institut national des statistiques et \u00e9conomie appliqu\u00e9es, \u00e0 Rabat 2014: Master 1 en monnaie et cr\u00e9dit [&hellip;]<\/p>\n","protected":false},"author":1,"featured_media":0,"parent":0,"menu_order":0,"comment_status":"closed","ping_status":"closed","template":"","meta":{"footnotes":""},"class_list":["post-202755","page","type-page","status-publish","hentry"],"_links":{"self":[{"href":"https:\/\/ami.mr\/fr\/wp-json\/wp\/v2\/pages\/202755","targetHints":{"allow":["GET"]}}],"collection":[{"href":"https:\/\/ami.mr\/fr\/wp-json\/wp\/v2\/pages"}],"about":[{"href":"https:\/\/ami.mr\/fr\/wp-json\/wp\/v2\/types\/page"}],"author":[{"embeddable":true,"href":"https:\/\/ami.mr\/fr\/wp-json\/wp\/v2\/users\/1"}],"replies":[{"embeddable":true,"href":"https:\/\/ami.mr\/fr\/wp-json\/wp\/v2\/comments?post=202755"}],"version-history":[{"count":8,"href":"https:\/\/ami.mr\/fr\/wp-json\/wp\/v2\/pages\/202755\/revisions"}],"predecessor-version":[{"id":251855,"href":"https:\/\/ami.mr\/fr\/wp-json\/wp\/v2\/pages\/202755\/revisions\/251855"}],"wp:attachment":[{"href":"https:\/\/ami.mr\/fr\/wp-json\/wp\/v2\/media?parent=202755"}],"curies":[{"name":"wp","href":"https:\/\/api.w.org\/{rel}","templated":true}]}}