{"id":202724,"date":"2022-08-01T21:57:17","date_gmt":"2022-08-01T21:57:17","guid":{"rendered":"http:\/\/newar.ami.mr:8088\/fr\/?page_id=202724"},"modified":"2026-04-01T10:25:39","modified_gmt":"2026-04-01T10:25:39","slug":"zeinebou-mint-ahmednah","status":"publish","type":"page","link":"https:\/\/ami.mr\/fr\/zeinebou-mint-ahmednah","title":{"rendered":"Zeinebou Mint Ahmednah &#8211; Ministre du commerce et du tourisme"},"content":{"rendered":"<div class=\"item_intro\" dir=\"ltr\" style=\"text-align: center;\"><strong><span class=\"item_date_publi headlineFsz4vw PGVtitl_h\">BIOGRAPHIE <\/span><\/strong><\/div>\n<div class=\"item_intro\" dir=\"ltr\" style=\"text-align: left;\"><span class=\"item_intro_title ns PGVdN\">N\u00e9(e) le :<b>19\/05\/1977<\/b><\/span><b>\u00a0<span class=\"item_intro_title ns PGVdN\">\u00e0 :Boutilimit<img decoding=\"async\" class=\"size-medium wp-image-292291 alignright\" src=\"https:\/\/ami.mr\/fr\/wp-content\/uploads\/2026\/04\/zeineb-300x272.jpg\" alt=\"\" width=\"300\" height=\"272\" srcset=\"https:\/\/ami.mr\/fr\/wp-content\/uploads\/2026\/04\/zeineb-300x272.jpg 300w, https:\/\/ami.mr\/fr\/wp-content\/uploads\/2026\/04\/zeineb.jpg 640w\" sizes=\"(max-width: 300px) 100vw, 300px\" \/><\/span><br \/>\n<span class=\"item_intro_title ns PGVdN\">Situation familiale :Mari\u00e9e et m\u00e8re d&#8217;un enfant<\/span><br \/>\n<\/b><\/div>\n<div><\/div>\n<div class=\"text-right\" style=\"text-align: left;\">\n<p><strong><span class=\"item_date_publi headlineFsz4vw PGVtitl_h\">FORMATION<\/span><\/strong><\/p>\n<div class=\"ns_indent headlineFsz18px\">Titulaire d&#8217;une ma\u00eetrise en droit public de l&#8217;universit\u00e9 de Nouakchott brillamment acquise en 2004 (Mention bien) Administrateur civil.<\/div>\n<\/div>\n<div><\/div>\n<div class=\"text-right\" style=\"text-align: left;\">\n<p><strong><span class=\"item_date_publi headlineFsz4vw PGVtitl_h\">CURSUS PROFESSIONNEL<\/span><\/strong><\/p>\n<div class=\"ns_indent headlineFsz18px\">Madame Zeinebou d\u00e9bute sa carri\u00e8re dans l&#8217;enseignement fondamental \u00e0 Atar en 1996, puis comme directrice de la plus grande \u00e9cole primaire de Toujounine de 1997 \u00e0 2004.<br \/>\nDurant son parcours d\u2019enseignante elle s\u2019est distingu\u00e9e par l\u2019excellente qualit\u00e9 des r\u00e9sultats de l&#8217;\u00e9cole qu&#8217;elle dirigeait, ce qui lui valut les f\u00e9licitations officielles des autorit\u00e9s r\u00e9gionales de l&#8217;\u00e9ducation nationale.<br \/>\nEn 2005, Zeinebou entame sa carri\u00e8re au Minist\u00e8re de l&#8217;Int\u00e9rieur, au sein de la Direction de la Promotion de la D\u00e9mocratie, en charge de la gestion du Processus \u00e9lectoral de la Transition, comme Chef de Service des Affaires Politiques de 2005 \u00e0 2006, puis comme Directrice adjointe de 2006 \u00e0 2007.<br \/>\nAu cours de cette p\u00e9riode, elle fut associ\u00e9e \u00e0 la r\u00e9daction de l\u2019ensemble des textes \u00e9lectoraux \u00e9labor\u00e9s \u00e0 la faveur de la Transition, en plus de la supervision des \u00e9lections pr\u00e9sidentielles, l\u00e9gislatives et municipales.<br \/>\nDe 2007 \u00e0 novembre 2008, Zeinebou rejoint l&#8217;Administration territoriale comme premi\u00e8re femme Hakem de Moughataa \u00e0 Tevragh Zeina.<br \/>\nElle fut parmi les premi\u00e8res femmes Mauritaniennes promues au poste de Wali. De 2008 \u00e0 2011 elle occupe le poste de Wali du Brakna.<br \/>\nElle rejoint l&#8217;administration du Minist\u00e8re de l&#8217;Int\u00e9rieur et de la D\u00e9centralisation de 2011 \u00e0 2020 o\u00f9 elle eut \u00e0 occuper successivement les postes de Directrice de la Coop\u00e9ration, des Etudes et de la Programmation de 2015 \u00e0 2018, puis Directrice g\u00e9n\u00e9rale de la Synth\u00e8se des Affaires Politiques et libert\u00e9s publiques de 2018 \u00e0 2020.<br \/>\nDe f\u00e9vrier 2020 \u00e0 juin 2021, Madame Zeinebou fut nomm\u00e9e Secr\u00e9taire G\u00e9n\u00e9rale du Minist\u00e8re D\u00e9veloppement Rural, elle eut \u00e0 piloter \u00e0 brio entre autres activit\u00e9s la premi\u00e8re foire des Produits de l\u2019\u00c9levage \u00e0 Timbedra sous le haut patronage du Pr\u00e9sident de la R\u00e9publique.<br \/>\nEn juin 2021, Mme Zeinebou Mint Ahmednah a regagn\u00e9 son milieu au minist\u00e8re de l\u2019Int\u00e9rieur et de la D\u00e9centralisation pour occuper le poste de Secr\u00e9taire g\u00e9n\u00e9rale, poste qu\u2019elle a occup\u00e9 jusqu\u2019\u00e0 sa nomination le 31 mars 2021 ministre secr\u00e9taire g\u00e9n\u00e9rale du gouvernement, puis ministre de la Fonction publique et du Travail le 26 septembre de la m\u00eame ann\u00e9e. Le 04 juillet 2023, elle a \u00e9t\u00e9 nomm\u00e9e ministre de l\u2019Emploi et de la Formation professionnelle. Puis ministre de la fonction publique et du travail depuis le 26 septembre de la m\u00eame ann\u00e9e.<\/div>\n<div class=\"ns_indent headlineFsz18px\">Elle fut d\u00e9cor\u00e9e en 2015, de la m\u00e9daille de chevalier du m\u00e9rite national.<br \/>\nEn 2020 elle fut \u00e9lev\u00e9e par son Excellence le Pr\u00e9sident de la R\u00e9publique, Mohamed Ould Cheikh El Ghazouani au rang de chevalier de la reconnaissance nationale.<br \/>\nSon engagement \u00e0 l&#8217;Union pour la R\u00e9publique, dont elle est actuellement membre du Conseil national, a commenc\u00e9 depuis la cr\u00e9ation du Parti comme militante active, puis directrice de campagne d&#8217;implantation du Parti, et Directrice de campagne des \u00e9lections l\u00e9gislatives, municipales et r\u00e9gionales, \u00e0 Dar Naim en 2018, membre du Conseil national.<br \/>\nMadame Zeinebou a eu l&#8217;honneur de diriger la campagne du Pr\u00e9sident de la R\u00e9publique Son Excellence Mohamed Ould Cheikh El Ghazouani \u00e0 Tevgragh Zeina.<\/div>\n<\/div>\n<div><\/div>\n<div class=\"text-right\" style=\"text-align: left;\">\n<p><strong><span class=\"item_date_publi headlineFsz4vw PGVtitl_h\">LANGUES<\/span><\/strong><\/p>\n<div class=\"ns_indent headlineFsz18px\" style=\"text-align: left;\">Arabe- Fran\u00e7ais<\/div>\n<\/div>\n","protected":false},"excerpt":{"rendered":"<p>BIOGRAPHIE N\u00e9(e) le :19\/05\/1977\u00a0\u00e0 :Boutilimit Situation familiale :Mari\u00e9e et m\u00e8re d&#8217;un enfant FORMATION Titulaire d&#8217;une ma\u00eetrise en droit public de l&#8217;universit\u00e9 de Nouakchott brillamment acquise en 2004 (Mention bien) Administrateur civil. CURSUS PROFESSIONNEL Madame Zeinebou d\u00e9bute sa carri\u00e8re dans l&#8217;enseignement fondamental \u00e0 Atar en 1996, puis comme directrice de la plus grande \u00e9cole primaire de [&hellip;]<\/p>\n","protected":false},"author":1,"featured_media":0,"parent":0,"menu_order":0,"comment_status":"closed","ping_status":"closed","template":"","meta":{"footnotes":""},"class_list":["post-202724","page","type-page","status-publish","hentry"],"_links":{"self":[{"href":"https:\/\/ami.mr\/fr\/wp-json\/wp\/v2\/pages\/202724","targetHints":{"allow":["GET"]}}],"collection":[{"href":"https:\/\/ami.mr\/fr\/wp-json\/wp\/v2\/pages"}],"about":[{"href":"https:\/\/ami.mr\/fr\/wp-json\/wp\/v2\/types\/page"}],"author":[{"embeddable":true,"href":"https:\/\/ami.mr\/fr\/wp-json\/wp\/v2\/users\/1"}],"replies":[{"embeddable":true,"href":"https:\/\/ami.mr\/fr\/wp-json\/wp\/v2\/comments?post=202724"}],"version-history":[{"count":5,"href":"https:\/\/ami.mr\/fr\/wp-json\/wp\/v2\/pages\/202724\/revisions"}],"predecessor-version":[{"id":292292,"href":"https:\/\/ami.mr\/fr\/wp-json\/wp\/v2\/pages\/202724\/revisions\/292292"}],"wp:attachment":[{"href":"https:\/\/ami.mr\/fr\/wp-json\/wp\/v2\/media?parent=202724"}],"curies":[{"name":"wp","href":"https:\/\/api.w.org\/{rel}","templated":true}]}}