{"id":202656,"date":"2022-08-01T19:10:59","date_gmt":"2022-08-01T19:10:59","guid":{"rendered":"http:\/\/newar.ami.mr:8088\/fr\/?page_id=202656"},"modified":"2025-09-19T18:23:46","modified_gmt":"2025-09-19T18:23:46","slug":"mohamed-ould-soueidatt","status":"publish","type":"page","link":"https:\/\/ami.mr\/fr\/mohamed-ould-soueidatt","title":{"rendered":"Mohamed Ould Soueidatt &#8211; Ministre de la Justice"},"content":{"rendered":"<div class=\"item_intro\" dir=\"ltr\" style=\"text-align: center;\"><span class=\"item_date_publi headlineFsz4vw PGVtitl_h\"><strong><img decoding=\"async\" class=\"size-medium wp-image-211261 alignright\" src=\"https:\/\/ami.mr\/fr\/wp-content\/uploads\/2022\/11\/Mohamed-Soueidat-300x253.jpeg\" alt=\"\" width=\"300\" height=\"253\" srcset=\"https:\/\/ami.mr\/fr\/wp-content\/uploads\/2022\/11\/Mohamed-Soueidat-300x253.jpeg 300w, https:\/\/ami.mr\/fr\/wp-content\/uploads\/2022\/11\/Mohamed-Soueidat-768x647.jpeg 768w, https:\/\/ami.mr\/fr\/wp-content\/uploads\/2022\/11\/Mohamed-Soueidat.jpeg 1024w\" sizes=\"(max-width: 300px) 100vw, 300px\" \/>BIOGRAPHIE <\/strong><\/span><\/div>\n<div dir=\"ltr\"><\/div>\n<div class=\"item_intro\" dir=\"ltr\" style=\"text-align: left;\"><span class=\"item_intro_title ns PGVdN\">N\u00e9(e) le :<b>31\/12\/1975<\/b><\/span><b><span class=\"item_intro_title ns PGVdN\">\u00e0 :\u00a0Aleg<\/span><br \/>\n<span class=\"item_intro_title ns PGVdN\">Situation familiale :<\/span><\/b><span class=\"item_intro_title ns PGVdN\">Mari\u00e9 et p\u00e8re de deux enfants<\/span><b><br \/>\n<\/b><\/div>\n<div><\/div>\n<div class=\"text-right\" style=\"text-align: left;\">\n<p><strong><span class=\"item_date_publi headlineFsz4vw PGVtitl_h\">FORMATION<\/span><\/strong><\/p>\n<div class=\"ns_indent headlineFsz18px\">&#8211; Titulaire d\u2019une Maitrise en Administration Publique de l\u2019Ecole Nationale d\u2019Administration Publique de l\u2019Universit\u00e9 de Qu\u00e9bec (Canada); Grade de Maitre en Administration Publique.<br \/>\n&#8211; Dipl\u00f4me des Etudes Sup\u00e9rieures Sp\u00e9cialis\u00e9es en Administration Publique de l\u2019Ecole Nationale d\u2019Administration Publique de l\u2019Universit\u00e9 de Qu\u00e9bec (Canada).<\/div>\n<\/div>\n<div><\/div>\n<div class=\"text-right\" style=\"text-align: left;\">\n<p><strong><span class=\"item_date_publi headlineFsz4vw PGVtitl_h\">CURSUS PROFESSIONNEL<\/span><\/strong><\/p>\n<p>&#8211; 18 Septembre 2025 : Ministre de la Justice<\/p>\n<div>&#8211; 06 Aout 2024 au 18 Septembre 2025:Ministre de la Fonction Publique et du Travail<\/div>\n<div>&#8211; 03 Janvier 2024: conseiller \u00e0 la pr\u00e9sidence de la r\u00e9publique.<\/div>\n<div>&#8211; 06 Septmbre 2022: Ministre de la Culture, de la Jeunesse, des Sports et des Relations avec le Parlement.<\/div>\n<div class=\"ns_indent headlineFsz18px\">&#8211; 31 Mars 2022: Ministre de l\u2019Elevage<br \/>\n&#8211; Juin 2021- Mars 2022: Secr\u00e9taire G\u00e9n\u00e9ral du Minist\u00e8re de la Culture, de la jeunesse, des Sports et des Relations avec le Parlement.<br \/>\n&#8211; D\u00e9cembre 2017 \u2013 juin 2021 : Secr\u00e9taire G\u00e9n\u00e9ral du Minist\u00e8re de l\u2019Int\u00e9rieur et de la D\u00e9centralisation.<br \/>\n&#8211; Octobre \u2013 d\u00e9cembre 2017 : Charg\u00e9 de mission au cabinet du Ministre de l\u2019Hydraulique et de l\u2019Assainissement .<br \/>\n&#8211; Novembre 2014 \u2013 09 d\u00e9cembre 2016 : Conseiller Charg\u00e9 de la Coop\u00e9ration \u00e0 la SNDE.<br \/>\n&#8211; Janvier 2014- Novembre 2014 : Charg\u00e9 de mission \u00e0 la SNDE.<br \/>\n&#8211; 2011-2014 : Directeur de l\u2019Approvisionnement et de la Logistique \u00e0 la SNDE.<br \/>\n&#8211; 2010-2011: Conseiller Charg\u00e9 de la Cellule des March\u00e9s avec le rang de Directeur \u00e0 la SNDE.<br \/>\n&#8211; 2008-2010: Chef Service Logistique \u00e0 la Direction des Services Administratifs de la SNDE.<br \/>\n&#8211; 2006-2008: Attach\u00e9 de Direction G\u00e9n\u00e9rale \u00e0 la SNDE.<br \/>\n&#8211; 2004-2006: Chef Division des Op\u00e9rations \u00e0 la Direction Financi\u00e8re et Comptable- SNDE.<\/div>\n<div><\/div>\n<div class=\"ns_indent headlineFsz18px\"><strong>AUTRES EXPERIENCES PROFESSIONNELLES<\/strong><br \/>\n&#8211; Pr\u00e9sident de la Commission provisoire charg\u00e9e de la gestion du tir \u00e0 la cible traditionnelle depuis juillet 2021.<br \/>\n&#8211; Pr\u00e9sident de l\u2019Association des Maires du Brakna entre 2014 et 2018.<br \/>\n&#8211; Maire de la Commune d\u2019Aleg de janvier 2014 \u00e0 octobre 2018.<br \/>\n&#8211; Pr\u00e9sident de la commission de r\u00e9gularisation de la situation administrative du personnel de la Soci\u00e9t\u00e9 Nationale des Eaux (SNDE), entre octobre et d\u00e9cembre 2014.<br \/>\n&#8211; Pr\u00e9sident de l\u2019Amicale des Travailleurs de la SNDE (Soci\u00e9t\u00e9 Nationale d\u2019Eau) entre 2006 et 2018.<br \/>\n&#8211; Plusieurs fois Membre de la commission de march\u00e9s d\u2019investissement de la SNDE.<br \/>\n&#8211; Plusieurs fois Membre de la commission de march\u00e9s d\u2019exploitation de la SNDE<\/div>\n<\/div>\n<div><\/div>\n<div class=\"text-right\" style=\"text-align: left;\">\n<p><strong><span class=\"item_date_publi headlineFsz4vw PGVtitl_h\">ETUDES<\/span><\/strong><\/p>\n<div class=\"ns_indent headlineFsz18px\">&#8211; Du 14 septembre au 10 octobre 2015 : formation de 120 heures en management intitul\u00e9e: Programme International Cadre Leader organis\u00e9e par l\u2019Ecole Nationale d\u2019Administration Publique du Qu\u00e9bec au Canada.<br \/>\n&#8211; Du 16 mars au 27 avril 2012: formation des cadres et dirigeants intitul\u00e9e \u00abprogramme intensif en management\u00bb, organis\u00e9e par l\u2019Ecole des Hautes Etudes Commerciales (HEC Montr\u00e9al) \u00e0 Montr\u00e9al (CANADA).<br \/>\n&#8211; Participation \u00e0 plusieurs rencontres, r\u00e9unions ateliers et s\u00e9minaires sur des th\u00e9matiques telles que la lutte contre le terrorisme, la pr\u00e9vention de l\u2019extr\u00e9misme violent, la gestion de la migration, la gestion des projets et la passation et la gestion des march\u00e9s publics.<\/div>\n<\/div>\n<div><\/div>\n<div class=\"text-right\" style=\"text-align: left;\">\n<p><strong><span class=\"item_date_publi headlineFsz4vw PGVtitl_h\">LANGUES<\/span><\/strong><\/p>\n<div class=\"ns_indent headlineFsz18px\" style=\"text-align: left;\">Arabe et Fran\u00e7ais<\/div>\n<\/div>\n","protected":false},"excerpt":{"rendered":"<p>BIOGRAPHIE N\u00e9(e) le :31\/12\/1975\u00e0 :\u00a0Aleg Situation familiale :Mari\u00e9 et p\u00e8re de deux enfants FORMATION &#8211; Titulaire d\u2019une Maitrise en Administration Publique de l\u2019Ecole Nationale d\u2019Administration Publique de l\u2019Universit\u00e9 de Qu\u00e9bec (Canada); Grade de Maitre en Administration Publique. &#8211; Dipl\u00f4me des Etudes Sup\u00e9rieures Sp\u00e9cialis\u00e9es en Administration Publique de l\u2019Ecole Nationale d\u2019Administration Publique de l\u2019Universit\u00e9 de Qu\u00e9bec [&hellip;]<\/p>\n","protected":false},"author":1,"featured_media":0,"parent":0,"menu_order":0,"comment_status":"closed","ping_status":"closed","template":"","meta":{"footnotes":""},"class_list":["post-202656","page","type-page","status-publish","hentry"],"_links":{"self":[{"href":"https:\/\/ami.mr\/fr\/wp-json\/wp\/v2\/pages\/202656","targetHints":{"allow":["GET"]}}],"collection":[{"href":"https:\/\/ami.mr\/fr\/wp-json\/wp\/v2\/pages"}],"about":[{"href":"https:\/\/ami.mr\/fr\/wp-json\/wp\/v2\/types\/page"}],"author":[{"embeddable":true,"href":"https:\/\/ami.mr\/fr\/wp-json\/wp\/v2\/users\/1"}],"replies":[{"embeddable":true,"href":"https:\/\/ami.mr\/fr\/wp-json\/wp\/v2\/comments?post=202656"}],"version-history":[{"count":10,"href":"https:\/\/ami.mr\/fr\/wp-json\/wp\/v2\/pages\/202656\/revisions"}],"predecessor-version":[{"id":279100,"href":"https:\/\/ami.mr\/fr\/wp-json\/wp\/v2\/pages\/202656\/revisions\/279100"}],"wp:attachment":[{"href":"https:\/\/ami.mr\/fr\/wp-json\/wp\/v2\/media?parent=202656"}],"curies":[{"name":"wp","href":"https:\/\/api.w.org\/{rel}","templated":true}]}}