{"id":202618,"date":"2022-08-01T16:37:09","date_gmt":"2022-08-01T16:37:09","guid":{"rendered":"http:\/\/newar.ami.mr:8088\/fr\/?page_id=202618"},"modified":"2024-08-13T16:22:21","modified_gmt":"2024-08-13T16:22:21","slug":"mohamed-melainine-ould-eyih","status":"publish","type":"page","link":"https:\/\/ami.mr\/fr\/mohamed-melainine-ould-eyih","title":{"rendered":"Mohamed Maalainine Ould Eyih &#8211; Ministre de la formation professionnelle, de l&#8217;artisanat et des m\u00e9tiers"},"content":{"rendered":"<div class=\"item_intro\" dir=\"ltr\" style=\"text-align: center;\"><strong><span class=\"item_date_publi headlineFsz4vw PGVtitl_h\">BIOGRAPHIE <\/span><\/strong><\/div>\n<div dir=\"ltr\"><\/div>\n<div class=\"item_intro\" dir=\"ltr\" style=\"text-align: left;\"><b><span class=\"item_intro_title ns PGVdN\"><img decoding=\"async\" class=\"size-medium wp-image-251597 alignright\" src=\"https:\/\/ami.mr\/fr\/wp-content\/uploads\/2024\/08\/Eyih-300x276.jpg\" alt=\"\" width=\"300\" height=\"276\" srcset=\"https:\/\/ami.mr\/fr\/wp-content\/uploads\/2024\/08\/Eyih-300x276.jpg 300w, https:\/\/ami.mr\/fr\/wp-content\/uploads\/2024\/08\/Eyih-1024x942.jpg 1024w, https:\/\/ami.mr\/fr\/wp-content\/uploads\/2024\/08\/Eyih-768x706.jpg 768w, https:\/\/ami.mr\/fr\/wp-content\/uploads\/2024\/08\/Eyih.jpg 1080w\" sizes=\"(max-width: 300px) 100vw, 300px\" \/><\/span><\/b><\/div>\n<div><\/div>\n<div class=\"text-right\" style=\"text-align: left;\">\n<p><strong>Nom et pr\u00e9nom:<\/strong> Mohamed Malainine Ould Eyih<\/p>\n<p>&#8211; N\u00e9 le 15 d\u00e9cembre 1968 \u00e0 Atar\/Mauritanie<\/p>\n<p>&#8211;<strong> Situation familiale:<\/strong> Mari\u00e9 et p\u00e8re de cinq enfants.<\/p>\n<h3>\u00a0* Formation :<\/h3>\n<p>&#8211; Master en sciences \u00e9conomiques avec une sp\u00e9cialisation en : Ing\u00e9nierie de la formation et syst\u00e8mes d&#8217;exploitation (Universit\u00e9 des sciences sociales, Toulouse 1 &#8211; France).<\/p>\n<p>&#8211; Ma\u00eetrise en enseignement technique \/ Centre sup\u00e9rieur de l\u2019enseignement technique et ENNA Paris Nord.<\/p>\n<h3>* Carri\u00e8re :<\/h3>\n<ul>\n<li>06 Aout 2024 nomm\u00e9 Ministre de la formation professionnelle, de l&#8217;artisanat et des m\u00e9tiers.<\/li>\n<\/ul>\n<p>&#8211; Pr\u00e9sident du parti INSAF depuis le 03 juillet 2022.<\/p>\n<p>&#8211; Du 31 mars 2022 au 06 septembre 2022\u00a0: Ministre de l&#8217;Education Nationale et de la R\u00e9forme du Syst\u00e8me Educatif et Porte-parole du Gouvernement.<\/p>\n<p>&#8211; Du 26 mai 2021 au 31 mars 2022\u00a0: Ministre de l&#8217;\u00e9ducation nationale et de la r\u00e9forme du syst\u00e8me \u00e9ducatif.<\/p>\n<p>&#8211; Du 09 ao\u00fbt 2020 au 26 mai 2021\u00a0: ministre de l\u2019Education nationale, de la formation technique et de la r\u00e9forme du syst\u00e8me \u00e9ducatif.<\/p>\n<p>&#8211; 08 ao\u00fbt 2019 au 09 ao\u00fbt 2020\u00a0: Ministre de l&#8217;enseignement secondaire et de la formation technique et professionnelle.<\/p>\n<p>&#8211; Ao\u00fbt 2015 \u00e0 ao\u00fbt 2019 : Coordinateur du projet SWEDD pour l&#8217;autonomisation des femmes et le dividende d\u00e9mographique au Sahel (financ\u00e9 par la Banque mondiale).<\/p>\n<p>&#8211; Juillet 2002 \u00e0 ao\u00fbt 2015 : Directeur de l&#8217;Institut national pour la promotion de la formation technique et professionnelle (INAP-FTP)<\/p>\n<p>&#8211; D&#8217;octobre 1997 \u00e0 juillet 2002 : Coordinateur du Centre de Ressources et de Suivi de l&#8217;Enseignement Technique et de la Formation Professionnelle (CRES).<\/p>\n<p>Octobre 1995 \u00e0 octobre 1997 : Expert\/Consultant en ing\u00e9nierie de formation au CRES.<\/p>\n<p>&#8211; De septembre 1990 \u00e0 octobre 1995 : Professeur d&#8217;enseignement technique au lyc\u00e9e technique de Nouakchott.<\/p>\n<p>* R\u00e9cipiendaire de la M\u00e9daille de la reconnaissance nationale.<\/p>\n<h3>* Langues :<\/h3>\n<p>&#8211; Arabe &#8211; Fran\u00e7ais.<\/p>\n<div class=\"ns_indent headlineFsz18px\"><\/div>\n<\/div>\n<div><\/div>\n<div class=\"text-right\" style=\"text-align: left;\">\n<p>&nbsp;<\/p>\n<div class=\"ns_indent headlineFsz18px\"><\/div>\n<\/div>\n","protected":false},"excerpt":{"rendered":"<p>BIOGRAPHIE Nom et pr\u00e9nom: Mohamed Malainine Ould Eyih &#8211; N\u00e9 le 15 d\u00e9cembre 1968 \u00e0 Atar\/Mauritanie &#8211; Situation familiale: Mari\u00e9 et p\u00e8re de cinq enfants. \u00a0* Formation : &#8211; Master en sciences \u00e9conomiques avec une sp\u00e9cialisation en : Ing\u00e9nierie de la formation et syst\u00e8mes d&#8217;exploitation (Universit\u00e9 des sciences sociales, Toulouse 1 &#8211; France). &#8211; Ma\u00eetrise [&hellip;]<\/p>\n","protected":false},"author":1,"featured_media":0,"parent":0,"menu_order":0,"comment_status":"closed","ping_status":"closed","template":"","meta":{"footnotes":""},"class_list":["post-202618","page","type-page","status-publish","hentry"],"_links":{"self":[{"href":"https:\/\/ami.mr\/fr\/wp-json\/wp\/v2\/pages\/202618","targetHints":{"allow":["GET"]}}],"collection":[{"href":"https:\/\/ami.mr\/fr\/wp-json\/wp\/v2\/pages"}],"about":[{"href":"https:\/\/ami.mr\/fr\/wp-json\/wp\/v2\/types\/page"}],"author":[{"embeddable":true,"href":"https:\/\/ami.mr\/fr\/wp-json\/wp\/v2\/users\/1"}],"replies":[{"embeddable":true,"href":"https:\/\/ami.mr\/fr\/wp-json\/wp\/v2\/comments?post=202618"}],"version-history":[{"count":10,"href":"https:\/\/ami.mr\/fr\/wp-json\/wp\/v2\/pages\/202618\/revisions"}],"predecessor-version":[{"id":252019,"href":"https:\/\/ami.mr\/fr\/wp-json\/wp\/v2\/pages\/202618\/revisions\/252019"}],"wp:attachment":[{"href":"https:\/\/ami.mr\/fr\/wp-json\/wp\/v2\/media?parent=202618"}],"curies":[{"name":"wp","href":"https:\/\/api.w.org\/{rel}","templated":true}]}}