{"id":202570,"date":"2022-08-01T15:21:31","date_gmt":"2022-08-01T15:21:31","guid":{"rendered":"http:\/\/newar.ami.mr:8088\/fr\/?page_id=202570"},"modified":"2025-01-07T15:23:59","modified_gmt":"2025-01-07T15:23:59","slug":"hanana-ould-sidi","status":"publish","type":"page","link":"https:\/\/ami.mr\/fr\/hanana-ould-sidi","title":{"rendered":"Hanana Ould Sidi &#8211; Ministre de la d\u00e9fense, des affaires de retrait\u00e9s et des enfants de martyrs"},"content":{"rendered":"<div class=\"item_intro\" dir=\"ltr\" style=\"text-align: center;\"><span class=\"item_date_publi headlineFsz4vw PGVtitl_h\"><strong>BIOGRAPHIE<\/strong>\u00a0<\/span><\/div>\n<div class=\"item_intro\" dir=\"ltr\" style=\"text-align: left;\"><span class=\"item_intro_title ns PGVdN\">N\u00e9(e) le :<b>31\/12\/1956 <\/b><\/span><b><span class=\"item_intro_title ns PGVdN\">\u00e0 Bassiknou<\/span><br \/>\n<span class=\"item_intro_title ns PGVdN\">Si<\/span><\/b><strong><span class=\"item_intro_title ns PGVdN\">tuation familiale :<\/span><\/strong><span class=\"item_intro_title ns PGVdN\">mari\u00e9 et p\u00e8re de 7 enfants<img decoding=\"async\" class=\"size-medium wp-image-257642 alignright\" src=\"https:\/\/ami.mr\/fr\/wp-content\/uploads\/2024\/10\/HS1-170x300.jpg\" alt=\"\" width=\"170\" height=\"300\" srcset=\"https:\/\/ami.mr\/fr\/wp-content\/uploads\/2024\/10\/HS1-170x300.jpg 170w, https:\/\/ami.mr\/fr\/wp-content\/uploads\/2024\/10\/HS1-580x1024.jpg 580w, https:\/\/ami.mr\/fr\/wp-content\/uploads\/2024\/10\/HS1-768x1355.jpg 768w, https:\/\/ami.mr\/fr\/wp-content\/uploads\/2024\/10\/HS1-871x1536.jpg 871w, https:\/\/ami.mr\/fr\/wp-content\/uploads\/2024\/10\/HS1-1161x2048.jpg 1161w, https:\/\/ami.mr\/fr\/wp-content\/uploads\/2024\/10\/HS1-scaled.jpg 1451w\" sizes=\"(max-width: 170px) 100vw, 170px\" \/><\/span><\/div>\n<div><\/div>\n<div class=\"text-right\" style=\"text-align: left;\">\n<p><strong><span class=\"item_date_publi headlineFsz4vw PGVtitl_h\">FORMATION<\/span><\/strong><\/p>\n<div class=\"ns_indent headlineFsz18px\">&#8211; BAC CB<br \/>\n&#8211; Certificat universitaire d\u2019\u00e9tudes en droit<br \/>\n&#8211; Magist\u00e8re en Sciences administratives et militaires<br \/>\n-Stages et dipl\u00f4mes militaires suivis :<br \/>\n-Brevet chef section<br \/>\n-Brevet parachutiste<br \/>\n-Brevet capitaine et certificat d\u2019aptitude \u00e0 l\u2019\u00e9tat- major (1985-1986)<br \/>\n-Cours d\u2019\u00e9tat-major 1992-1993<br \/>\n-Cours sup\u00e9rieur de guerre 2000-2001<\/div>\n<div><\/div>\n<div class=\"ns_indent headlineFsz18px\"><strong>D\u00e9corations honorifiques<\/strong> :<br \/>\n-Officier de l\u2019 Ordre du m\u00e9rite national en 2008<br \/>\nOfficier de la l\u00e9gion d\u2019honneur en 2016 (France)<br \/>\n-Grande croix de la valeur militaire en 2018 (Espagne)<br \/>\n-Officier de l\u2019ordre de l\u2019\u00e9talon en 2019 (Burkina Fasso)<\/div>\n<\/div>\n<div class=\"text-right\" style=\"text-align: left;\">\n<p>&nbsp;<\/p>\n<p><strong><span class=\"item_date_publi headlineFsz4vw PGVtitl_h\">CURSUS PROFESSIONNEL<\/span><\/strong><\/p>\n<div class=\"ns_indent headlineFsz18px\">Fonctions :Principaux emplois tenus<br \/>\n&#8211; Commandant de brigade : -\u00e9l\u00e8ves officiers de la douane \u2013 officiers<br \/>\nde r\u00e9serve en situation d\u2019activit\u00e9\u2013 \u00e9l\u00e8ves officiers d\u2019actives \u00e0<br \/>\nl\u2019Ecole Militaire Inter-Armes (1981 \u2013 1983) ;<br \/>\n&#8211; Commandant de brigade d\u2019\u00e9l\u00e8ves sous- officiers d\u2019actives \u00e0 l\u2019EMIA<br \/>\n(1983 \u2013 1984) ;<br \/>\n&#8211; Commandant de brigade d\u2019\u00e9l\u00e8ves officiers d\u2019actives \u00e0 l\u2019EMIA (1984 \u2013 1985)<br \/>\n-Chef section Etudes g\u00e9n\u00e9rales\/ 3i\u00e8me bureau 1986<br \/>\n-Adjoint chef du 3i\u00e8me bureau 1988<br \/>\n-Commandant sous groupement 62\/ 6i\u00e8me r\u00e9gion militaire 1990<br \/>\n-Commandant 6i\u00e8me r\u00e9gion militaire par int\u00e9rim 1991<br \/>\n-Chef bureau organisation d\u2019instruction \u00e0 l\u2019\u00e9cole militaire interames 1993<br \/>\n&#8211; Commandant du Centre d\u2019instruction de l\u2019Arm\u00e9e nationale (1995) ;<br \/>\n&#8211; Commandant de la 6\u00e8me r\u00e9gion militaire (1998) ;<br \/>\n&#8211; Commandant du centre technique de l\u2019Arm\u00e9e nationale (2001) ;<br \/>\n&#8211; Commandant de la 3\u00e8me R\u00e9gion Militaire (2002) ;<br \/>\n&#8211; Aide de Camp du Pr\u00e9sident de la R\u00e9publique (2003) ;<br \/>\n&#8211; Directeur G\u00e9n\u00e9ral de la s\u00e9curit\u00e9 ext\u00e9rieure et de la documentation (2005) ;<br \/>\n&#8211; Membre du haut Conseil d\u2019\u2019Etat (2008) ;<br \/>\nInspecteur g\u00e9n\u00e9ral des Forces arm\u00e9es et de s\u00e9curit\u00e9 (2009) ;<br \/>\nChef d\u2019\u00e9tat- major g\u00e9n\u00e9ral des arm\u00e9es adjoint 2013 ;<br \/>\nCommandant de la force conjointe du G5 Sahel juillet 2018 ;<br \/>\n-Nomm\u00e9 ministre de la D\u00e9fense nationale le 8\/8\/2019.<\/div>\n<div>&#8211; Renomm\u00e9 le 06 Aout 2024.<\/div>\n<\/div>\n<div><\/div>\n<div class=\"text-right\" style=\"text-align: left;\">\n<p><strong><span class=\"item_date_publi headlineFsz4vw PGVtitl_h\">ETUDES<\/span><\/strong><\/p>\n<div class=\"ns_indent headlineFsz18px\">-Formations-Promotions :<br \/>\nEngag\u00e9 volontaire le 1er \/ 10 \/1978, a suivi une formation d\u2019\u00e9l\u00e8ve<br \/>\nofficier en 1978 \u00e0 Mekn\u00e8s (Maroc)<br \/>\nNominations aux grades successifs :<br \/>\n-Sous-lieutenant le 1er -07-1981<br \/>\n-Lieutenant le 1er -07-1983<br \/>\n-Capitaine le 1er -07-1987<br \/>\n-Commandant le 1er -07-1993<br \/>\n-Lieutenant-colonel le 1er -07-1997<br \/>\n-Colonel le 31 &#8211; 12-2002<br \/>\n-G\u00e9n\u00e9ral de Brigade le 1er -01-2013<br \/>\n-G\u00e9n\u00e9ral de Division le 1er -07-2016<\/div>\n<\/div>\n<div><\/div>\n<div class=\"text-right\" style=\"text-align: left;\">\n<p><strong><span class=\"item_date_publi headlineFsz4vw PGVtitl_h\">LANGUES<\/span><\/strong><\/p>\n<div class=\"ns_indent headlineFsz18px\" style=\"text-align: left;\">Langues parl\u00e9es et \u00e9crites Arabe, Fran\u00e7ais et anglais<\/div>\n<\/div>\n","protected":false},"excerpt":{"rendered":"<p>BIOGRAPHIE\u00a0 N\u00e9(e) le :31\/12\/1956 \u00e0 Bassiknou Situation familiale :mari\u00e9 et p\u00e8re de 7 enfants FORMATION &#8211; BAC CB &#8211; Certificat universitaire d\u2019\u00e9tudes en droit &#8211; Magist\u00e8re en Sciences administratives et militaires -Stages et dipl\u00f4mes militaires suivis : -Brevet chef section -Brevet parachutiste -Brevet capitaine et certificat d\u2019aptitude \u00e0 l\u2019\u00e9tat- major (1985-1986) -Cours d\u2019\u00e9tat-major 1992-1993 -Cours [&hellip;]<\/p>\n","protected":false},"author":1,"featured_media":0,"parent":0,"menu_order":0,"comment_status":"closed","ping_status":"closed","template":"","meta":{"footnotes":""},"class_list":["post-202570","page","type-page","status-publish","hentry"],"_links":{"self":[{"href":"https:\/\/ami.mr\/fr\/wp-json\/wp\/v2\/pages\/202570","targetHints":{"allow":["GET"]}}],"collection":[{"href":"https:\/\/ami.mr\/fr\/wp-json\/wp\/v2\/pages"}],"about":[{"href":"https:\/\/ami.mr\/fr\/wp-json\/wp\/v2\/types\/page"}],"author":[{"embeddable":true,"href":"https:\/\/ami.mr\/fr\/wp-json\/wp\/v2\/users\/1"}],"replies":[{"embeddable":true,"href":"https:\/\/ami.mr\/fr\/wp-json\/wp\/v2\/comments?post=202570"}],"version-history":[{"count":13,"href":"https:\/\/ami.mr\/fr\/wp-json\/wp\/v2\/pages\/202570\/revisions"}],"predecessor-version":[{"id":262433,"href":"https:\/\/ami.mr\/fr\/wp-json\/wp\/v2\/pages\/202570\/revisions\/262433"}],"wp:attachment":[{"href":"https:\/\/ami.mr\/fr\/wp-json\/wp\/v2\/media?parent=202570"}],"curies":[{"name":"wp","href":"https:\/\/api.w.org\/{rel}","templated":true}]}}