{"id":202561,"date":"2022-08-01T14:08:27","date_gmt":"2022-08-01T14:08:27","guid":{"rendered":"http:\/\/newar.ami.mr:8088\/fr\/?page_id=202561"},"modified":"2024-08-13T16:42:27","modified_gmt":"2024-08-13T16:42:27","slug":"mohamed-salem-ould-merzoug","status":"publish","type":"page","link":"https:\/\/ami.mr\/fr\/mohamed-salem-ould-merzoug","title":{"rendered":"Mohamed Salem Ould Merzoug &#8211; Ministre des affaires \u00e9trang\u00e8res, de la coop\u00e9ration africaine et des mauritaniens de l\u2019ext\u00e9rieur"},"content":{"rendered":"<div class=\"item_intro\" dir=\"ltr\" style=\"text-align: center;\"><strong><span class=\"item_date_publi headlineFsz4vw PGVtitl_h\">BIOGRAPHIE<\/span><\/strong><\/div>\n<div class=\"text-right\" style=\"text-align: left;\">\n<p><span class=\"item_date_publi headlineFsz4vw PGVtitl_h\"><img decoding=\"async\" class=\"size-medium wp-image-251618 alignright\" src=\"https:\/\/ami.mr\/fr\/wp-content\/uploads\/2024\/08\/Merzoug-1-300x266.jpg\" alt=\"\" width=\"300\" height=\"266\" srcset=\"https:\/\/ami.mr\/fr\/wp-content\/uploads\/2024\/08\/Merzoug-1-300x266.jpg 300w, https:\/\/ami.mr\/fr\/wp-content\/uploads\/2024\/08\/Merzoug-1-1024x906.jpg 1024w, https:\/\/ami.mr\/fr\/wp-content\/uploads\/2024\/08\/Merzoug-1-768x680.jpg 768w, https:\/\/ami.mr\/fr\/wp-content\/uploads\/2024\/08\/Merzoug-1.jpg 1080w\" sizes=\"(max-width: 300px) 100vw, 300px\" \/>F<strong>ORMATION<\/strong><\/span><\/p>\n<div class=\"ns_indent headlineFsz18px\">&#8211; Doctorat de G\u00e9ophysique: Mention tr\u00e8s bien, Tunis 1987;<br \/>\n&#8211; Dipl\u00f4mes de Recherches Approfondies (DRA);<br \/>\n&#8211; Ma\u00eetrise de G\u00e9ophysique (Major) 1984<br \/>\n&#8211; DEUG (major)<br \/>\n&#8211; Baccalaur\u00e9at.<\/div>\n<div><\/div>\n<\/div>\n<div class=\"text-right\" style=\"text-align: left;\">\n<p><span class=\"item_date_publi headlineFsz4vw PGVtitl_h\"><strong>CURSUS PROFESSIONNEL<\/strong><\/span><\/p>\n<p>&#8211; 06 ao\u00fbt 2024 : Nomm\u00e9 ministre des affaires \u00e9trang\u00e8res, de la coop\u00e9ration africaine et des Mauritaniens de l\u2019ext\u00e9rieur.<br \/>\n&#8211; 31 mars 2022 : ministre des affaires \u00e9trang\u00e8res, de la coop\u00e9ration et des Mauritaniens de l\u2019ext\u00e9rieur.<br \/>\n&#8211; Ao\u00fbt 2019 \u00e0 mars 2022 : ministre de l\u2019Int\u00e9rieur et de la D\u00e9centralisation.<\/p>\n<div class=\"ns_indent headlineFsz18px\">2016\u20132019: Conseiller diplomatique du Pr\u00e9sident de la R\u00e9publique<br \/>\n2010 \u00e0 2013: Pr\u00e9sident Mondial du R\u00e9seau International des Organismes de Bassins (RIOB);<br \/>\nF\u00e9vrier 2002 \u00e0 avril 2013: Haut- Commissaire de l\u2019Organisation pour la Mise en Valeur du fleuve S\u00e9n\u00e9gal (OMVS);<br \/>\n2001 \u2013 2002: Conseiller \u00e0 la Pr\u00e9sidence de la R\u00e9publique en charge du secteur rural;<br \/>\n2000\u20132001: Ministre de la Sant\u00e9 et des Affaires sociales;<br \/>\n1999\u20132000: Ministre de la Justice garde des Sceaux;<br \/>\n1998\u20131999: Ministre de l\u2019Hydraulique et de l\u2019Energie;<br \/>\n1997\u20131998: Ministre de l\u2019Equipement et des Transports;<br \/>\n1995\u20131997: Commissaire \u00e0 la S\u00e9curit\u00e9 Alimentaire;<br \/>\n1986-2002: Enseignant- chercheur \u00e0 l\u2019Universit\u00e9 de Nouakchott;<br \/>\n1987\u20131993: Consultant international pour diff\u00e9rentes Agences (FAO, PNUD, UNEP \u2026);<br \/>\n1994\u20131996: Responsable des relations ext\u00e9rieures de la Ligue Mauritanienne des Droits de l\u2019Homme (LMDH);<br \/>\n1986\u20131989: Charg\u00e9 de Recherche du Club de la Mer;<br \/>\n1987\u20131995: Directeur du Laboratoire d\u2019Etudes et de Recherches G\u00e9ographiques de l\u2019Universit\u00e9;Distinctions et activit\u00e9s:- Oscar de l\u2019Excellence et du Leadership en 2008 du Conseil International des managers Africains;<br \/>\n-Auteur de plusieurs ouvrages et \u00e9tudes et Recherches dans divers domaines touchant \u00e0 sa sp\u00e9cialit\u00e9 et son domaine d\u2019activit\u00e9;<br \/>\n-Universitaire et Chercheur.<\/div>\n<div><\/div>\n<\/div>\n<div class=\"text-right\" style=\"text-align: left;\">\n<p><strong><span class=\"item_date_publi headlineFsz4vw PGVtitl_h\">LANGUES<\/span><\/strong><\/p>\n<div class=\"ns_indent headlineFsz18px\" style=\"text-align: left;\">Arabe ; Fran\u00e7ais ; Anglais.<\/div>\n<\/div>\n","protected":false},"excerpt":{"rendered":"<p>BIOGRAPHIE FORMATION &#8211; Doctorat de G\u00e9ophysique: Mention tr\u00e8s bien, Tunis 1987; &#8211; Dipl\u00f4mes de Recherches Approfondies (DRA); &#8211; Ma\u00eetrise de G\u00e9ophysique (Major) 1984 &#8211; DEUG (major) &#8211; Baccalaur\u00e9at. CURSUS PROFESSIONNEL &#8211; 06 ao\u00fbt 2024 : Nomm\u00e9 ministre des affaires \u00e9trang\u00e8res, de la coop\u00e9ration africaine et des Mauritaniens de l\u2019ext\u00e9rieur. &#8211; 31 mars 2022 : ministre [&hellip;]<\/p>\n","protected":false},"author":1,"featured_media":0,"parent":0,"menu_order":0,"comment_status":"closed","ping_status":"closed","template":"","meta":{"footnotes":""},"class_list":["post-202561","page","type-page","status-publish","hentry"],"_links":{"self":[{"href":"https:\/\/ami.mr\/fr\/wp-json\/wp\/v2\/pages\/202561","targetHints":{"allow":["GET"]}}],"collection":[{"href":"https:\/\/ami.mr\/fr\/wp-json\/wp\/v2\/pages"}],"about":[{"href":"https:\/\/ami.mr\/fr\/wp-json\/wp\/v2\/types\/page"}],"author":[{"embeddable":true,"href":"https:\/\/ami.mr\/fr\/wp-json\/wp\/v2\/users\/1"}],"replies":[{"embeddable":true,"href":"https:\/\/ami.mr\/fr\/wp-json\/wp\/v2\/comments?post=202561"}],"version-history":[{"count":7,"href":"https:\/\/ami.mr\/fr\/wp-json\/wp\/v2\/pages\/202561\/revisions"}],"predecessor-version":[{"id":252025,"href":"https:\/\/ami.mr\/fr\/wp-json\/wp\/v2\/pages\/202561\/revisions\/252025"}],"wp:attachment":[{"href":"https:\/\/ami.mr\/fr\/wp-json\/wp\/v2\/media?parent=202561"}],"curies":[{"name":"wp","href":"https:\/\/api.w.org\/{rel}","templated":true}]}}