{"id":202543,"date":"2022-08-01T13:29:45","date_gmt":"2022-08-01T13:29:45","guid":{"rendered":"http:\/\/newar.ami.mr:8088\/fr\/?page_id=202543"},"modified":"2025-09-24T11:07:09","modified_gmt":"2025-09-24T11:07:09","slug":"naha-mint-hamdi-ould-mouknass","status":"publish","type":"page","link":"https:\/\/ami.mr\/fr\/naha-mint-hamdi-ould-mouknass","title":{"rendered":"NAHA MINT HAMDI OULD MOUKNASS &#8211; Ministre de l\u2019Habitat, de l\u2019Urbanisme et de l\u2019Am\u00e9nagement du Territoire"},"content":{"rendered":"<h3 class=\"item_intro\" dir=\"ltr\" style=\"text-align: center;\"><strong><span class=\"item_date_publi headlineFsz4vw PGVtitl_h\"><a href=\"http:\/\/newar.ami.mr:8088\/fr\/index.php\/naha-mint-hamdi-ould-mouknass-ministre-conseillere-a-la-presidence-de-la-republique\/naha-14\/\" rel=\"attachment wp-att-202545\"><img decoding=\"async\" class=\"size-medium wp-image-202545 alignleft\" src=\"http:\/\/newar.ami.mr:8088\/fr\/wp-content\/uploads\/2022\/08\/Naha-300x241.jpg\" alt=\"\" width=\"300\" height=\"241\" srcset=\"https:\/\/ami.mr\/fr\/wp-content\/uploads\/2022\/08\/Naha-300x241.jpg 300w, https:\/\/ami.mr\/fr\/wp-content\/uploads\/2022\/08\/Naha-768x617.jpg 768w, https:\/\/ami.mr\/fr\/wp-content\/uploads\/2022\/08\/Naha.jpg 800w\" sizes=\"(max-width: 300px) 100vw, 300px\" \/><\/a>BIOGRAPHIE<\/span><\/strong><\/h3>\n<div dir=\"ltr\"><\/div>\n<div class=\"text-right\" style=\"text-align: left;\">\n<div class=\"ns_indent headlineFsz18px\" style=\"text-align: left;\">\n<p><strong>Pr\u00e9nom et Nom :<\/strong> Naha Hamdi Mouknass<br \/>\nN\u00e9(e) le :10\/03\/1969 \u00e0 : Nouakchott \u2013 Mauritanie<br \/>\nPr\u00e9sidente du Parti Union pour la D\u00e9mocratie et le Progr\u00e8s<\/p>\n<h4><strong>Qualification acad\u00e9mique<\/strong><br \/>\n1994 : Dipl\u00f4me d\u2019\u00c9tudes Sup\u00e9rieures Sp\u00e9cialis\u00e9es Option Management de l\u2019Institut Sup\u00e9rieur de Gestion de Paris.<\/h4>\n<h4><strong>CURSUS PROFESSIONNEL<\/strong><br \/>\n1994-1996 : Cadre dans le secteur priv\u00e9<br \/>\n2000-2001 : Conseill\u00e8re \u00e0 la Pr\u00e9sidence de la R\u00e9publique<br \/>\n2001 \u2013 2005 : Ministre Conseill\u00e8re \u00e0 la Pr\u00e9sidence de la R\u00e9publique<br \/>\n2009-2011 : Ministre des Affaires \u00c9trang\u00e8res et de la Coop\u00e9ration (Premi\u00e8re femme \u00e0 occuper ce poste dans le monde arabe)<br \/>\n2014-2025 : occupe les portefeuilles minist\u00e9riels suivants :<br \/>\n&#8211; Ministre du Commerce, de l\u2019Industrie, de l\u2019Artisanat et du Tourisme<br \/>\n&#8211; Ministre des Affaires sociales, de l\u2019Enfance et de la Famille<br \/>\n&#8211; Ministre de l\u2019\u00e9ducation nationale et de la formation professionnelle<br \/>\n&#8211; Ministre de l\u2019Hydraulique et de l\u2019Assainissement<br \/>\n&#8211; Ministre conseill\u00e8re \u00e0 la Pr\u00e9sidence de la R\u00e9publique<br \/>\n&#8211; Ministre du Commerce, de l\u2019Industrie, de l\u2019Artisanat et du Tourisme \u00e0 nouveau<br \/>\n&#8211; Ministre de la Sant\u00e9.<br \/>\n&#8211; Ministre de l\u2019Habitat, de l\u2019Urbanisme et de l\u2019Am\u00e9nagement du Territoire (depuis le 18 Septembre 2025).<\/h4>\n<h4><strong>FONCTIONS \u00c9LECTIVES<\/strong><br \/>\n\u2013 2000 : \u00c9lue Pr\u00e9sidente de l\u2018Union pour la D\u00e9mocratie et le Progr\u00e8s (UDP)<br \/>\n\u2013 \u00c9lue d\u00e9put\u00e9e au Parlement mauritanien quatre fois en 2006 \u2013 2013 \u2013 2018 et 2023<\/h4>\n<\/div>\n<\/div>\n","protected":false},"excerpt":{"rendered":"<p>BIOGRAPHIE Pr\u00e9nom et Nom : Naha Hamdi Mouknass N\u00e9(e) le :10\/03\/1969 \u00e0 : Nouakchott \u2013 Mauritanie Pr\u00e9sidente du Parti Union pour la D\u00e9mocratie et le Progr\u00e8s Qualification acad\u00e9mique 1994 : Dipl\u00f4me d\u2019\u00c9tudes Sup\u00e9rieures Sp\u00e9cialis\u00e9es Option Management de l\u2019Institut Sup\u00e9rieur de Gestion de Paris. CURSUS PROFESSIONNEL 1994-1996 : Cadre dans le secteur priv\u00e9 2000-2001 : Conseill\u00e8re [&hellip;]<\/p>\n","protected":false},"author":1,"featured_media":0,"parent":0,"menu_order":0,"comment_status":"closed","ping_status":"closed","template":"","meta":{"footnotes":""},"class_list":["post-202543","page","type-page","status-publish","hentry"],"_links":{"self":[{"href":"https:\/\/ami.mr\/fr\/wp-json\/wp\/v2\/pages\/202543","targetHints":{"allow":["GET"]}}],"collection":[{"href":"https:\/\/ami.mr\/fr\/wp-json\/wp\/v2\/pages"}],"about":[{"href":"https:\/\/ami.mr\/fr\/wp-json\/wp\/v2\/types\/page"}],"author":[{"embeddable":true,"href":"https:\/\/ami.mr\/fr\/wp-json\/wp\/v2\/users\/1"}],"replies":[{"embeddable":true,"href":"https:\/\/ami.mr\/fr\/wp-json\/wp\/v2\/comments?post=202543"}],"version-history":[{"count":12,"href":"https:\/\/ami.mr\/fr\/wp-json\/wp\/v2\/pages\/202543\/revisions"}],"predecessor-version":[{"id":279271,"href":"https:\/\/ami.mr\/fr\/wp-json\/wp\/v2\/pages\/202543\/revisions\/279271"}],"wp:attachment":[{"href":"https:\/\/ami.mr\/fr\/wp-json\/wp\/v2\/media?parent=202543"}],"curies":[{"name":"wp","href":"https:\/\/api.w.org\/{rel}","templated":true}]}}