{"id":202529,"date":"2022-08-01T13:06:51","date_gmt":"2022-08-01T13:06:51","guid":{"rendered":"http:\/\/newar.ami.mr:8088\/fr\/?page_id=202529"},"modified":"2022-08-01T13:06:51","modified_gmt":"2022-08-01T13:06:51","slug":"mohamed-ould-bilal-messoud-premier-ministre","status":"publish","type":"page","link":"https:\/\/ami.mr\/fr\/mohamed-ould-bilal-messoud-premier-ministre","title":{"rendered":"MOHAMED OULD BILAL MESSOUD &#8211; Premier Ministre"},"content":{"rendered":"<div class=\"item_intro\" dir=\"ltr\" style=\"text-align: left;\"><strong><span class=\"item_date_publi headlineFsz4vw PGVtitl_h\"><a href=\"http:\/\/newar.ami.mr:8088\/fr\/index.php\/mohamed-ould-bilal-messoud-premier-ministre\/pm-12\/\" rel=\"attachment wp-att-202530\"><img decoding=\"async\" class=\"size-medium wp-image-202530 alignleft\" src=\"http:\/\/newar.ami.mr:8088\/fr\/wp-content\/uploads\/2022\/08\/pm-300x200.jpg\" alt=\"\" width=\"300\" height=\"200\" srcset=\"https:\/\/ami.mr\/fr\/wp-content\/uploads\/2022\/08\/pm-300x200.jpg 300w, https:\/\/ami.mr\/fr\/wp-content\/uploads\/2022\/08\/pm-768x512.jpg 768w, https:\/\/ami.mr\/fr\/wp-content\/uploads\/2022\/08\/pm.jpg 800w\" sizes=\"(max-width: 300px) 100vw, 300px\" \/><\/a><\/span><\/strong><\/div>\n<div class=\"item_intro\" dir=\"ltr\" style=\"text-align: left;\"><strong><span class=\"item_date_publi headlineFsz4vw PGVtitl_h\">BIOGRAPHIE<\/span><span class=\"item_intro_title ns PGVdN\">N<\/span><\/strong><\/div>\n<div class=\"item_intro\" dir=\"ltr\" style=\"text-align: left;\"><span class=\"item_intro_title ns PGVdN\">\u00e9(e) le :<b>10\/12\/1963<\/b><\/span><b>\u00a0<span class=\"item_intro_title ns PGVdN\">\u00e0 :Rosso-Mauritanie<\/span><br \/>\n<\/b><\/div>\n<div dir=\"ltr\"><\/div>\n<div class=\"item_intro\" dir=\"ltr\" style=\"text-align: left;\"><b><span class=\"item_intro_title ns PGVdN\">Situation familiale :Mari\u00e9, p\u00e8re de 5 enfants<\/span><br \/>\n<\/b><\/div>\n<div><\/div>\n<div class=\"text-right\" style=\"text-align: left;\"><strong><span class=\"item_date_publi headlineFsz4vw PGVtitl_h\">FORMATION<\/span><\/strong><\/p>\n<div class=\"ns_indent headlineFsz18px\">&#8211; Dipl\u00f4me Ing\u00e9nieur Principal en Am\u00e9nagements hydrauliques<br \/>\nDomaines d\u2019\u00e9tudes Am\u00e9nagements, Infrastructures hydrauliques<br \/>\nPrincipaux Am\u00e9nagements, Assainissements<br \/>\nInstitution Ecole Nationale Sup\u00e9rieure d\u2019Hydraulique (Blida-Alg\u00e9rie)<\/p>\n<p>&#8211; Dipl\u00f4me Master II en Sciences de Gestion (Option Entreprises) Domaines d\u2019\u00e9tudes Diagnostic, Audit, Organisation, Evaluation des entreprises Principaux Diagnostic et \u00e9valuation financi\u00e8re des entreprises &#8211; Institution MIT-UNIVERSITY Dakar S\u00e9n\u00e9gal<\/p>\n<p>&#8211; Dipl\u00f4me attendu Docteur en Business Administration (DBA)<br \/>\nSujet de th\u00e8se Facteurs cl\u00e9s de la performance organisationnelle des PME\/BTP en Mauritanie Institution Business Science Institute Luxembourg en partenariat avec l\u2019IAE Lyon<\/p>\n<\/div>\n<\/div>\n<div class=\"text-right\" style=\"text-align: left;\"><strong><span class=\"item_date_publi headlineFsz4vw PGVtitl_h\">CURSUS PROFESSIONNEL<\/span><\/strong><\/p>\n<div class=\"ns_indent headlineFsz18px\">&#8211; Charg\u00e9 de Mission au Cabinet du Premier Ministre (F\u00e9vrier 2019 au 06 ao\u00fbt 2020)<\/p>\n<p>&#8211; Responsabilit\u00e9s Consultant senior\u00a0-Bureau d\u2019\u00e9tudes MBMCONSULT- (Avril 2014 \u00e0 D\u00e9cembre 2018)<\/p>\n<p>&#8211; Directeur G\u00e9n\u00e9ral &#8211; Soci\u00e9t\u00e9 Mauritanienne d\u2019Electricit\u00e9 (SOMELEC) (Octobre 2013 \u00e0 Avril 2014)<\/p>\n<p>&#8211; Directeur G\u00e9n\u00e9ral Soci\u00e9t\u00e9 d\u2019Assainissement, des Travaux, de Transport et de Maintenance (ATTM sa)- D\u00e9cembre 2010 \u00e0 Octobre 2013<\/p>\n<p>&#8211; Directeur G\u00e9n\u00e9ral Soci\u00e9t\u00e9 Arabe des Industries M\u00e9tallurgiques (SAMIA), D\u00e9cembre 2008 \u00e0 D\u00e9cembre 2010<\/p>\n<p>&#8211; Ministre de l\u2019Equipement, de l\u2019Urbanisme et de l\u2019Habitat (Avril 2007 \u00e0 Ao\u00fbt 2008)<\/p>\n<p>&#8211; Directeur des Travaux Publics au Minist\u00e8re de l\u2019Equipement et des (Septembre 2005 \u00e0 Avril 2007)<\/p>\n<p>&#8211; Directeur des Infrastructures \u00e0 l\u2019Agence de D\u00e9veloppement Urbain de Nouakchott (ADU) &#8211; Septembre 2001 \u00e0 septembre 2005<\/p>\n<p>&#8211; Directeur des Op\u00e9rations \u00e0 l\u2019Agence d\u2019Ex\u00e9cution des Micro &#8211; projets au sein du Commissariat \u00e0 la S\u00e9curit\u00e9 Alimentaire (Mars 2000 \u00e0 Septembre 2001)<\/p>\n<p>&#8211; Directeur Adjoint Charg\u00e9 de la lutte contre la pauvret\u00e9 au Commissariat \u00e0 la S\u00e9curit\u00e9 Alimentaire (F\u00e9vrier 1996 \u00e0 Mars 2000)<\/p>\n<p>&#8211; Chef Service Etudes et programmations \u00e0 la Direction des Aides au D\u00e9veloppement du Commissariat \u00e0 la S\u00e9curit\u00e9 Alimentaire<br \/>\n(Mai 1993 \u00e0 F\u00e9vrier 1996)<\/p>\n<p>&#8211; Coordinateur R\u00e9gional en Assaba au Programme National de Micro r\u00e9alisations &#8220;Vivres Contre Travail&#8221; (F\u00e9vrier 1991 \u00e0 Mai 1993)<\/p>\n<\/div>\n<\/div>\n<div class=\"text-right\" style=\"text-align: left;\"><strong><span class=\"item_date_publi headlineFsz4vw PGVtitl_h\">LANGUES<\/span><\/strong><\/p>\n<div class=\"ns_indent headlineFsz18px\" style=\"text-align: left;\">Arabe , Fran\u00e7ais , Anglais<\/div>\n<\/div>\n","protected":false},"excerpt":{"rendered":"<p>BIOGRAPHIEN \u00e9(e) le :10\/12\/1963\u00a0\u00e0 :Rosso-Mauritanie Situation familiale :Mari\u00e9, p\u00e8re de 5 enfants FORMATION &#8211; Dipl\u00f4me Ing\u00e9nieur Principal en Am\u00e9nagements hydrauliques Domaines d\u2019\u00e9tudes Am\u00e9nagements, Infrastructures hydrauliques Principaux Am\u00e9nagements, Assainissements Institution Ecole Nationale Sup\u00e9rieure d\u2019Hydraulique (Blida-Alg\u00e9rie) &#8211; Dipl\u00f4me Master II en Sciences de Gestion (Option Entreprises) Domaines d\u2019\u00e9tudes Diagnostic, Audit, Organisation, Evaluation des entreprises Principaux Diagnostic et [&hellip;]<\/p>\n","protected":false},"author":1,"featured_media":0,"parent":0,"menu_order":0,"comment_status":"closed","ping_status":"closed","template":"","meta":{"footnotes":""},"class_list":["post-202529","page","type-page","status-publish","hentry"],"_links":{"self":[{"href":"https:\/\/ami.mr\/fr\/wp-json\/wp\/v2\/pages\/202529","targetHints":{"allow":["GET"]}}],"collection":[{"href":"https:\/\/ami.mr\/fr\/wp-json\/wp\/v2\/pages"}],"about":[{"href":"https:\/\/ami.mr\/fr\/wp-json\/wp\/v2\/types\/page"}],"author":[{"embeddable":true,"href":"https:\/\/ami.mr\/fr\/wp-json\/wp\/v2\/users\/1"}],"replies":[{"embeddable":true,"href":"https:\/\/ami.mr\/fr\/wp-json\/wp\/v2\/comments?post=202529"}],"version-history":[{"count":2,"href":"https:\/\/ami.mr\/fr\/wp-json\/wp\/v2\/pages\/202529\/revisions"}],"predecessor-version":[{"id":202532,"href":"https:\/\/ami.mr\/fr\/wp-json\/wp\/v2\/pages\/202529\/revisions\/202532"}],"wp:attachment":[{"href":"https:\/\/ami.mr\/fr\/wp-json\/wp\/v2\/media?parent=202529"}],"curies":[{"name":"wp","href":"https:\/\/api.w.org\/{rel}","templated":true}]}}