{"id":202523,"date":"2022-08-01T12:07:10","date_gmt":"2022-08-01T12:07:10","guid":{"rendered":"http:\/\/newar.ami.mr:8088\/fr\/?page_id=202523"},"modified":"2026-04-02T13:31:42","modified_gmt":"2026-04-02T13:31:42","slug":"les-membres","status":"publish","type":"page","link":"https:\/\/ami.mr\/fr\/les-membres","title":{"rendered":"LES MEMBRES"},"content":{"rendered":"<p>[vc_row][vc_column width=&#8221;1\/2&#8243;][vc_single_image image=&#8221;265845&#8243; img_size=&#8221;640&#215;288&#8243; alignment=&#8221;center&#8221; onclick=&#8221;custom_link&#8221; img_link_target=&#8221;_blank&#8221; title=&#8221;Premier Ministre&#8221; link=&#8221;https:\/\/ami.mr\/fr\/mokhtar-ould-diay&#8221; css=&#8221;.vc_custom_1740477542947{background-position: center !important;background-repeat: no-repeat !important;background-size: cover !important;}&#8221;][\/vc_column][\/vc_row][vc_row][vc_column width=&#8221;1\/2&#8243;][vc_single_image image=&#8221;265846&#8243; img_size=&#8221;640&#215;288&#8243; alignment=&#8221;center&#8221; onclick=&#8221;custom_link&#8221; img_link_target=&#8221;_blank&#8221; title=&#8221;Ministre Secr\u00e9taire G\u00e9n\u00e9ral de la Pr\u00e9sidence de la R\u00e9publique&#8221; link=&#8221;https:\/\/ami.mr\/fr\/moulaye-ould-mohamed-laghdh&#8221; css=&#8221;.vc_custom_1740477697614{background-position: center !important;background-repeat: no-repeat !important;background-size: cover !important;}&#8221;][\/vc_column][vc_column width=&#8221;1\/2&#8243;][vc_single_image image=&#8221;265847&#8243; img_size=&#8221;640&#215;288&#8243; alignment=&#8221;center&#8221; onclick=&#8221;custom_link&#8221; img_link_target=&#8221;_blank&#8221; title=&#8221;Ministre Charg\u00e9 du Cabinet du Pr\u00e9sident de la R\u00e9publique&#8221; link=&#8221;https:\/\/ami.mr\/fr\/nani-ould-chrougha&#8221; css=&#8221;.vc_custom_1740477883260{background-position: center !important;background-repeat: no-repeat !important;background-size: cover !important;}&#8221;][\/vc_column][\/vc_row][vc_row][vc_column width=&#8221;1\/2&#8243;][vc_single_image image=&#8221;279294&#8243; img_size=&#8221;640&#215;288&#8243; alignment=&#8221;center&#8221; onclick=&#8221;custom_link&#8221; img_link_target=&#8221;_blank&#8221; title=&#8221;Ministre Conseiller \u00e0 la Pr\u00e9sidence de la R\u00e9publique&#8221; link=&#8221;https:\/\/ami.mr\/fr\/mohamed-mahmoud-boya&#8221; css=&#8221;.vc_custom_1758640531397{background-position: center !important;background-repeat: no-repeat !important;background-size: cover !important;}&#8221;][\/vc_column][vc_column width=&#8221;1\/2&#8243;][vc_single_image image=&#8221;265853&#8243; img_size=&#8221;640&#215;288&#8243; alignment=&#8221;center&#8221; onclick=&#8221;custom_link&#8221; img_link_target=&#8221;_blank&#8221; title=&#8221;Ministre Conseill\u00e8re \u00e0 la Pr\u00e9sidence de la R\u00e9publique&#8221; link=&#8221;https:\/\/ami.mr\/fr\/aissata-ba-yahya&#8221; css=&#8221;.vc_custom_1740479087400{background-position: center !important;background-repeat: no-repeat !important;background-size: cover !important;}&#8221;][\/vc_column][\/vc_row][vc_row][vc_column width=&#8221;1\/2&#8243;][vc_single_image image=&#8221;265854&#8243; img_size=&#8221;640&#215;288&#8243; alignment=&#8221;center&#8221; onclick=&#8221;custom_link&#8221; img_link_target=&#8221;_blank&#8221; title=&#8221;Ministre Charg\u00e9 du Secr\u00e9tariat G\u00e9n\u00e9ral du Gouvernement&#8221; link=&#8221;https:\/\/ami.mr\/fr\/moctar-alhousseyni-lam&#8221; css=&#8221;.vc_custom_1740479191518{background-position: center !important;background-repeat: no-repeat !important;background-size: cover !important;}&#8221;][\/vc_column][vc_column width=&#8221;1\/2&#8243;][vc_single_image image=&#8221;265855&#8243; img_size=&#8221;640&#215;288&#8243; alignment=&#8221;center&#8221; onclick=&#8221;custom_link&#8221; img_link_target=&#8221;_blank&#8221; title=&#8221;Ministre de l&#8217;Autonomisation des Jeunes, de l&#8217;Emploi, des Sports et du Service Civique&#8221; link=&#8221;https:\/\/ami.mr\/fr\/abdallahi-louly&#8221; css=&#8221;.vc_custom_1740479298586{background-position: center !important;background-repeat: no-repeat !important;background-size: cover !important;}&#8221;][\/vc_column][\/vc_row][vc_row][vc_column width=&#8221;1\/2&#8243;][vc_single_image image=&#8221;265856&#8243; img_size=&#8221;640&#215;288&#8243; alignment=&#8221;center&#8221; onclick=&#8221;custom_link&#8221; img_link_target=&#8221;_blank&#8221; title=&#8221;Ministre de la Formation Professionnelle, de l&#8217;Artisanat et des M\u00e9tiers&#8221; link=&#8221;https:\/\/ami.mr\/fr\/mohamed-melainine-ould-eyih&#8221; css=&#8221;.vc_custom_1740479387270{background-position: center !important;background-repeat: no-repeat !important;background-size: cover !important;}&#8221;][\/vc_column][vc_column width=&#8221;1\/2&#8243;][vc_single_image image=&#8221;279295&#8243; img_size=&#8221;640&#215;288&#8243; alignment=&#8221;center&#8221; onclick=&#8221;custom_link&#8221; img_link_target=&#8221;_blank&#8221; title=&#8221;Ministre de la Justice&#8221; link=&#8221;https:\/\/ami.mr\/fr\/mohamed-ould-soueidatt&#8221; css=&#8221;.vc_custom_1758640602840{background-position: center !important;background-repeat: no-repeat !important;background-size: cover !important;}&#8221;][\/vc_column][\/vc_row][vc_row][vc_column width=&#8221;1\/2&#8243;][vc_single_image image=&#8221;265858&#8243; img_size=&#8221;640&#215;288&#8243; alignment=&#8221;center&#8221; onclick=&#8221;custom_link&#8221; img_link_target=&#8221;_blank&#8221; title=&#8221;Ministre des Affaires Etrang\u00e8res, de la Coop\u00e9ration Africaine et des Mauritaniens de l\u2019Ext\u00e9rieur&#8221; link=&#8221;https:\/\/ami.mr\/fr\/mohamed-salem-ould-merzoug&#8221; css=&#8221;.vc_custom_1740479590400{background-position: center !important;background-repeat: no-repeat !important;background-size: cover !important;}&#8221;][\/vc_column][vc_column width=&#8221;1\/2&#8243;][vc_single_image image=&#8221;265859&#8243; img_size=&#8221;640&#215;288&#8243; alignment=&#8221;center&#8221; onclick=&#8221;custom_link&#8221; img_link_target=&#8221;_blank&#8221; title=&#8221;Ministre de la D\u00e9fense, des Affaires de Retrait\u00e9s et des Enfants des Martyrs&#8221; link=&#8221;https:\/\/ami.mr\/fr\/hanana-ould-sidi&#8221; css=&#8221;.vc_custom_1740479684682{background-position: center !important;background-repeat: no-repeat !important;background-size: cover !important;}&#8221;][\/vc_column][\/vc_row][vc_row][vc_column width=&#8221;1\/2&#8243;][vc_single_image image=&#8221;265860&#8243; img_size=&#8221;640&#215;288&#8243; alignment=&#8221;center&#8221; onclick=&#8221;custom_link&#8221; img_link_target=&#8221;_blank&#8221; title=&#8221;Ministre de l\u2019Int\u00e9rieur, de la Promotion de la D\u00e9centralisation et du D\u00e9veloppement Local&#8221; link=&#8221;https:\/\/ami.mr\/fr\/mohamed-ahmed-ould-mohamed-lemine&#8221; css=&#8221;.vc_custom_1740480123859{background-position: center !important;background-repeat: no-repeat !important;background-size: cover !important;}&#8221;][\/vc_column][vc_column width=&#8221;1\/2&#8243;][vc_single_image image=&#8221;279296&#8243; img_size=&#8221;640&#215;288&#8243; alignment=&#8221;center&#8221; onclick=&#8221;custom_link&#8221; img_link_target=&#8221;_blank&#8221; title=&#8221;Ministre des Affaires Islamiques et de l\u2019Enseignement Originel&#8221; link=&#8221;https:\/\/ami.mr\/fr\/fadhili-sidaty&#8221; css=&#8221;.vc_custom_1758640662889{background-position: center !important;background-repeat: no-repeat !important;background-size: cover !important;}&#8221;][\/vc_column][\/vc_row][vc_row][vc_column width=&#8221;1\/2&#8243;][vc_single_image image=&#8221;279297&#8243; img_size=&#8221;640&#215;288&#8243; alignment=&#8221;center&#8221; onclick=&#8221;custom_link&#8221; img_link_target=&#8221;_blank&#8221; title=&#8221;Ministre des affaires \u00e9conomiques et du d\u00e9veloppement&#8221; css=&#8221;.vc_custom_1758640721280{background-position: center !important;background-repeat: no-repeat !important;background-size: cover !important;}&#8221; link=&#8221;https:\/\/ami.mr\/fr\/abdallah-souleymane-cheikh-sidia&#8221;][\/vc_column][vc_column width=&#8221;1\/2&#8243;][vc_single_image image=&#8221;279298&#8243; img_size=&#8221;640&#215;288&#8243; alignment=&#8221;center&#8221; onclick=&#8221;custom_link&#8221; img_link_target=&#8221;_blank&#8221; title=&#8221;Ministre des Finances&#8221; link=&#8221;https:\/\/ami.mr\/fr\/ngonore-kodero-harouna&#8221; css=&#8221;.vc_custom_1758640795998{background-position: center !important;background-repeat: no-repeat !important;background-size: cover !important;}&#8221;][\/vc_column][\/vc_row][vc_row][vc_column width=&#8221;1\/2&#8243;][vc_single_image image=&#8221;282254&#8243; img_size=&#8221;640&#215;288&#8243; alignment=&#8221;center&#8221; onclick=&#8221;custom_link&#8221; img_link_target=&#8221;_blank&#8221; title=&#8221;Ministre de l\u2019Education et de la R\u00e9forme du Syst\u00e8me d\u2019Enseignement&#8221; link=&#8221;https:\/\/ami.mr\/fr\/houda-babah&#8221; css=&#8221;.vc_custom_1762253971283{background-position: center !important;background-repeat: no-repeat !important;background-size: cover !important;}&#8221;][\/vc_column][vc_column width=&#8221;1\/2&#8243;][vc_single_image image=&#8221;265864&#8243; img_size=&#8221;640&#215;288&#8243; alignment=&#8221;center&#8221; onclick=&#8221;custom_link&#8221; img_link_target=&#8221;_blank&#8221; title=&#8221;Ministre de l\u2019Enseignement Sup\u00e9rieur et de la Recherche Scientifique&#8221; link=&#8221;https:\/\/ami.mr\/fr\/yacoub-moine&#8221; css=&#8221;.vc_custom_1740480580686{background-position: center !important;background-repeat: no-repeat !important;background-size: cover !important;}&#8221;][\/vc_column][\/vc_row][vc_row][vc_column width=&#8221;1\/2&#8243;][vc_single_image image=&#8221;291463&#8243; img_size=&#8221;640&#215;288&#8243; alignment=&#8221;center&#8221; onclick=&#8221;custom_link&#8221; img_link_target=&#8221;_blank&#8221; title=&#8221;Ministre de la Sant\u00e9&#8221; css=&#8221;.vc_custom_1773850212498{background-position: center !important;background-repeat: no-repeat !important;background-size: cover !important;}&#8221; link=&#8221;https:\/\/ami.mr\/fr\/thiam-tidjani&#8221;][\/vc_column][vc_column width=&#8221;1\/2&#8243;][vc_single_image image=&#8221;279300&#8243; img_size=&#8221;640&#215;288&#8243; alignment=&#8221;center&#8221; onclick=&#8221;custom_link&#8221; img_link_target=&#8221;_blank&#8221; title=&#8221;Ministre de la Fonction Publique et du Travail&#8221; css=&#8221;.vc_custom_1758640931171{background-position: center !important;background-repeat: no-repeat !important;background-size: cover !important;}&#8221; link=&#8221;https:\/\/ami.mr\/fr\/mariem-boydiel-houmeid&#8221;][\/vc_column][\/vc_row][vc_row][vc_column width=&#8221;1\/2&#8243;][vc_single_image image=&#8221;265869&#8243; img_size=&#8221;640&#215;288&#8243; alignment=&#8221;center&#8221; onclick=&#8221;custom_link&#8221; img_link_target=&#8221;_blank&#8221; title=&#8221;Ministre de la Transformation Num\u00e9rique et de la Modernisation de l\u2019Administration&#8221; link=&#8221;https:\/\/ami.mr\/fr\/ahmed-salem-ebode&#8221; css=&#8221;.vc_custom_1740480871844{background-position: center !important;background-repeat: no-repeat !important;background-size: cover !important;}&#8221;][\/vc_column][vc_column width=&#8221;1\/2&#8243;][vc_single_image image=&#8221;265870&#8243; img_size=&#8221;640&#215;288&#8243; alignment=&#8221;center&#8221; onclick=&#8221;custom_link&#8221; img_link_target=&#8221;_blank&#8221; title=&#8221;Ministre de l\u2019Energie et du P\u00e9trole&#8221; link=&#8221;https:\/\/ami.mr\/fr\/mohamed-ould-khaled&#8221; css=&#8221;.vc_custom_1740480969702{background-position: center !important;background-repeat: no-repeat !important;background-size: cover !important;}&#8221;][\/vc_column][\/vc_row][vc_row][vc_column width=&#8221;1\/2&#8243;][vc_single_image image=&#8221;291989&#8243; img_size=&#8221;640&#215;288&#8243; alignment=&#8221;center&#8221; onclick=&#8221;custom_link&#8221; img_link_target=&#8221;_blank&#8221; title=&#8221;Ministre des Mines et de l\u2019Industrie&#8221; link=&#8221;https:\/\/ami.mr\/fr\/edy-zeine&#8221; css=&#8221;.vc_custom_1774610937530{background-position: center !important;background-repeat: no-repeat !important;background-size: cover !important;}&#8221;][\/vc_column][vc_column width=&#8221;1\/2&#8243;][vc_single_image image=&#8221;279301&#8243; img_size=&#8221;640&#215;288&#8243; alignment=&#8221;center&#8221; onclick=&#8221;custom_link&#8221; img_link_target=&#8221;_blank&#8221; title=&#8221;Ministre de la P\u00eache, des Infrastructures Maritimes et Portuaires&#8221; link=&#8221;https:\/\/ami.mr\/fr\/mokhtar-ahmed-bousseif&#8221; css=&#8221;.vc_custom_1758641245658{background-position: center !important;background-repeat: no-repeat !important;background-size: cover !important;}&#8221;][\/vc_column][\/vc_row][vc_row][vc_column width=&#8221;1\/2&#8243;][vc_single_image image=&#8221;292367&#8243; img_size=&#8221;640&#215;288&#8243; alignment=&#8221;center&#8221; onclick=&#8221;custom_link&#8221; img_link_target=&#8221;_blank&#8221; title=&#8221;Ministre de l\u2019Agriculture et de la Souverainet\u00e9 Alimentaire&#8221; link=&#8221;https:\/\/ami.mr\/fr\/ould-mhaimid&#8221; css=&#8221;.vc_custom_1775133285916{background-position: center !important;background-repeat: no-repeat !important;background-size: cover !important;}&#8221;][\/vc_column][vc_column width=&#8221;1\/2&#8243;][vc_single_image image=&#8221;279303&#8243; img_size=&#8221;640&#215;288&#8243; alignment=&#8221;center&#8221; onclick=&#8221;custom_link&#8221; img_link_target=&#8221;_blank&#8221; title=&#8221;Ministre de l\u2019Elevage&#8221; css=&#8221;.vc_custom_1758641373569{background-position: center !important;background-repeat: no-repeat !important;background-size: cover !important;}&#8221; link=&#8221;https:\/\/ami.mr\/fr\/sid-ahmed-ould-mohamed&#8221;][\/vc_column][\/vc_row][vc_row][vc_column width=&#8221;1\/2&#8243;][vc_single_image image=&#8221;279304&#8243; img_size=&#8221;640&#215;288&#8243; alignment=&#8221;center&#8221; onclick=&#8221;custom_link&#8221; img_link_target=&#8221;_blank&#8221; title=&#8221;Ministre des Domaines, du Patrimoine de l\u2019Etat et de la R\u00e9forme Fonci\u00e8re&#8221; link=&#8221;https:\/\/ami.mr\/fr\/niang-mamoudou&#8221; css=&#8221;.vc_custom_1758641661909{background-position: center !important;background-repeat: no-repeat !important;background-size: cover !important;}&#8221;][\/vc_column][vc_column width=&#8221;1\/2&#8243;][vc_single_image image=&#8221;292365&#8243; img_size=&#8221;640&#215;288&#8243; alignment=&#8221;center&#8221; onclick=&#8221;custom_link&#8221; img_link_target=&#8221;_blank&#8221; title=&#8221;Ministre du Commerce et du Tourisme&#8221; link=&#8221;https:\/\/ami.mr\/fr\/zeinebou-mint-ahmednah&#8221; css=&#8221;.vc_custom_1775133169255{background-position: center !important;background-repeat: no-repeat !important;background-size: cover !important;}&#8221;][\/vc_column][\/vc_row][vc_row][vc_column width=&#8221;1\/2&#8243;][vc_single_image image=&#8221;279121&#8243; img_size=&#8221;640&#215;288&#8243; alignment=&#8221;center&#8221; onclick=&#8221;custom_link&#8221; img_link_target=&#8221;_blank&#8221; title=&#8221;Ministre de l\u2019Habitat, de l\u2019Urbanisme et de l\u2019Am\u00e9nagement du Territoire&#8221; css=&#8221;.vc_custom_1758314581333{background-position: center !important;background-repeat: no-repeat !important;background-size: cover !important;}&#8221; link=&#8221;https:\/\/ami.mr\/fr\/naha-mint-hamdi-ould-mouknass&#8221;][\/vc_column][vc_column width=&#8221;1\/2&#8243;][vc_single_image image=&#8221;265878&#8243; img_size=&#8221;640&#215;288&#8243; alignment=&#8221;center&#8221; onclick=&#8221;custom_link&#8221; img_link_target=&#8221;_blank&#8221; title=&#8221;Ministre de l\u2019Equipement et des Transports&#8221; link=&#8221;https:\/\/ami.mr\/fr\/ely-el-veirik&#8221; css=&#8221;.vc_custom_1740481813056{background-position: center !important;background-repeat: no-repeat !important;background-size: cover !important;}&#8221;][\/vc_column][\/vc_row][vc_row][vc_column width=&#8221;1\/2&#8243;][vc_single_image image=&#8221;265879&#8243; img_size=&#8221;640&#215;288&#8243; alignment=&#8221;center&#8221; onclick=&#8221;custom_link&#8221; img_link_target=&#8221;_blank&#8221; title=&#8221;Ministre de l\u2019Hydraulique et de l\u2019Assainissement&#8221; link=&#8221;https:\/\/ami.mr\/fr\/amal-mouloud&#8221; css=&#8221;.vc_custom_1740481916295{background-position: center !important;background-repeat: no-repeat !important;background-size: cover !important;}&#8221;][\/vc_column][vc_column width=&#8221;1\/2&#8243;][vc_single_image image=&#8221;265880&#8243; img_size=&#8221;640&#215;288&#8243; alignment=&#8221;center&#8221; onclick=&#8221;custom_link&#8221; img_link_target=&#8221;_blank&#8221; title=&#8221;Ministre de la Culture, des Arts, de la Communication et des Relations avec le Parlement, Porte-Parole du Gouvernement&#8221; link=&#8221;https:\/\/ami.mr\/fr\/houssein-ould-medou&#8221; css=&#8221;.vc_custom_1740482024542{background-position: center !important;background-repeat: no-repeat !important;background-size: cover !important;}&#8221;][\/vc_column][\/vc_row][vc_row][vc_column width=&#8221;1\/2&#8243;][vc_single_image image=&#8221;282256&#8243; img_size=&#8221;640&#215;288&#8243; alignment=&#8221;center&#8221; onclick=&#8221;custom_link&#8221; img_link_target=&#8221;_blank&#8221; title=&#8221;Ministre de l&#8217;Action Sociale, de l\u2019Enfance et de la Famille&#8221; link=&#8221;https:\/\/ami.mr\/fr\/savia-mint-ntahah&#8221; css=&#8221;.vc_custom_1762254012516{background-position: center !important;background-repeat: no-repeat !important;background-size: cover !important;}&#8221;][\/vc_column][vc_column width=&#8221;1\/2&#8243;][vc_single_image image=&#8221;265886&#8243; img_size=&#8221;640&#215;288&#8243; alignment=&#8221;center&#8221; onclick=&#8221;custom_link&#8221; img_link_target=&#8221;_blank&#8221; title=&#8221;Ministre de l\u2019Environnement et du D\u00e9veloppement Durable&#8221; link=&#8221;https:\/\/ami.mr\/fr\/massouda-baham&#8221; css=&#8221;.vc_custom_1740482736896{background-position: center !important;background-repeat: no-repeat !important;background-size: cover !important;}&#8221;][\/vc_column][\/vc_row][vc_row][vc_column width=&#8221;1\/2&#8243;][vc_single_image image=&#8221;265887&#8243; img_size=&#8221;640&#215;288&#8243; alignment=&#8221;center&#8221; onclick=&#8221;custom_link&#8221; img_link_target=&#8221;_blank&#8221; title=&#8221;Ministre D\u00e9l\u00e9gu\u00e9 Aupr\u00e8s du Ministre de l\u2019Int\u00e9rieur, de la Promotion de la D\u00e9centralisation et du D\u00e9veloppement Local, Charg\u00e9 de la D\u00e9centralisation et du D\u00e9veloppement Local&#8221; link=&#8221;https:\/\/ami.mr\/fr\/yacoub-salem-vall&#8221; css=&#8221;.vc_custom_1740482846410{background-position: center !important;background-repeat: no-repeat !important;background-size: cover !important;}&#8221;][\/vc_column][\/vc_row][vc_row][vc_column][vc_text_separator title=&#8221;Fonctionnaires avec rang de ministre&#8221; color=&#8221;custom&#8221; border_width=&#8221;2&#8243; el_width=&#8221;70&#8243; css_animation=&#8221;lightSpeedIn&#8221; accent_color=&#8221;#1e73be&#8221;][\/vc_column][\/vc_row][vc_row][vc_column width=&#8221;1\/2&#8243;][vc_single_image image=&#8221;281450&#8243; img_size=&#8221;640&#215;288&#8243; alignment=&#8221;center&#8221; onclick=&#8221;custom_link&#8221; img_link_target=&#8221;_blank&#8221; title=&#8221;D\u00e9l\u00e9gu\u00e9 G\u00e9n\u00e9ral \u00e0 la Solidarit\u00e9 Nationale et \u00e0 la Lutte Contre l\u2019Exclusion (Taazour)&#8221; link=&#8221;https:\/\/ami.mr\/fr\/sidi-moulay-zeine&#8221; css=&#8221;.vc_custom_1761214801911{background-position: center !important;background-repeat: no-repeat !important;background-size: cover !important;}&#8221;][\/vc_column][vc_column width=&#8221;1\/2&#8243;][vc_single_image image=&#8221;265890&#8243; img_size=&#8221;640&#215;288&#8243; alignment=&#8221;center&#8221; onclick=&#8221;custom_link&#8221; img_link_target=&#8221;_blank&#8221; title=&#8221;Commissaire aux Droits de l&#8217;Homme, \u00e0 l&#8217;Action Humanitaire et aux Relations avec la Soci\u00e9t\u00e9 Civile&#8221; link=&#8221;https:\/\/ami.mr\/fr\/sid-ahmed-ely-benane&#8221; css=&#8221;.vc_custom_1740483139821{background-position: center !important;background-repeat: no-repeat !important;background-size: cover !important;}&#8221;][\/vc_column][\/vc_row][vc_row][vc_column width=&#8221;1\/2&#8243;][vc_single_image image=&#8221;265892&#8243; img_size=&#8221;640&#215;288&#8243; alignment=&#8221;center&#8221; onclick=&#8221;custom_link&#8221; img_link_target=&#8221;_blank&#8221; title=&#8221;Commissaire \u00e0 la S\u00e9curit\u00e9 Alimentaire&#8221; link=&#8221;https:\/\/ami.mr\/fr\/fatimetou-mint-mahfoudh-ould-khattry&#8221; css=&#8221;.vc_custom_1740483467421{background-position: center !important;background-repeat: no-repeat !important;background-size: cover !important;}&#8221;][\/vc_column][vc_column width=&#8221;1\/2&#8243;][vc_single_image image=&#8221;265893&#8243; img_size=&#8221;640&#215;288&#8243; alignment=&#8221;center&#8221; onclick=&#8221;custom_link&#8221; img_link_target=&#8221;_blank&#8221; title=&#8221;Gouverneur de la Banque Centrale de Mauritanie&#8221; link=&#8221;https:\/\/ami.mr\/fr\/mohamed-lemineould-dhehby&#8221; css=&#8221;.vc_custom_1740483572545{background-position: center !important;background-repeat: no-repeat !important;background-size: cover !important;}&#8221;][\/vc_column][\/vc_row]<\/p>\n","protected":false},"excerpt":{"rendered":"<p>[vc_row][vc_column width=&#8221;1\/2&#8243;][vc_single_image image=&#8221;265845&#8243; img_size=&#8221;640&#215;288&#8243; alignment=&#8221;center&#8221; onclick=&#8221;custom_link&#8221; img_link_target=&#8221;_blank&#8221; title=&#8221;Premier Ministre&#8221; link=&#8221;https:\/\/ami.mr\/fr\/mokhtar-ould-diay&#8221; css=&#8221;.vc_custom_1740477542947{background-position: center !important;background-repeat: no-repeat !important;background-size: cover !important;}&#8221;][\/vc_column][\/vc_row][vc_row][vc_column width=&#8221;1\/2&#8243;][vc_single_image image=&#8221;265846&#8243; img_size=&#8221;640&#215;288&#8243; alignment=&#8221;center&#8221; onclick=&#8221;custom_link&#8221; img_link_target=&#8221;_blank&#8221; title=&#8221;Ministre Secr\u00e9taire G\u00e9n\u00e9ral de la Pr\u00e9sidence de la R\u00e9publique&#8221; link=&#8221;https:\/\/ami.mr\/fr\/moulaye-ould-mohamed-laghdh&#8221; css=&#8221;.vc_custom_1740477697614{background-position: center !important;background-repeat: no-repeat !important;background-size: cover !important;}&#8221;][\/vc_column][vc_column width=&#8221;1\/2&#8243;][vc_single_image image=&#8221;265847&#8243; img_size=&#8221;640&#215;288&#8243; alignment=&#8221;center&#8221; onclick=&#8221;custom_link&#8221; img_link_target=&#8221;_blank&#8221; title=&#8221;Ministre Charg\u00e9 du Cabinet du Pr\u00e9sident de la R\u00e9publique&#8221; [&hellip;]<\/p>\n","protected":false},"author":1,"featured_media":0,"parent":0,"menu_order":0,"comment_status":"closed","ping_status":"closed","template":"","meta":{"footnotes":""},"class_list":["post-202523","page","type-page","status-publish","hentry"],"_links":{"self":[{"href":"https:\/\/ami.mr\/fr\/wp-json\/wp\/v2\/pages\/202523","targetHints":{"allow":["GET"]}}],"collection":[{"href":"https:\/\/ami.mr\/fr\/wp-json\/wp\/v2\/pages"}],"about":[{"href":"https:\/\/ami.mr\/fr\/wp-json\/wp\/v2\/types\/page"}],"author":[{"embeddable":true,"href":"https:\/\/ami.mr\/fr\/wp-json\/wp\/v2\/users\/1"}],"replies":[{"embeddable":true,"href":"https:\/\/ami.mr\/fr\/wp-json\/wp\/v2\/comments?post=202523"}],"version-history":[{"count":5,"href":"https:\/\/ami.mr\/fr\/wp-json\/wp\/v2\/pages\/202523\/revisions"}],"predecessor-version":[{"id":292366,"href":"https:\/\/ami.mr\/fr\/wp-json\/wp\/v2\/pages\/202523\/revisions\/292366"}],"wp:attachment":[{"href":"https:\/\/ami.mr\/fr\/wp-json\/wp\/v2\/media?parent=202523"}],"curies":[{"name":"wp","href":"https:\/\/api.w.org\/{rel}","templated":true}]}}