{"id":195769,"date":"2022-07-05T11:40:43","date_gmt":"2022-07-05T11:40:43","guid":{"rendered":"http:\/\/localhost\/fr\/?page_id=195769"},"modified":"2022-09-06T15:29:22","modified_gmt":"2022-09-06T15:29:22","slug":"services-de-lami","status":"publish","type":"page","link":"https:\/\/ami.mr\/fr\/services-de-lami","title":{"rendered":"Services de l&#8217;AMI"},"content":{"rendered":"<p>Les diff\u00e9rents services offerts par l&#8217;Agence Mauritanienne d&#8217;Information<\/p>\n<ul>\n<li>La diffusion continue de l&#8217;information en arabe et en fran\u00e7ais (fils d&#8217;actualit\u00e9) via le satelite<\/li>\n<li>Journal CHAAB<\/li>\n<li>Journal HORIZONS<\/li>\n<li>AMI Mobile<\/li>\n<li>Bulletins sp\u00e9ciaux<\/li>\n<li>Photos<\/li>\n<\/ul>\n<p>Pour plus d&#8217;information, veuillez contacter les d\u00e9partements consern\u00e9s via les num\u00e9ros de t\u00e9l\u00e9phone disponibles\u00a0<a href=\"https:\/\/ami.mr\/fr\/index.php\/contacts-de-lami\/\">ici<\/a><\/p>\n","protected":false},"excerpt":{"rendered":"<p>Les diff\u00e9rents services offerts par l&#8217;Agence Mauritanienne d&#8217;Information La diffusion continue de l&#8217;information en arabe et en fran\u00e7ais (fils d&#8217;actualit\u00e9) via le satelite Journal CHAAB Journal HORIZONS AMI Mobile Bulletins sp\u00e9ciaux Photos Pour plus d&#8217;information, veuillez contacter les d\u00e9partements consern\u00e9s via les num\u00e9ros de t\u00e9l\u00e9phone disponibles\u00a0ici<\/p>\n","protected":false},"author":1,"featured_media":0,"parent":0,"menu_order":0,"comment_status":"closed","ping_status":"closed","template":"","meta":{"footnotes":""},"class_list":["post-195769","page","type-page","status-publish","hentry"],"_links":{"self":[{"href":"https:\/\/ami.mr\/fr\/wp-json\/wp\/v2\/pages\/195769","targetHints":{"allow":["GET"]}}],"collection":[{"href":"https:\/\/ami.mr\/fr\/wp-json\/wp\/v2\/pages"}],"about":[{"href":"https:\/\/ami.mr\/fr\/wp-json\/wp\/v2\/types\/page"}],"author":[{"embeddable":true,"href":"https:\/\/ami.mr\/fr\/wp-json\/wp\/v2\/users\/1"}],"replies":[{"embeddable":true,"href":"https:\/\/ami.mr\/fr\/wp-json\/wp\/v2\/comments?post=195769"}],"version-history":[{"count":2,"href":"https:\/\/ami.mr\/fr\/wp-json\/wp\/v2\/pages\/195769\/revisions"}],"predecessor-version":[{"id":205218,"href":"https:\/\/ami.mr\/fr\/wp-json\/wp\/v2\/pages\/195769\/revisions\/205218"}],"wp:attachment":[{"href":"https:\/\/ami.mr\/fr\/wp-json\/wp\/v2\/media?parent=195769"}],"curies":[{"name":"wp","href":"https:\/\/api.w.org\/{rel}","templated":true}]}}