{"id":5849,"date":"2022-07-04T15:22:18","date_gmt":"2022-07-04T15:22:18","guid":{"rendered":"http:\/\/localhost\/en\/?page_id=5849"},"modified":"2022-07-04T15:22:18","modified_gmt":"2022-07-04T15:22:18","slug":"presentation-de-lami","status":"publish","type":"page","link":"https:\/\/ami.mr\/en\/presentation-de-lami","title":{"rendered":"Pr\u00e9sentation de l&#8217;AMI"},"content":{"rendered":"<p>L\u2019agence Mauritanienne d\u2019information (AMI) est une institution de type \u00e9tablissement public \u00e0 caract\u00e8re administratif qui b\u00e9n\u00e9ficie d\u2019assouplissement en mati\u00e8re de r\u00e9gime administratif, comptable et financier.<\/p>\n<p>Elle a \u00e9t\u00e9 cr\u00e9\u00e9e en 1975 sous le nom de \u00ab Agence Mauritanienne de Presse \u00bb (AMP). Elle publia sa premi\u00e8re d\u00e9p\u00eache le jour m\u00eame de sa cr\u00e9ation qui avait co\u00efncid\u00e9 avec la parution des premiers num\u00e9ros des journaux \u00ab Chaab \u00bb et \u00ab Horizons \u00bb, \u00e9dit\u00e9s \u00e0 l\u2019\u00e9poque, par la Soci\u00e9t\u00e9 Mauritanienne de Presse et d\u2019Impression (SMPI).<\/p>\n<p>L\u2019AMI assure aujourd\u2019hui, dans le cadre de sa vocation premi\u00e8re, les services classiques d\u2019une agence de presse en fournissant \u00e0 sa client\u00e8le un fil d\u2019information en arabe et en fran\u00e7ais couvrant l\u2019activit\u00e9 nationale, r\u00e9gionale et internationale.<\/p>\n<p>Elle dispose pour cela, en plus des r\u00e9dactions centrales de son si\u00e8ge \u00e0 Nouakchott, d\u2019un r\u00e9seau de correspondants et de bureaux r\u00e9gionaux couvrant l\u2019ensemble du pays. L\u2019Agence Mauritanienne d\u2019Information fournit \u00e9galement un service d\u2019informations par SMS.<\/p>\n<p>En plus de ses services d\u2019agence, l\u2019AMI \u00e9dite deux journaux \u00ab Chaab \u00bb en arabe et \u00ab Horizons \u00bb en fran\u00e7ais et met en ligne un site web r\u00e9cemment configur\u00e9 fournissant des informations, des dossiers, des reportages et des enqu\u00eates sur diff\u00e9rents th\u00e8mes et secteurs. De m\u00eame, ce site pr\u00e9sente des archives et des donn\u00e9es g\u00e9n\u00e9rales sur le pays.<\/p>\n<p>L\u2019Ami a h\u00e9rit\u00e9 d\u2019un important capital d\u2019archives sous forme de reliures, de brochures, de textes, de photographies, de microfilms\u2026 d\u2019une grande valeur documentaire et pr\u00e9voit de num\u00e9riser, pour les sauvegarder, ces archives. Ce capital d\u2019archives qui couvre de larges th\u00e9matiques est actuellement une r\u00e9f\u00e9rence pour de nombreux chercheurs nationaux et \u00e9trangers.<\/p>\n<p>Elle est li\u00e9e par des conventions et accords avec des agences consoeurs ce qui lui vaut l\u2019acc\u00e8s \u00e0 de prestigieuses sources d\u2019informations telles que les agences de presse internationales. L\u2019AMI d\u00e9veloppe, par ailleurs, une riche coop\u00e9ration avec les agences de presse maghr\u00e9bines, l\u2019Union des agences de presse arabes (FANA), l\u2019Alliance des agences de presse m\u00e9diterran\u00e9ennes (AMAN), les agences africaines et de nombreuses autres institutions.<\/p>\n<p>L\u2019AMI qui reste le pivot central du paysage m\u00e9diatique mauritanien s\u2019inscrit actuellement dans une dynamique de modernisation qui met l\u2019accent sur la mise \u00e0 niveau des ressources humaines et l\u2019accompagnement des \u00e9volutions technologiques en mati\u00e8re de communication.<\/p>\n<p>La r\u00e9cente r\u00e9novation de son si\u00e8ge a permis de cr\u00e9er des espaces propices au travail des r\u00e9dactions, d\u2019organiser les archives en attendant leur num\u00e9risation, d\u2019\u00e9quiper une salle pour la formation en interne et d\u2019acqu\u00e9rir des \u00e9quipements informatiques et de communication performants. Se faisant, elle am\u00e9liore progressivement ses services et prestations pour contribuer davantage \u00e0 la diffusion de l\u2019information, la vulgarisation de la culture mauritanienne et le rayonnement du pays.<\/p>\n","protected":false},"excerpt":{"rendered":"<p>L\u2019agence Mauritanienne d\u2019information (AMI) est une institution de type \u00e9tablissement public \u00e0 caract\u00e8re administratif qui b\u00e9n\u00e9ficie d\u2019assouplissement en mati\u00e8re de r\u00e9gime administratif, comptable et financier. Elle a \u00e9t\u00e9 cr\u00e9\u00e9e en 1975 sous le nom de \u00ab Agence Mauritanienne de Presse \u00bb (AMP). Elle publia sa premi\u00e8re d\u00e9p\u00eache le jour m\u00eame de sa cr\u00e9ation qui avait [&hellip;]<\/p>\n","protected":false},"author":1,"featured_media":0,"parent":0,"menu_order":0,"comment_status":"closed","ping_status":"closed","template":"","meta":{"footnotes":""},"class_list":["post-5849","page","type-page","status-publish","hentry"],"_links":{"self":[{"href":"https:\/\/ami.mr\/en\/wp-json\/wp\/v2\/pages\/5849","targetHints":{"allow":["GET"]}}],"collection":[{"href":"https:\/\/ami.mr\/en\/wp-json\/wp\/v2\/pages"}],"about":[{"href":"https:\/\/ami.mr\/en\/wp-json\/wp\/v2\/types\/page"}],"author":[{"embeddable":true,"href":"https:\/\/ami.mr\/en\/wp-json\/wp\/v2\/users\/1"}],"replies":[{"embeddable":true,"href":"https:\/\/ami.mr\/en\/wp-json\/wp\/v2\/comments?post=5849"}],"version-history":[{"count":1,"href":"https:\/\/ami.mr\/en\/wp-json\/wp\/v2\/pages\/5849\/revisions"}],"predecessor-version":[{"id":5850,"href":"https:\/\/ami.mr\/en\/wp-json\/wp\/v2\/pages\/5849\/revisions\/5850"}],"wp:attachment":[{"href":"https:\/\/ami.mr\/en\/wp-json\/wp\/v2\/media?parent=5849"}],"curies":[{"name":"wp","href":"https:\/\/api.w.org\/{rel}","templated":true}]}}