{"id":18691,"date":"2024-08-15T11:45:56","date_gmt":"2024-08-15T11:45:56","guid":{"rendered":"https:\/\/ami.mr\/en\/?page_id=18691"},"modified":"2025-02-12T16:57:10","modified_gmt":"2025-02-12T16:57:10","slug":"yacoub-salem-vall","status":"publish","type":"page","link":"https:\/\/ami.mr\/en\/yacoub-salem-vall","title":{"rendered":"Yacoub Ould Salem Vall &#8211; Minister Delegate to the Minister of the Interior, Promotion of Decentralization and Local Development, in charge of Decentralization and Local Development"},"content":{"rendered":"<h3 style=\"text-align: center;\"><strong>BIOGRAPHY<\/strong><\/h3>\n<p><strong>Yaghoub SALEM VALL,<\/strong>\u00a0Minister Delegate to the Minister of the Interior, Promotion of Decentralization and Local Development in charge of Decentralization and Local Development<br \/>\n\uf0a7 <strong>Date and place of birth:<\/strong> 02\/12\/1963 in Nouakchott<img decoding=\"async\" class=\"size-medium wp-image-18692 alignright\" src=\"https:\/\/ami.mr\/en\/wp-content\/uploads\/2024\/08\/Yac-300x240.jpg\" alt=\"\" width=\"300\" height=\"240\" srcset=\"https:\/\/ami.mr\/en\/wp-content\/uploads\/2024\/08\/Yac-300x240.jpg 300w, https:\/\/ami.mr\/en\/wp-content\/uploads\/2024\/08\/Yac-768x614.jpg 768w, https:\/\/ami.mr\/en\/wp-content\/uploads\/2024\/08\/Yac.jpg 1000w\" sizes=\"(max-width: 300px) 100vw, 300px\" \/><br \/>\n\uf0a7<strong> Marital status:<\/strong> Married (father of six children)<\/p>\n<p><strong>Curriculum:<\/strong><br \/>\n\uf0a7 B.T.S (Brevet Technicien Sup\u00e9rieur) in Industrial Maintenance at the C.S.E.T (CENTRE SUP\u00c9RIEUR D&#8217;ENSEIGNEMENT TECHNIQUE of NKTT in 1987).<br \/>\n\uf0a7 Technical Baccalaureate in the ELECTROMECHANICS series (Major: NKTT Technical High School in 1985).<br \/>\n\uf0a7 CAP (Brevet d&#8217;Aptitude Professionnel &#8211; Technical College of NKTT in 1982).<br \/>\n\uf0a7 Primary studies at the School of 5 of NKTT (Major of the entrance exam for the 6th grade at the technical college of Nktt).<\/p>\n<h4><\/h4>\n<h4><strong>Professional experience:<\/strong><br \/>\n\uf076 Career at the Soci\u00e9t\u00e9 Nationale Industrielle et Mini\u00e8re (SNIM) from July 1987 to October 2009 and from March 2014 to August 2024 having held the following main positions:<br \/>\n\uf0fc Shift Chief at the Guelbs Headquarters.<br \/>\n\uf0fc Auxiliary Manager at the Guelbs Headquarters.<br \/>\n\uf0fc Responsible for Maintenance at the Guelbs Power Plant (Fincantiery Engine B550 18\/14.1 MW engines, SULZER 16ZAV40S\/10MW engines, PC2.6B \u2013 600\/10MW engines and MIRLESS\/PC 2.4 engines of the Zouerate Power Plant).<br \/>\n\uf0fc Head of the Design Office at the Guelbs Centrale.<br \/>\n\uf0fc Design engineer at the Guelbs power plant.<br \/>\n\uf0fc Participation in the acquisition projects of Groups 5,6,7,8,9,10 of the Guelbs Power Plant (Calls for tenders, evaluations, monitoring of construction and assembly, factory tests, commissioning on site,&#8230;).<br \/>\n\uf0fc Project Engineer for the execution of the SNIM New Rocker Arm Project in Nouadhibou (March 2014 &#8211; April 2017) at the Projects Department.<br \/>\n\uf0fc Project Manager for the Rehabilitation of Groups 7 and 8 (PC2.6B-600) of the Guelbs Power Plant (May 2017 &#8211; September 2018) at the Projects Directorate.<br \/>\n\uf0fc Senior Engineer at the Performance Transformation Department (DTP).<br \/>\n\uf0fc Head of the Electrical Energy Department (January 2020 to July 2021) in the Water and Energy Department.<br \/>\n\uf0fc Energy Project Manager (July 2021 to December 2021) in the Projects Department.<br \/>\n\uf076 Director General of the Mauritanian Company of Services and Tourism (SOMASERT) from December 2021 to August 2024.<br \/>\n\uf076 On 06 August, he was appointed Minister Delegate to the Minister of the Interior, Promotion of Decentralization and Local Development in charge of Decentralization and Local Development.<\/h4>\n<p><strong>Training and missions:<\/strong><br \/>\n* Two-month internship at the MORAK in Akjoujt in 1986.<br \/>\n* Exchange of experience mission to the Djibouti Power Plant (EDD) in January 1992 (GMT Groups, MAN Groups, Pielestick Groups).<br \/>\n* Training on the 16ZAV40S engines in France &#8211; Mantes la Jolie in January 1994 (factory acceptance of the Sulzer G516ZAV40S).<br \/>\n* Training at IRM in France in Dunkirk on speed control (Woodward and ABB), injection and Turbo in December 1999.<br \/>\n* Training on the Sulzer 16ZAV40S engines by Wartsila Italy SPA Trieste in October 2001 (Factory Acceptance of one 16ZAV40S\/G6 Units from the Guelbs Power Plant and two 8ZAV40S Units from the Nouadhibou Power Plant).<br \/>\n* Exchange of experiences mission to the Choloma Power Plant (Honduras) in January 2005 (MAN Groups, Pielestick Groups).<br \/>\n* Training on PC2-6B 600 engine auxiliaries in Saint-Nazaire, France, in 2005.<br \/>\n* Mission for the rehabilitation contract of the PC2-6B 600 Units N\u00b0 7 and 8 of the Guelbs power plant in France Saint-Nazaire in October 2017.<br \/>\n* Several other local training courses and missions&#8230;<\/p>\n<h4><\/h4>\n<h4><strong>Political curriculum:<\/strong><\/h4>\n<h4>\uf0fc Member of the FDUC (1991),<br \/>\n\uf0fc Member of the Regional Coordination of the Wilaya of Tiris Zemmour of the UFD party then UFD\/EN from October 1991 to May 1995,<br \/>\n\uf0fc Regional Coordinator of the Wilaya of Tiris Zemmour of the AC party from 1996 until January 2, 2002,<br \/>\n\uf0fc Regional Coordinator of the Wilaya of Tiris Zemmour of the APP party from 2004 until September 2018,<br \/>\n\uf0fc Mayor of the Commune of Zouerate from December 2006 to January 2014,<br \/>\n\uf0fc National Coordinator of Koutlet Chouravaa Mauritania from 04\/12\/2018 to date<\/h4>\n<h4><strong>Language skills:<\/strong><br \/>\n\uf0fc Arabic: Good.<br \/>\n\uf0fc French: Good.<br \/>\n\uf0fc English: Medium.<\/h4>\n<p><strong>Computer Knowledge:<\/strong><br \/>\n\uf0fc Windows<br \/>\n\uf0fc Excel<br \/>\n\uf0fc Power point<\/p>\n<p><strong>Areas of interest:<\/strong><br \/>\n\uf0fc Readings<br \/>\n\uf0fc Travel<br \/>\n\uf0fc Sports<\/p>\n<p><strong>Other:<\/strong><br \/>\n\uf0fc Man of connections.<br \/>\n\uf0fc Active in civil society.<\/p>\n","protected":false},"excerpt":{"rendered":"<p>BIOGRAPHY Yaghoub SALEM VALL,\u00a0Minister Delegate to the Minister of the Interior, Promotion of Decentralization and Local Development in charge of Decentralization and Local Development \uf0a7 Date and place of birth: 02\/12\/1963 in Nouakchott \uf0a7 Marital status: Married (father of six children) Curriculum: \uf0a7 B.T.S (Brevet Technicien Sup\u00e9rieur) in Industrial Maintenance at the C.S.E.T (CENTRE SUP\u00c9RIEUR [&hellip;]<\/p>\n","protected":false},"author":1,"featured_media":0,"parent":0,"menu_order":0,"comment_status":"closed","ping_status":"closed","template":"","meta":{"footnotes":""},"class_list":["post-18691","page","type-page","status-publish","hentry"],"_links":{"self":[{"href":"https:\/\/ami.mr\/en\/wp-json\/wp\/v2\/pages\/18691","targetHints":{"allow":["GET"]}}],"collection":[{"href":"https:\/\/ami.mr\/en\/wp-json\/wp\/v2\/pages"}],"about":[{"href":"https:\/\/ami.mr\/en\/wp-json\/wp\/v2\/types\/page"}],"author":[{"embeddable":true,"href":"https:\/\/ami.mr\/en\/wp-json\/wp\/v2\/users\/1"}],"replies":[{"embeddable":true,"href":"https:\/\/ami.mr\/en\/wp-json\/wp\/v2\/comments?post=18691"}],"version-history":[{"count":3,"href":"https:\/\/ami.mr\/en\/wp-json\/wp\/v2\/pages\/18691\/revisions"}],"predecessor-version":[{"id":22636,"href":"https:\/\/ami.mr\/en\/wp-json\/wp\/v2\/pages\/18691\/revisions\/22636"}],"wp:attachment":[{"href":"https:\/\/ami.mr\/en\/wp-json\/wp\/v2\/media?parent=18691"}],"curies":[{"name":"wp","href":"https:\/\/api.w.org\/{rel}","templated":true}]}}