{"id":18610,"date":"2024-08-14T15:28:41","date_gmt":"2024-08-14T15:28:41","guid":{"rendered":"https:\/\/ami.mr\/en\/?page_id=18610"},"modified":"2025-09-22T15:26:37","modified_gmt":"2025-09-22T15:26:37","slug":"mamoudou-amadou-niang","status":"publish","type":"page","link":"https:\/\/ami.mr\/en\/mamoudou-amadou-niang","title":{"rendered":"Mamoudou Mamadou Niang &#8211;  Minister of Real Estate, State Property and Land Reform"},"content":{"rendered":"<h3 style=\"text-align: center;\"><strong>BIOGRAPHY<\/strong><\/h3>\n<p><strong>Mamoudou Mamadou Niang \u2013Minister of Real Estate, State Property and Land Reform<\/strong><br \/>\n<strong>Profession:<\/strong> Civil engineer<img decoding=\"async\" class=\"size-medium wp-image-18622 alignright\" src=\"https:\/\/ami.mr\/en\/wp-content\/uploads\/2024\/08\/Niang-300x239.jpeg\" alt=\"\" width=\"300\" height=\"239\" srcset=\"https:\/\/ami.mr\/en\/wp-content\/uploads\/2024\/08\/Niang-300x239.jpeg 300w, https:\/\/ami.mr\/en\/wp-content\/uploads\/2024\/08\/Niang-1024x817.jpeg 1024w, https:\/\/ami.mr\/en\/wp-content\/uploads\/2024\/08\/Niang-768x613.jpeg 768w, https:\/\/ami.mr\/en\/wp-content\/uploads\/2024\/08\/Niang.jpeg 1080w\" sizes=\"(max-width: 300px) 100vw, 300px\" \/><br \/>\n<strong>Date of birth:<\/strong> 1962<br \/>\n<strong>Nationality:<\/strong> Mauritanian<br \/>\nMember of the National Assembly from 2006 to the present day<\/p>\n<h4><strong>Main qualifications:<\/strong><br \/>\nDesign and implementation of road projects.<\/h4>\n<h4>Development of hydro-agricultural infrastructure.<br \/>\nCrossing structures and engineering structures.<br \/>\nGeotechnical studies and investigations<br \/>\nControl of the execution of development work.<br \/>\nPreparation of road maintenance work programmes.<\/h4>\n<h4><strong>Education:<\/strong><br \/>\n1970 \u2013 1976: Primary school in Maghama<br \/>\n1976 \u2013 1979: Secondary school (College) in Bogh\u00e9.<br \/>\n1979 \u2013 1983: Secondary school (College) in Bogh\u00e9.<br \/>\n1979 \u2013 1983: Secondary school (Lyc\u00e9e) in Rosso<br \/>\n1983 \u2013 1987: Graduate from the ENSTP (National School of Public Works of Yamoussoukro).<br \/>\nCivil engineering engineer specialising in roads<\/h4>\n<h4><strong>Professional experience:<\/strong><br \/>\n1986: Training camp \u2013 Ivory Coast<br \/>\nSubject: Reinforcement of Bouafi\u00e9 \u2013 Dalao road<br \/>\nIn charge: Identification and classification of borrow area materials for the base layer.<br \/>\nBase Layer Testing (Compactness, C.B.R)<br \/>\nTests on the cement-stabilised base course&#8230;<br \/>\nTests on aggregates for the composition of asphalt (sand and gravel).<br \/>\n1987: End of Studies Project \u2013 Ivory Coast.<br \/>\nSubject: Trans-African coastal road linking Nouakchott Libreville C\u00f4te d&#8217;Ivoire area SAN PEDRO section .16 km<br \/>\nIn charge: -Determination of the plan route, longitudinal profile.<br \/>\nDimensioning of structures and cross-sections. \u2013 Cost estimate.<br \/>\nPlanning of the execution of the work.<br \/>\nMauritania:<br \/>\n1988 \u2013 1989 :- SODESE: Project Manager Nouadhibou City Hall<br \/>\nSubject: \u2013 Supervision of works on the roads of Nouadhibou<br \/>\nLoad: Cubature calculation<br \/>\nCost Estimate<br \/>\n1991 \u2013 1993 \u2013 SODESE \u2013 GERSAR Contracting authority SONADER<br \/>\nSubject: -Execution of the works of 22 Structures, 4 perimeters and 6 km embankments (Ka\u00e9di-Goraye Medium perimeters) \u2013 Financing: AfDB.<br \/>\nIn charge: -Expertise, revision of studies. DPA and work control<br \/>\n&#8211; Verification of the execution plans of the works and calculation notes<br \/>\n-Verification of materials for concrete and backfill.<br \/>\n&#8211; Calculation of cubature and quantity of quantities of works.<br \/>\n\u2013 Verification of statements<br \/>\n1993 \u2013 1995: SODESE \u2013 SABOUR. For the Ministry of Public Works<br \/>\nSubject: -Nouakchott \u2013 Akjoujt \u2013 Atar road.<br \/>\nIn charge:-Laboratory team leader for the realization of tests on the platform and the identification of the different levels of degradation of the existing road between A<br \/>\n1995 \u2013 2016: SCET \u2013 RIM<br \/>\nSubject: -Execution of the Maghama III Hydro-Agricultural Project: 776 ha and the 13 km embankment in Wali \u2013 Financing: IDB<br \/>\nIn charge: \u2013 Head of mission for the control of works<br \/>\n&#8211; Verification of the execution plans and quantity surveying of the works<br \/>\n&#8211; Establishment of daily reports<br \/>\n&#8211; Preparation of statements<\/h4>\n<p>Object:<br \/>\n&#8211; Studies of Maghama WOMPOU opening up works and a dike Financing: AfDB.<br \/>\n-Head of Mission for APD Studies and DAOs<br \/>\nIn charge: -Verification of studies<br \/>\n\u2013 Design of the dike \u2013 runway<br \/>\n\u2013 Design of the types of structures \u2013 Stability calculation<\/p>\n<p>\u2013 Reinforcement calculation<br \/>\n\u2013 Plans of the works and quantity surveying<br \/>\n\u2013 Establishment of the contract documents (C.S.T, Specification)<br \/>\nPurpose: \u2013 Studies of the Maghama Fimbo access structures and a dike \u2013 5 km track. Coordinator of ODA Studies and Financing Tenders: AfDB.<br \/>\n-Head of Mission<br \/>\nIn charge: \u2013 Verification of studies<br \/>\n\u2013 Design of the dike \u2013 runway<br \/>\n\u2013 Design of the types of structures \u2013 Stability calculation<br \/>\n\u2013 Reinforcement calculation<br \/>\n\u2013 Plans of the works and quantity surveying<br \/>\n\u2013 Establishment of the contract documents (C.S.T, Specification)<br \/>\n\u2013 supervision of the works<br \/>\nSubject: \u2013 Study and Control of the Construction Works of Hydraulic Structures in Oasis Areas: Project Manager: Oasis Development Project \u2013 Financing: FADES-FIDA-RIM<br \/>\nIn charge: \u2013 Head of the works control mission<br \/>\n\u2013 Topographical studies<br \/>\n\u2013 Hydraulic studies (hydraulic calibration and recalibration of structures)<br \/>\n\u2013 Geotechnical investigations and location of borrowing areas<br \/>\n\u2013 Establishment of DPAs, DPAs and DAOs<br \/>\nubject: \u2013 Study and Control of the Construction Works of Hydraulic Structures in Oasis Areas: Project Manager: Oasis Development Project \u2013 Financing: FADES-FIDA-RIM<br \/>\nIn charge: \u2013 Head of the works control mission<br \/>\n\u2013 Topographical studies<br \/>\n\u2013 Hydraulic studies (hydraulic calibration and recalibration of structures)<br \/>\n\u2013 Geotechnical investigations and location of borrowing areas<br \/>\n\u2013 Establishment of DPAs, DPAs and DAOs<br \/>\nSubject: Study and supervision of the construction works of 10 small dams in HODH EL GHARBI in a consortium with ESC \u2013 funding: KfW<br \/>\nIn charge:-Head of control mission<br \/>\n&#8211; Geotechnical investigation and location of borrowing areas<br \/>\n&#8211; Review and control of topographic studies<br \/>\n-R\u00e9vision et contr\u00f4le des \u00e9tudes topographiques<br \/>\n&#8211; Study of watersheds and engineering structures<br \/>\nSubject: Study and control of the construction works of small dams in the HODHS \u2013 AEMP \u2013 funding: USA<br \/>\n<strong>In charge: -Head of mission<\/strong><br \/>\n-APS study, APD<br \/>\n&#8211; Geotechnical study<\/p>\n<p>-Development of the CADs<br \/>\n-Control of the work<br \/>\n2005-2007<br \/>\nSubject: Control of the construction works of lot 2 of the asphalt road ROSSO BOGHE<br \/>\nAfDB\/State Financing<br \/>\nPublic Works Branch<br \/>\nIn charge: Head of mission for the control and technical and administrative supervision of all the components of the project, namely:<br \/>\n&#8211; Construction of hydraulic structures (culverts and rafts)<br \/>\n&#8211; Quality control and implementation of construction materials.<br \/>\n&#8211; Management of the human and material resources assigned to the project.<br \/>\n&#8211; Drafting of follow-up sheets and progress report on the execution of the work.<br \/>\n&#8211; Verification of the accounts and monitoring of the financial execution of the contract<br \/>\n2007-2010<br \/>\nSubject: Control of the construction works of lot 2 of the Ka\u00e9di \u2013 M&#8217;Bout \u2013 Seilibaby \u2013 Gouraye road (two-layer road + 2 bridges between Selibaby and Gouraye and 6 bridges between Mbout and Selibaby)<br \/>\nBatch leader<br \/>\nEU\/State funding<br \/>\nTransportation Infrastructure Branch<br \/>\n<strong>In charge: Deputy Head of Mission and Head of Lot 2<\/strong> for the control and technical and administrative supervision of all the components of the project, namely:<br \/>\n&#8211; Construction of bridges and hydraulic structures (culverts and rafts)<br \/>\n&#8211; Quality control and implementation of construction materials.<br \/>\n&#8211; Management of the human and material resources assigned to the project.<br \/>\n&#8211; Drafting of follow-up sheets and progress report on the execution of the work.<br \/>\n&#8211; Verification of the accounts and monitoring of the financial execution of the contract<br \/>\n2010-2013<br \/>\nSubject: Control of the construction works of lot 1 of the Ka\u00e9di \u2013 M&#8217;Bout \u2013 Seilibaby \u2013 Gouraye road (asphalted road between Ka\u00e9di and Mbout with 6 bridges, including 2 over the Grogol and the Foum Gleita ramp)<\/p>\n<p>Head of mission<br \/>\nEU\/State funding<br \/>\nTransportation Infrastructure Branch<br \/>\nIn charge: Head of mission for the control and technical and administrative supervision of all the components of the project, namely:<br \/>\n&#8211; Construction of bridges and hydraulic structures (culverts and rafts)<br \/>\n&#8211; Quality control and implementation of construction materials.<br \/>\n&#8211; Management of the human and material resources assigned to the project.<br \/>\n&#8211; Drafting of follow-up sheets and progress report on the execution of the work.<br \/>\n&#8211; Verification of the accounts and monitoring of the financial execution of the contract<br \/>\n2013-2014<br \/>\nSubject: Control of the construction works of lot 3 of the Ka\u00e9di \u2013 M&#8217;Bout \u2013 Seilibaby \u2013 Gouraye road (asphalt road between Mbout and Selibaby)<br \/>\nHead of mission<br \/>\nState financing<br \/>\nTransportation Infrastructure Branch<br \/>\nIn charge: Head of mission for the control and technical and administrative supervision of all the components of the project, namely:<br \/>\n&#8211; Construction of hydraulic structures (culverts and rafts)<br \/>\n&#8211; Quality control and implementation of construction materials.<br \/>\n&#8211; Management of the human and material resources assigned to the project.<br \/>\n&#8211; Drafting of follow-up sheets and progress report on the execution of the work.<br \/>\n&#8211; Verification of the accounts and monitoring of the financial execution of the contract<br \/>\n2014-2016<br \/>\nSubject: Control of the construction works of lot 1 of the Nema \u2013 Bangou asphalt road<br \/>\nFinancing IDB-KUWAIT-STATE FUND<br \/>\nTransportation Infrastructure Branch<br \/>\nIn charge: Head of mission for the control and technical and administrative supervision of all project components, namely:<br \/>\n&#8211; Construction of hydraulic structures (culverts and rafts)<br \/>\n&#8211; Quality control and implementation of construction materials.<br \/>\n&#8211; Management of the human and material resources assigned to the project.<br \/>\n&#8211; Drafting of follow-up sheets and progress report on the execution of the work.<br \/>\n&#8211; Verification of the accounts and monitoring of the financial execution of the contract<br \/>\n2016 \u00e0 2017<br \/>\nSubject: Control of the construction works of Lot 1 of the Nouakchott \u2013 Bombri asphalt road<br \/>\nState financing<br \/>\nNational Laboratory of Public Works (LNTP)<br \/>\nIn charge: Head of mission for the control and technical and administrative supervision of all project components, namely:<br \/>\n-Construction of hydraulic structures<br \/>\n&#8211; Quality control and implementation of construction materials.<br \/>\n&#8211; Management of the human and material resources assigned to the project.<br \/>\n&#8211; Drafting of follow-up sheets and progress report on the execution of the work.<br \/>\n&#8211; Verification of the accounts and monitoring of the financial execution of the contract<br \/>\n2006 to present Member of the National Assembly of Mauritania (3 terms)<br \/>\n2009 to 2011 4 Vice-Presidents National Assembly MAURITANIA<br \/>\n2017 to present Rosso Bridge Management Unit: Road Engineer in charge:<br \/>\n-Preparation of the terms of reference for expressions of interest<\/p>\n<h4>06 August 2024 : Appointed Minister of Housing, Urbanism and Territorial Reclamation.<\/h4>\n<h4>18 September, 2025 : Appointed Minister of Real Estate, State Property and Land Reform.<\/h4>\n<h4><\/h4>\n<h4>\n\u2013 Preparation of requests for proposals for companies and supervisory and control offices<br \/>\n&#8211; Preparation of terms of reference for technical audits<br \/>\n&#8211; participation in the evaluation of bids from companies and supervisory and control offices<br \/>\n\u2013 monitoring of the services of the control offices<\/h4>\n<h4><strong>Langues :<\/strong><\/h4>\n<p>Read\u00a0 \u00a0 \u00a0 \u00a0 \u00a0 Spoken\u00a0 \u00a0 \u00a0 \u00a0 \u00a0Written<br \/>\nArabic : Fair\u00a0 \u00a0 \u00a0 \u00a0 \u00a0 \u00a0Fair\u00a0 \u00a0 \u00a0 \u00a0 \u00a0 \u00a0 \u00a0 \u00a0 Fair<\/p>\n<p>English: Fair\u00a0 \u00a0 \u00a0 \u00a0 \u00a0 Fair\u00a0 \u00a0 \u00a0 \u00a0 \u00a0 \u00a0 \u00a0 \u00a0 Fair<\/p>\n<p>French: Excellent Excellent Excellent<\/p>\n<h4><\/h4>\n<h4><strong>Certificates:<\/strong><\/h4>\n<p>I, the undersigned, certify to the best of my conscience that the above information accurately reflects my circumstances, qualifications and experience.<\/p>\n","protected":false},"excerpt":{"rendered":"<p>BIOGRAPHY Mamoudou Mamadou Niang \u2013Minister of Real Estate, State Property and Land Reform Profession: Civil engineer Date of birth: 1962 Nationality: Mauritanian Member of the National Assembly from 2006 to the present day Main qualifications: Design and implementation of road projects. Development of hydro-agricultural infrastructure. Crossing structures and engineering structures. Geotechnical studies and investigations Control [&hellip;]<\/p>\n","protected":false},"author":1,"featured_media":0,"parent":0,"menu_order":0,"comment_status":"closed","ping_status":"closed","template":"","meta":{"footnotes":""},"class_list":["post-18610","page","type-page","status-publish","hentry"],"_links":{"self":[{"href":"https:\/\/ami.mr\/en\/wp-json\/wp\/v2\/pages\/18610","targetHints":{"allow":["GET"]}}],"collection":[{"href":"https:\/\/ami.mr\/en\/wp-json\/wp\/v2\/pages"}],"about":[{"href":"https:\/\/ami.mr\/en\/wp-json\/wp\/v2\/types\/page"}],"author":[{"embeddable":true,"href":"https:\/\/ami.mr\/en\/wp-json\/wp\/v2\/users\/1"}],"replies":[{"embeddable":true,"href":"https:\/\/ami.mr\/en\/wp-json\/wp\/v2\/comments?post=18610"}],"version-history":[{"count":4,"href":"https:\/\/ami.mr\/en\/wp-json\/wp\/v2\/pages\/18610\/revisions"}],"predecessor-version":[{"id":26526,"href":"https:\/\/ami.mr\/en\/wp-json\/wp\/v2\/pages\/18610\/revisions\/26526"}],"wp:attachment":[{"href":"https:\/\/ami.mr\/en\/wp-json\/wp\/v2\/media?parent=18610"}],"curies":[{"name":"wp","href":"https:\/\/api.w.org\/{rel}","templated":true}]}}