{"id":11033,"date":"2023-07-27T10:12:53","date_gmt":"2023-07-27T10:12:53","guid":{"rendered":"https:\/\/ami.mr\/en\/?page_id=11033"},"modified":"2023-07-27T10:12:53","modified_gmt":"2023-07-27T10:12:53","slug":"ahmed-sidahmed","status":"publish","type":"page","link":"https:\/\/ami.mr\/en\/ahmed-sidahmed","title":{"rendered":"AHMED SID&#8217;AHMED DI\u00c9 &#8211; MINISTER OF CULTURE, YOUTH, SPORTS AND RELATIONS WITH PARLIAMENT"},"content":{"rendered":"<h4 style=\"text-align: center;\"><strong>BIOGRAPHY<\/strong><\/h4>\n<p><strong><img decoding=\"async\" class=\"size-medium wp-image-11034 alignright\" src=\"https:\/\/ami.mr\/en\/wp-content\/uploads\/2023\/07\/Die-300x250.jpg\" alt=\"\" width=\"300\" height=\"250\" srcset=\"https:\/\/ami.mr\/en\/wp-content\/uploads\/2023\/07\/Die-300x250.jpg 300w, https:\/\/ami.mr\/en\/wp-content\/uploads\/2023\/07\/Die-1024x854.jpg 1024w, https:\/\/ami.mr\/en\/wp-content\/uploads\/2023\/07\/Die-768x641.jpg 768w, https:\/\/ami.mr\/en\/wp-content\/uploads\/2023\/07\/Die-1536x1281.jpg 1536w, https:\/\/ami.mr\/en\/wp-content\/uploads\/2023\/07\/Die-2048x1708.jpg 2048w\" sizes=\"(max-width: 300px) 100vw, 300px\" \/><\/strong><\/p>\n<p><strong>Name:<\/strong>Ahmed Sid&#8217;Ahmed Di\u00e9<br \/>\n<strong>Date And Place Of Birth:<\/strong> 31 December 1963, Tijikja.<br \/>\n<strong>Familly Status:<\/strong> Married and father;<\/p>\n<p><strong>SCOLARITE :<\/strong><br \/>\n\u2022 Primary education: 1974-1979, Nouakchott School of Application<br \/>\n\u2022 Secondary studies: 1979-1984, Lyc\u00e9e de Gar\u00e7ons de Nouakchott, sanctioned by a mathematical baccalaureate, French option;<\/p>\n<p><strong>University studies:<\/strong><br \/>\n-1984-1986, \u00c9cole Normale Sup\u00e9rieure de Nouakchott (Math-Physics);<br \/>\n-1986-1990, National Institute of Fisheries Technologies of Algiers, sanctioned by a diploma of Officer (captain) of Maritime Navigation (specialty Bridge);<br \/>\n-1988-1990, University of Nouakchott, Faculty of Legal and Economic Sciences;<br \/>\n-1989-1990: School of Posts and Telecommunications;<br \/>\n-2018-2021: Euro-American International University (Sup Management), leading to a master&#8217;s degree in Business Administration, Marketing and Communication.<\/p>\n<p><strong>VOCATIONAL TRAINING:<\/strong><br \/>\nFrom 1988 to 2012, multiple training courses in various disciplines (&#8230; maritime navigation, sales techniques, commercial management, legal affairs, HR management, accounting, finance, communication, marketing, control etc.)<\/p>\n<p><strong>PROFESSIONAL EXPERIENCE:<\/strong><br \/>\n\u2022 1 January 1990: recruitment at the OPT (Office of Posts and Telecommunications);<br \/>\n\u2022 1991: Deputy Head of the Telex Central in Nouakchott;<br \/>\n\u2022 1992: Central Telex Chief of Nouadhibou;<br \/>\n\u2022 1993: Deputy Head of the Nouakchott Telephone Exchange;<br \/>\n\u2022 1999: Deputy Chief of Telephone in Nouakchott;<br \/>\n\u2022 2000: Director of the Technical and Commercial Agency in downtown Nouakchott;<br \/>\n\u2022 2002: Head of Marketing and Communication Department of Mauritel S.A;<br \/>\n\u2022 2005: Head of the Plan, Strategy and Information System Department of Mauritel S.A. attached to the CEO;<br \/>\n\u2022 2006: Head of Commercial Network Department of Mauritel S.A;<br \/>\n\u2022 January 2008: Head of Marketing and Communication Department;<br \/>\n\u2022 April 2008: Head of Administrative and Financial Department of the Centre Department of Mauritel S.A;<br \/>\n\u2022 August 2008: Head of Communication and Public Relations Department at the Universal Access to Services Agency;<br \/>\n\u2022 April 2009: Advisor to the Director General in charge of the Communication Unit at the Agency for Universal Access to Services;<br \/>\n\u2022 October 2009: Advisor to the Director General in charge of Management Control at the Agency for Universal Access to Services;<br \/>\n\u2022 November 2010 to March 2014: Administrative Director of the Agency for Universal Access to Services;<br \/>\n\u2022 March 2014 to September 2014: Secretary General of the Ministry of Economic Affairs and Development;<br \/>\n\u2022 From September 2014 to 28 March 2019 Secretary General of the Ministry of Health;<br \/>\n\u2022 March 2019 to March 2022, Secretary General of the Ministry of Foreign Affairs and Cooperation.<br \/>\n\u2022 March 2022 to January 2023, Secretary General of the Ministry of Fisheries and Maritime Economy<br \/>\n\u2022 January 2023 to date Secretary General of the Ministry of Hydraulics and Sanitation.<\/p>\n<p><strong>Languages:<\/strong><br \/>\nFrench: excellent \u2013 Arabic: excellent \u2013 English: medium<br \/>\nMastery of computer tools.<\/p>\n","protected":false},"excerpt":{"rendered":"<p>BIOGRAPHY Name:Ahmed Sid&#8217;Ahmed Di\u00e9 Date And Place Of Birth: 31 December 1963, Tijikja. Familly Status: Married and father; SCOLARITE : \u2022 Primary education: 1974-1979, Nouakchott School of Application \u2022 Secondary studies: 1979-1984, Lyc\u00e9e de Gar\u00e7ons de Nouakchott, sanctioned by a mathematical baccalaureate, French option; University studies: -1984-1986, \u00c9cole Normale Sup\u00e9rieure de Nouakchott (Math-Physics); -1986-1990, National [&hellip;]<\/p>\n","protected":false},"author":1,"featured_media":0,"parent":0,"menu_order":0,"comment_status":"closed","ping_status":"closed","template":"","meta":{"footnotes":""},"class_list":["post-11033","page","type-page","status-publish","hentry"],"_links":{"self":[{"href":"https:\/\/ami.mr\/en\/wp-json\/wp\/v2\/pages\/11033","targetHints":{"allow":["GET"]}}],"collection":[{"href":"https:\/\/ami.mr\/en\/wp-json\/wp\/v2\/pages"}],"about":[{"href":"https:\/\/ami.mr\/en\/wp-json\/wp\/v2\/types\/page"}],"author":[{"embeddable":true,"href":"https:\/\/ami.mr\/en\/wp-json\/wp\/v2\/users\/1"}],"replies":[{"embeddable":true,"href":"https:\/\/ami.mr\/en\/wp-json\/wp\/v2\/comments?post=11033"}],"version-history":[{"count":1,"href":"https:\/\/ami.mr\/en\/wp-json\/wp\/v2\/pages\/11033\/revisions"}],"predecessor-version":[{"id":11035,"href":"https:\/\/ami.mr\/en\/wp-json\/wp\/v2\/pages\/11033\/revisions\/11035"}],"wp:attachment":[{"href":"https:\/\/ami.mr\/en\/wp-json\/wp\/v2\/media?parent=11033"}],"curies":[{"name":"wp","href":"https:\/\/api.w.org\/{rel}","templated":true}]}}