{"id":10803,"date":"2023-07-11T10:47:42","date_gmt":"2023-07-11T10:47:42","guid":{"rendered":"https:\/\/ami.mr\/en\/?page_id=10803"},"modified":"2026-01-08T13:30:51","modified_gmt":"2026-01-08T13:30:51","slug":"mohamed-abdallahi-louly","status":"publish","type":"page","link":"https:\/\/ami.mr\/en\/mohamed-abdallahi-louly","title":{"rendered":"Mohamed Abdallahi Louly &#8211; Minister of Youth Empowerment, Sports and Civil Service"},"content":{"rendered":"<h4 style=\"text-align: center;\"><strong>BIOGRAPHY<\/strong><\/h4>\n<p><strong><img decoding=\"async\" class=\"size-medium wp-image-18479 alignright\" src=\"https:\/\/ami.mr\/en\/wp-content\/uploads\/2024\/08\/Louly-300x279.jpeg\" alt=\"\" width=\"300\" height=\"279\" srcset=\"https:\/\/ami.mr\/en\/wp-content\/uploads\/2024\/08\/Louly-300x279.jpeg 300w, https:\/\/ami.mr\/en\/wp-content\/uploads\/2024\/08\/Louly-768x714.jpeg 768w, https:\/\/ami.mr\/en\/wp-content\/uploads\/2024\/08\/Louly.jpeg 920w\" sizes=\"(max-width: 300px) 100vw, 300px\" \/>Name and surname:<\/strong> Mohamed Abdallahi Ould Louly<\/p>\n<p><strong>Date and place of birth:<\/strong> May 21, 1980<\/p>\n<p><strong>Civil Status:<\/strong> Married<\/p>\n<p><strong>Positions:<\/strong><\/p>\n<p>&#8211; 06 August 2024 : Appointed Minister of Youth Empowerment, Sports and Civil Service.<\/p>\n<p>\u2013 04 July 2023 Appointed Minister of Digital Transformation, Innovation and Modernization of Administration<\/p>\n<p>\u2013 Founder and General Manager of GTI International Group,<\/p>\n<p>\u2013 Member of the Supreme Council of Investment in Mauritania, July 2022,<\/p>\n<p>\u2013 Researcher in the academic field of business and management, especially in digital transformation strategies and the SME ecosystem<\/p>\n<p>\u2013 Vice President of Digital Transformation and Innovation at the level of the National Union of Mauritanian Employers 2021<\/p>\n<p>\u2013 Member of the Entrepreneurs Club Office,<\/p>\n<p>\u2013 Has intervened in several conferences on the topics of entrepreneurship, change management and new experimental technologies,<\/p>\n<p><strong>Certificates:<\/strong><\/p>\n<p>2020-2022 Master of Business Administration in &#8220;Leading Innovation and Change&#8221; from the prestigious British University York St. John,<\/p>\n<p>\u2013 From 2001 to 2004: State Engineer from the Polytechnic School of Tunis \/ the first of his class and winner of the presidential award &#8220;Best Graduate Engineer in Tunisia 2004&#8221;. (BAC+5)<\/p>\n<p>\u2013 1999-2001: First in the national competition to enter the \u00c9cole des S\u00e9codes des S\u00e9codes de la S\u00e9curit\u00e9 de Tunis \/ Preparatory Institute of Sfax,<\/p>\n<p>\u2013 From 1998 to 1999, he studied at the National High School in Nouakchott, where he obtained the baccalaureate degree in mathematics (second at the national level)<\/p>\n<p><strong>Language Skills:<\/strong><\/p>\n<p>Speaks Arabic, French and English<\/p>\n","protected":false},"excerpt":{"rendered":"<p>BIOGRAPHY Name and surname: Mohamed Abdallahi Ould Louly Date and place of birth: May 21, 1980 Civil Status: Married Positions: &#8211; 06 August 2024 : Appointed Minister of Youth Empowerment, Sports and Civil Service. \u2013 04 July 2023 Appointed Minister of Digital Transformation, Innovation and Modernization of Administration \u2013 Founder and General Manager of GTI [&hellip;]<\/p>\n","protected":false},"author":1,"featured_media":0,"parent":0,"menu_order":0,"comment_status":"closed","ping_status":"closed","template":"","meta":{"footnotes":""},"class_list":["post-10803","page","type-page","status-publish","hentry"],"_links":{"self":[{"href":"https:\/\/ami.mr\/en\/wp-json\/wp\/v2\/pages\/10803","targetHints":{"allow":["GET"]}}],"collection":[{"href":"https:\/\/ami.mr\/en\/wp-json\/wp\/v2\/pages"}],"about":[{"href":"https:\/\/ami.mr\/en\/wp-json\/wp\/v2\/types\/page"}],"author":[{"embeddable":true,"href":"https:\/\/ami.mr\/en\/wp-json\/wp\/v2\/users\/1"}],"replies":[{"embeddable":true,"href":"https:\/\/ami.mr\/en\/wp-json\/wp\/v2\/comments?post=10803"}],"version-history":[{"count":6,"href":"https:\/\/ami.mr\/en\/wp-json\/wp\/v2\/pages\/10803\/revisions"}],"predecessor-version":[{"id":29185,"href":"https:\/\/ami.mr\/en\/wp-json\/wp\/v2\/pages\/10803\/revisions\/29185"}],"wp:attachment":[{"href":"https:\/\/ami.mr\/en\/wp-json\/wp\/v2\/media?parent=10803"}],"curies":[{"name":"wp","href":"https:\/\/api.w.org\/{rel}","templated":true}]}}